{"id":1662,"date":"2025-10-27T01:44:53","date_gmt":"2025-10-27T01:44:53","guid":{"rendered":"https:\/\/aoxuanjx.com\/?post_type=product&#038;p=1662"},"modified":"2025-10-27T01:56:57","modified_gmt":"2025-10-27T01:56:57","slug":"qc12y-k-16x2500-hydraulic-swing-beam-metal-shearing-machine-machine-cnc-shearing-machine-with-e21s-controller","status":"publish","type":"product","link":"https:\/\/aoxuanjx.com\/pt\/produto\/qc12y-k-16x2500-hydraulic-swing-beam-metal-shearing-machine-machine-cnc-shearing-machine-with-e21s-controller\/","title":{"rendered":"Guilhotina hidr\u00e1ulica de viga oscilante QC12Y\/K 16X2500 para metais, m\u00e1quina de corte CNC com controlador E21S"},"content":{"rendered":"<p><img fetchpriority=\"high\" decoding=\"async\" class=\"alignleft size-full wp-image-1663\" src=\"https:\/\/aoxuanjx.com\/wp-content\/uploads\/2025\/10\/hydraulic-shearing-machine-7.jpg\" alt=\"\" width=\"800\" height=\"800\" srcset=\"https:\/\/aoxuanjx.com\/wp-content\/uploads\/2025\/10\/hydraulic-shearing-machine-7.jpg 800w, https:\/\/aoxuanjx.com\/wp-content\/uploads\/2025\/10\/hydraulic-shearing-machine-7-500x500.jpg 500w, https:\/\/aoxuanjx.com\/wp-content\/uploads\/2025\/10\/hydraulic-shearing-machine-7-300x300.jpg 300w, https:\/\/aoxuanjx.com\/wp-content\/uploads\/2025\/10\/hydraulic-shearing-machine-7-768x768.jpg 768w, https:\/\/aoxuanjx.com\/wp-content\/uploads\/2025\/10\/hydraulic-shearing-machine-7-12x12.jpg 12w, https:\/\/aoxuanjx.com\/wp-content\/uploads\/2025\/10\/hydraulic-shearing-machine-7-150x150.jpg 150w, https:\/\/aoxuanjx.com\/wp-content\/uploads\/2025\/10\/hydraulic-shearing-machine-7-75x75.jpg 75w, https:\/\/aoxuanjx.com\/wp-content\/uploads\/2025\/10\/hydraulic-shearing-machine-7-484x484.jpg 484w\" sizes=\"(max-width:767px) 484px, (max-width:800px) 100vw, 800px\" \/><\/p>\n<p>&nbsp;<\/p>\n<p>&nbsp;<\/p>\n<p>&nbsp;<\/p>\n<p>&nbsp;<\/p>\n<p>&nbsp;<\/p>\n<h6 style=\"text-align: center;\"><strong>Velocidade de cisalhamento r\u00e1pida:<\/strong><br \/>\n<em>Estrutura de p\u00eandulo hidr\u00e1ulico exclusiva para cisalhamento mais r\u00e1pido<\/em><\/h6>\n<h6 style=\"text-align: center;\"><strong>Alta precis\u00e3o de cisalhamento:<\/strong><br \/>\n<em>A l\u00e2mina oscilante reduz a deforma\u00e7\u00e3o, proporcionando melhor qualidade.<\/em><\/h6>\n<h6 style=\"text-align: center;\"><strong>Custo-benef\u00edcio:<\/strong><br \/>\n<em>Custo inferior ao de tesouras para port\u00f5es, com bom desempenho.<\/em><\/h6>\n<h6><\/h6>\n<p>&nbsp;<\/p>\n<p>&nbsp;<\/p>\n<p>&nbsp;<\/p>\n<p>&nbsp;<\/p>\n<p>&nbsp;<\/p>\n<p>&nbsp;<\/p>\n<p>&nbsp;<\/p>\n<p>&nbsp;<\/p>\n<p>&nbsp;<\/p>\n<p>&nbsp;<\/p>\n<p>&nbsp;<\/p>\n<hr \/>\n<p>&nbsp;<\/p>\n<h1><\/h1>\n<p>&nbsp;<\/p>\n<h1 style=\"text-align: left;\"><b><span class=\"magic-7\" data-spm-anchor-id=\"a2700.details-description.0.i1.464c69Ca69Car1\">CONTROLADOR DE M\u00c1QUINA<\/span><\/b><\/h1>\n<p>&nbsp;<\/p>\n<p>&nbsp;<\/p>\n<p><img decoding=\"async\" class=\"alignleft wp-image-1259 size-full\" src=\"https:\/\/aoxuanjx.com\/wp-content\/uploads\/2025\/10\/hydraulic-shearing-machine-2_\u526f\u672c.png\" alt=\"\" width=\"800\" height=\"800\" srcset=\"https:\/\/aoxuanjx.com\/wp-content\/uploads\/2025\/10\/hydraulic-shearing-machine-2_\u526f\u672c.png 800w, https:\/\/aoxuanjx.com\/wp-content\/uploads\/2025\/10\/hydraulic-shearing-machine-2_\u526f\u672c-500x500.png 500w, https:\/\/aoxuanjx.com\/wp-content\/uploads\/2025\/10\/hydraulic-shearing-machine-2_\u526f\u672c-300x300.png 300w, https:\/\/aoxuanjx.com\/wp-content\/uploads\/2025\/10\/hydraulic-shearing-machine-2_\u526f\u672c-768x768.png 768w, https:\/\/aoxuanjx.com\/wp-content\/uploads\/2025\/10\/hydraulic-shearing-machine-2_\u526f\u672c-12x12.png 12w, https:\/\/aoxuanjx.com\/wp-content\/uploads\/2025\/10\/hydraulic-shearing-machine-2_\u526f\u672c-150x150.png 150w, https:\/\/aoxuanjx.com\/wp-content\/uploads\/2025\/10\/hydraulic-shearing-machine-2_\u526f\u672c-75x75.png 75w, https:\/\/aoxuanjx.com\/wp-content\/uploads\/2025\/10\/hydraulic-shearing-machine-2_\u526f\u672c-484x484.png 484w\" sizes=\"(max-width:767px) 484px, (max-width:800px) 100vw, 800px\" \/><\/p>\n<h6><\/h6>\n<h6><\/h6>\n<h6><\/h6>\n<h6><\/h6>\n<h6 style=\"text-align: left;\"><em>1. Controle do batente traseiro;<\/em><\/h6>\n<h6 style=\"text-align: left;\"><em>2. Controlar motores ou inversores comuns;<\/em><\/h6>\n<h6 style=\"text-align: left;\"><em>3. Posicionamento inteligente;<\/em><\/h6>\n<h6 style=\"text-align: left;\"><em>4. Sa\u00edda digital program\u00e1vel dupla;<\/em><\/h6>\n<h6 style=\"text-align: left;\"><em>5. Quantidade de pe\u00e7as;<\/em><\/h6>\n<h6 style=\"text-align: left;\"><em>6.40 de armazenamento de programas, cada programa tem 25 etapas;<\/em><\/h6>\n<h6 style=\"text-align: left;\"><em>7. Posicionamento unilateral;<\/em><\/h6>\n<h6 style=\"text-align: left;\"><em>8. Fun\u00e7\u00e3o de rendimento;<\/em><\/h6>\n<h6 style=\"text-align: left;\"><em>9. Backup e restaura\u00e7\u00e3o de par\u00e2metros com um \u00fanico clique;<\/em><\/h6>\n<h6 style=\"text-align: left;\"><em>10. Sistema m\u00e9trico<\/em><\/h6>\n<p>&nbsp;<\/p>\n<p>&nbsp;<\/p>\n<p>&nbsp;<\/p>\n<p>&nbsp;<\/p>\n<hr \/>\n<p>&nbsp;<\/p>\n<p>&nbsp;<\/p>\n<p>&nbsp;<\/p>\n<h1 style=\"text-align: left;\"><b>CONFIGURA\u00c7\u00d5ES DE M\u00c1QUINA<\/b><\/h1>\n<p>&nbsp;<\/p>\n<p><img decoding=\"async\" class=\"alignleft wp-image-1223\" src=\"https:\/\/aoxuanjx.com\/wp-content\/uploads\/2025\/10\/configuration.png\" alt=\"\" width=\"1059\" height=\"531\" srcset=\"https:\/\/aoxuanjx.com\/wp-content\/uploads\/2025\/10\/configuration.png 796w, https:\/\/aoxuanjx.com\/wp-content\/uploads\/2025\/10\/configuration-500x251.png 500w, https:\/\/aoxuanjx.com\/wp-content\/uploads\/2025\/10\/configuration-300x150.png 300w, https:\/\/aoxuanjx.com\/wp-content\/uploads\/2025\/10\/configuration-768x385.png 768w, https:\/\/aoxuanjx.com\/wp-content\/uploads\/2025\/10\/configuration-18x9.png 18w, https:\/\/aoxuanjx.com\/wp-content\/uploads\/2025\/10\/configuration-150x75.png 150w, https:\/\/aoxuanjx.com\/wp-content\/uploads\/2025\/10\/configuration-484x243.png 484w\" sizes=\"(max-width:767px) 484px, (max-width:1059px) 100vw, 1059px\" \/><\/p>\n<p>&nbsp;<\/p>\n<h5><\/h5>\n<h5><\/h5>\n<h5><\/h5>\n<h5><\/h5>\n<p>&nbsp;<\/p>\n<p>&nbsp;<\/p>\n<p>&nbsp;<\/p>\n<p>&nbsp;<\/p>\n<p>&nbsp;<\/p>\n<p>&nbsp;<\/p>\n<p>&nbsp;<\/p>\n<p>&nbsp;<\/p>\n<p>&nbsp;<\/p>\n<p>&nbsp;<\/p>\n<p>&nbsp;<\/p>\n<p>&nbsp;<\/p>\n<p>&nbsp;<\/p>\n<p>&nbsp;<\/p>\n<p>&nbsp;<\/p>\n<p>&nbsp;<\/p>\n<hr \/>\n<p>&nbsp;<\/p>\n<h1 style=\"text-align: left;\"><b>PAR\u00c2METROS DA M\u00c1QUINA\u00a0<\/b><\/h1>\n<p>&nbsp;<\/p>\n<h6>Espessura de corte: 16 mm; Comprimento de corte: 2500 mm; Material de corte: a\u00e7o macio<\/h6>\n<h6><\/h6>\n<h6>\u00c2ngulo de corte: 1\u00b030 Batente traseiro: 20-600 mm Motor principal: 11 kW<\/h6>\n<p>&nbsp;<\/p>\n<p>&nbsp;<\/p>\n<p>&nbsp;<\/p>\n<hr \/>\n<h1><\/h1>\n<p>&nbsp;<\/p>\n<h1>SISTEMA OPCIONAL<\/h1>\n<p>&nbsp;<\/p>\n<p><img loading=\"lazy\" decoding=\"async\" class=\"alignleft wp-image-1379\" src=\"https:\/\/aoxuanjx.com\/wp-content\/uploads\/2025\/10\/shearing-machine-9-4.png\" alt=\"\" width=\"1059\" height=\"609\" srcset=\"https:\/\/aoxuanjx.com\/wp-content\/uploads\/2025\/10\/shearing-machine-9-4.png 1008w, https:\/\/aoxuanjx.com\/wp-content\/uploads\/2025\/10\/shearing-machine-9-4-500x288.png 500w, https:\/\/aoxuanjx.com\/wp-content\/uploads\/2025\/10\/shearing-machine-9-4-300x173.png 300w, https:\/\/aoxuanjx.com\/wp-content\/uploads\/2025\/10\/shearing-machine-9-4-768x442.png 768w, https:\/\/aoxuanjx.com\/wp-content\/uploads\/2025\/10\/shearing-machine-9-4-18x10.png 18w, https:\/\/aoxuanjx.com\/wp-content\/uploads\/2025\/10\/shearing-machine-9-4-130x75.png 130w, https:\/\/aoxuanjx.com\/wp-content\/uploads\/2025\/10\/shearing-machine-9-4-484x278.png 484w, https:\/\/aoxuanjx.com\/wp-content\/uploads\/2025\/10\/shearing-machine-9-4-800x460.png 800w\" sizes=\"(max-width:767px) 484px, (max-width:1059px) 100vw, 1059px\" \/><\/p>\n<p>&nbsp;<\/p>\n<p>&nbsp;<\/p>\n<p>&nbsp;<\/p>\n<p>&nbsp;<\/p>\n<p>&nbsp;<\/p>\n<p>&nbsp;<\/p>\n<p>&nbsp;<\/p>\n<p>&nbsp;<\/p>\n<p>&nbsp;<\/p>\n<p>&nbsp;<\/p>\n<p>&nbsp;<\/p>\n<p>&nbsp;<\/p>\n<p>&nbsp;<\/p>\n<p>&nbsp;<\/p>\n<p>&nbsp;<\/p>\n<p>&nbsp;<\/p>\n<p>&nbsp;<\/p>\n<p>&nbsp;<\/p>","protected":false},"excerpt":{"rendered":"<p>A guilhotina hidr\u00e1ulica utiliza \u00f3leo hidr\u00e1ulico como fluido e um motor el\u00e9trico e uma bomba hidr\u00e1ulica como fonte de energia. Atrav\u00e9s do conjunto de v\u00e1lvulas, o cilindro hidr\u00e1ulico \u00e9 acionado, fazendo com que a guilhotina se mova para cima e para baixo para cortar o material. Isso garante que a guilhotina n\u00e3o seja sobrecarregada e sofra danos \u00e0 m\u00e1quina-ferramenta. Seu \u00e2ngulo de corte pode ser ajustado, o que torna o corte mais preciso e uniforme.<\/p>","protected":false},"featured_media":1663,"template":"","meta":[],"product_brand":[],"product_cat":[31],"product_tag":[],"class_list":{"0":"post-1662","1":"product","2":"type-product","3":"status-publish","4":"has-post-thumbnail","6":"product_cat-hydraulic-guillotine-shearing-machine","8":"first","9":"instock","10":"shipping-taxable","11":"product-type-external"},"yoast_head":"<!-- This site is optimized with the Yoast SEO plugin v25.6 - https:\/\/yoast.com\/wordpress\/plugins\/seo\/ -->\n<title>QC12Y\/K 16X2500 Hydraulic Swing Beam Metal Shearing Machine Machine CNC Shearing Machine with E21S Controller - Anhui Aoxuan Machinery Equipment Co.,Ltd<\/title>\n<meta name=\"robots\" content=\"index, follow, max-snippet:-1, max-image-preview:large, max-video-preview:-1\" \/>\n<link rel=\"canonical\" href=\"https:\/\/aoxuanjx.com\/pt\/produto\/qc12y-k-16x2500-hydraulic-swing-beam-metal-shearing-machine-machine-cnc-shearing-machine-with-e21s-controller\/\" \/>\n<meta property=\"og:locale\" content=\"pt_PT\" \/>\n<meta property=\"og:type\" content=\"article\" \/>\n<meta property=\"og:title\" content=\"QC12Y\/K 16X2500 Hydraulic Swing Beam Metal Shearing Machine Machine CNC Shearing Machine with E21S Controller - Anhui Aoxuan Machinery Equipment Co.,Ltd\" \/>\n<meta property=\"og:description\" content=\"The hydraulic guillotine shearing machine uses hydraulic oil as a medium, and uses an electric motor and a hydraulic oil pump as a power source. Through the valve group, the oil cylinder is acted on to make the shearing machine move up and down to shear the material. This ensures that the shearing machine will not be overloaded and cause damage to the machine tool. Its shearing angle can be adjusted, which makes the shearing effect better and smoother.\" \/>\n<meta property=\"og:url\" content=\"https:\/\/aoxuanjx.com\/pt\/produto\/qc12y-k-16x2500-hydraulic-swing-beam-metal-shearing-machine-machine-cnc-shearing-machine-with-e21s-controller\/\" \/>\n<meta property=\"og:site_name\" content=\"Anhui Aoxuan Machinery Equipment Co.,Ltd\" \/>\n<meta property=\"article:modified_time\" content=\"2025-10-27T01:56:57+00:00\" \/>\n<meta property=\"og:image\" content=\"https:\/\/aoxuanjx.com\/wp-content\/uploads\/2025\/10\/hydraulic-shearing-machine-7.jpg\" \/>\n\t<meta property=\"og:image:width\" content=\"800\" \/>\n\t<meta property=\"og:image:height\" content=\"800\" \/>\n\t<meta property=\"og:image:type\" content=\"image\/jpeg\" \/>\n<meta name=\"twitter:card\" content=\"summary_large_image\" \/>\n<meta name=\"twitter:label1\" content=\"Tempo estimado de leitura\" \/>\n\t<meta name=\"twitter:data1\" content=\"2 minutos\" \/>\n<script type=\"application\/ld+json\" class=\"yoast-schema-graph\">{\"@context\":\"https:\/\/schema.org\",\"@graph\":[{\"@type\":\"WebPage\",\"@id\":\"https:\/\/aoxuanjx.com\/product\/qc12y-k-16x2500-hydraulic-swing-beam-metal-shearing-machine-machine-cnc-shearing-machine-with-e21s-controller\/\",\"url\":\"https:\/\/aoxuanjx.com\/product\/qc12y-k-16x2500-hydraulic-swing-beam-metal-shearing-machine-machine-cnc-shearing-machine-with-e21s-controller\/\",\"name\":\"QC12Y\/K 16X2500 Hydraulic Swing Beam Metal Shearing Machine Machine CNC Shearing Machine with E21S Controller - Anhui Aoxuan Machinery Equipment Co.,Ltd\",\"isPartOf\":{\"@id\":\"https:\/\/aoxuanjx.com\/#website\"},\"primaryImageOfPage\":{\"@id\":\"https:\/\/aoxuanjx.com\/product\/qc12y-k-16x2500-hydraulic-swing-beam-metal-shearing-machine-machine-cnc-shearing-machine-with-e21s-controller\/#primaryimage\"},\"image\":{\"@id\":\"https:\/\/aoxuanjx.com\/product\/qc12y-k-16x2500-hydraulic-swing-beam-metal-shearing-machine-machine-cnc-shearing-machine-with-e21s-controller\/#primaryimage\"},\"thumbnailUrl\":\"https:\/\/aoxuanjx.com\/wp-content\/uploads\/2025\/10\/hydraulic-shearing-machine-7.jpg\",\"datePublished\":\"2025-10-27T01:44:53+00:00\",\"dateModified\":\"2025-10-27T01:56:57+00:00\",\"breadcrumb\":{\"@id\":\"https:\/\/aoxuanjx.com\/product\/qc12y-k-16x2500-hydraulic-swing-beam-metal-shearing-machine-machine-cnc-shearing-machine-with-e21s-controller\/#breadcrumb\"},\"inLanguage\":\"pt-PT\",\"potentialAction\":[{\"@type\":\"ReadAction\",\"target\":[\"https:\/\/aoxuanjx.com\/product\/qc12y-k-16x2500-hydraulic-swing-beam-metal-shearing-machine-machine-cnc-shearing-machine-with-e21s-controller\/\"]}]},{\"@type\":\"ImageObject\",\"inLanguage\":\"pt-PT\",\"@id\":\"https:\/\/aoxuanjx.com\/product\/qc12y-k-16x2500-hydraulic-swing-beam-metal-shearing-machine-machine-cnc-shearing-machine-with-e21s-controller\/#primaryimage\",\"url\":\"https:\/\/aoxuanjx.com\/wp-content\/uploads\/2025\/10\/hydraulic-shearing-machine-7.jpg\",\"contentUrl\":\"https:\/\/aoxuanjx.com\/wp-content\/uploads\/2025\/10\/hydraulic-shearing-machine-7.jpg\",\"width\":800,\"height\":800},{\"@type\":\"BreadcrumbList\",\"@id\":\"https:\/\/aoxuanjx.com\/product\/qc12y-k-16x2500-hydraulic-swing-beam-metal-shearing-machine-machine-cnc-shearing-machine-with-e21s-controller\/#breadcrumb\",\"itemListElement\":[{\"@type\":\"ListItem\",\"position\":1,\"name\":\"Home\",\"item\":\"https:\/\/aoxuanjx.com\/\"},{\"@type\":\"ListItem\",\"position\":2,\"name\":\"Product\",\"item\":\"https:\/\/aoxuanjx.com\/product\/\"},{\"@type\":\"ListItem\",\"position\":3,\"name\":\"QC12Y\/K 16X2500 Hydraulic Swing Beam Metal Shearing Machine Machine CNC Shearing Machine with E21S Controller\"}]},{\"@type\":\"WebSite\",\"@id\":\"https:\/\/aoxuanjx.com\/#website\",\"url\":\"https:\/\/aoxuanjx.com\/\",\"name\":\"Anhui Aoxuan Machinery Equipment Co.,Ltd\",\"description\":\"Anhui Aoxuan Machinery Equipment Co.,Ltd\",\"potentialAction\":[{\"@type\":\"SearchAction\",\"target\":{\"@type\":\"EntryPoint\",\"urlTemplate\":\"https:\/\/aoxuanjx.com\/?s={search_term_string}\"},\"query-input\":{\"@type\":\"PropertyValueSpecification\",\"valueRequired\":true,\"valueName\":\"search_term_string\"}}],\"inLanguage\":\"pt-PT\"}]}<\/script>\n<!-- \/ Yoast SEO plugin. -->","yoast_head_json":{"title":"QC12Y\/K 16X2500 Hydraulic Swing Beam Metal Shearing Machine Machine CNC Shearing Machine with E21S Controller - Anhui Aoxuan Machinery Equipment Co.,Ltd","robots":{"index":"index","follow":"follow","max-snippet":"max-snippet:-1","max-image-preview":"max-image-preview:large","max-video-preview":"max-video-preview:-1"},"canonical":"https:\/\/aoxuanjx.com\/pt\/produto\/qc12y-k-16x2500-hydraulic-swing-beam-metal-shearing-machine-machine-cnc-shearing-machine-with-e21s-controller\/","og_locale":"pt_PT","og_type":"article","og_title":"QC12Y\/K 16X2500 Hydraulic Swing Beam Metal Shearing Machine Machine CNC Shearing Machine with E21S Controller - Anhui Aoxuan Machinery Equipment Co.,Ltd","og_description":"The hydraulic guillotine shearing machine uses hydraulic oil as a medium, and uses an electric motor and a hydraulic oil pump as a power source. Through the valve group, the oil cylinder is acted on to make the shearing machine move up and down to shear the material. This ensures that the shearing machine will not be overloaded and cause damage to the machine tool. Its shearing angle can be adjusted, which makes the shearing effect better and smoother.","og_url":"https:\/\/aoxuanjx.com\/pt\/produto\/qc12y-k-16x2500-hydraulic-swing-beam-metal-shearing-machine-machine-cnc-shearing-machine-with-e21s-controller\/","og_site_name":"Anhui Aoxuan Machinery Equipment Co.,Ltd","article_modified_time":"2025-10-27T01:56:57+00:00","og_image":[{"width":800,"height":800,"url":"https:\/\/aoxuanjx.com\/wp-content\/uploads\/2025\/10\/hydraulic-shearing-machine-7.jpg","type":"image\/jpeg"}],"twitter_card":"summary_large_image","twitter_misc":{"Tempo estimado de leitura":"2 minutos"},"schema":{"@context":"https:\/\/schema.org","@graph":[{"@type":"WebPage","@id":"https:\/\/aoxuanjx.com\/product\/qc12y-k-16x2500-hydraulic-swing-beam-metal-shearing-machine-machine-cnc-shearing-machine-with-e21s-controller\/","url":"https:\/\/aoxuanjx.com\/product\/qc12y-k-16x2500-hydraulic-swing-beam-metal-shearing-machine-machine-cnc-shearing-machine-with-e21s-controller\/","name":"QC12Y\/K 16X2500 Hydraulic Swing Beam Metal Shearing Machine Machine CNC Shearing Machine with E21S Controller - Anhui Aoxuan Machinery Equipment Co.,Ltd","isPartOf":{"@id":"https:\/\/aoxuanjx.com\/#website"},"primaryImageOfPage":{"@id":"https:\/\/aoxuanjx.com\/product\/qc12y-k-16x2500-hydraulic-swing-beam-metal-shearing-machine-machine-cnc-shearing-machine-with-e21s-controller\/#primaryimage"},"image":{"@id":"https:\/\/aoxuanjx.com\/product\/qc12y-k-16x2500-hydraulic-swing-beam-metal-shearing-machine-machine-cnc-shearing-machine-with-e21s-controller\/#primaryimage"},"thumbnailUrl":"https:\/\/aoxuanjx.com\/wp-content\/uploads\/2025\/10\/hydraulic-shearing-machine-7.jpg","datePublished":"2025-10-27T01:44:53+00:00","dateModified":"2025-10-27T01:56:57+00:00","breadcrumb":{"@id":"https:\/\/aoxuanjx.com\/product\/qc12y-k-16x2500-hydraulic-swing-beam-metal-shearing-machine-machine-cnc-shearing-machine-with-e21s-controller\/#breadcrumb"},"inLanguage":"pt-PT","potentialAction":[{"@type":"ReadAction","target":["https:\/\/aoxuanjx.com\/product\/qc12y-k-16x2500-hydraulic-swing-beam-metal-shearing-machine-machine-cnc-shearing-machine-with-e21s-controller\/"]}]},{"@type":"ImageObject","inLanguage":"pt-PT","@id":"https:\/\/aoxuanjx.com\/product\/qc12y-k-16x2500-hydraulic-swing-beam-metal-shearing-machine-machine-cnc-shearing-machine-with-e21s-controller\/#primaryimage","url":"https:\/\/aoxuanjx.com\/wp-content\/uploads\/2025\/10\/hydraulic-shearing-machine-7.jpg","contentUrl":"https:\/\/aoxuanjx.com\/wp-content\/uploads\/2025\/10\/hydraulic-shearing-machine-7.jpg","width":800,"height":800},{"@type":"BreadcrumbList","@id":"https:\/\/aoxuanjx.com\/product\/qc12y-k-16x2500-hydraulic-swing-beam-metal-shearing-machine-machine-cnc-shearing-machine-with-e21s-controller\/#breadcrumb","itemListElement":[{"@type":"ListItem","position":1,"name":"Home","item":"https:\/\/aoxuanjx.com\/"},{"@type":"ListItem","position":2,"name":"Product","item":"https:\/\/aoxuanjx.com\/product\/"},{"@type":"ListItem","position":3,"name":"QC12Y\/K 16X2500 Hydraulic Swing Beam Metal Shearing Machine Machine CNC Shearing Machine with E21S Controller"}]},{"@type":"WebSite","@id":"https:\/\/aoxuanjx.com\/#website","url":"https:\/\/aoxuanjx.com\/","name":"Anhui Aoxuan Machinery Equipment Co.,Ltd","description":"Anhui Aoxuan Machinery Equipment Co.,Ltd","potentialAction":[{"@type":"SearchAction","target":{"@type":"EntryPoint","urlTemplate":"https:\/\/aoxuanjx.com\/?s={search_term_string}"},"query-input":{"@type":"PropertyValueSpecification","valueRequired":true,"valueName":"search_term_string"}}],"inLanguage":"pt-PT"}]}},"_links":{"self":[{"href":"https:\/\/aoxuanjx.com\/pt\/wp-json\/wp\/v2\/product\/1662","targetHints":{"allow":["GET"]}}],"collection":[{"href":"https:\/\/aoxuanjx.com\/pt\/wp-json\/wp\/v2\/product"}],"about":[{"href":"https:\/\/aoxuanjx.com\/pt\/wp-json\/wp\/v2\/types\/product"}],"version-history":[{"count":1,"href":"https:\/\/aoxuanjx.com\/pt\/wp-json\/wp\/v2\/product\/1662\/revisions"}],"predecessor-version":[{"id":1669,"href":"https:\/\/aoxuanjx.com\/pt\/wp-json\/wp\/v2\/product\/1662\/revisions\/1669"}],"wp:featuredmedia":[{"embeddable":true,"href":"https:\/\/aoxuanjx.com\/pt\/wp-json\/wp\/v2\/media\/1663"}],"wp:attachment":[{"href":"https:\/\/aoxuanjx.com\/pt\/wp-json\/wp\/v2\/media?parent=1662"}],"wp:term":[{"taxonomy":"product_brand","embeddable":true,"href":"https:\/\/aoxuanjx.com\/pt\/wp-json\/wp\/v2\/product_brand?post=1662"},{"taxonomy":"product_cat","embeddable":true,"href":"https:\/\/aoxuanjx.com\/pt\/wp-json\/wp\/v2\/product_cat?post=1662"},{"taxonomy":"product_tag","embeddable":true,"href":"https:\/\/aoxuanjx.com\/pt\/wp-json\/wp\/v2\/product_tag?post=1662"}],"curies":[{"name":"wp","href":"https:\/\/api.w.org\/{rel}","templated":true}]}}