{"id":1615,"date":"2025-10-24T07:35:33","date_gmt":"2025-10-24T07:35:33","guid":{"rendered":"https:\/\/aoxuanjx.com\/?post_type=product&#038;p=1615"},"modified":"2025-10-24T08:01:39","modified_gmt":"2025-10-24T08:01:39","slug":"aoxuanzg-160t3200mm-hydraulic-bending-folder-machine-with-tp10s-nc-system-for-metal-plate-folding","status":"publish","type":"product","link":"https:\/\/aoxuanjx.com\/pt\/produto\/aoxuanzg-160t3200mm-hydraulic-bending-folder-machine-with-tp10s-nc-system-for-metal-plate-folding\/","title":{"rendered":"Dobradeira hidr\u00e1ulica AOXUANZG 160T3200MM com sistema CNC TP10s para dobra de chapas met\u00e1licas"},"content":{"rendered":"<div style=\"width: 952px;\" class=\"wp-video\"><video class=\"wp-video-shortcode\" id=\"video-1615-1\" width=\"952\" height=\"720\" preload=\"metadata\" controls=\"controls\"><source type=\"video\/mp4\" src=\"https:\/\/aoxuanjx.com\/wp-content\/uploads\/2025\/10\/video-1.mp4?_=1\" \/><a href=\"https:\/\/aoxuanjx.com\/wp-content\/uploads\/2025\/10\/video-1.mp4\">https:\/\/aoxuanjx.com\/wp-content\/uploads\/2025\/10\/video-1.mp4<\/a><\/video><\/div>\n<h2><strong>Descri\u00e7\u00e3o do produto\u00a0\u00a0<\/strong><\/h2>\n<h3><span class=\"magic-7\">Prensa dobradeira CNC<\/span><\/h3>\n<p><span class=\"magic-8\" data-spm-anchor-id=\"a2700.details-description.0.i0.17dbLl4XLl4XtI\">A prensa dobradeira CNC utiliza um molde (geral ou especial) para dobrar uma chapa met\u00e1lica fria, transformando-a em uma pe\u00e7a com diversas geometrias.<br \/>\nformas de se\u00e7\u00e3o transversal. \u00c9 uma folha<\/span> <span class=\"magic-8\" data-spm-anchor-id=\"a2700.details-description.0.i0.17dbLl4XLl4XtI\">metal<\/span><span class=\"magic-8\" data-spm-anchor-id=\"a2700.details-description.0.i0.17dbLl4XLl4XtI\"> M\u00e1quina de conforma\u00e7\u00e3o projetada para processamento de chapas met\u00e1licas por lamina\u00e7\u00e3o a frio. \u00c9 amplamente utilizada em<br \/>\nDobra de chapas met\u00e1licas, como nas ind\u00fastrias automotiva, aeron\u00e1utica, leve, naval, de cont\u00eaineres, elevadores e ferrovi\u00e1ria.<br \/>\nve\u00edculos e outras ind\u00fastrias.<\/span><\/p>\n<p><img fetchpriority=\"high\" decoding=\"async\" class=\"alignleft wp-image-1620 size-large\" src=\"https:\/\/aoxuanjx.com\/wp-content\/uploads\/2025\/10\/1-3-1200x900.jpg\" alt=\"\" width=\"1200\" height=\"900\" srcset=\"https:\/\/aoxuanjx.com\/wp-content\/uploads\/2025\/10\/1-3-1200x900.jpg 1200w, https:\/\/aoxuanjx.com\/wp-content\/uploads\/2025\/10\/1-3-500x375.jpg 500w, https:\/\/aoxuanjx.com\/wp-content\/uploads\/2025\/10\/1-3-300x225.jpg 300w, https:\/\/aoxuanjx.com\/wp-content\/uploads\/2025\/10\/1-3-768x576.jpg 768w, https:\/\/aoxuanjx.com\/wp-content\/uploads\/2025\/10\/1-3-16x12.jpg 16w, https:\/\/aoxuanjx.com\/wp-content\/uploads\/2025\/10\/1-3-100x75.jpg 100w, https:\/\/aoxuanjx.com\/wp-content\/uploads\/2025\/10\/1-3-484x363.jpg 484w, https:\/\/aoxuanjx.com\/wp-content\/uploads\/2025\/10\/1-3-800x600.jpg 800w\" sizes=\"(max-width:767px) 484px, (max-width:1200px) 100vw, 1200px\" \/><\/p>\n<h2><b><span class=\"magic-7\">Configura\u00e7\u00e3o principal<\/span><\/b><\/h2>\n<p><span class=\"magic-8\">Controlador CNC TP10S da China<br \/>\nUtilizando fuso de esferas e guia linear HIWIN, com precis\u00e3o de 0,01 mm.<br \/>\nSuporte frontal<br \/>\nBloco de v\u00e1lvulas hidr\u00e1ulicas Bosch Rexroth, Alemanha<br \/>\nConector de tubo de \u00f3leo EMB da Alemanha<br \/>\nMotor principal Siemens da Alemanha<br \/>\nFran\u00e7a Schneider Electrics<br \/>\nProte\u00e7\u00e3o contra sobrecarga hidr\u00e1ulica e el\u00e9trica<br \/>\nCompensa\u00e7\u00e3o mec\u00e2nica autom\u00e1tica<br \/>\nMatrizes superior e inferior (86\u00b0, R0,6mm, material: 42CrMo)<\/span><\/p>\n<p><img decoding=\"async\" class=\"alignleft wp-image-1623 size-large\" src=\"https:\/\/aoxuanjx.com\/wp-content\/uploads\/2025\/10\/4-2-1200x900.jpg\" alt=\"\" width=\"1200\" height=\"900\" srcset=\"https:\/\/aoxuanjx.com\/wp-content\/uploads\/2025\/10\/4-2-1200x900.jpg 1200w, https:\/\/aoxuanjx.com\/wp-content\/uploads\/2025\/10\/4-2-500x375.jpg 500w, https:\/\/aoxuanjx.com\/wp-content\/uploads\/2025\/10\/4-2-300x225.jpg 300w, https:\/\/aoxuanjx.com\/wp-content\/uploads\/2025\/10\/4-2-768x576.jpg 768w, https:\/\/aoxuanjx.com\/wp-content\/uploads\/2025\/10\/4-2-16x12.jpg 16w, https:\/\/aoxuanjx.com\/wp-content\/uploads\/2025\/10\/4-2-100x75.jpg 100w, https:\/\/aoxuanjx.com\/wp-content\/uploads\/2025\/10\/4-2-484x363.jpg 484w, https:\/\/aoxuanjx.com\/wp-content\/uploads\/2025\/10\/4-2-800x600.jpg 800w\" sizes=\"(max-width:767px) 484px, (max-width:1200px) 100vw, 1200px\" \/><\/p>\n<h2><strong><span class=\"magic-7\">CNC<\/span><span class=\"magic-7\"> Sistema de controle:<\/span><\/strong><\/h2>\n<div class=\"magic-21\">\n<h3 class=\"magic-24\">TP10S F\u00e1cil de Operar<\/h3>\n<\/div>\n<div class=\"magic-2\">\n<div class=\"magic-3\">\u25ce Tela sens\u00edvel ao toque colorida TFT de 7 polegadas e alto contraste<\/div>\n<div class=\"magic-3\">\u25ce Interface intuitiva e f\u00e1cil de usar<\/div>\n<div class=\"magic-3\">\u25ce P\u00e1ginas simples, teclas grandes, f\u00e1cil de operar<\/div>\n<div class=\"magic-3\">\u25ce Comunica\u00e7\u00e3o CAN mais r\u00e1pida e confi\u00e1vel entre o controlador e os inversores de frequ\u00eancia.<\/div>\n<div class=\"magic-3\">\u25ce Fia\u00e7\u00e3o pr\u00e1tica e f\u00e1cil de manter<\/div>\n<div class=\"magic-3\">\u25ce Programa\u00e7\u00e3o completa para produ\u00e7\u00e3o em massa eficiente com m\u00faltiplas dobras<\/div>\n<div class=\"magic-3\">\u25ce Exibi\u00e7\u00e3o interativa de avisos<\/div>\n<div class=\"magic-3\">\u25ce Dispon\u00edvel nos idiomas ingl\u00eas e chin\u00eas<\/div>\n<\/div>\n<p><img decoding=\"async\" class=\"alignleft wp-image-1355 size-medium\" src=\"https:\/\/aoxuanjx.com\/wp-content\/uploads\/2025\/10\/16-1-500x375.jpg\" alt=\"\" width=\"500\" height=\"375\" srcset=\"https:\/\/aoxuanjx.com\/wp-content\/uploads\/2025\/10\/16-1-500x375.jpg 500w, https:\/\/aoxuanjx.com\/wp-content\/uploads\/2025\/10\/16-1-300x225.jpg 300w, https:\/\/aoxuanjx.com\/wp-content\/uploads\/2025\/10\/16-1-16x12.jpg 16w, https:\/\/aoxuanjx.com\/wp-content\/uploads\/2025\/10\/16-1-100x75.jpg 100w, https:\/\/aoxuanjx.com\/wp-content\/uploads\/2025\/10\/16-1-484x363.jpg 484w\" sizes=\"(max-width:767px) 484px, 500px\" \/><\/p>\n<p>&nbsp;<\/p>\n<p>&nbsp;<\/p>\n<p>&nbsp;<\/p>\n<p>&nbsp;<\/p>\n<p>&nbsp;<\/p>\n<p>&nbsp;<\/p>\n<p>&nbsp;<\/p>\n<p>&nbsp;<\/p>\n<p>&nbsp;<\/p>\n<p>&nbsp;<\/p>\n<p>&nbsp;<\/p>\n<p><img loading=\"lazy\" decoding=\"async\" class=\"alignleft wp-image-1624 size-medium\" src=\"https:\/\/aoxuanjx.com\/wp-content\/uploads\/2025\/10\/E-1-500x500.jpg\" alt=\"\" width=\"500\" height=\"500\" srcset=\"https:\/\/aoxuanjx.com\/wp-content\/uploads\/2025\/10\/E-1-500x500.jpg 500w, https:\/\/aoxuanjx.com\/wp-content\/uploads\/2025\/10\/E-1-300x300.jpg 300w, https:\/\/aoxuanjx.com\/wp-content\/uploads\/2025\/10\/E-1-12x12.jpg 12w, https:\/\/aoxuanjx.com\/wp-content\/uploads\/2025\/10\/E-1-150x150.jpg 150w, https:\/\/aoxuanjx.com\/wp-content\/uploads\/2025\/10\/E-1-75x75.jpg 75w, https:\/\/aoxuanjx.com\/wp-content\/uploads\/2025\/10\/E-1-484x484.jpg 484w\" sizes=\"(max-width:767px) 484px, 500px\" \/><\/p>\n<p>\u2022 Troca de ferramentas segura e r\u00e1pida<\/p>\n<p>\u2022 Pode ser usado sem modificar pun\u00e7\u00f5es do tipo europeu<\/p>\n<p>\u2022 Bot\u00e3o vermelho - Libera facilmente as ferramentas de pun\u00e7\u00e3o<\/p>\n<p>\u2022 Grampo frontal \u2013 troca de ferramenta vertical<\/p>\n<p>\u2022 Bra\u00e7adeira traseira \u2013 troca de ferramenta horizontal<\/p>\n<p>\u2022Modo V \u00fanico<\/p>\n<p>\u2022Dispositivo de prote\u00e7\u00e3o a laser<\/p>\n<h2><\/h2>\n<h2><\/h2>\n<h2><\/h2>\n<h2><\/h2>\n<h2><\/h2>\n<h2><strong><span class=\"magic-7\">Mais detalhes:<\/span><\/strong><\/h2>\n<p><img loading=\"lazy\" decoding=\"async\" class=\"alignleft wp-image-1597 size-medium\" src=\"https:\/\/aoxuanjx.com\/wp-content\/uploads\/2025\/10\/D-3-500x500.jpg\" alt=\"\" width=\"500\" height=\"500\" srcset=\"https:\/\/aoxuanjx.com\/wp-content\/uploads\/2025\/10\/D-3-500x500.jpg 500w, https:\/\/aoxuanjx.com\/wp-content\/uploads\/2025\/10\/D-3-300x300.jpg 300w, https:\/\/aoxuanjx.com\/wp-content\/uploads\/2025\/10\/D-3-12x12.jpg 12w, https:\/\/aoxuanjx.com\/wp-content\/uploads\/2025\/10\/D-3-150x150.jpg 150w, https:\/\/aoxuanjx.com\/wp-content\/uploads\/2025\/10\/D-3-75x75.jpg 75w, https:\/\/aoxuanjx.com\/wp-content\/uploads\/2025\/10\/D-3-484x484.jpg 484w\" sizes=\"(max-width:767px) 484px, 500px\" \/><\/p>\n<p><img loading=\"lazy\" decoding=\"async\" class=\"alignleft wp-image-1596 size-medium\" src=\"https:\/\/aoxuanjx.com\/wp-content\/uploads\/2025\/10\/H-1-500x500.jpg\" alt=\"\" width=\"500\" height=\"500\" srcset=\"https:\/\/aoxuanjx.com\/wp-content\/uploads\/2025\/10\/H-1-500x500.jpg 500w, https:\/\/aoxuanjx.com\/wp-content\/uploads\/2025\/10\/H-1-300x300.jpg 300w, https:\/\/aoxuanjx.com\/wp-content\/uploads\/2025\/10\/H-1-12x12.jpg 12w, https:\/\/aoxuanjx.com\/wp-content\/uploads\/2025\/10\/H-1-150x150.jpg 150w, https:\/\/aoxuanjx.com\/wp-content\/uploads\/2025\/10\/H-1-75x75.jpg 75w, https:\/\/aoxuanjx.com\/wp-content\/uploads\/2025\/10\/H-1-484x484.jpg 484w\" sizes=\"(max-width:767px) 484px, 500px\" \/><\/p>\n<p>&nbsp;<\/p>\n<p>&nbsp;<\/p>\n<p>&nbsp;<\/p>\n<p><img loading=\"lazy\" decoding=\"async\" class=\"aligncenter size-full wp-image-1054\" src=\"https:\/\/aoxuanjx.com\/wp-content\/uploads\/2025\/10\/press-brake.jpg\" alt=\"\" width=\"1486\" height=\"598\" srcset=\"https:\/\/aoxuanjx.com\/wp-content\/uploads\/2025\/10\/press-brake.jpg 1486w, https:\/\/aoxuanjx.com\/wp-content\/uploads\/2025\/10\/press-brake-500x201.jpg 500w, https:\/\/aoxuanjx.com\/wp-content\/uploads\/2025\/10\/press-brake-1200x483.jpg 1200w, https:\/\/aoxuanjx.com\/wp-content\/uploads\/2025\/10\/press-brake-300x121.jpg 300w, https:\/\/aoxuanjx.com\/wp-content\/uploads\/2025\/10\/press-brake-768x309.jpg 768w, https:\/\/aoxuanjx.com\/wp-content\/uploads\/2025\/10\/press-brake-18x7.jpg 18w, https:\/\/aoxuanjx.com\/wp-content\/uploads\/2025\/10\/press-brake-150x60.jpg 150w, https:\/\/aoxuanjx.com\/wp-content\/uploads\/2025\/10\/press-brake-484x195.jpg 484w, https:\/\/aoxuanjx.com\/wp-content\/uploads\/2025\/10\/press-brake-800x322.jpg 800w\" sizes=\"(max-width:767px) 484px, (max-width:1486px) 100vw, 1486px\" \/><\/p>\n<h2><b>Certificado:<\/b><\/h2>\n<p><img loading=\"lazy\" decoding=\"async\" class=\"size-full wp-image-1052 alignleft\" src=\"https:\/\/aoxuanjx.com\/wp-content\/uploads\/2025\/10\/\u8bbe\u5907CE-\u6298\u5f2f\u673a.jpg\" alt=\"\" width=\"405\" height=\"563\" srcset=\"https:\/\/aoxuanjx.com\/wp-content\/uploads\/2025\/10\/\u8bbe\u5907CE-\u6298\u5f2f\u673a.jpg 405w, https:\/\/aoxuanjx.com\/wp-content\/uploads\/2025\/10\/\u8bbe\u5907CE-\u6298\u5f2f\u673a-360x500.jpg 360w, https:\/\/aoxuanjx.com\/wp-content\/uploads\/2025\/10\/\u8bbe\u5907CE-\u6298\u5f2f\u673a-216x300.jpg 216w, https:\/\/aoxuanjx.com\/wp-content\/uploads\/2025\/10\/\u8bbe\u5907CE-\u6298\u5f2f\u673a-9x12.jpg 9w, https:\/\/aoxuanjx.com\/wp-content\/uploads\/2025\/10\/\u8bbe\u5907CE-\u6298\u5f2f\u673a-54x75.jpg 54w\" sizes=\"(max-width:767px) 405px, 405px\" \/><\/p>\n<p>&nbsp;<\/p>","protected":false},"excerpt":{"rendered":"<p><strong>Detalhes do produto<\/strong><br \/>\nLocal de origem: China<br \/>\nMarca: AOXUANZG<br \/>\nCertifica\u00e7\u00e3o: CE<br \/>\nN\u00famero do modelo: WC67K-160T3200<\/p>\n<p><strong>Termos de pagamento e envio<\/strong><br \/>\nQuantidade m\u00ednima para encomenda: 1 conjunto<br \/>\nDetalhes da embalagem: Embalagem padr\u00e3o para exporta\u00e7\u00e3o<br \/>\nPrazo de entrega: 30 dias<br \/>\nCondi\u00e7\u00f5es de pagamento: Carta de cr\u00e9dito, Transfer\u00eancia banc\u00e1ria, Western Union, MoneyGram<br \/>\nCapacidade de fornecimento: 120 conjuntos\/ano<\/p>","protected":false},"featured_media":1625,"template":"","meta":[],"product_brand":[39],"product_cat":[30],"product_tag":[41,40,44,43,42],"class_list":{"0":"post-1615","1":"product","2":"type-product","3":"status-publish","4":"has-post-thumbnail","6":"product_brand-aoxuanzg","7":"product_cat-cnc-electro-hydraulic-press-brake","8":"product_tag-cnc-electro-hydraulic-press-brake","9":"product_tag-cnc-hydryaulic-press-brake-machine","10":"product_tag-da66t-controller-system","11":"product_tag-hydraulic-bending-machine","12":"product_tag-press-brake-machine","14":"first","15":"instock","16":"shipping-taxable","17":"product-type-external"},"yoast_head":"<!-- This site is optimized with the Yoast SEO plugin v25.6 - https:\/\/yoast.com\/wordpress\/plugins\/seo\/ -->\n<title>AOXUANZG 160T3200MM Hydraulic Bending Folder Machine with TP10s NC System for Metal Plate Folding - Anhui Aoxuan Machinery Equipment Co.,Ltd<\/title>\n<meta name=\"robots\" content=\"index, follow, max-snippet:-1, max-image-preview:large, max-video-preview:-1\" \/>\n<link rel=\"canonical\" href=\"https:\/\/aoxuanjx.com\/pt\/produto\/aoxuanzg-160t3200mm-hydraulic-bending-folder-machine-with-tp10s-nc-system-for-metal-plate-folding\/\" \/>\n<meta property=\"og:locale\" content=\"pt_PT\" \/>\n<meta property=\"og:type\" content=\"article\" \/>\n<meta property=\"og:title\" content=\"AOXUANZG 160T3200MM Hydraulic Bending Folder Machine with TP10s NC System for Metal Plate Folding - Anhui Aoxuan Machinery Equipment Co.,Ltd\" \/>\n<meta property=\"og:description\" content=\"Product Details Place of Origin: China Brand Name: AOXUANZG Certification: CE Model Number: WC67K-160T3200  Payment &amp; Shipping Terms Minimum Order Quantity: 1 Set Packaging Details: Standard export packing Delivery time: 30 days Payment Terms: L\/C, T\/T, Western Union, MoneyGram Supply Ability:120 sets\/Year\" \/>\n<meta property=\"og:url\" content=\"https:\/\/aoxuanjx.com\/pt\/produto\/aoxuanzg-160t3200mm-hydraulic-bending-folder-machine-with-tp10s-nc-system-for-metal-plate-folding\/\" \/>\n<meta property=\"og:site_name\" content=\"Anhui Aoxuan Machinery Equipment Co.,Ltd\" \/>\n<meta property=\"article:modified_time\" content=\"2025-10-24T08:01:39+00:00\" \/>\n<meta property=\"og:image\" content=\"https:\/\/aoxuanjx.com\/wp-content\/uploads\/2025\/10\/800-2.jpg\" \/>\n\t<meta property=\"og:image:width\" content=\"800\" \/>\n\t<meta property=\"og:image:height\" content=\"800\" \/>\n\t<meta property=\"og:image:type\" content=\"image\/jpeg\" \/>\n<meta name=\"twitter:card\" content=\"summary_large_image\" \/>\n<meta name=\"twitter:label1\" content=\"Tempo estimado de leitura\" \/>\n\t<meta name=\"twitter:data1\" content=\"4 minutos\" \/>\n<script type=\"application\/ld+json\" class=\"yoast-schema-graph\">{\"@context\":\"https:\/\/schema.org\",\"@graph\":[{\"@type\":\"WebPage\",\"@id\":\"https:\/\/aoxuanjx.com\/product\/aoxuanzg-160t3200mm-hydraulic-bending-folder-machine-with-tp10s-nc-system-for-metal-plate-folding\/\",\"url\":\"https:\/\/aoxuanjx.com\/product\/aoxuanzg-160t3200mm-hydraulic-bending-folder-machine-with-tp10s-nc-system-for-metal-plate-folding\/\",\"name\":\"AOXUANZG 160T3200MM Hydraulic Bending Folder Machine with TP10s NC System for Metal Plate Folding - Anhui Aoxuan Machinery Equipment Co.,Ltd\",\"isPartOf\":{\"@id\":\"https:\/\/aoxuanjx.com\/#website\"},\"primaryImageOfPage\":{\"@id\":\"https:\/\/aoxuanjx.com\/product\/aoxuanzg-160t3200mm-hydraulic-bending-folder-machine-with-tp10s-nc-system-for-metal-plate-folding\/#primaryimage\"},\"image\":{\"@id\":\"https:\/\/aoxuanjx.com\/product\/aoxuanzg-160t3200mm-hydraulic-bending-folder-machine-with-tp10s-nc-system-for-metal-plate-folding\/#primaryimage\"},\"thumbnailUrl\":\"https:\/\/aoxuanjx.com\/wp-content\/uploads\/2025\/10\/800-2.jpg\",\"datePublished\":\"2025-10-24T07:35:33+00:00\",\"dateModified\":\"2025-10-24T08:01:39+00:00\",\"breadcrumb\":{\"@id\":\"https:\/\/aoxuanjx.com\/product\/aoxuanzg-160t3200mm-hydraulic-bending-folder-machine-with-tp10s-nc-system-for-metal-plate-folding\/#breadcrumb\"},\"inLanguage\":\"pt-PT\",\"potentialAction\":[{\"@type\":\"ReadAction\",\"target\":[\"https:\/\/aoxuanjx.com\/product\/aoxuanzg-160t3200mm-hydraulic-bending-folder-machine-with-tp10s-nc-system-for-metal-plate-folding\/\"]}]},{\"@type\":\"ImageObject\",\"inLanguage\":\"pt-PT\",\"@id\":\"https:\/\/aoxuanjx.com\/product\/aoxuanzg-160t3200mm-hydraulic-bending-folder-machine-with-tp10s-nc-system-for-metal-plate-folding\/#primaryimage\",\"url\":\"https:\/\/aoxuanjx.com\/wp-content\/uploads\/2025\/10\/800-2.jpg\",\"contentUrl\":\"https:\/\/aoxuanjx.com\/wp-content\/uploads\/2025\/10\/800-2.jpg\",\"width\":800,\"height\":800},{\"@type\":\"BreadcrumbList\",\"@id\":\"https:\/\/aoxuanjx.com\/product\/aoxuanzg-160t3200mm-hydraulic-bending-folder-machine-with-tp10s-nc-system-for-metal-plate-folding\/#breadcrumb\",\"itemListElement\":[{\"@type\":\"ListItem\",\"position\":1,\"name\":\"Home\",\"item\":\"https:\/\/aoxuanjx.com\/\"},{\"@type\":\"ListItem\",\"position\":2,\"name\":\"Product\",\"item\":\"https:\/\/aoxuanjx.com\/product\/\"},{\"@type\":\"ListItem\",\"position\":3,\"name\":\"AOXUANZG 160T3200MM Hydraulic Bending Folder Machine with TP10s NC System for Metal Plate Folding\"}]},{\"@type\":\"WebSite\",\"@id\":\"https:\/\/aoxuanjx.com\/#website\",\"url\":\"https:\/\/aoxuanjx.com\/\",\"name\":\"Anhui Aoxuan Machinery Equipment Co.,Ltd\",\"description\":\"Anhui Aoxuan Machinery Equipment Co.,Ltd\",\"potentialAction\":[{\"@type\":\"SearchAction\",\"target\":{\"@type\":\"EntryPoint\",\"urlTemplate\":\"https:\/\/aoxuanjx.com\/?s={search_term_string}\"},\"query-input\":{\"@type\":\"PropertyValueSpecification\",\"valueRequired\":true,\"valueName\":\"search_term_string\"}}],\"inLanguage\":\"pt-PT\"}]}<\/script>\n<!-- \/ Yoast SEO plugin. -->","yoast_head_json":{"title":"AOXUANZG 160T3200MM Hydraulic Bending Folder Machine with TP10s NC System for Metal Plate Folding - Anhui Aoxuan Machinery Equipment Co.,Ltd","robots":{"index":"index","follow":"follow","max-snippet":"max-snippet:-1","max-image-preview":"max-image-preview:large","max-video-preview":"max-video-preview:-1"},"canonical":"https:\/\/aoxuanjx.com\/pt\/produto\/aoxuanzg-160t3200mm-hydraulic-bending-folder-machine-with-tp10s-nc-system-for-metal-plate-folding\/","og_locale":"pt_PT","og_type":"article","og_title":"AOXUANZG 160T3200MM Hydraulic Bending Folder Machine with TP10s NC System for Metal Plate Folding - Anhui Aoxuan Machinery Equipment Co.,Ltd","og_description":"Product Details Place of Origin: China Brand Name: AOXUANZG Certification: CE Model Number: WC67K-160T3200  Payment &amp; Shipping Terms Minimum Order Quantity: 1 Set Packaging Details: Standard export packing Delivery time: 30 days Payment Terms: L\/C, T\/T, Western Union, MoneyGram Supply Ability:120 sets\/Year","og_url":"https:\/\/aoxuanjx.com\/pt\/produto\/aoxuanzg-160t3200mm-hydraulic-bending-folder-machine-with-tp10s-nc-system-for-metal-plate-folding\/","og_site_name":"Anhui Aoxuan Machinery Equipment Co.,Ltd","article_modified_time":"2025-10-24T08:01:39+00:00","og_image":[{"width":800,"height":800,"url":"https:\/\/aoxuanjx.com\/wp-content\/uploads\/2025\/10\/800-2.jpg","type":"image\/jpeg"}],"twitter_card":"summary_large_image","twitter_misc":{"Tempo estimado de leitura":"4 minutos"},"schema":{"@context":"https:\/\/schema.org","@graph":[{"@type":"WebPage","@id":"https:\/\/aoxuanjx.com\/product\/aoxuanzg-160t3200mm-hydraulic-bending-folder-machine-with-tp10s-nc-system-for-metal-plate-folding\/","url":"https:\/\/aoxuanjx.com\/product\/aoxuanzg-160t3200mm-hydraulic-bending-folder-machine-with-tp10s-nc-system-for-metal-plate-folding\/","name":"AOXUANZG 160T3200MM Hydraulic Bending Folder Machine with TP10s NC System for Metal Plate Folding - Anhui Aoxuan Machinery Equipment Co.,Ltd","isPartOf":{"@id":"https:\/\/aoxuanjx.com\/#website"},"primaryImageOfPage":{"@id":"https:\/\/aoxuanjx.com\/product\/aoxuanzg-160t3200mm-hydraulic-bending-folder-machine-with-tp10s-nc-system-for-metal-plate-folding\/#primaryimage"},"image":{"@id":"https:\/\/aoxuanjx.com\/product\/aoxuanzg-160t3200mm-hydraulic-bending-folder-machine-with-tp10s-nc-system-for-metal-plate-folding\/#primaryimage"},"thumbnailUrl":"https:\/\/aoxuanjx.com\/wp-content\/uploads\/2025\/10\/800-2.jpg","datePublished":"2025-10-24T07:35:33+00:00","dateModified":"2025-10-24T08:01:39+00:00","breadcrumb":{"@id":"https:\/\/aoxuanjx.com\/product\/aoxuanzg-160t3200mm-hydraulic-bending-folder-machine-with-tp10s-nc-system-for-metal-plate-folding\/#breadcrumb"},"inLanguage":"pt-PT","potentialAction":[{"@type":"ReadAction","target":["https:\/\/aoxuanjx.com\/product\/aoxuanzg-160t3200mm-hydraulic-bending-folder-machine-with-tp10s-nc-system-for-metal-plate-folding\/"]}]},{"@type":"ImageObject","inLanguage":"pt-PT","@id":"https:\/\/aoxuanjx.com\/product\/aoxuanzg-160t3200mm-hydraulic-bending-folder-machine-with-tp10s-nc-system-for-metal-plate-folding\/#primaryimage","url":"https:\/\/aoxuanjx.com\/wp-content\/uploads\/2025\/10\/800-2.jpg","contentUrl":"https:\/\/aoxuanjx.com\/wp-content\/uploads\/2025\/10\/800-2.jpg","width":800,"height":800},{"@type":"BreadcrumbList","@id":"https:\/\/aoxuanjx.com\/product\/aoxuanzg-160t3200mm-hydraulic-bending-folder-machine-with-tp10s-nc-system-for-metal-plate-folding\/#breadcrumb","itemListElement":[{"@type":"ListItem","position":1,"name":"Home","item":"https:\/\/aoxuanjx.com\/"},{"@type":"ListItem","position":2,"name":"Product","item":"https:\/\/aoxuanjx.com\/product\/"},{"@type":"ListItem","position":3,"name":"AOXUANZG 160T3200MM Hydraulic Bending Folder Machine with TP10s NC System for Metal Plate Folding"}]},{"@type":"WebSite","@id":"https:\/\/aoxuanjx.com\/#website","url":"https:\/\/aoxuanjx.com\/","name":"Anhui Aoxuan Machinery Equipment Co.,Ltd","description":"Anhui Aoxuan Machinery Equipment Co.,Ltd","potentialAction":[{"@type":"SearchAction","target":{"@type":"EntryPoint","urlTemplate":"https:\/\/aoxuanjx.com\/?s={search_term_string}"},"query-input":{"@type":"PropertyValueSpecification","valueRequired":true,"valueName":"search_term_string"}}],"inLanguage":"pt-PT"}]}},"_links":{"self":[{"href":"https:\/\/aoxuanjx.com\/pt\/wp-json\/wp\/v2\/product\/1615","targetHints":{"allow":["GET"]}}],"collection":[{"href":"https:\/\/aoxuanjx.com\/pt\/wp-json\/wp\/v2\/product"}],"about":[{"href":"https:\/\/aoxuanjx.com\/pt\/wp-json\/wp\/v2\/types\/product"}],"version-history":[{"count":1,"href":"https:\/\/aoxuanjx.com\/pt\/wp-json\/wp\/v2\/product\/1615\/revisions"}],"predecessor-version":[{"id":1627,"href":"https:\/\/aoxuanjx.com\/pt\/wp-json\/wp\/v2\/product\/1615\/revisions\/1627"}],"wp:featuredmedia":[{"embeddable":true,"href":"https:\/\/aoxuanjx.com\/pt\/wp-json\/wp\/v2\/media\/1625"}],"wp:attachment":[{"href":"https:\/\/aoxuanjx.com\/pt\/wp-json\/wp\/v2\/media?parent=1615"}],"wp:term":[{"taxonomy":"product_brand","embeddable":true,"href":"https:\/\/aoxuanjx.com\/pt\/wp-json\/wp\/v2\/product_brand?post=1615"},{"taxonomy":"product_cat","embeddable":true,"href":"https:\/\/aoxuanjx.com\/pt\/wp-json\/wp\/v2\/product_cat?post=1615"},{"taxonomy":"product_tag","embeddable":true,"href":"https:\/\/aoxuanjx.com\/pt\/wp-json\/wp\/v2\/product_tag?post=1615"}],"curies":[{"name":"wp","href":"https:\/\/api.w.org\/{rel}","templated":true}]}}