{"id":1320,"date":"2025-10-17T03:44:36","date_gmt":"2025-10-17T03:44:36","guid":{"rendered":"https:\/\/aoxuanjx.com\/?post_type=product&#038;p=1320"},"modified":"2025-10-22T03:51:26","modified_gmt":"2025-10-22T03:51:26","slug":"high-precision-da53t-system-63ton1600mm-41-axis-electric-hydraulic-servo-press-brake","status":"publish","type":"product","link":"https:\/\/aoxuanjx.com\/pt\/produto\/high-precision-da53t-system-63ton1600mm-41-axis-electric-hydraulic-servo-press-brake\/","title":{"rendered":"Sistema DA53T de alta precis\u00e3o, prensa dobradeira servo eletro-hidr\u00e1ulica de 4+1 eixos, 63 toneladas e 1600 mm."},"content":{"rendered":"<div style=\"width: 1220px;\" class=\"wp-video\"><video class=\"wp-video-shortcode\" id=\"video-1320-1\" width=\"1220\" height=\"692\" preload=\"metadata\" controls=\"controls\"><source type=\"video\/mp4\" src=\"https:\/\/aoxuanjx.com\/wp-content\/uploads\/2025\/10\/VIDEO-1.mp4?_=1\" \/><a href=\"https:\/\/aoxuanjx.com\/wp-content\/uploads\/2025\/10\/VIDEO-1.mp4\">https:\/\/aoxuanjx.com\/wp-content\/uploads\/2025\/10\/VIDEO-1.mp4<\/a><\/video><\/div>\n<h2><strong>Descri\u00e7\u00e3o do produto\u00a0\u00a0<\/strong><\/h2>\n<h3><span class=\"magic-7\">Prensa dobradeira CNC<\/span><\/h3>\n<p><span class=\"magic-8\" data-spm-anchor-id=\"a2700.details-description.0.i0.17dbLl4XLl4XtI\">A prensa dobradeira CNC utiliza um molde (geral ou especial) para dobrar uma chapa met\u00e1lica fria, transformando-a em uma pe\u00e7a com diversas geometrias.<br \/>\nformas de se\u00e7\u00e3o transversal. \u00c9 uma folha<\/span> <span class=\"magic-8\" data-spm-anchor-id=\"a2700.details-description.0.i0.17dbLl4XLl4XtI\">metal<\/span><span class=\"magic-8\" data-spm-anchor-id=\"a2700.details-description.0.i0.17dbLl4XLl4XtI\"> M\u00e1quina de conforma\u00e7\u00e3o projetada para processamento de chapas met\u00e1licas por lamina\u00e7\u00e3o a frio. \u00c9 amplamente utilizada em<br \/>\nDobra de chapas met\u00e1licas, como nas ind\u00fastrias automotiva, aeron\u00e1utica, leve, naval, de cont\u00eaineres, elevadores e ferrovi\u00e1ria.<br \/>\nve\u00edculos e outras ind\u00fastrias.<\/span><\/p>\n<p><img fetchpriority=\"high\" decoding=\"async\" class=\"wp-image-1321 size-full aligncenter\" src=\"https:\/\/aoxuanjx.com\/wp-content\/uploads\/2025\/10\/800\u5e26LOGO.jpg\" alt=\"\" width=\"800\" height=\"800\" srcset=\"https:\/\/aoxuanjx.com\/wp-content\/uploads\/2025\/10\/800\u5e26LOGO.jpg 800w, https:\/\/aoxuanjx.com\/wp-content\/uploads\/2025\/10\/800\u5e26LOGO-500x500.jpg 500w, https:\/\/aoxuanjx.com\/wp-content\/uploads\/2025\/10\/800\u5e26LOGO-300x300.jpg 300w, https:\/\/aoxuanjx.com\/wp-content\/uploads\/2025\/10\/800\u5e26LOGO-768x768.jpg 768w, https:\/\/aoxuanjx.com\/wp-content\/uploads\/2025\/10\/800\u5e26LOGO-12x12.jpg 12w, https:\/\/aoxuanjx.com\/wp-content\/uploads\/2025\/10\/800\u5e26LOGO-150x150.jpg 150w, https:\/\/aoxuanjx.com\/wp-content\/uploads\/2025\/10\/800\u5e26LOGO-75x75.jpg 75w, https:\/\/aoxuanjx.com\/wp-content\/uploads\/2025\/10\/800\u5e26LOGO-484x484.jpg 484w\" sizes=\"(max-width:767px) 484px, (max-width:800px) 100vw, 800px\" \/><\/p>\n<h2><b><span class=\"magic-7\">Configura\u00e7\u00e3o principal<\/span><\/b><\/h2>\n<p><span class=\"magic-8\">Controlador CNC DELEM DA53T<br \/>\nUtilizando fuso de esferas e guia linear HIWIN, com precis\u00e3o de 0,01 mm.<br \/>\nSuporte frontal<br \/>\nBloco de v\u00e1lvulas hidr\u00e1ulicas Bosch Rexroth, Alemanha<br \/>\nConector de tubo de \u00f3leo EMB da Alemanha<br \/>\nMotor principal Siemens da Alemanha<br \/>\nFran\u00e7a Schneider Electrics<br \/>\nProte\u00e7\u00e3o contra sobrecarga hidr\u00e1ulica e el\u00e9trica<br \/>\nCompensa\u00e7\u00e3o mec\u00e2nica autom\u00e1tica<br \/>\nMatrizes superior e inferior (86\u00b0, R0,6mm, material: 42CrMo)<\/span><\/p>\n<p><img decoding=\"async\" class=\"wp-image-1327 size-full aligncenter\" src=\"https:\/\/aoxuanjx.com\/wp-content\/uploads\/2025\/10\/B.jpg\" alt=\"\" width=\"800\" height=\"800\" srcset=\"https:\/\/aoxuanjx.com\/wp-content\/uploads\/2025\/10\/B.jpg 800w, https:\/\/aoxuanjx.com\/wp-content\/uploads\/2025\/10\/B-500x500.jpg 500w, https:\/\/aoxuanjx.com\/wp-content\/uploads\/2025\/10\/B-300x300.jpg 300w, https:\/\/aoxuanjx.com\/wp-content\/uploads\/2025\/10\/B-768x768.jpg 768w, https:\/\/aoxuanjx.com\/wp-content\/uploads\/2025\/10\/B-12x12.jpg 12w, https:\/\/aoxuanjx.com\/wp-content\/uploads\/2025\/10\/B-150x150.jpg 150w, https:\/\/aoxuanjx.com\/wp-content\/uploads\/2025\/10\/B-75x75.jpg 75w, https:\/\/aoxuanjx.com\/wp-content\/uploads\/2025\/10\/B-484x484.jpg 484w\" sizes=\"(max-width:767px) 484px, (max-width:800px) 100vw, 800px\" \/><\/p>\n<h2><strong><span class=\"magic-7\">CNC<\/span><span class=\"magic-7\"> Sistema de controle:<\/span><\/strong><\/h2>\n<h4><span style=\"color: #c4433c;\">\u00a0Sistema CNC Touch DELEM DA53T<\/span><span class=\"magic-8\">\u00a0 \u00a0 \u00a0 \u00a0 \u00a0 \u00a0 \u00a0 \u00a0 \u00a0 \u00a0 \u00a0 \u00a0 \u00a0 \u00a0 \u00a0 \u00a0 \u00a0 \u00a0 \u00a0 \u00a0 \u00a0 \u00a0 \u00a0 \u00a0 \u00a0 \u00a0 \u00a0 \u00a0 \u00a0 \u00a0 \u00a0 \u00a0 \u00a0 \u00a0 \u00a0 \u00a0 \u00a0 \u00a0 \u00a0 \u00a0 \u00a0 \u00a0 \u00a0 \u00a0 \u00a0 \u00a0 \u00a0 \u00a0 \u00a0 \u00a0<\/span><\/h4>\n<p>\u2022<span class=\"magic-8\">Navega\u00e7\u00e3o por toque com \u201cteclas de atalho\u201d<br \/>\n<\/span><\/p>\n<p>\u2022<span class=\"magic-8\">Tela TFT widescreen de alta resolu\u00e7\u00e3o de 15,6\u2033 At\u00e9 4 eixos (Y1, Y2 + 2 eixos auxiliares) Controle de inclina\u00e7\u00e3o<br \/>\n<\/span><\/p>\n<p>\u2022<span class=\"magic-8\">Biblioteca de ferramentas\/materiais\/produtos<br \/>\n<\/span><\/p>\n<p>\u2022<span class=\"magic-8\">Controle de servo e inversor de frequ\u00eancia<br \/>\n<\/span><\/p>\n<p>\u2022<span class=\"magic-8\">Algoritmos avan\u00e7ados de controle do eixo Y para v\u00e1lvulas de malha fechada e de malha aberta.<br \/>\n<\/span><\/p>\n<p>\u2022<span class=\"magic-8\">Programa\u00e7\u00e3o gr\u00e1fica 2D (opcional) TandemLink (opcional)<br \/>\n<\/span><\/p>\n<p>\u2022<span class=\"magic-8\">Interface de rede (opcional) Software offline Profile-53TL<br \/>\n<\/span><\/p>\n<p>Mec\u00e2nico<br \/>\n\u2013 Dimens\u00f5es da caixa: 419 x 349 x 127 mm \u2013 Dimens\u00f5es do painel: 406 x 272 x 50 mm<br \/>\n\u2013 Design, superf\u00edcie de vidro, borda de alum\u00ednio \u2013 IP54<br \/>\n\u2013 Peso 7 kg (incluindo a carca\u00e7a)<\/p>\n<p><span class=\"magic-8\">\u2022 Suporte para batente traseiro de 4+1 eixos (x, y1, y2, R+V)<\/span><\/p>\n<p><img decoding=\"async\" class=\"alignleft wp-image-1329 size-medium\" src=\"https:\/\/aoxuanjx.com\/wp-content\/uploads\/2025\/10\/1-500x500.jpg\" alt=\"\" width=\"500\" height=\"500\" srcset=\"https:\/\/aoxuanjx.com\/wp-content\/uploads\/2025\/10\/1-500x500.jpg 500w, https:\/\/aoxuanjx.com\/wp-content\/uploads\/2025\/10\/1-300x300.jpg 300w, https:\/\/aoxuanjx.com\/wp-content\/uploads\/2025\/10\/1-12x12.jpg 12w, https:\/\/aoxuanjx.com\/wp-content\/uploads\/2025\/10\/1-150x150.jpg 150w, https:\/\/aoxuanjx.com\/wp-content\/uploads\/2025\/10\/1-75x75.jpg 75w, https:\/\/aoxuanjx.com\/wp-content\/uploads\/2025\/10\/1-484x484.jpg 484w\" sizes=\"(max-width:767px) 484px, 500px\" \/><\/p>\n<p><img loading=\"lazy\" decoding=\"async\" class=\"alignleft wp-image-1325 size-medium\" src=\"https:\/\/aoxuanjx.com\/wp-content\/uploads\/2025\/10\/F-500x500.jpg\" alt=\"\" width=\"500\" height=\"500\" srcset=\"https:\/\/aoxuanjx.com\/wp-content\/uploads\/2025\/10\/F-500x500.jpg 500w, https:\/\/aoxuanjx.com\/wp-content\/uploads\/2025\/10\/F-300x300.jpg 300w, https:\/\/aoxuanjx.com\/wp-content\/uploads\/2025\/10\/F-12x12.jpg 12w, https:\/\/aoxuanjx.com\/wp-content\/uploads\/2025\/10\/F-150x150.jpg 150w, https:\/\/aoxuanjx.com\/wp-content\/uploads\/2025\/10\/F-75x75.jpg 75w, https:\/\/aoxuanjx.com\/wp-content\/uploads\/2025\/10\/F-484x484.jpg 484w\" sizes=\"(max-width:767px) 484px, 500px\" \/><\/p>\n<p>&nbsp;<\/p>\n<p>&nbsp;<\/p>\n<p>&nbsp;<\/p>\n<p>&nbsp;<\/p>\n<p>&nbsp;<\/p>\n<p>&nbsp;<\/p>\n<p>&nbsp;<\/p>\n<p>&nbsp;<\/p>\n<p>&nbsp;<\/p>\n<p>&nbsp;<\/p>\n<p>&nbsp;<\/p>\n<p>&nbsp;<\/p>\n<p>&nbsp;<\/p>\n<p>&nbsp;<\/p>\n<p><img loading=\"lazy\" decoding=\"async\" class=\"alignleft size-medium wp-image-1330\" src=\"https:\/\/aoxuanjx.com\/wp-content\/uploads\/2025\/10\/II-500x500.jpg\" alt=\"\" width=\"500\" height=\"500\" srcset=\"https:\/\/aoxuanjx.com\/wp-content\/uploads\/2025\/10\/II-500x500.jpg 500w, https:\/\/aoxuanjx.com\/wp-content\/uploads\/2025\/10\/II-300x300.jpg 300w, https:\/\/aoxuanjx.com\/wp-content\/uploads\/2025\/10\/II-12x12.jpg 12w, https:\/\/aoxuanjx.com\/wp-content\/uploads\/2025\/10\/II-150x150.jpg 150w, https:\/\/aoxuanjx.com\/wp-content\/uploads\/2025\/10\/II-75x75.jpg 75w, https:\/\/aoxuanjx.com\/wp-content\/uploads\/2025\/10\/II-484x484.jpg 484w\" sizes=\"(max-width:767px) 484px, 500px\" \/><\/p>\n<p>\u2022 Troca de ferramentas segura e r\u00e1pida<\/p>\n<p>\u2022 Pode ser usado sem modificar pun\u00e7\u00f5es do tipo europeu<\/p>\n<p>\u2022 Bot\u00e3o vermelho - Libera facilmente as ferramentas de pun\u00e7\u00e3o<\/p>\n<p>\u2022 Grampo frontal \u2013 troca de ferramenta vertical<\/p>\n<p>\u2022 Bra\u00e7adeira traseira \u2013 troca de ferramenta horizontal<\/p>\n<p>\u2022Modo V \u00fanico<\/p>\n<p>&nbsp;<\/p>\n<p>&nbsp;<\/p>\n<p>&nbsp;<\/p>\n<p>&nbsp;<\/p>\n<p>&nbsp;<\/p>\n<p>&nbsp;<\/p>\n<p>&nbsp;<\/p>\n<p>&nbsp;<\/p>\n<h2><strong><span class=\"magic-7\">Mais detalhes:<\/span><\/strong><\/h2>\n<p><img loading=\"lazy\" decoding=\"async\" class=\"alignleft wp-image-1324 size-thumbnail\" src=\"https:\/\/aoxuanjx.com\/wp-content\/uploads\/2025\/10\/KK-300x300.jpg\" alt=\"\" width=\"300\" height=\"300\" srcset=\"https:\/\/aoxuanjx.com\/wp-content\/uploads\/2025\/10\/KK-300x300.jpg 300w, https:\/\/aoxuanjx.com\/wp-content\/uploads\/2025\/10\/KK-500x500.jpg 500w, https:\/\/aoxuanjx.com\/wp-content\/uploads\/2025\/10\/KK-768x768.jpg 768w, https:\/\/aoxuanjx.com\/wp-content\/uploads\/2025\/10\/KK-12x12.jpg 12w, https:\/\/aoxuanjx.com\/wp-content\/uploads\/2025\/10\/KK-150x150.jpg 150w, https:\/\/aoxuanjx.com\/wp-content\/uploads\/2025\/10\/KK-75x75.jpg 75w, https:\/\/aoxuanjx.com\/wp-content\/uploads\/2025\/10\/KK-484x484.jpg 484w, https:\/\/aoxuanjx.com\/wp-content\/uploads\/2025\/10\/KK.jpg 800w\" sizes=\"(max-width:767px) 300px, 300px\" \/> <img loading=\"lazy\" decoding=\"async\" class=\"alignleft wp-image-1326 size-thumbnail\" src=\"https:\/\/aoxuanjx.com\/wp-content\/uploads\/2025\/10\/G-1-300x300.jpg\" alt=\"\" width=\"300\" height=\"300\" srcset=\"https:\/\/aoxuanjx.com\/wp-content\/uploads\/2025\/10\/G-1-300x300.jpg 300w, https:\/\/aoxuanjx.com\/wp-content\/uploads\/2025\/10\/G-1-500x500.jpg 500w, https:\/\/aoxuanjx.com\/wp-content\/uploads\/2025\/10\/G-1-768x768.jpg 768w, https:\/\/aoxuanjx.com\/wp-content\/uploads\/2025\/10\/G-1-12x12.jpg 12w, https:\/\/aoxuanjx.com\/wp-content\/uploads\/2025\/10\/G-1-150x150.jpg 150w, https:\/\/aoxuanjx.com\/wp-content\/uploads\/2025\/10\/G-1-75x75.jpg 75w, https:\/\/aoxuanjx.com\/wp-content\/uploads\/2025\/10\/G-1-484x484.jpg 484w, https:\/\/aoxuanjx.com\/wp-content\/uploads\/2025\/10\/G-1.jpg 800w\" sizes=\"(max-width:767px) 300px, 300px\" \/><\/p>\n<p>&nbsp;<\/p>\n<p><img loading=\"lazy\" decoding=\"async\" class=\"wp-image-1014 size-thumbnail alignnone\" src=\"https:\/\/aoxuanjx.com\/wp-content\/uploads\/2025\/10\/D-300x300.jpg\" alt=\"\" width=\"300\" height=\"300\" srcset=\"https:\/\/aoxuanjx.com\/wp-content\/uploads\/2025\/10\/D-300x300.jpg 300w, https:\/\/aoxuanjx.com\/wp-content\/uploads\/2025\/10\/D-500x500.jpg 500w, https:\/\/aoxuanjx.com\/wp-content\/uploads\/2025\/10\/D-768x768.jpg 768w, https:\/\/aoxuanjx.com\/wp-content\/uploads\/2025\/10\/D-12x12.jpg 12w, https:\/\/aoxuanjx.com\/wp-content\/uploads\/2025\/10\/D-150x150.jpg 150w, https:\/\/aoxuanjx.com\/wp-content\/uploads\/2025\/10\/D-75x75.jpg 75w, https:\/\/aoxuanjx.com\/wp-content\/uploads\/2025\/10\/D-484x484.jpg 484w, https:\/\/aoxuanjx.com\/wp-content\/uploads\/2025\/10\/D.jpg 800w\" sizes=\"(max-width:767px) 300px, 300px\" \/><\/p>\n<p>&nbsp;<\/p>\n<p><img loading=\"lazy\" decoding=\"async\" class=\"aligncenter size-full wp-image-1054\" src=\"https:\/\/aoxuanjx.com\/wp-content\/uploads\/2025\/10\/press-brake.jpg\" alt=\"\" width=\"1486\" height=\"598\" srcset=\"https:\/\/aoxuanjx.com\/wp-content\/uploads\/2025\/10\/press-brake.jpg 1486w, https:\/\/aoxuanjx.com\/wp-content\/uploads\/2025\/10\/press-brake-500x201.jpg 500w, https:\/\/aoxuanjx.com\/wp-content\/uploads\/2025\/10\/press-brake-1200x483.jpg 1200w, https:\/\/aoxuanjx.com\/wp-content\/uploads\/2025\/10\/press-brake-300x121.jpg 300w, https:\/\/aoxuanjx.com\/wp-content\/uploads\/2025\/10\/press-brake-768x309.jpg 768w, https:\/\/aoxuanjx.com\/wp-content\/uploads\/2025\/10\/press-brake-18x7.jpg 18w, https:\/\/aoxuanjx.com\/wp-content\/uploads\/2025\/10\/press-brake-150x60.jpg 150w, https:\/\/aoxuanjx.com\/wp-content\/uploads\/2025\/10\/press-brake-484x195.jpg 484w, https:\/\/aoxuanjx.com\/wp-content\/uploads\/2025\/10\/press-brake-800x322.jpg 800w\" sizes=\"(max-width:767px) 484px, (max-width:1486px) 100vw, 1486px\" \/><\/p>\n<h2><b>Certificado:<\/b><\/h2>\n<p><img loading=\"lazy\" decoding=\"async\" class=\"size-full wp-image-1052 alignleft\" src=\"https:\/\/aoxuanjx.com\/wp-content\/uploads\/2025\/10\/\u8bbe\u5907CE-\u6298\u5f2f\u673a.jpg\" alt=\"\" width=\"405\" height=\"563\" srcset=\"https:\/\/aoxuanjx.com\/wp-content\/uploads\/2025\/10\/\u8bbe\u5907CE-\u6298\u5f2f\u673a.jpg 405w, https:\/\/aoxuanjx.com\/wp-content\/uploads\/2025\/10\/\u8bbe\u5907CE-\u6298\u5f2f\u673a-360x500.jpg 360w, https:\/\/aoxuanjx.com\/wp-content\/uploads\/2025\/10\/\u8bbe\u5907CE-\u6298\u5f2f\u673a-216x300.jpg 216w, https:\/\/aoxuanjx.com\/wp-content\/uploads\/2025\/10\/\u8bbe\u5907CE-\u6298\u5f2f\u673a-9x12.jpg 9w, https:\/\/aoxuanjx.com\/wp-content\/uploads\/2025\/10\/\u8bbe\u5907CE-\u6298\u5f2f\u673a-54x75.jpg 54w\" sizes=\"(max-width:767px) 405px, 405px\" \/><\/p>\n<p>&nbsp;<\/p>","protected":false},"excerpt":{"rendered":"<p>Detalhes do produto<br \/>\nLocal de origem: China<br \/>\nMarca: AOXUANZG<br \/>\nCertifica\u00e7\u00e3o: CE<br \/>\nN\u00famero do modelo: WE67K-63T1600 DA53T<\/p>\n<p>Termos de pagamento e envio<br \/>\nQuantidade m\u00ednima para encomenda: 1 conjunto<br \/>\nDetalhes da embalagem: Embalagem padr\u00e3o para exporta\u00e7\u00e3o<br \/>\nPrazo de entrega: 30 dias<br \/>\nCondi\u00e7\u00f5es de pagamento: Carta de cr\u00e9dito, Transfer\u00eancia banc\u00e1ria, Western Union, MoneyGram<br \/>\nCapacidade de fornecimento: 120 conjuntos\/ano<\/p>","protected":false},"featured_media":1321,"template":"","meta":[],"product_brand":[39],"product_cat":[30],"product_tag":[41,40,44,43,42],"class_list":{"0":"post-1320","1":"product","2":"type-product","3":"status-publish","4":"has-post-thumbnail","6":"product_brand-aoxuanzg","7":"product_cat-cnc-electro-hydraulic-press-brake","8":"product_tag-cnc-electro-hydraulic-press-brake","9":"product_tag-cnc-hydryaulic-press-brake-machine","10":"product_tag-da66t-controller-system","11":"product_tag-hydraulic-bending-machine","12":"product_tag-press-brake-machine","14":"first","15":"instock","16":"shipping-taxable","17":"product-type-external"},"yoast_head":"<!-- This site is optimized with the Yoast SEO plugin v25.6 - https:\/\/yoast.com\/wordpress\/plugins\/seo\/ -->\n<title>High Precision DA53T System 63Ton1600mm 4+1 AXIS Electric-hydraulic Servo Press Brake - Anhui Aoxuan Machinery Equipment Co.,Ltd<\/title>\n<meta name=\"robots\" content=\"index, follow, max-snippet:-1, max-image-preview:large, max-video-preview:-1\" \/>\n<link rel=\"canonical\" href=\"https:\/\/aoxuanjx.com\/pt\/produto\/high-precision-da53t-system-63ton1600mm-41-axis-electric-hydraulic-servo-press-brake\/\" \/>\n<meta property=\"og:locale\" content=\"pt_PT\" \/>\n<meta property=\"og:type\" content=\"article\" \/>\n<meta property=\"og:title\" content=\"High Precision DA53T System 63Ton1600mm 4+1 AXIS Electric-hydraulic Servo Press Brake - Anhui Aoxuan Machinery Equipment Co.,Ltd\" \/>\n<meta property=\"og:description\" content=\"Product Details Place of Origin: China Brand Name: AOXUANZG Certification: CE Model Number: WE67K-63T1600 DA53T  Payment &amp; Shipping Terms Minimum Order Quantity: 1 Set Packaging Details: Standard export packing Delivery time: 30 days Payment Terms: L\/C, T\/T, Western Union, MoneyGram Supply Ability:120 sets\/Year\" \/>\n<meta property=\"og:url\" content=\"https:\/\/aoxuanjx.com\/pt\/produto\/high-precision-da53t-system-63ton1600mm-41-axis-electric-hydraulic-servo-press-brake\/\" \/>\n<meta property=\"og:site_name\" content=\"Anhui Aoxuan Machinery Equipment Co.,Ltd\" \/>\n<meta property=\"article:modified_time\" content=\"2025-10-22T03:51:26+00:00\" \/>\n<meta property=\"og:image\" content=\"https:\/\/aoxuanjx.com\/wp-content\/uploads\/2025\/10\/800\u5e26LOGO.jpg\" \/>\n\t<meta property=\"og:image:width\" content=\"800\" \/>\n\t<meta property=\"og:image:height\" content=\"800\" \/>\n\t<meta property=\"og:image:type\" content=\"image\/jpeg\" \/>\n<meta name=\"twitter:card\" content=\"summary_large_image\" \/>\n<meta name=\"twitter:label1\" content=\"Tempo estimado de leitura\" \/>\n\t<meta name=\"twitter:data1\" content=\"4 minutos\" \/>\n<script type=\"application\/ld+json\" class=\"yoast-schema-graph\">{\"@context\":\"https:\/\/schema.org\",\"@graph\":[{\"@type\":\"WebPage\",\"@id\":\"https:\/\/aoxuanjx.com\/product\/high-precision-da53t-system-63ton1600mm-41-axis-electric-hydraulic-servo-press-brake\/\",\"url\":\"https:\/\/aoxuanjx.com\/product\/high-precision-da53t-system-63ton1600mm-41-axis-electric-hydraulic-servo-press-brake\/\",\"name\":\"High Precision DA53T System 63Ton1600mm 4+1 AXIS Electric-hydraulic Servo Press Brake - Anhui Aoxuan Machinery Equipment Co.,Ltd\",\"isPartOf\":{\"@id\":\"https:\/\/aoxuanjx.com\/#website\"},\"primaryImageOfPage\":{\"@id\":\"https:\/\/aoxuanjx.com\/product\/high-precision-da53t-system-63ton1600mm-41-axis-electric-hydraulic-servo-press-brake\/#primaryimage\"},\"image\":{\"@id\":\"https:\/\/aoxuanjx.com\/product\/high-precision-da53t-system-63ton1600mm-41-axis-electric-hydraulic-servo-press-brake\/#primaryimage\"},\"thumbnailUrl\":\"https:\/\/aoxuanjx.com\/wp-content\/uploads\/2025\/10\/800\u5e26LOGO.jpg\",\"datePublished\":\"2025-10-17T03:44:36+00:00\",\"dateModified\":\"2025-10-22T03:51:26+00:00\",\"breadcrumb\":{\"@id\":\"https:\/\/aoxuanjx.com\/product\/high-precision-da53t-system-63ton1600mm-41-axis-electric-hydraulic-servo-press-brake\/#breadcrumb\"},\"inLanguage\":\"pt-PT\",\"potentialAction\":[{\"@type\":\"ReadAction\",\"target\":[\"https:\/\/aoxuanjx.com\/product\/high-precision-da53t-system-63ton1600mm-41-axis-electric-hydraulic-servo-press-brake\/\"]}]},{\"@type\":\"ImageObject\",\"inLanguage\":\"pt-PT\",\"@id\":\"https:\/\/aoxuanjx.com\/product\/high-precision-da53t-system-63ton1600mm-41-axis-electric-hydraulic-servo-press-brake\/#primaryimage\",\"url\":\"https:\/\/aoxuanjx.com\/wp-content\/uploads\/2025\/10\/800\u5e26LOGO.jpg\",\"contentUrl\":\"https:\/\/aoxuanjx.com\/wp-content\/uploads\/2025\/10\/800\u5e26LOGO.jpg\",\"width\":800,\"height\":800},{\"@type\":\"BreadcrumbList\",\"@id\":\"https:\/\/aoxuanjx.com\/product\/high-precision-da53t-system-63ton1600mm-41-axis-electric-hydraulic-servo-press-brake\/#breadcrumb\",\"itemListElement\":[{\"@type\":\"ListItem\",\"position\":1,\"name\":\"Home\",\"item\":\"https:\/\/aoxuanjx.com\/\"},{\"@type\":\"ListItem\",\"position\":2,\"name\":\"Product\",\"item\":\"https:\/\/aoxuanjx.com\/product\/\"},{\"@type\":\"ListItem\",\"position\":3,\"name\":\"High Precision DA53T System 63Ton1600mm 4+1 AXIS Electric-hydraulic Servo Press Brake\"}]},{\"@type\":\"WebSite\",\"@id\":\"https:\/\/aoxuanjx.com\/#website\",\"url\":\"https:\/\/aoxuanjx.com\/\",\"name\":\"Anhui Aoxuan Machinery Equipment Co.,Ltd\",\"description\":\"Anhui Aoxuan Machinery Equipment Co.,Ltd\",\"potentialAction\":[{\"@type\":\"SearchAction\",\"target\":{\"@type\":\"EntryPoint\",\"urlTemplate\":\"https:\/\/aoxuanjx.com\/?s={search_term_string}\"},\"query-input\":{\"@type\":\"PropertyValueSpecification\",\"valueRequired\":true,\"valueName\":\"search_term_string\"}}],\"inLanguage\":\"pt-PT\"}]}<\/script>\n<!-- \/ Yoast SEO plugin. -->","yoast_head_json":{"title":"High Precision DA53T System 63Ton1600mm 4+1 AXIS Electric-hydraulic Servo Press Brake - Anhui Aoxuan Machinery Equipment Co.,Ltd","robots":{"index":"index","follow":"follow","max-snippet":"max-snippet:-1","max-image-preview":"max-image-preview:large","max-video-preview":"max-video-preview:-1"},"canonical":"https:\/\/aoxuanjx.com\/pt\/produto\/high-precision-da53t-system-63ton1600mm-41-axis-electric-hydraulic-servo-press-brake\/","og_locale":"pt_PT","og_type":"article","og_title":"High Precision DA53T System 63Ton1600mm 4+1 AXIS Electric-hydraulic Servo Press Brake - Anhui Aoxuan Machinery Equipment Co.,Ltd","og_description":"Product Details Place of Origin: China Brand Name: AOXUANZG Certification: CE Model Number: WE67K-63T1600 DA53T  Payment &amp; Shipping Terms Minimum Order Quantity: 1 Set Packaging Details: Standard export packing Delivery time: 30 days Payment Terms: L\/C, T\/T, Western Union, MoneyGram Supply Ability:120 sets\/Year","og_url":"https:\/\/aoxuanjx.com\/pt\/produto\/high-precision-da53t-system-63ton1600mm-41-axis-electric-hydraulic-servo-press-brake\/","og_site_name":"Anhui Aoxuan Machinery Equipment Co.,Ltd","article_modified_time":"2025-10-22T03:51:26+00:00","og_image":[{"width":800,"height":800,"url":"https:\/\/aoxuanjx.com\/wp-content\/uploads\/2025\/10\/800\u5e26LOGO.jpg","type":"image\/jpeg"}],"twitter_card":"summary_large_image","twitter_misc":{"Tempo estimado de leitura":"4 minutos"},"schema":{"@context":"https:\/\/schema.org","@graph":[{"@type":"WebPage","@id":"https:\/\/aoxuanjx.com\/product\/high-precision-da53t-system-63ton1600mm-41-axis-electric-hydraulic-servo-press-brake\/","url":"https:\/\/aoxuanjx.com\/product\/high-precision-da53t-system-63ton1600mm-41-axis-electric-hydraulic-servo-press-brake\/","name":"High Precision DA53T System 63Ton1600mm 4+1 AXIS Electric-hydraulic Servo Press Brake - Anhui Aoxuan Machinery Equipment Co.,Ltd","isPartOf":{"@id":"https:\/\/aoxuanjx.com\/#website"},"primaryImageOfPage":{"@id":"https:\/\/aoxuanjx.com\/product\/high-precision-da53t-system-63ton1600mm-41-axis-electric-hydraulic-servo-press-brake\/#primaryimage"},"image":{"@id":"https:\/\/aoxuanjx.com\/product\/high-precision-da53t-system-63ton1600mm-41-axis-electric-hydraulic-servo-press-brake\/#primaryimage"},"thumbnailUrl":"https:\/\/aoxuanjx.com\/wp-content\/uploads\/2025\/10\/800\u5e26LOGO.jpg","datePublished":"2025-10-17T03:44:36+00:00","dateModified":"2025-10-22T03:51:26+00:00","breadcrumb":{"@id":"https:\/\/aoxuanjx.com\/product\/high-precision-da53t-system-63ton1600mm-41-axis-electric-hydraulic-servo-press-brake\/#breadcrumb"},"inLanguage":"pt-PT","potentialAction":[{"@type":"ReadAction","target":["https:\/\/aoxuanjx.com\/product\/high-precision-da53t-system-63ton1600mm-41-axis-electric-hydraulic-servo-press-brake\/"]}]},{"@type":"ImageObject","inLanguage":"pt-PT","@id":"https:\/\/aoxuanjx.com\/product\/high-precision-da53t-system-63ton1600mm-41-axis-electric-hydraulic-servo-press-brake\/#primaryimage","url":"https:\/\/aoxuanjx.com\/wp-content\/uploads\/2025\/10\/800\u5e26LOGO.jpg","contentUrl":"https:\/\/aoxuanjx.com\/wp-content\/uploads\/2025\/10\/800\u5e26LOGO.jpg","width":800,"height":800},{"@type":"BreadcrumbList","@id":"https:\/\/aoxuanjx.com\/product\/high-precision-da53t-system-63ton1600mm-41-axis-electric-hydraulic-servo-press-brake\/#breadcrumb","itemListElement":[{"@type":"ListItem","position":1,"name":"Home","item":"https:\/\/aoxuanjx.com\/"},{"@type":"ListItem","position":2,"name":"Product","item":"https:\/\/aoxuanjx.com\/product\/"},{"@type":"ListItem","position":3,"name":"High Precision DA53T System 63Ton1600mm 4+1 AXIS Electric-hydraulic Servo Press Brake"}]},{"@type":"WebSite","@id":"https:\/\/aoxuanjx.com\/#website","url":"https:\/\/aoxuanjx.com\/","name":"Anhui Aoxuan Machinery Equipment Co.,Ltd","description":"Anhui Aoxuan Machinery Equipment Co.,Ltd","potentialAction":[{"@type":"SearchAction","target":{"@type":"EntryPoint","urlTemplate":"https:\/\/aoxuanjx.com\/?s={search_term_string}"},"query-input":{"@type":"PropertyValueSpecification","valueRequired":true,"valueName":"search_term_string"}}],"inLanguage":"pt-PT"}]}},"_links":{"self":[{"href":"https:\/\/aoxuanjx.com\/pt\/wp-json\/wp\/v2\/product\/1320","targetHints":{"allow":["GET"]}}],"collection":[{"href":"https:\/\/aoxuanjx.com\/pt\/wp-json\/wp\/v2\/product"}],"about":[{"href":"https:\/\/aoxuanjx.com\/pt\/wp-json\/wp\/v2\/types\/product"}],"version-history":[{"count":4,"href":"https:\/\/aoxuanjx.com\/pt\/wp-json\/wp\/v2\/product\/1320\/revisions"}],"predecessor-version":[{"id":1470,"href":"https:\/\/aoxuanjx.com\/pt\/wp-json\/wp\/v2\/product\/1320\/revisions\/1470"}],"wp:featuredmedia":[{"embeddable":true,"href":"https:\/\/aoxuanjx.com\/pt\/wp-json\/wp\/v2\/media\/1321"}],"wp:attachment":[{"href":"https:\/\/aoxuanjx.com\/pt\/wp-json\/wp\/v2\/media?parent=1320"}],"wp:term":[{"taxonomy":"product_brand","embeddable":true,"href":"https:\/\/aoxuanjx.com\/pt\/wp-json\/wp\/v2\/product_brand?post=1320"},{"taxonomy":"product_cat","embeddable":true,"href":"https:\/\/aoxuanjx.com\/pt\/wp-json\/wp\/v2\/product_cat?post=1320"},{"taxonomy":"product_tag","embeddable":true,"href":"https:\/\/aoxuanjx.com\/pt\/wp-json\/wp\/v2\/product_tag?post=1320"}],"curies":[{"name":"wp","href":"https:\/\/api.w.org\/{rel}","templated":true}]}}