{"id":1056,"date":"2025-10-15T01:57:35","date_gmt":"2025-10-15T01:57:35","guid":{"rendered":"https:\/\/aoxuanjx.com\/?post_type=product&#038;p=1056"},"modified":"2025-10-17T08:16:35","modified_gmt":"2025-10-17T08:16:35","slug":"fl-3015c-fiber-laser-cutting-machine","status":"publish","type":"product","link":"https:\/\/aoxuanjx.com\/pt\/produto\/fl-3015c-fiber-laser-cutting-machine\/","title":{"rendered":"M\u00e1quina de corte a laser de fibra FL-3015C"},"content":{"rendered":"<h4><img fetchpriority=\"high\" decoding=\"async\" class=\"alignleft wp-image-1300 size-medium\" src=\"https:\/\/aoxuanjx.com\/wp-content\/uploads\/2025\/10\/OR-R-4-500x281.png\" alt=\"\" width=\"500\" height=\"281\" srcset=\"https:\/\/aoxuanjx.com\/wp-content\/uploads\/2025\/10\/OR-R-4-500x281.png 500w, https:\/\/aoxuanjx.com\/wp-content\/uploads\/2025\/10\/OR-R-4-300x169.png 300w, https:\/\/aoxuanjx.com\/wp-content\/uploads\/2025\/10\/OR-R-4-18x10.png 18w, https:\/\/aoxuanjx.com\/wp-content\/uploads\/2025\/10\/OR-R-4-133x75.png 133w, https:\/\/aoxuanjx.com\/wp-content\/uploads\/2025\/10\/OR-R-4-484x272.png 484w\" sizes=\"(max-width:767px) 484px, 500px\" \/><strong><span data-spm-anchor-id=\"a2700.details-description.0.i4.2f92TR8UTR8Uck\">Recurso da m\u00e1quina<\/span><\/strong><\/h4>\n<p>&nbsp;<\/p>\n<p data-spm-anchor-id=\"a2700.details-description.0.i5.2f92TR8UTR8Uck\">\u2666 A estrutura de p\u00f3rtico com acionamento duplo, com sistema de transmiss\u00e3o por pinh\u00e3o e cremalheira importado da Alemanha, melhora a efici\u00eancia da produ\u00e7\u00e3o.<\/p>\n<p data-spm-anchor-id=\"a2700.details-description.0.i5.2f92TR8UTR8Uck\">\u2666 O trilho guia de alum\u00ednio fundido de alto desempenho, ap\u00f3s an\u00e1lise de elementos finitos, permite o corte em arco circular com velocidade altamente acelerada.<\/p>\n<p data-spm-anchor-id=\"a2700.details-description.0.i5.2f92TR8UTR8Uck\">\u2666 Mesa de trabalho aberta, opera\u00e7\u00e3o simples e ocupa pouco espa\u00e7o.<\/p>\n<hr \/>\n<p>&nbsp;<\/p>\n<p><img decoding=\"async\" class=\"alignleft wp-image-1062\" src=\"https:\/\/aoxuanjx.com\/wp-content\/uploads\/2025\/10\/OR-FH3015.2-scaled.png\" alt=\"\" width=\"751\" height=\"453\" srcset=\"https:\/\/aoxuanjx.com\/wp-content\/uploads\/2025\/10\/OR-FH3015.2-scaled.png 2560w, https:\/\/aoxuanjx.com\/wp-content\/uploads\/2025\/10\/OR-FH3015.2-500x301.png 500w, https:\/\/aoxuanjx.com\/wp-content\/uploads\/2025\/10\/OR-FH3015.2-300x181.png 300w, https:\/\/aoxuanjx.com\/wp-content\/uploads\/2025\/10\/OR-FH3015.2-18x12.png 18w, https:\/\/aoxuanjx.com\/wp-content\/uploads\/2025\/10\/OR-FH3015.2-124x75.png 124w, https:\/\/aoxuanjx.com\/wp-content\/uploads\/2025\/10\/OR-FH3015.2-484x292.png 484w\" sizes=\"(max-width:767px) 484px, 751px\" \/><\/p>\n<ol>\n<li>FONTE DE ENERGIA LASER IPG\/RAYCUS\/MAX<\/li>\n<li>\u00a0DESIGN COMPACTO QUE ECONOMIZA ESPA\u00c7O<\/li>\n<li>\u00a0Cabe\u00e7a de laser projetada pela Raytoos<\/li>\n<li>REDU\u00c7\u00c3O DE ALTA PRECIS\u00c3O<\/li>\n<li>SISTEMA DE FOCO AUTOM\u00c1TICO<\/li>\n<li>Servomotores e inversores avan\u00e7ados da Schneider<\/li>\n<li style=\"text-align: left;\">Cremalheira de alta precis\u00e3o<\/li>\n<li>P\u00d3RTICO DE GRAU AEROESPACIAL<\/li>\n<li>Mesa de trabalho para corte com l\u00e2mina de dentes de serra<\/li>\n<li>MOSTRADOR DE COMPUTADOR COM BRA\u00c7O ARTICULADO<\/li>\n<li>SOFTWARE CYPCUT<\/li>\n<li>SISTEMA AUTOM\u00c1TICO DE G\u00c1S\/LUBRIFICA\u00c7\u00c3O<\/li>\n<li>SISTEMA DE COLETA DE DETRITOS<\/li>\n<li>RESFRIADOR DE \u00c1GUA INDUSTRIAL INCLUSO etc\u2026<\/li>\n<li>TRANSFORMADOR E MONTADO NA CHINA<\/li>\n<\/ol>\n<h1><\/h1>\n<h1><\/h1>\n<h1><\/h1>\n<p>&nbsp;<\/p>\n<p>&nbsp;<\/p>\n<h1 style=\"text-align: center;\">PAR\u00c2METROS DO EQUIPAMENTO<\/h1>\n<hr \/>\n<h6 style=\"text-align: left;\"><span style=\"color: #008000;\"><strong>\u00a0 \u00a0 <img decoding=\"async\" class=\"alignleft size-full wp-image-1201\" src=\"https:\/\/aoxuanjx.com\/wp-content\/uploads\/2025\/10\/\u6fc0\u5149\u53c2\u6570.jpg\" alt=\"\" width=\"1363\" height=\"750\" srcset=\"https:\/\/aoxuanjx.com\/wp-content\/uploads\/2025\/10\/\u6fc0\u5149\u53c2\u6570.jpg 1363w, https:\/\/aoxuanjx.com\/wp-content\/uploads\/2025\/10\/\u6fc0\u5149\u53c2\u6570-500x275.jpg 500w, https:\/\/aoxuanjx.com\/wp-content\/uploads\/2025\/10\/\u6fc0\u5149\u53c2\u6570-1200x660.jpg 1200w, https:\/\/aoxuanjx.com\/wp-content\/uploads\/2025\/10\/\u6fc0\u5149\u53c2\u6570-300x165.jpg 300w, https:\/\/aoxuanjx.com\/wp-content\/uploads\/2025\/10\/\u6fc0\u5149\u53c2\u6570-768x423.jpg 768w, https:\/\/aoxuanjx.com\/wp-content\/uploads\/2025\/10\/\u6fc0\u5149\u53c2\u6570-18x10.jpg 18w, https:\/\/aoxuanjx.com\/wp-content\/uploads\/2025\/10\/\u6fc0\u5149\u53c2\u6570-136x75.jpg 136w, https:\/\/aoxuanjx.com\/wp-content\/uploads\/2025\/10\/\u6fc0\u5149\u53c2\u6570-484x266.jpg 484w, https:\/\/aoxuanjx.com\/wp-content\/uploads\/2025\/10\/\u6fc0\u5149\u53c2\u6570-800x440.jpg 800w\" sizes=\"(max-width:767px) 484px, (max-width:1363px) 100vw, 1363px\" \/>\u00a0 \u00a0 \u00a0 \u00a0 \u00a0<\/strong><\/span><\/h6>\n<p>&nbsp;<\/p>\n<p>&nbsp;<\/p>\n<p>&nbsp;<\/p>\n<h1><\/h1>\n<h1><\/h1>\n<h1><\/h1>\n<h1><\/h1>\n<h1><\/h1>\n<h1><\/h1>\n<h1><\/h1>\n<h1><\/h1>\n<h1><\/h1>\n<h1><\/h1>\n<h1 style=\"text-align: center;\">PRECIS\u00c3O DO PROCESSAMENTO DO EQUIPAMENTO<\/h1>\n<hr \/>\n<h6 style=\"text-align: center;\"><strong><span style=\"color: #008000;\">Precis\u00e3o de corte circular de \u03c630 mm\u00a0<\/span> \u00a0<span style=\"color: #008000;\">\u00a0 \u00a0 \u00a0 \u00a0 \u00a0 \u00a0 \u00a0 \u00a0 \u00a0 \u00a0 \u00a0 \u00a0 \u00a0 \u00a0 \u00a0 \u00a0 \u00a0 \u00a0 \u00a0 \u00a0 \u00a0 \u00a0 \u00a0 \u00a0 \u00a0 \u00a0 \u00a0 \u00a0 \u00a0 \u00a0 \u00a0 \u00a0Precis\u00e3o de corte adjacente de \u03c630 mm Precis\u00e3o de corte adjacente de \u03c6200 mm<\/span><\/strong><\/h6>\n<p style=\"text-align: center;\">0,05-0,08 mm 0,02-0,04 mm 0,04-0,06 mm<\/p>\n<p>&nbsp;<\/p>\n<h6 style=\"text-align: center;\"><span style=\"color: #008000;\"><strong>Precis\u00e3o de corte diagonal de \u03c6200 mm<\/strong><\/span><\/h6>\n<p style=\"text-align: center;\">0,05-0,07 mm<\/p>\n<p>&nbsp;<\/p>\n<p style=\"text-align: center;\">Voc\u00ea escolhe a pot\u00eancia do laser.<\/p>\n<p>&nbsp;<\/p>\n<h1><\/h1>\n<h1><\/h1>\n<h1 style=\"text-align: center;\">Voc\u00ea escolhe a pot\u00eancia do laser.<\/h1>\n<hr \/>\n<p>&nbsp;<\/p>\n<p><img loading=\"lazy\" decoding=\"async\" class=\"wp-image-1102 aligncenter\" src=\"https:\/\/aoxuanjx.com\/wp-content\/uploads\/2025\/10\/material-thickness-\u56fe\u7247.png\" alt=\"\" width=\"1062\" height=\"939\" srcset=\"https:\/\/aoxuanjx.com\/wp-content\/uploads\/2025\/10\/material-thickness-\u56fe\u7247.png 800w, https:\/\/aoxuanjx.com\/wp-content\/uploads\/2025\/10\/material-thickness-\u56fe\u7247-500x442.png 500w, https:\/\/aoxuanjx.com\/wp-content\/uploads\/2025\/10\/material-thickness-\u56fe\u7247-300x265.png 300w, https:\/\/aoxuanjx.com\/wp-content\/uploads\/2025\/10\/material-thickness-\u56fe\u7247-768x679.png 768w, https:\/\/aoxuanjx.com\/wp-content\/uploads\/2025\/10\/material-thickness-\u56fe\u7247-14x12.png 14w, https:\/\/aoxuanjx.com\/wp-content\/uploads\/2025\/10\/material-thickness-\u56fe\u7247-85x75.png 85w, https:\/\/aoxuanjx.com\/wp-content\/uploads\/2025\/10\/material-thickness-\u56fe\u7247-484x428.png 484w\" sizes=\"(max-width:767px) 484px, (max-width:1062px) 100vw, 1062px\" \/><\/p>\n<h5 style=\"text-align: center;\">\u00a0 \u00a0 \u00a0 \u00a0 \u00a0 \u00a0 \u00a0 \u00a0 \u00a0 \u00a0 \u00a0 \u00a0 \u00a0 \u00a0 \u00a0 A pot\u00eancia do laser pode variar de 1,5 a 4 kW, dependendo da espessura e da qualidade do material a ser cortado.<\/h5>\n<p>&nbsp;<\/p>\n<h5 style=\"text-align: center;\">\u00a0 \u00a0 \u00a0 \u00a0 \u00a0 \u00a0 \u00a0 \u00a0 \u00a0 \u00a0 \u00a0 \u00a0 \u00a0 \u00a0 \u00a0 \u00a0 \u00a0 \u00a0 \u00a0Para obter mais informa\u00e7\u00f5es e escolher a pot\u00eancia adequada \u00e0s suas necessidades, entre em contato com o departamento de vendas.<\/h5>\n<p>&nbsp;<\/p>\n<p>&nbsp;<\/p>\n<hr \/>\n<p><img loading=\"lazy\" decoding=\"async\" class=\"wp-image-1103 aligncenter\" src=\"https:\/\/aoxuanjx.com\/wp-content\/uploads\/2025\/10\/\u6fc0\u5149\u5c3a\u5bf8\u56fe.jpg\" alt=\"\" width=\"1944\" height=\"855\" srcset=\"https:\/\/aoxuanjx.com\/wp-content\/uploads\/2025\/10\/\u6fc0\u5149\u5c3a\u5bf8\u56fe.jpg 1846w, https:\/\/aoxuanjx.com\/wp-content\/uploads\/2025\/10\/\u6fc0\u5149\u5c3a\u5bf8\u56fe-500x220.jpg 500w, https:\/\/aoxuanjx.com\/wp-content\/uploads\/2025\/10\/\u6fc0\u5149\u5c3a\u5bf8\u56fe-1200x528.jpg 1200w, https:\/\/aoxuanjx.com\/wp-content\/uploads\/2025\/10\/\u6fc0\u5149\u5c3a\u5bf8\u56fe-300x132.jpg 300w, https:\/\/aoxuanjx.com\/wp-content\/uploads\/2025\/10\/\u6fc0\u5149\u5c3a\u5bf8\u56fe-768x338.jpg 768w, https:\/\/aoxuanjx.com\/wp-content\/uploads\/2025\/10\/\u6fc0\u5149\u5c3a\u5bf8\u56fe-1536x676.jpg 1536w, https:\/\/aoxuanjx.com\/wp-content\/uploads\/2025\/10\/\u6fc0\u5149\u5c3a\u5bf8\u56fe-18x8.jpg 18w, https:\/\/aoxuanjx.com\/wp-content\/uploads\/2025\/10\/\u6fc0\u5149\u5c3a\u5bf8\u56fe-150x66.jpg 150w, https:\/\/aoxuanjx.com\/wp-content\/uploads\/2025\/10\/\u6fc0\u5149\u5c3a\u5bf8\u56fe-484x213.jpg 484w, https:\/\/aoxuanjx.com\/wp-content\/uploads\/2025\/10\/\u6fc0\u5149\u5c3a\u5bf8\u56fe-800x352.jpg 800w\" sizes=\"(max-width:767px) 484px, (max-width:1944px) 100vw, 1944px\" \/><\/p>\n<p>&nbsp;<\/p>\n<p>&nbsp;<\/p>\n<p>&nbsp;<\/p>\n<p>&nbsp;<\/p>\n<p>&nbsp;<\/p>\n<p>&nbsp;<\/p>\n<h2><\/h2>\n<h2><\/h2>\n<h2><\/h2>\n<h2><\/h2>\n<h2><\/h2>\n<h2><\/h2>\n<h2><\/h2>\n<h6><span style=\"color: #008000;\">\u00a0 \u00a0 \u00a0 \u00a0 \u00a0 \u00a0 \u00a0 \u00a0 \u00a0 \u00a0 \u00a0 \u00a0 \u00a0 \u00a0 \u00a0 \u00a0 \u00a0 \u00a0 \u00a0 \u00a0 \u00a0 \u00a0 \u00a0 \u00a0 \u00a0 \u00a0 \u00a0 \u00a0 \u00a0 \u00a0 \u00a0 \u00a0 \u00a0 \u00a0 \u00a0 \u00a0 \u00a0 \u00a0 \u00a0 \u00a0 \u00a0 \u00a0 \u00a0 \u00a0 \u00a0 \u00a0 \u00a0 \u00a0 \u00a0Garantia de 2 anos em equipamentos a laser \u2013 Desempenho confi\u00e1vel garantido<\/span><\/h6>\n<p><span data-type=\"text\">\u00a0 \u00a0 \u00a0 \u00a0 \u00a0 \u00a0 \u00a0 \u00a0 \u00a0 \u00a0 \u00a0 \u00a0 \u00a0 \u00a0 \u00a0 \u00a0 \u00a0 \u00a0 \u00a0 \u00a0 \u00a0 \u00a0O equipamento a laser vem com garantia de 2 anos. Durante esse per\u00edodo, se o dispositivo apresentar defeito de fabrica\u00e7\u00e3o, a garantia ser\u00e1 v\u00e1lida. <\/span><\/p>\n<p><span data-type=\"text\">\u00a0 \u00a0 \u00a0 \u00a0 \u00a0 \u00a0 \u00a0 \u00a0 \u00a0 \u00a0 \u00a0 \u00a0 \u00a0 \u00a0 \u00a0 \u00a0 \u00a0 \u00a0 \u00a0 \u00a0 \u00a0 \u00a0Em caso de defeitos ou problemas de material, forneceremos servi\u00e7os gratuitos de reparo ou substitui\u00e7\u00e3o. A garantia cobre os componentes principais do laser. <\/span><\/p>\n<p><span data-type=\"text\">\u00a0 \u00a0 \u00a0 \u00a0 \u00a0 \u00a0 \u00a0 \u00a0 \u00a0 \u00a0 \u00a0 \u00a0 \u00a0 \u00a0 \u00a0 \u00a0 \u00a0 \u00a0 \u00a0 \u00a0 \u00a0 \u00a0 \u00a0 e os componentes originais fornecidos no momento do envio, mas n\u00e3o inclui problemas causados por opera\u00e7\u00e3o inadequada. <\/span><\/p>\n<p><span data-type=\"text\">\u00a0 \u00a0 \u00a0 \u00a0 \u00a0 \u00a0 \u00a0 \u00a0 \u00a0 \u00a0 \u00a0 \u00a0 \u00a0 \u00a0 \u00a0 \u00a0 \u00a0 \u00a0 \u00a0 \u00a0 \u00a0 danos acidentais ou reparos n\u00e3o autorizados. Estamos comprometidos em garantir estabilidade e confiabilidade durante o uso, proporcionando a voc\u00ea <\/span><\/p>\n<p><span data-type=\"text\">\u00a0 \u00a0 \u00a0 \u00a0 \u00a0 \u00a0 \u00a0 \u00a0 \u00a0 \u00a0 \u00a0 \u00a0 \u00a0 \u00a0 \u00a0 \u00a0 \u00a0 \u00a0 \u00a0 \u00a0 \u00a0 \u00a0 \u00a0 \u00a0 \u00a0 \u00a0 \u00a0 \u00a0 \u00a0 \u00a0 \u00a0 \u00a0 \u00a0 \u00a0 \u00a0 \u00a0 \u00a0 \u00a0 \u00a0 \u00a0 \u00a0 \u00a0 \u00a0 \u00a0 \u00a0 \u00a0 \u00a0 \u00a0 \u00a0 \u00a0 \u00a0 \u00a0 \u00a0 \u00a0Tranquilidade nas suas opera\u00e7\u00f5es de produ\u00e7\u00e3o.<\/span><\/p>\n<h6><span style=\"color: #008000;\">\u00a0 \u00a0 \u00a0 \u00a0 \u00a0 \u00a0 \u00a0 \u00a0 \u00a0 \u00a0 \u00a0 \u00a0 \u00a0 \u00a0 \u00a0 \u00a0 \u00a0 \u00a0 \u00a0 \u00a0 \u00a0 \u00a0 \u00a0 \u00a0 \u00a0 \u00a0 \u00a0 \u00a0 \u00a0 \u00a0 \u00a0 \u00a0 \u00a0 \u00a0 \u00a0 \u00a0 \u00a0 \u00a0 \u00a0 \u00a0 \u00a0 \u00a0 \u00a0 \u00a0 \u00a0 \u00a0 \u00a0 \u00a0 \u00a0 \u00a0 \u00a0 \u00a0 \u00a0Suporte t\u00e9cnico vital\u00edcio inclu\u00eddo na compra de cada m\u00e1quina.<\/span><\/h6>\n<p>&nbsp;<\/p>\n<p><img loading=\"lazy\" decoding=\"async\" class=\"alignleft wp-image-951\" src=\"https:\/\/aoxuanjx.com\/wp-content\/uploads\/2025\/09\/gong2.jpg\" alt=\"\" width=\"1429\" height=\"1191\" srcset=\"https:\/\/aoxuanjx.com\/wp-content\/uploads\/2025\/09\/gong2.jpg 600w, https:\/\/aoxuanjx.com\/wp-content\/uploads\/2025\/09\/gong2-500x417.jpg 500w, https:\/\/aoxuanjx.com\/wp-content\/uploads\/2025\/09\/gong2-300x250.jpg 300w, https:\/\/aoxuanjx.com\/wp-content\/uploads\/2025\/09\/gong2-14x12.jpg 14w, https:\/\/aoxuanjx.com\/wp-content\/uploads\/2025\/09\/gong2-90x75.jpg 90w, https:\/\/aoxuanjx.com\/wp-content\/uploads\/2025\/09\/gong2-484x403.jpg 484w\" sizes=\"(max-width:767px) 484px, (max-width:1429px) 100vw, 1429px\" \/><\/p>","protected":false},"excerpt":{"rendered":"<h6>Esta m\u00e1quina foi desenvolvida especificamente para cortar chapas de espessura m\u00e9dia e fina (\u226430mm).<\/h6>\n<h6>\u00c9 compacto, com estrutura aberta e oferece duas configura\u00e7\u00f5es diferentes.<\/h6>\n<h6>Tanto o hardware quanto o software foram atualizados recentemente para melhor atender \u00e0s necessidades reais dos usu\u00e1rios.<\/h6>\n<h6 style=\"text-align: left;\">Um cont\u00eainer de 40HQ pode acomodar 6 conjuntos de 3015NP, permitindo embalagens LCL com fretes muito mais baratos.<\/h6>","protected":false},"featured_media":1336,"template":"","meta":[],"product_brand":[39],"product_cat":[32],"product_tag":[45,46],"class_list":{"0":"post-1056","1":"product","2":"type-product","3":"status-publish","4":"has-post-thumbnail","6":"product_brand-aoxuanzg","7":"product_cat-fiber-laser-cutting-machine","8":"product_tag-high-precision-fiber-laser-cutting-machine","9":"product_tag-sheet-metal-processing-equipemnt","11":"first","12":"instock","13":"shipping-taxable","14":"product-type-external"},"yoast_head":"<!-- This site is optimized with the Yoast SEO plugin v25.6 - https:\/\/yoast.com\/wordpress\/plugins\/seo\/ -->\n<title>FL-3015C Fiber Laser Cutting Machine - Anhui Aoxuan Machinery Equipment Co.,Ltd<\/title>\n<meta name=\"robots\" content=\"index, follow, max-snippet:-1, max-image-preview:large, max-video-preview:-1\" \/>\n<link rel=\"canonical\" href=\"https:\/\/aoxuanjx.com\/pt\/produto\/fl-3015c-fiber-laser-cutting-machine\/\" \/>\n<meta property=\"og:locale\" content=\"pt_PT\" \/>\n<meta property=\"og:type\" content=\"article\" \/>\n<meta property=\"og:title\" content=\"FL-3015C Fiber Laser Cutting Machine - Anhui Aoxuan Machinery Equipment Co.,Ltd\" \/>\n<meta property=\"og:description\" content=\"This machine is specifically developed for cutting medium and thin (\u226430mm) sheet. It is compact with open-style structure and offers two different configurations. Both its hardware and software have been recently upgraded to better meet actual needs of users. A 40HQ container can accommodate 6 sets of 3015NP, allowing for LCL packaging at much less freights.\" \/>\n<meta property=\"og:url\" content=\"https:\/\/aoxuanjx.com\/pt\/produto\/fl-3015c-fiber-laser-cutting-machine\/\" \/>\n<meta property=\"og:site_name\" content=\"Anhui Aoxuan Machinery Equipment Co.,Ltd\" \/>\n<meta property=\"article:modified_time\" content=\"2025-10-17T08:16:35+00:00\" \/>\n<meta property=\"og:image\" content=\"https:\/\/aoxuanjx.com\/wp-content\/uploads\/2025\/10\/3015-fiber-laser-cutting-machine-with-CE.jpg\" \/>\n\t<meta property=\"og:image:width\" content=\"800\" \/>\n\t<meta property=\"og:image:height\" content=\"800\" \/>\n\t<meta property=\"og:image:type\" content=\"image\/jpeg\" \/>\n<meta name=\"twitter:card\" content=\"summary_large_image\" \/>\n<meta name=\"twitter:label1\" content=\"Tempo estimado de leitura\" \/>\n\t<meta name=\"twitter:data1\" content=\"3 minutos\" \/>\n<script type=\"application\/ld+json\" class=\"yoast-schema-graph\">{\"@context\":\"https:\/\/schema.org\",\"@graph\":[{\"@type\":\"WebPage\",\"@id\":\"https:\/\/aoxuanjx.com\/product\/fl-3015c-fiber-laser-cutting-machine\/\",\"url\":\"https:\/\/aoxuanjx.com\/product\/fl-3015c-fiber-laser-cutting-machine\/\",\"name\":\"FL-3015C Fiber Laser Cutting Machine - Anhui Aoxuan Machinery Equipment Co.,Ltd\",\"isPartOf\":{\"@id\":\"https:\/\/aoxuanjx.com\/#website\"},\"primaryImageOfPage\":{\"@id\":\"https:\/\/aoxuanjx.com\/product\/fl-3015c-fiber-laser-cutting-machine\/#primaryimage\"},\"image\":{\"@id\":\"https:\/\/aoxuanjx.com\/product\/fl-3015c-fiber-laser-cutting-machine\/#primaryimage\"},\"thumbnailUrl\":\"https:\/\/aoxuanjx.com\/wp-content\/uploads\/2025\/10\/3015-fiber-laser-cutting-machine-with-CE.jpg\",\"datePublished\":\"2025-10-15T01:57:35+00:00\",\"dateModified\":\"2025-10-17T08:16:35+00:00\",\"breadcrumb\":{\"@id\":\"https:\/\/aoxuanjx.com\/product\/fl-3015c-fiber-laser-cutting-machine\/#breadcrumb\"},\"inLanguage\":\"pt-PT\",\"potentialAction\":[{\"@type\":\"ReadAction\",\"target\":[\"https:\/\/aoxuanjx.com\/product\/fl-3015c-fiber-laser-cutting-machine\/\"]}]},{\"@type\":\"ImageObject\",\"inLanguage\":\"pt-PT\",\"@id\":\"https:\/\/aoxuanjx.com\/product\/fl-3015c-fiber-laser-cutting-machine\/#primaryimage\",\"url\":\"https:\/\/aoxuanjx.com\/wp-content\/uploads\/2025\/10\/3015-fiber-laser-cutting-machine-with-CE.jpg\",\"contentUrl\":\"https:\/\/aoxuanjx.com\/wp-content\/uploads\/2025\/10\/3015-fiber-laser-cutting-machine-with-CE.jpg\",\"width\":800,\"height\":800},{\"@type\":\"BreadcrumbList\",\"@id\":\"https:\/\/aoxuanjx.com\/product\/fl-3015c-fiber-laser-cutting-machine\/#breadcrumb\",\"itemListElement\":[{\"@type\":\"ListItem\",\"position\":1,\"name\":\"Home\",\"item\":\"https:\/\/aoxuanjx.com\/\"},{\"@type\":\"ListItem\",\"position\":2,\"name\":\"Product\",\"item\":\"https:\/\/aoxuanjx.com\/product\/\"},{\"@type\":\"ListItem\",\"position\":3,\"name\":\"FL-3015C Fiber Laser Cutting Machine\"}]},{\"@type\":\"WebSite\",\"@id\":\"https:\/\/aoxuanjx.com\/#website\",\"url\":\"https:\/\/aoxuanjx.com\/\",\"name\":\"Anhui Aoxuan Machinery Equipment Co.,Ltd\",\"description\":\"Anhui Aoxuan Machinery Equipment Co.,Ltd\",\"potentialAction\":[{\"@type\":\"SearchAction\",\"target\":{\"@type\":\"EntryPoint\",\"urlTemplate\":\"https:\/\/aoxuanjx.com\/?s={search_term_string}\"},\"query-input\":{\"@type\":\"PropertyValueSpecification\",\"valueRequired\":true,\"valueName\":\"search_term_string\"}}],\"inLanguage\":\"pt-PT\"}]}<\/script>\n<!-- \/ Yoast SEO plugin. -->","yoast_head_json":{"title":"FL-3015C Fiber Laser Cutting Machine - Anhui Aoxuan Machinery Equipment Co.,Ltd","robots":{"index":"index","follow":"follow","max-snippet":"max-snippet:-1","max-image-preview":"max-image-preview:large","max-video-preview":"max-video-preview:-1"},"canonical":"https:\/\/aoxuanjx.com\/pt\/produto\/fl-3015c-fiber-laser-cutting-machine\/","og_locale":"pt_PT","og_type":"article","og_title":"FL-3015C Fiber Laser Cutting Machine - Anhui Aoxuan Machinery Equipment Co.,Ltd","og_description":"This machine is specifically developed for cutting medium and thin (\u226430mm) sheet. It is compact with open-style structure and offers two different configurations. Both its hardware and software have been recently upgraded to better meet actual needs of users. A 40HQ container can accommodate 6 sets of 3015NP, allowing for LCL packaging at much less freights.","og_url":"https:\/\/aoxuanjx.com\/pt\/produto\/fl-3015c-fiber-laser-cutting-machine\/","og_site_name":"Anhui Aoxuan Machinery Equipment Co.,Ltd","article_modified_time":"2025-10-17T08:16:35+00:00","og_image":[{"width":800,"height":800,"url":"https:\/\/aoxuanjx.com\/wp-content\/uploads\/2025\/10\/3015-fiber-laser-cutting-machine-with-CE.jpg","type":"image\/jpeg"}],"twitter_card":"summary_large_image","twitter_misc":{"Tempo estimado de leitura":"3 minutos"},"schema":{"@context":"https:\/\/schema.org","@graph":[{"@type":"WebPage","@id":"https:\/\/aoxuanjx.com\/product\/fl-3015c-fiber-laser-cutting-machine\/","url":"https:\/\/aoxuanjx.com\/product\/fl-3015c-fiber-laser-cutting-machine\/","name":"FL-3015C Fiber Laser Cutting Machine - Anhui Aoxuan Machinery Equipment Co.,Ltd","isPartOf":{"@id":"https:\/\/aoxuanjx.com\/#website"},"primaryImageOfPage":{"@id":"https:\/\/aoxuanjx.com\/product\/fl-3015c-fiber-laser-cutting-machine\/#primaryimage"},"image":{"@id":"https:\/\/aoxuanjx.com\/product\/fl-3015c-fiber-laser-cutting-machine\/#primaryimage"},"thumbnailUrl":"https:\/\/aoxuanjx.com\/wp-content\/uploads\/2025\/10\/3015-fiber-laser-cutting-machine-with-CE.jpg","datePublished":"2025-10-15T01:57:35+00:00","dateModified":"2025-10-17T08:16:35+00:00","breadcrumb":{"@id":"https:\/\/aoxuanjx.com\/product\/fl-3015c-fiber-laser-cutting-machine\/#breadcrumb"},"inLanguage":"pt-PT","potentialAction":[{"@type":"ReadAction","target":["https:\/\/aoxuanjx.com\/product\/fl-3015c-fiber-laser-cutting-machine\/"]}]},{"@type":"ImageObject","inLanguage":"pt-PT","@id":"https:\/\/aoxuanjx.com\/product\/fl-3015c-fiber-laser-cutting-machine\/#primaryimage","url":"https:\/\/aoxuanjx.com\/wp-content\/uploads\/2025\/10\/3015-fiber-laser-cutting-machine-with-CE.jpg","contentUrl":"https:\/\/aoxuanjx.com\/wp-content\/uploads\/2025\/10\/3015-fiber-laser-cutting-machine-with-CE.jpg","width":800,"height":800},{"@type":"BreadcrumbList","@id":"https:\/\/aoxuanjx.com\/product\/fl-3015c-fiber-laser-cutting-machine\/#breadcrumb","itemListElement":[{"@type":"ListItem","position":1,"name":"Home","item":"https:\/\/aoxuanjx.com\/"},{"@type":"ListItem","position":2,"name":"Product","item":"https:\/\/aoxuanjx.com\/product\/"},{"@type":"ListItem","position":3,"name":"FL-3015C Fiber Laser Cutting Machine"}]},{"@type":"WebSite","@id":"https:\/\/aoxuanjx.com\/#website","url":"https:\/\/aoxuanjx.com\/","name":"Anhui Aoxuan Machinery Equipment Co.,Ltd","description":"Anhui Aoxuan Machinery Equipment Co.,Ltd","potentialAction":[{"@type":"SearchAction","target":{"@type":"EntryPoint","urlTemplate":"https:\/\/aoxuanjx.com\/?s={search_term_string}"},"query-input":{"@type":"PropertyValueSpecification","valueRequired":true,"valueName":"search_term_string"}}],"inLanguage":"pt-PT"}]}},"_links":{"self":[{"href":"https:\/\/aoxuanjx.com\/pt\/wp-json\/wp\/v2\/product\/1056","targetHints":{"allow":["GET"]}}],"collection":[{"href":"https:\/\/aoxuanjx.com\/pt\/wp-json\/wp\/v2\/product"}],"about":[{"href":"https:\/\/aoxuanjx.com\/pt\/wp-json\/wp\/v2\/types\/product"}],"version-history":[{"count":49,"href":"https:\/\/aoxuanjx.com\/pt\/wp-json\/wp\/v2\/product\/1056\/revisions"}],"predecessor-version":[{"id":1188,"href":"https:\/\/aoxuanjx.com\/pt\/wp-json\/wp\/v2\/product\/1056\/revisions\/1188"}],"wp:featuredmedia":[{"embeddable":true,"href":"https:\/\/aoxuanjx.com\/pt\/wp-json\/wp\/v2\/media\/1336"}],"wp:attachment":[{"href":"https:\/\/aoxuanjx.com\/pt\/wp-json\/wp\/v2\/media?parent=1056"}],"wp:term":[{"taxonomy":"product_brand","embeddable":true,"href":"https:\/\/aoxuanjx.com\/pt\/wp-json\/wp\/v2\/product_brand?post=1056"},{"taxonomy":"product_cat","embeddable":true,"href":"https:\/\/aoxuanjx.com\/pt\/wp-json\/wp\/v2\/product_cat?post=1056"},{"taxonomy":"product_tag","embeddable":true,"href":"https:\/\/aoxuanjx.com\/pt\/wp-json\/wp\/v2\/product_tag?post=1056"}],"curies":[{"name":"wp","href":"https:\/\/api.w.org\/{rel}","templated":true}]}}