{"id":1693,"date":"2025-10-27T07:24:29","date_gmt":"2025-10-27T07:24:29","guid":{"rendered":"https:\/\/aoxuanjx.com\/?post_type=product&#038;p=1693"},"modified":"2025-10-28T05:55:29","modified_gmt":"2025-10-28T05:55:29","slug":"automatic-hydraulic-aluminum-foil-lunch-box-takeaway-box-making-machine","status":"publish","type":"product","link":"https:\/\/aoxuanjx.com\/es\/producto\/automatic-hydraulic-aluminum-foil-lunch-box-takeaway-box-making-machine\/","title":{"rendered":"M\u00e1quina autom\u00e1tica para fabricar cajas de aluminio para llevar y loncheras neum\u00e1ticas"},"content":{"rendered":"<div data-elementor-type=\"wp-post\" data-elementor-id=\"1693\" class=\"elementor elementor-1693\">\n\t\t\t\t<div class=\"elementor-element elementor-element-87c2311 e-flex e-con-boxed e-con e-parent\" data-id=\"87c2311\" data-element_type=\"container\">\n\t\t\t\t\t<div class=\"e-con-inner\">\n\t\t\t\t<div class=\"elementor-element elementor-element-85ba9e3 elementor-widget elementor-widget-video\" data-id=\"85ba9e3\" data-element_type=\"widget\" data-settings=\"{&quot;youtube_url&quot;:&quot;https:\\\/\\\/www.youtube.com\\\/watch?v=COg0V7MlJYM&quot;,&quot;autoplay&quot;:&quot;yes&quot;,&quot;video_type&quot;:&quot;youtube&quot;,&quot;controls&quot;:&quot;yes&quot;}\" data-widget_type=\"video.default\">\n\t\t\t\t\t\t\t<div class=\"elementor-wrapper elementor-open-inline\">\n\t\t\t<div class=\"elementor-video\"><\/div>\t\t<\/div>\n\t\t\t\t\t\t<\/div>\n\t\t\t\t<div class=\"elementor-element elementor-element-0831c6b elementor-widget elementor-widget-spacer\" data-id=\"0831c6b\" data-element_type=\"widget\" data-widget_type=\"spacer.default\">\n\t\t\t\t\t\t\t<div class=\"elementor-spacer\">\n\t\t\t<div class=\"elementor-spacer-inner\"><\/div>\n\t\t<\/div>\n\t\t\t\t\t\t<\/div>\n\t\t<div class=\"elementor-element elementor-element-7f453c3c e-grid e-con-full e-con e-child\" data-id=\"7f453c3c\" data-element_type=\"container\">\n\t\t\t\t<div class=\"elementor-element elementor-element-1cdae0e2 elementor-widget elementor-widget-text-editor\" data-id=\"1cdae0e2\" data-element_type=\"widget\" data-widget_type=\"text-editor.default\">\n\t\t\t\t\t\t\t\t\t<h2><span data-slate-fragment=\"JTVCJTdCJTIydHlwZSUyMiUzQSUyMnBhcmFncmFwaCUyMiUyQyUyMmNoaWxkcmVuJTIyJTNBJTVCJTdCJTIyaWQlMjIlM0ElMjJ6bHhHUWpwTUd6JTIyJTJDJTIycGFyYUlkeCUyMiUzQTAlMkMlMjJzcmMlMjIlM0ElMjJFcXVpcHBlZCUyMHdpdGglMjBhJTIwbG93LWluZXJ0aWElMjBjb21iaW5lZCUyMGRyeSUyMHBuZXVtYXRpYyUyMGZyaWN0aW9uJTIwY2x1dGNoJTJDJTIwaXQlMjBjb252ZXJ0cyUyMHRoZSUyMGNvbnRpbnVvdXMlMjByb3RhdGlvbiUyMG9mJTIwdGhlJTIwZmx5d2hlZWwlMjBpbnRvJTIwY29udHJvbGxlZCUyQyUyMCUyMiUyQyUyMmRzdCUyMiUzQSUyMiVFOSU4NSU4RCVFNSVBNCU4NyVFNCVCRCU4RSVFNiU4MyVBRiVFNiU4MCVBNyVFNyVCQiU4NCVFNSU5MCU4OCVFNSVCQyU4RiVFNSVCOSVCMiVFNSVCQyU4RiVFNiVCMCU5NCVFNSU4QSVBOCVFNiU5MSVBOSVFNiU5MyVBNiVFNyVBNiVCQiVFNSU5MCU4OCVFNSU5OSVBOCVFRiVCQyU4QyVFNSVBRSU4MyVFNSVCMCU4NiVFOSVBMyU5RSVFOCVCRCVBRSVFNyU5QSU4NCVFOCVCRiU5RSVFNyVCQiVBRCVFNiU5NyU4QiVFOCVCRCVBQyVFOCVCRCVBQyVFNiU4RCVBMiVFNCVCOCVCQSVFNSU4RiU5NyVFNiU4RSVBNyVFNyU5QSU4NCVFRiVCQyU4QyUyMiUyQyUyMm1ldGFkYXRhJTIyJTNBJTIyJTIyJTJDJTIybWF0Y2hlcyUyMiUzQW51bGwlMkMlMjJ0cmFuc2xhdGVkQnklMjIlM0FudWxsJTJDJTIybWV0YURhdGElMjIlM0ElNUIlNUQlMkMlMjJ0ZXh0JTIyJTNBJTIyZHJ5JTIwcG5ldW1hdGljJTIwZnJpY3Rpb24lMjBjbHV0Y2glMjIlN0QlNUQlN0QlNUQ=\">Alimentador autom\u00e1tico<\/span><\/h2><h5><span style=\"color: #999999;\">Alimente autom\u00e1ticamente papel de aluminio a la estaci\u00f3n de estampado, de manera precisa y sin esfuerzo.<\/span><\/h5>\t\t\t\t\t\t\t\t<\/div>\n\t\t\t\t<div class=\"elementor-element elementor-element-59e621a8 elementor-widget elementor-widget-image\" data-id=\"59e621a8\" data-element_type=\"widget\" data-widget_type=\"image.default\">\n\t\t\t\t\t\t\t\t\t\t\t\t\t\t\t<img fetchpriority=\"high\" decoding=\"async\" width=\"1200\" height=\"845\" src=\"https:\/\/aoxuanjx.com\/wp-content\/uploads\/2025\/10\/3c7dbf74-e1d9-43f7-894a-ca8b54a04411-1200x845.jpeg\" class=\"elementor-animation-grow attachment-large size-large wp-image-1504\" alt=\"\" srcset=\"https:\/\/aoxuanjx.com\/wp-content\/uploads\/2025\/10\/3c7dbf74-e1d9-43f7-894a-ca8b54a04411-1200x845.jpeg 1200w, https:\/\/aoxuanjx.com\/wp-content\/uploads\/2025\/10\/3c7dbf74-e1d9-43f7-894a-ca8b54a04411-500x352.jpeg 500w, https:\/\/aoxuanjx.com\/wp-content\/uploads\/2025\/10\/3c7dbf74-e1d9-43f7-894a-ca8b54a04411-300x211.jpeg 300w, https:\/\/aoxuanjx.com\/wp-content\/uploads\/2025\/10\/3c7dbf74-e1d9-43f7-894a-ca8b54a04411-768x541.jpeg 768w, https:\/\/aoxuanjx.com\/wp-content\/uploads\/2025\/10\/3c7dbf74-e1d9-43f7-894a-ca8b54a04411-18x12.jpeg 18w, https:\/\/aoxuanjx.com\/wp-content\/uploads\/2025\/10\/3c7dbf74-e1d9-43f7-894a-ca8b54a04411-107x75.jpeg 107w, https:\/\/aoxuanjx.com\/wp-content\/uploads\/2025\/10\/3c7dbf74-e1d9-43f7-894a-ca8b54a04411-484x341.jpeg 484w, https:\/\/aoxuanjx.com\/wp-content\/uploads\/2025\/10\/3c7dbf74-e1d9-43f7-894a-ca8b54a04411-800x563.jpeg 800w\" sizes=\"(max-width:767px) 484px, (max-width:1200px) 100vw, 1200px\" \/>\t\t\t\t\t\t\t\t\t\t\t\t\t\t\t<\/div>\n\t\t<div class=\"elementor-element elementor-element-4d82513 e-con-full e-flex e-con e-child\" data-id=\"4d82513\" data-element_type=\"container\">\n\t\t\t\t<\/div>\n\t\t\t\t<\/div>\n\t\t\t\t\t<\/div>\n\t\t\t\t<\/div>\n\t\t<div class=\"elementor-element elementor-element-b323c63 e-grid e-con-boxed e-con e-parent\" data-id=\"b323c63\" data-element_type=\"container\">\n\t\t\t\t\t<div class=\"e-con-inner\">\n\t\t\t\t<div class=\"elementor-element elementor-element-3125fcf6 elementor-widget elementor-widget-image\" data-id=\"3125fcf6\" data-element_type=\"widget\" data-widget_type=\"image.default\">\n\t\t\t\t\t\t\t\t\t\t\t\t\t\t\t<img decoding=\"async\" width=\"1200\" height=\"1200\" src=\"https:\/\/aoxuanjx.com\/wp-content\/uploads\/2025\/10\/Aluminum-Foil-Container-Making-Machine1.jpg\" class=\"elementor-animation-grow attachment-large size-large wp-image-1501\" alt=\"\" srcset=\"https:\/\/aoxuanjx.com\/wp-content\/uploads\/2025\/10\/Aluminum-Foil-Container-Making-Machine1.jpg 1200w, https:\/\/aoxuanjx.com\/wp-content\/uploads\/2025\/10\/Aluminum-Foil-Container-Making-Machine1-500x500.jpg 500w, https:\/\/aoxuanjx.com\/wp-content\/uploads\/2025\/10\/Aluminum-Foil-Container-Making-Machine1-300x300.jpg 300w, https:\/\/aoxuanjx.com\/wp-content\/uploads\/2025\/10\/Aluminum-Foil-Container-Making-Machine1-768x768.jpg 768w, https:\/\/aoxuanjx.com\/wp-content\/uploads\/2025\/10\/Aluminum-Foil-Container-Making-Machine1-12x12.jpg 12w, https:\/\/aoxuanjx.com\/wp-content\/uploads\/2025\/10\/Aluminum-Foil-Container-Making-Machine1-150x150.jpg 150w, https:\/\/aoxuanjx.com\/wp-content\/uploads\/2025\/10\/Aluminum-Foil-Container-Making-Machine1-75x75.jpg 75w, https:\/\/aoxuanjx.com\/wp-content\/uploads\/2025\/10\/Aluminum-Foil-Container-Making-Machine1-484x484.jpg 484w, https:\/\/aoxuanjx.com\/wp-content\/uploads\/2025\/10\/Aluminum-Foil-Container-Making-Machine1-800x800.jpg 800w\" sizes=\"(max-width:767px) 484px, (max-width:1200px) 100vw, 1200px\" \/>\t\t\t\t\t\t\t\t\t\t\t\t\t\t\t<\/div>\n\t\t\t\t<div class=\"elementor-element elementor-element-37e90ed7 elementor-widget elementor-widget-text-editor\" data-id=\"37e90ed7\" data-element_type=\"widget\" data-widget_type=\"text-editor.default\">\n\t\t\t\t\t\t\t\t\t<h2>Moho<\/h2><h5><span style=\"color: #999999;\">| <\/span><span style=\"color: #999999;\">Personalizaci\u00f3n de logotipos<\/span><\/h5><h5><span style=\"color: #999999;\"> | Materiales de primera calidad<\/span><\/h5><h5><span style=\"color: #999999;\"> | rendimiento duradero<\/span><\/h5><h5><span style=\"color: #999999;\"> | Opciones de cavidad 1\/2\/3\/4<\/span><\/h5>\t\t\t\t\t\t\t\t<\/div>\n\t\t\t\t\t<\/div>\n\t\t\t\t<\/div>\n\t\t<div class=\"elementor-element elementor-element-34e41d55 e-grid e-con-boxed e-con e-parent\" data-id=\"34e41d55\" data-element_type=\"container\">\n\t\t\t\t\t<div class=\"e-con-inner\">\n\t\t\t\t\t<\/div>\n\t\t\t\t<\/div>\n\t\t<div class=\"elementor-element elementor-element-affe123 e-grid e-con-boxed e-con e-parent\" data-id=\"affe123\" data-element_type=\"container\">\n\t\t\t\t\t<div class=\"e-con-inner\">\n\t\t\t\t<div class=\"elementor-element elementor-element-79f19a6a elementor-widget elementor-widget-text-editor\" data-id=\"79f19a6a\" data-element_type=\"widget\" data-widget_type=\"text-editor.default\">\n\t\t\t\t\t\t\t\t\t<h2>Prensa punzonadora neum\u00e1tica<\/h2><h5><span style=\"color: #999999;\">El estampado estira el papel de aluminio hasta formar un recipiente para alimentos.<\/span><\/h5>\t\t\t\t\t\t\t\t<\/div>\n\t\t\t\t<div class=\"elementor-element elementor-element-ba6bd2 elementor-widget elementor-widget-image\" data-id=\"ba6bd2\" data-element_type=\"widget\" data-widget_type=\"image.default\">\n\t\t\t\t\t\t\t\t\t\t\t\t\t\t\t<img decoding=\"async\" width=\"1132\" height=\"1200\" src=\"https:\/\/aoxuanjx.com\/wp-content\/uploads\/2025\/10\/pneumatic-punching-machine-11-1-1132x1200.jpg\" class=\"elementor-animation-grow attachment-large size-large wp-image-1222\" alt=\"\" srcset=\"https:\/\/aoxuanjx.com\/wp-content\/uploads\/2025\/10\/pneumatic-punching-machine-11-1-1132x1200.jpg 1132w, https:\/\/aoxuanjx.com\/wp-content\/uploads\/2025\/10\/pneumatic-punching-machine-11-1-472x500.jpg 472w, https:\/\/aoxuanjx.com\/wp-content\/uploads\/2025\/10\/pneumatic-punching-machine-11-1-283x300.jpg 283w, https:\/\/aoxuanjx.com\/wp-content\/uploads\/2025\/10\/pneumatic-punching-machine-11-1-768x814.jpg 768w, https:\/\/aoxuanjx.com\/wp-content\/uploads\/2025\/10\/pneumatic-punching-machine-11-1-11x12.jpg 11w, https:\/\/aoxuanjx.com\/wp-content\/uploads\/2025\/10\/pneumatic-punching-machine-11-1-71x75.jpg 71w, https:\/\/aoxuanjx.com\/wp-content\/uploads\/2025\/10\/pneumatic-punching-machine-11-1-484x513.jpg 484w, https:\/\/aoxuanjx.com\/wp-content\/uploads\/2025\/10\/pneumatic-punching-machine-11-1-800x848.jpg 800w\" sizes=\"(max-width:767px) 484px, (max-width:1132px) 100vw, 1132px\" \/>\t\t\t\t\t\t\t\t\t\t\t\t\t\t\t<\/div>\n\t\t\t\t\t<\/div>\n\t\t\t\t<\/div>\n\t\t<div class=\"elementor-element elementor-element-b910bc1 e-grid e-con-boxed e-con e-parent\" data-id=\"b910bc1\" data-element_type=\"container\">\n\t\t\t\t\t<div class=\"e-con-inner\">\n\t\t\t\t\t<\/div>\n\t\t\t\t<\/div>\n\t\t<div class=\"elementor-element elementor-element-6b7fb3fe e-grid e-con-boxed e-con e-parent\" data-id=\"6b7fb3fe\" data-element_type=\"container\">\n\t\t\t\t\t<div class=\"e-con-inner\">\n\t\t\t\t<div class=\"elementor-element elementor-element-61270a5 elementor-widget elementor-widget-spacer\" data-id=\"61270a5\" data-element_type=\"widget\" data-widget_type=\"spacer.default\">\n\t\t\t\t\t\t\t<div class=\"elementor-spacer\">\n\t\t\t<div class=\"elementor-spacer-inner\"><\/div>\n\t\t<\/div>\n\t\t\t\t\t\t<\/div>\n\t\t\t\t<div class=\"elementor-element elementor-element-6badbd06 elementor-widget elementor-widget-spacer\" data-id=\"6badbd06\" data-element_type=\"widget\" data-widget_type=\"spacer.default\">\n\t\t\t\t\t\t\t<div class=\"elementor-spacer\">\n\t\t\t<div class=\"elementor-spacer-inner\"><\/div>\n\t\t<\/div>\n\t\t\t\t\t\t<\/div>\n\t\t\t\t\t<\/div>\n\t\t\t\t<\/div>\n\t\t<div class=\"elementor-element elementor-element-98682d5 e-grid e-con-boxed e-con e-parent\" data-id=\"98682d5\" data-element_type=\"container\">\n\t\t\t\t\t<div class=\"e-con-inner\">\n\t\t\t\t<div class=\"elementor-element elementor-element-a23d262 elementor-widget elementor-widget-image\" data-id=\"a23d262\" data-element_type=\"widget\" data-widget_type=\"image.default\">\n\t\t\t\t\t\t\t\t\t\t\t\t\t\t\t<img loading=\"lazy\" decoding=\"async\" width=\"1200\" height=\"905\" src=\"https:\/\/aoxuanjx.com\/wp-content\/uploads\/2025\/10\/Aluminum-Foil-Container-Making-Machine-3-1200x905.jpeg\" class=\"attachment-large size-large wp-image-1496\" alt=\"\" srcset=\"https:\/\/aoxuanjx.com\/wp-content\/uploads\/2025\/10\/Aluminum-Foil-Container-Making-Machine-3-1200x905.jpeg 1200w, https:\/\/aoxuanjx.com\/wp-content\/uploads\/2025\/10\/Aluminum-Foil-Container-Making-Machine-3-500x377.jpeg 500w, https:\/\/aoxuanjx.com\/wp-content\/uploads\/2025\/10\/Aluminum-Foil-Container-Making-Machine-3-300x226.jpeg 300w, https:\/\/aoxuanjx.com\/wp-content\/uploads\/2025\/10\/Aluminum-Foil-Container-Making-Machine-3-768x579.jpeg 768w, https:\/\/aoxuanjx.com\/wp-content\/uploads\/2025\/10\/Aluminum-Foil-Container-Making-Machine-3-16x12.jpeg 16w, https:\/\/aoxuanjx.com\/wp-content\/uploads\/2025\/10\/Aluminum-Foil-Container-Making-Machine-3-99x75.jpeg 99w, https:\/\/aoxuanjx.com\/wp-content\/uploads\/2025\/10\/Aluminum-Foil-Container-Making-Machine-3-484x365.jpeg 484w, https:\/\/aoxuanjx.com\/wp-content\/uploads\/2025\/10\/Aluminum-Foil-Container-Making-Machine-3-800x604.jpeg 800w\" sizes=\"(max-width:767px) 484px, (max-width:1200px) 100vw, 1200px\" \/>\t\t\t\t\t\t\t\t\t\t\t\t\t\t\t<\/div>\n\t\t\t\t<div class=\"elementor-element elementor-element-a1d3a7f elementor-widget elementor-widget-text-editor\" data-id=\"a1d3a7f\" data-element_type=\"widget\" data-widget_type=\"text-editor.default\">\n\t\t\t\t\t\t\t\t\t<h2>Apilador autom\u00e1tico<\/h2><h5><span style=\"color: #999999;\">Dise\u00f1ado para recolectar y apilar autom\u00e1ticamente los productos terminados.<\/span><\/h5>\t\t\t\t\t\t\t\t<\/div>\n\t\t\t\t\t<\/div>\n\t\t\t\t<\/div>\n\t\t<div class=\"elementor-element elementor-element-7286ada e-grid e-con-boxed e-con e-parent\" data-id=\"7286ada\" data-element_type=\"container\">\n\t\t\t\t\t<div class=\"e-con-inner\">\n\t\t\t\t\t<\/div>\n\t\t\t\t<\/div>\n\t\t\t\t<\/div>","protected":false},"excerpt":{"rendered":"<p><strong>Recipiente para alimentos de papel de aluminio<\/strong>:Un recipiente para alimentos fabricado a partir de papel de aluminio, utilizado principalmente en el sector de la restauraci\u00f3n.<\/p>\n<p><strong>L\u00ednea de montaje<\/strong>:Un conjunto de equipos dedicado a la fabricaci\u00f3n de estos contenedores.<\/p>\n<p><strong>Componentes principales<\/strong>:Alimentador, Prensa punzonadora neum\u00e1tica, Molde.<\/p>\n<p><strong>Complementos opcionales<\/strong>:Apilador, Recolector de chatarra, Maquina empaquetadora.<\/p>\n<p>Dependiendo de sus necesidades de producci\u00f3n, podemos recomendarle una l\u00ednea de producci\u00f3n semiautom\u00e1tica o totalmente autom\u00e1tica.<\/p>","protected":false},"featured_media":1694,"template":"","meta":[],"product_brand":[39],"product_cat":[33],"product_tag":[53,50,56,54,55,52,51],"class_list":{"0":"post-1693","1":"product","2":"type-product","3":"status-publish","4":"has-post-thumbnail","6":"product_brand-aoxuanzg","7":"product_cat-pneumatic-punching-machine","8":"product_tag-aluminum-box-production-line","9":"product_tag-aluminum-foil-container-making-machine","10":"product_tag-metal-punch-press-machine","11":"product_tag-pneumatic-metal-punching-machine","12":"product_tag-pneumatic-puncher-metallic-punching-machine","13":"product_tag-punch-press-machine","14":"product_tag-punching-machines","16":"first","17":"instock","18":"shipping-taxable","19":"product-type-simple"},"yoast_head":"<!-- This site is optimized with the Yoast SEO plugin v25.6 - https:\/\/yoast.com\/wordpress\/plugins\/seo\/ -->\n<title>Automatic Pneumatic Aluminum Foil Lunch Box takeaway box Making Machine - Anhui Aoxuan Machinery Equipment Co.,Ltd<\/title>\n<meta name=\"robots\" content=\"index, follow, max-snippet:-1, max-image-preview:large, max-video-preview:-1\" \/>\n<link rel=\"canonical\" href=\"https:\/\/aoxuanjx.com\/es\/producto\/automatic-hydraulic-aluminum-foil-lunch-box-takeaway-box-making-machine\/\" \/>\n<meta property=\"og:locale\" content=\"es_ES\" \/>\n<meta property=\"og:type\" content=\"article\" \/>\n<meta property=\"og:title\" content=\"Automatic Pneumatic Aluminum Foil Lunch Box takeaway box Making Machine - Anhui Aoxuan Machinery Equipment Co.,Ltd\" \/>\n<meta property=\"og:description\" content=\"Aluminum Foil food Container: A food container manufactured from aluminum foil, primarily used within the catering sector.  Production Line: A dedicated equipment set for manufacturing these Containers.  Core Components: Feeder, Pneumatic Punch Press, Mold.  Optional Add-ons: Stacker, Scrap collector, Packing Machine.  Depending on your production needs, we can recommend either a semi-automatic or a fully automatic production line.\" \/>\n<meta property=\"og:url\" content=\"https:\/\/aoxuanjx.com\/es\/producto\/automatic-hydraulic-aluminum-foil-lunch-box-takeaway-box-making-machine\/\" \/>\n<meta property=\"og:site_name\" content=\"Anhui Aoxuan Machinery Equipment Co.,Ltd\" \/>\n<meta property=\"article:modified_time\" content=\"2025-10-28T05:55:29+00:00\" \/>\n<meta property=\"og:image\" content=\"https:\/\/aoxuanjx.com\/wp-content\/uploads\/2025\/10\/10LV.jpg\" \/>\n\t<meta property=\"og:image:width\" content=\"800\" \/>\n\t<meta property=\"og:image:height\" content=\"800\" \/>\n\t<meta property=\"og:image:type\" content=\"image\/jpeg\" \/>\n<meta name=\"twitter:card\" content=\"summary_large_image\" \/>\n<meta name=\"twitter:label1\" content=\"Tiempo de lectura\" \/>\n\t<meta name=\"twitter:data1\" content=\"1 minuto\" \/>\n<script type=\"application\/ld+json\" class=\"yoast-schema-graph\">{\"@context\":\"https:\/\/schema.org\",\"@graph\":[{\"@type\":\"WebPage\",\"@id\":\"https:\/\/aoxuanjx.com\/product\/automatic-hydraulic-aluminum-foil-lunch-box-takeaway-box-making-machine\/\",\"url\":\"https:\/\/aoxuanjx.com\/product\/automatic-hydraulic-aluminum-foil-lunch-box-takeaway-box-making-machine\/\",\"name\":\"Automatic Pneumatic Aluminum Foil Lunch Box takeaway box Making Machine - Anhui Aoxuan Machinery Equipment Co.,Ltd\",\"isPartOf\":{\"@id\":\"https:\/\/aoxuanjx.com\/#website\"},\"primaryImageOfPage\":{\"@id\":\"https:\/\/aoxuanjx.com\/product\/automatic-hydraulic-aluminum-foil-lunch-box-takeaway-box-making-machine\/#primaryimage\"},\"image\":{\"@id\":\"https:\/\/aoxuanjx.com\/product\/automatic-hydraulic-aluminum-foil-lunch-box-takeaway-box-making-machine\/#primaryimage\"},\"thumbnailUrl\":\"https:\/\/aoxuanjx.com\/wp-content\/uploads\/2025\/10\/10LV.jpg\",\"datePublished\":\"2025-10-27T07:24:29+00:00\",\"dateModified\":\"2025-10-28T05:55:29+00:00\",\"breadcrumb\":{\"@id\":\"https:\/\/aoxuanjx.com\/product\/automatic-hydraulic-aluminum-foil-lunch-box-takeaway-box-making-machine\/#breadcrumb\"},\"inLanguage\":\"es\",\"potentialAction\":[{\"@type\":\"ReadAction\",\"target\":[\"https:\/\/aoxuanjx.com\/product\/automatic-hydraulic-aluminum-foil-lunch-box-takeaway-box-making-machine\/\"]}]},{\"@type\":\"ImageObject\",\"inLanguage\":\"es\",\"@id\":\"https:\/\/aoxuanjx.com\/product\/automatic-hydraulic-aluminum-foil-lunch-box-takeaway-box-making-machine\/#primaryimage\",\"url\":\"https:\/\/aoxuanjx.com\/wp-content\/uploads\/2025\/10\/10LV.jpg\",\"contentUrl\":\"https:\/\/aoxuanjx.com\/wp-content\/uploads\/2025\/10\/10LV.jpg\",\"width\":800,\"height\":800},{\"@type\":\"BreadcrumbList\",\"@id\":\"https:\/\/aoxuanjx.com\/product\/automatic-hydraulic-aluminum-foil-lunch-box-takeaway-box-making-machine\/#breadcrumb\",\"itemListElement\":[{\"@type\":\"ListItem\",\"position\":1,\"name\":\"Home\",\"item\":\"https:\/\/aoxuanjx.com\/\"},{\"@type\":\"ListItem\",\"position\":2,\"name\":\"Product\",\"item\":\"https:\/\/aoxuanjx.com\/product\/\"},{\"@type\":\"ListItem\",\"position\":3,\"name\":\"Automatic Pneumatic Aluminum Foil Lunch Box takeaway box Making Machine\"}]},{\"@type\":\"WebSite\",\"@id\":\"https:\/\/aoxuanjx.com\/#website\",\"url\":\"https:\/\/aoxuanjx.com\/\",\"name\":\"Anhui Aoxuan Machinery Equipment Co.,Ltd\",\"description\":\"Anhui Aoxuan Machinery Equipment Co.,Ltd\",\"potentialAction\":[{\"@type\":\"SearchAction\",\"target\":{\"@type\":\"EntryPoint\",\"urlTemplate\":\"https:\/\/aoxuanjx.com\/?s={search_term_string}\"},\"query-input\":{\"@type\":\"PropertyValueSpecification\",\"valueRequired\":true,\"valueName\":\"search_term_string\"}}],\"inLanguage\":\"es\"}]}<\/script>\n<!-- \/ Yoast SEO plugin. -->","yoast_head_json":{"title":"Automatic Pneumatic Aluminum Foil Lunch Box takeaway box Making Machine - Anhui Aoxuan Machinery Equipment Co.,Ltd","robots":{"index":"index","follow":"follow","max-snippet":"max-snippet:-1","max-image-preview":"max-image-preview:large","max-video-preview":"max-video-preview:-1"},"canonical":"https:\/\/aoxuanjx.com\/es\/producto\/automatic-hydraulic-aluminum-foil-lunch-box-takeaway-box-making-machine\/","og_locale":"es_ES","og_type":"article","og_title":"Automatic Pneumatic Aluminum Foil Lunch Box takeaway box Making Machine - Anhui Aoxuan Machinery Equipment Co.,Ltd","og_description":"Aluminum Foil food Container: A food container manufactured from aluminum foil, primarily used within the catering sector.  Production Line: A dedicated equipment set for manufacturing these Containers.  Core Components: Feeder, Pneumatic Punch Press, Mold.  Optional Add-ons: Stacker, Scrap collector, Packing Machine.  Depending on your production needs, we can recommend either a semi-automatic or a fully automatic production line.","og_url":"https:\/\/aoxuanjx.com\/es\/producto\/automatic-hydraulic-aluminum-foil-lunch-box-takeaway-box-making-machine\/","og_site_name":"Anhui Aoxuan Machinery Equipment Co.,Ltd","article_modified_time":"2025-10-28T05:55:29+00:00","og_image":[{"width":800,"height":800,"url":"https:\/\/aoxuanjx.com\/wp-content\/uploads\/2025\/10\/10LV.jpg","type":"image\/jpeg"}],"twitter_card":"summary_large_image","twitter_misc":{"Tiempo de lectura":"1 minuto"},"schema":{"@context":"https:\/\/schema.org","@graph":[{"@type":"WebPage","@id":"https:\/\/aoxuanjx.com\/product\/automatic-hydraulic-aluminum-foil-lunch-box-takeaway-box-making-machine\/","url":"https:\/\/aoxuanjx.com\/product\/automatic-hydraulic-aluminum-foil-lunch-box-takeaway-box-making-machine\/","name":"Automatic Pneumatic Aluminum Foil Lunch Box takeaway box Making Machine - Anhui Aoxuan Machinery Equipment Co.,Ltd","isPartOf":{"@id":"https:\/\/aoxuanjx.com\/#website"},"primaryImageOfPage":{"@id":"https:\/\/aoxuanjx.com\/product\/automatic-hydraulic-aluminum-foil-lunch-box-takeaway-box-making-machine\/#primaryimage"},"image":{"@id":"https:\/\/aoxuanjx.com\/product\/automatic-hydraulic-aluminum-foil-lunch-box-takeaway-box-making-machine\/#primaryimage"},"thumbnailUrl":"https:\/\/aoxuanjx.com\/wp-content\/uploads\/2025\/10\/10LV.jpg","datePublished":"2025-10-27T07:24:29+00:00","dateModified":"2025-10-28T05:55:29+00:00","breadcrumb":{"@id":"https:\/\/aoxuanjx.com\/product\/automatic-hydraulic-aluminum-foil-lunch-box-takeaway-box-making-machine\/#breadcrumb"},"inLanguage":"es","potentialAction":[{"@type":"ReadAction","target":["https:\/\/aoxuanjx.com\/product\/automatic-hydraulic-aluminum-foil-lunch-box-takeaway-box-making-machine\/"]}]},{"@type":"ImageObject","inLanguage":"es","@id":"https:\/\/aoxuanjx.com\/product\/automatic-hydraulic-aluminum-foil-lunch-box-takeaway-box-making-machine\/#primaryimage","url":"https:\/\/aoxuanjx.com\/wp-content\/uploads\/2025\/10\/10LV.jpg","contentUrl":"https:\/\/aoxuanjx.com\/wp-content\/uploads\/2025\/10\/10LV.jpg","width":800,"height":800},{"@type":"BreadcrumbList","@id":"https:\/\/aoxuanjx.com\/product\/automatic-hydraulic-aluminum-foil-lunch-box-takeaway-box-making-machine\/#breadcrumb","itemListElement":[{"@type":"ListItem","position":1,"name":"Home","item":"https:\/\/aoxuanjx.com\/"},{"@type":"ListItem","position":2,"name":"Product","item":"https:\/\/aoxuanjx.com\/product\/"},{"@type":"ListItem","position":3,"name":"Automatic Pneumatic Aluminum Foil Lunch Box takeaway box Making Machine"}]},{"@type":"WebSite","@id":"https:\/\/aoxuanjx.com\/#website","url":"https:\/\/aoxuanjx.com\/","name":"Anhui Aoxuan Machinery Equipment Co.,Ltd","description":"Anhui Aoxuan Machinery Equipment Co.,Ltd","potentialAction":[{"@type":"SearchAction","target":{"@type":"EntryPoint","urlTemplate":"https:\/\/aoxuanjx.com\/?s={search_term_string}"},"query-input":{"@type":"PropertyValueSpecification","valueRequired":true,"valueName":"search_term_string"}}],"inLanguage":"es"}]}},"_links":{"self":[{"href":"https:\/\/aoxuanjx.com\/es\/wp-json\/wp\/v2\/product\/1693","targetHints":{"allow":["GET"]}}],"collection":[{"href":"https:\/\/aoxuanjx.com\/es\/wp-json\/wp\/v2\/product"}],"about":[{"href":"https:\/\/aoxuanjx.com\/es\/wp-json\/wp\/v2\/types\/product"}],"version-history":[{"count":5,"href":"https:\/\/aoxuanjx.com\/es\/wp-json\/wp\/v2\/product\/1693\/revisions"}],"predecessor-version":[{"id":1723,"href":"https:\/\/aoxuanjx.com\/es\/wp-json\/wp\/v2\/product\/1693\/revisions\/1723"}],"wp:featuredmedia":[{"embeddable":true,"href":"https:\/\/aoxuanjx.com\/es\/wp-json\/wp\/v2\/media\/1694"}],"wp:attachment":[{"href":"https:\/\/aoxuanjx.com\/es\/wp-json\/wp\/v2\/media?parent=1693"}],"wp:term":[{"taxonomy":"product_brand","embeddable":true,"href":"https:\/\/aoxuanjx.com\/es\/wp-json\/wp\/v2\/product_brand?post=1693"},{"taxonomy":"product_cat","embeddable":true,"href":"https:\/\/aoxuanjx.com\/es\/wp-json\/wp\/v2\/product_cat?post=1693"},{"taxonomy":"product_tag","embeddable":true,"href":"https:\/\/aoxuanjx.com\/es\/wp-json\/wp\/v2\/product_tag?post=1693"}],"curies":[{"name":"wp","href":"https:\/\/api.w.org\/{rel}","templated":true}]}}