{"id":1670,"date":"2025-10-27T02:09:48","date_gmt":"2025-10-27T02:09:48","guid":{"rendered":"https:\/\/aoxuanjx.com\/?post_type=product&#038;p=1670"},"modified":"2025-10-27T02:19:37","modified_gmt":"2025-10-27T02:19:37","slug":"numerical-control-system-shearing-machine-for-qc12y-8x2500-type-hydraulic-swing-beam-cutting-machine","status":"publish","type":"product","link":"https:\/\/aoxuanjx.com\/es\/producto\/numerical-control-system-shearing-machine-for-qc12y-8x2500-type-hydraulic-swing-beam-cutting-machine\/","title":{"rendered":"Cizalla hidr\u00e1ulica de viga oscilante tipo QC12Y 8\u00d72500 con sistema de control num\u00e9rico"},"content":{"rendered":"<p><img fetchpriority=\"high\" decoding=\"async\" class=\"alignleft wp-image-1671 size-full\" src=\"https:\/\/aoxuanjx.com\/wp-content\/uploads\/2025\/10\/hydraulic-shearing-machine-22.png\" alt=\"\" width=\"800\" height=\"800\" srcset=\"https:\/\/aoxuanjx.com\/wp-content\/uploads\/2025\/10\/hydraulic-shearing-machine-22.png 800w, https:\/\/aoxuanjx.com\/wp-content\/uploads\/2025\/10\/hydraulic-shearing-machine-22-500x500.png 500w, https:\/\/aoxuanjx.com\/wp-content\/uploads\/2025\/10\/hydraulic-shearing-machine-22-300x300.png 300w, https:\/\/aoxuanjx.com\/wp-content\/uploads\/2025\/10\/hydraulic-shearing-machine-22-768x768.png 768w, https:\/\/aoxuanjx.com\/wp-content\/uploads\/2025\/10\/hydraulic-shearing-machine-22-12x12.png 12w, https:\/\/aoxuanjx.com\/wp-content\/uploads\/2025\/10\/hydraulic-shearing-machine-22-150x150.png 150w, https:\/\/aoxuanjx.com\/wp-content\/uploads\/2025\/10\/hydraulic-shearing-machine-22-75x75.png 75w, https:\/\/aoxuanjx.com\/wp-content\/uploads\/2025\/10\/hydraulic-shearing-machine-22-484x484.png 484w\" sizes=\"(max-width:767px) 484px, (max-width:800px) 100vw, 800px\" \/><\/p>\n<p>&nbsp;<\/p>\n<p>&nbsp;<\/p>\n<p>&nbsp;<\/p>\n<p>&nbsp;<\/p>\n<p>&nbsp;<\/p>\n<h6 style=\"text-align: center;\"><strong>Velocidad de corte r\u00e1pida:<\/strong><br \/>\n<em>Estructura de p\u00e9ndulo hidr\u00e1ulico \u00fanica para un corte m\u00e1s r\u00e1pido<\/em><\/h6>\n<h6 style=\"text-align: center;\"><strong>Alta precisi\u00f3n de corte:<\/strong><br \/>\n<em>La cuchilla oscilante reduce la deformaci\u00f3n para una mejor calidad.<\/em><\/h6>\n<h6 style=\"text-align: center;\"><strong>Rentable:<\/strong><br \/>\n<em>Menor coste que las cizallas para puertas con buen rendimiento<\/em><\/h6>\n<h6><\/h6>\n<p>&nbsp;<\/p>\n<p>&nbsp;<\/p>\n<p>&nbsp;<\/p>\n<p>&nbsp;<\/p>\n<p>&nbsp;<\/p>\n<p>&nbsp;<\/p>\n<p>&nbsp;<\/p>\n<p>&nbsp;<\/p>\n<p>&nbsp;<\/p>\n<p>&nbsp;<\/p>\n<p>&nbsp;<\/p>\n<hr \/>\n<p>&nbsp;<\/p>\n<h1><\/h1>\n<p>&nbsp;<\/p>\n<h1 style=\"text-align: left;\"><b><span class=\"magic-7\" data-spm-anchor-id=\"a2700.details-description.0.i1.464c69Ca69Car1\">CONTROLADOR DE M\u00c1QUINA<\/span><\/b><\/h1>\n<p>&nbsp;<\/p>\n<p>&nbsp;<\/p>\n<p><img decoding=\"async\" class=\"alignleft wp-image-1259 size-full\" src=\"https:\/\/aoxuanjx.com\/wp-content\/uploads\/2025\/10\/hydraulic-shearing-machine-2_\u526f\u672c.png\" alt=\"\" width=\"800\" height=\"800\" srcset=\"https:\/\/aoxuanjx.com\/wp-content\/uploads\/2025\/10\/hydraulic-shearing-machine-2_\u526f\u672c.png 800w, https:\/\/aoxuanjx.com\/wp-content\/uploads\/2025\/10\/hydraulic-shearing-machine-2_\u526f\u672c-500x500.png 500w, https:\/\/aoxuanjx.com\/wp-content\/uploads\/2025\/10\/hydraulic-shearing-machine-2_\u526f\u672c-300x300.png 300w, https:\/\/aoxuanjx.com\/wp-content\/uploads\/2025\/10\/hydraulic-shearing-machine-2_\u526f\u672c-768x768.png 768w, https:\/\/aoxuanjx.com\/wp-content\/uploads\/2025\/10\/hydraulic-shearing-machine-2_\u526f\u672c-12x12.png 12w, https:\/\/aoxuanjx.com\/wp-content\/uploads\/2025\/10\/hydraulic-shearing-machine-2_\u526f\u672c-150x150.png 150w, https:\/\/aoxuanjx.com\/wp-content\/uploads\/2025\/10\/hydraulic-shearing-machine-2_\u526f\u672c-75x75.png 75w, https:\/\/aoxuanjx.com\/wp-content\/uploads\/2025\/10\/hydraulic-shearing-machine-2_\u526f\u672c-484x484.png 484w\" sizes=\"(max-width:767px) 484px, (max-width:800px) 100vw, 800px\" \/><\/p>\n<h6><\/h6>\n<h6><\/h6>\n<h6><\/h6>\n<h6><\/h6>\n<h6 style=\"text-align: left;\"><em>1. Control del tope trasero;<\/em><\/h6>\n<h6 style=\"text-align: left;\"><em>2. Controlar motores o inversores convencionales;<\/em><\/h6>\n<h6 style=\"text-align: left;\"><em>3. Posicionamiento inteligente;<\/em><\/h6>\n<h6 style=\"text-align: left;\"><em>4. Salida digital programable dual;<\/em><\/h6>\n<h6 style=\"text-align: left;\"><em>5. N\u00famero de piezas;<\/em><\/h6>\n<h6 style=\"text-align: left;\"><em>6.40 almacenamiento de programas, cada programa tiene 25 pasos;<\/em><\/h6>\n<h6 style=\"text-align: left;\"><em>7. Posicionamiento unilateral;<\/em><\/h6>\n<h6 style=\"text-align: left;\"><em>8. Funci\u00f3n de rendimiento;<\/em><\/h6>\n<h6 style=\"text-align: left;\"><em>9. Copia de seguridad y restauraci\u00f3n de par\u00e1metros con una sola tecla;<\/em><\/h6>\n<h6 style=\"text-align: left;\"><em>10. Sistema m\u00e9trico<\/em><\/h6>\n<p>&nbsp;<\/p>\n<p>&nbsp;<\/p>\n<p>&nbsp;<\/p>\n<p>&nbsp;<\/p>\n<hr \/>\n<p>&nbsp;<\/p>\n<p>&nbsp;<\/p>\n<p>&nbsp;<\/p>\n<h1 style=\"text-align: left;\"><b>CONFIGURACIONES DE LA M\u00c1QUINA<\/b><\/h1>\n<p>&nbsp;<\/p>\n<p><img decoding=\"async\" class=\"alignleft wp-image-1223\" src=\"https:\/\/aoxuanjx.com\/wp-content\/uploads\/2025\/10\/configuration.png\" alt=\"\" width=\"1059\" height=\"531\" srcset=\"https:\/\/aoxuanjx.com\/wp-content\/uploads\/2025\/10\/configuration.png 796w, https:\/\/aoxuanjx.com\/wp-content\/uploads\/2025\/10\/configuration-500x251.png 500w, https:\/\/aoxuanjx.com\/wp-content\/uploads\/2025\/10\/configuration-300x150.png 300w, https:\/\/aoxuanjx.com\/wp-content\/uploads\/2025\/10\/configuration-768x385.png 768w, https:\/\/aoxuanjx.com\/wp-content\/uploads\/2025\/10\/configuration-18x9.png 18w, https:\/\/aoxuanjx.com\/wp-content\/uploads\/2025\/10\/configuration-150x75.png 150w, https:\/\/aoxuanjx.com\/wp-content\/uploads\/2025\/10\/configuration-484x243.png 484w\" sizes=\"(max-width:767px) 484px, (max-width:1059px) 100vw, 1059px\" \/><\/p>\n<p>&nbsp;<\/p>\n<h5><\/h5>\n<h5><\/h5>\n<h5><\/h5>\n<h5><\/h5>\n<p>&nbsp;<\/p>\n<p>&nbsp;<\/p>\n<p>&nbsp;<\/p>\n<p>&nbsp;<\/p>\n<p>&nbsp;<\/p>\n<p>&nbsp;<\/p>\n<p>&nbsp;<\/p>\n<p>&nbsp;<\/p>\n<p>&nbsp;<\/p>\n<p>&nbsp;<\/p>\n<p>&nbsp;<\/p>\n<p>&nbsp;<\/p>\n<p>&nbsp;<\/p>\n<p>&nbsp;<\/p>\n<p>&nbsp;<\/p>\n<p>&nbsp;<\/p>\n<hr \/>\n<p>&nbsp;<\/p>\n<h1 style=\"text-align: left;\"><b>PAR\u00c1METROS DE LA M\u00c1QUINA\u00a0<\/b><\/h1>\n<p>&nbsp;<\/p>\n<h6>Espesor de corte: 8 mm Longitud de corte: 2500 mm Material de corte: acero dulce<\/h6>\n<h6><\/h6>\n<h6>\u00c1ngulo de corte: 1\u00b030 Tope trasero: 20-600 mm Motor principal: 7,5 kW<\/h6>\n<p>&nbsp;<\/p>\n<p>&nbsp;<\/p>\n<p>&nbsp;<\/p>\n<hr \/>\n<h1><\/h1>\n<p>&nbsp;<\/p>\n<h1>SISTEMA OPCIONAL<\/h1>\n<p>&nbsp;<\/p>\n<p><img loading=\"lazy\" decoding=\"async\" class=\"alignleft wp-image-1379\" src=\"https:\/\/aoxuanjx.com\/wp-content\/uploads\/2025\/10\/shearing-machine-9-4.png\" alt=\"\" width=\"1059\" height=\"609\" srcset=\"https:\/\/aoxuanjx.com\/wp-content\/uploads\/2025\/10\/shearing-machine-9-4.png 1008w, https:\/\/aoxuanjx.com\/wp-content\/uploads\/2025\/10\/shearing-machine-9-4-500x288.png 500w, https:\/\/aoxuanjx.com\/wp-content\/uploads\/2025\/10\/shearing-machine-9-4-300x173.png 300w, https:\/\/aoxuanjx.com\/wp-content\/uploads\/2025\/10\/shearing-machine-9-4-768x442.png 768w, https:\/\/aoxuanjx.com\/wp-content\/uploads\/2025\/10\/shearing-machine-9-4-18x10.png 18w, https:\/\/aoxuanjx.com\/wp-content\/uploads\/2025\/10\/shearing-machine-9-4-130x75.png 130w, https:\/\/aoxuanjx.com\/wp-content\/uploads\/2025\/10\/shearing-machine-9-4-484x278.png 484w, https:\/\/aoxuanjx.com\/wp-content\/uploads\/2025\/10\/shearing-machine-9-4-800x460.png 800w\" sizes=\"(max-width:767px) 484px, (max-width:1059px) 100vw, 1059px\" \/><\/p>\n<p>&nbsp;<\/p>\n<p>&nbsp;<\/p>\n<p>&nbsp;<\/p>\n<p>&nbsp;<\/p>\n<p>&nbsp;<\/p>\n<p>&nbsp;<\/p>\n<p>&nbsp;<\/p>\n<p>&nbsp;<\/p>\n<p>&nbsp;<\/p>\n<p>&nbsp;<\/p>\n<p>&nbsp;<\/p>\n<p>&nbsp;<\/p>\n<p>&nbsp;<\/p>\n<p>&nbsp;<\/p>\n<p>&nbsp;<\/p>\n<p>&nbsp;<\/p>\n<p>&nbsp;<\/p>\n<p>&nbsp;<\/p>","protected":false},"excerpt":{"rendered":"<p>La cizalla hidr\u00e1ulica de guillotina utiliza aceite hidr\u00e1ulico como fluido y se alimenta mediante un motor el\u00e9ctrico y una bomba hidr\u00e1ulica. A trav\u00e9s del sistema de v\u00e1lvulas, el cilindro hidr\u00e1ulico acciona la cizalla, permitiendo que se mueva verticalmente para cortar el material. Esto evita sobrecargas y posibles da\u00f1os a la m\u00e1quina. Su \u00e1ngulo de corte es ajustable, lo que permite un corte m\u00e1s preciso y uniforme.<\/p>","protected":false},"featured_media":1671,"template":"","meta":[],"product_brand":[],"product_cat":[31],"product_tag":[],"class_list":{"0":"post-1670","1":"product","2":"type-product","3":"status-publish","4":"has-post-thumbnail","6":"product_cat-hydraulic-guillotine-shearing-machine","8":"first","9":"instock","10":"shipping-taxable","11":"product-type-external"},"yoast_head":"<!-- This site is optimized with the Yoast SEO plugin v25.6 - https:\/\/yoast.com\/wordpress\/plugins\/seo\/ -->\n<title>Numerical Control System Shearing Machine for QC12Y 8x2500 Type Hydraulic Swing Beam Cutting Machine - Anhui Aoxuan Machinery Equipment Co.,Ltd<\/title>\n<meta name=\"robots\" content=\"index, follow, max-snippet:-1, max-image-preview:large, max-video-preview:-1\" \/>\n<link rel=\"canonical\" href=\"https:\/\/aoxuanjx.com\/es\/producto\/numerical-control-system-shearing-machine-for-qc12y-8x2500-type-hydraulic-swing-beam-cutting-machine\/\" \/>\n<meta property=\"og:locale\" content=\"es_ES\" \/>\n<meta property=\"og:type\" content=\"article\" \/>\n<meta property=\"og:title\" content=\"Numerical Control System Shearing Machine for QC12Y 8x2500 Type Hydraulic Swing Beam Cutting Machine - Anhui Aoxuan Machinery Equipment Co.,Ltd\" \/>\n<meta property=\"og:description\" content=\"The hydraulic guillotine shearing machine uses hydraulic oil as a medium, and uses an electric motor and a hydraulic oil pump as a power source. Through the valve group, the oil cylinder is acted on to make the shearing machine move up and down to shear the material. This ensures that the shearing machine will not be overloaded and cause damage to the machine tool. Its shearing angle can be adjusted, which makes the shearing effect better and smoother.\" \/>\n<meta property=\"og:url\" content=\"https:\/\/aoxuanjx.com\/es\/producto\/numerical-control-system-shearing-machine-for-qc12y-8x2500-type-hydraulic-swing-beam-cutting-machine\/\" \/>\n<meta property=\"og:site_name\" content=\"Anhui Aoxuan Machinery Equipment Co.,Ltd\" \/>\n<meta property=\"article:modified_time\" content=\"2025-10-27T02:19:37+00:00\" \/>\n<meta property=\"og:image\" content=\"https:\/\/aoxuanjx.com\/wp-content\/uploads\/2025\/10\/hydraulic-shearing-machine-22.png\" \/>\n\t<meta property=\"og:image:width\" content=\"800\" \/>\n\t<meta property=\"og:image:height\" content=\"800\" \/>\n\t<meta property=\"og:image:type\" content=\"image\/png\" \/>\n<meta name=\"twitter:card\" content=\"summary_large_image\" \/>\n<meta name=\"twitter:label1\" content=\"Tiempo de lectura\" \/>\n\t<meta name=\"twitter:data1\" content=\"2 minutos\" \/>\n<script type=\"application\/ld+json\" class=\"yoast-schema-graph\">{\"@context\":\"https:\/\/schema.org\",\"@graph\":[{\"@type\":\"WebPage\",\"@id\":\"https:\/\/aoxuanjx.com\/product\/numerical-control-system-shearing-machine-for-qc12y-8x2500-type-hydraulic-swing-beam-cutting-machine\/\",\"url\":\"https:\/\/aoxuanjx.com\/product\/numerical-control-system-shearing-machine-for-qc12y-8x2500-type-hydraulic-swing-beam-cutting-machine\/\",\"name\":\"Numerical Control System Shearing Machine for QC12Y 8x2500 Type Hydraulic Swing Beam Cutting Machine - Anhui Aoxuan Machinery Equipment Co.,Ltd\",\"isPartOf\":{\"@id\":\"https:\/\/aoxuanjx.com\/#website\"},\"primaryImageOfPage\":{\"@id\":\"https:\/\/aoxuanjx.com\/product\/numerical-control-system-shearing-machine-for-qc12y-8x2500-type-hydraulic-swing-beam-cutting-machine\/#primaryimage\"},\"image\":{\"@id\":\"https:\/\/aoxuanjx.com\/product\/numerical-control-system-shearing-machine-for-qc12y-8x2500-type-hydraulic-swing-beam-cutting-machine\/#primaryimage\"},\"thumbnailUrl\":\"https:\/\/aoxuanjx.com\/wp-content\/uploads\/2025\/10\/hydraulic-shearing-machine-22.png\",\"datePublished\":\"2025-10-27T02:09:48+00:00\",\"dateModified\":\"2025-10-27T02:19:37+00:00\",\"breadcrumb\":{\"@id\":\"https:\/\/aoxuanjx.com\/product\/numerical-control-system-shearing-machine-for-qc12y-8x2500-type-hydraulic-swing-beam-cutting-machine\/#breadcrumb\"},\"inLanguage\":\"es\",\"potentialAction\":[{\"@type\":\"ReadAction\",\"target\":[\"https:\/\/aoxuanjx.com\/product\/numerical-control-system-shearing-machine-for-qc12y-8x2500-type-hydraulic-swing-beam-cutting-machine\/\"]}]},{\"@type\":\"ImageObject\",\"inLanguage\":\"es\",\"@id\":\"https:\/\/aoxuanjx.com\/product\/numerical-control-system-shearing-machine-for-qc12y-8x2500-type-hydraulic-swing-beam-cutting-machine\/#primaryimage\",\"url\":\"https:\/\/aoxuanjx.com\/wp-content\/uploads\/2025\/10\/hydraulic-shearing-machine-22.png\",\"contentUrl\":\"https:\/\/aoxuanjx.com\/wp-content\/uploads\/2025\/10\/hydraulic-shearing-machine-22.png\",\"width\":800,\"height\":800},{\"@type\":\"BreadcrumbList\",\"@id\":\"https:\/\/aoxuanjx.com\/product\/numerical-control-system-shearing-machine-for-qc12y-8x2500-type-hydraulic-swing-beam-cutting-machine\/#breadcrumb\",\"itemListElement\":[{\"@type\":\"ListItem\",\"position\":1,\"name\":\"Home\",\"item\":\"https:\/\/aoxuanjx.com\/\"},{\"@type\":\"ListItem\",\"position\":2,\"name\":\"Product\",\"item\":\"https:\/\/aoxuanjx.com\/product\/\"},{\"@type\":\"ListItem\",\"position\":3,\"name\":\"Numerical Control System Shearing Machine for QC12Y 8&#215;2500 Type Hydraulic Swing Beam Cutting Machine\"}]},{\"@type\":\"WebSite\",\"@id\":\"https:\/\/aoxuanjx.com\/#website\",\"url\":\"https:\/\/aoxuanjx.com\/\",\"name\":\"Anhui Aoxuan Machinery Equipment Co.,Ltd\",\"description\":\"Anhui Aoxuan Machinery Equipment Co.,Ltd\",\"potentialAction\":[{\"@type\":\"SearchAction\",\"target\":{\"@type\":\"EntryPoint\",\"urlTemplate\":\"https:\/\/aoxuanjx.com\/?s={search_term_string}\"},\"query-input\":{\"@type\":\"PropertyValueSpecification\",\"valueRequired\":true,\"valueName\":\"search_term_string\"}}],\"inLanguage\":\"es\"}]}<\/script>\n<!-- \/ Yoast SEO plugin. -->","yoast_head_json":{"title":"Numerical Control System Shearing Machine for QC12Y 8x2500 Type Hydraulic Swing Beam Cutting Machine - Anhui Aoxuan Machinery Equipment Co.,Ltd","robots":{"index":"index","follow":"follow","max-snippet":"max-snippet:-1","max-image-preview":"max-image-preview:large","max-video-preview":"max-video-preview:-1"},"canonical":"https:\/\/aoxuanjx.com\/es\/producto\/numerical-control-system-shearing-machine-for-qc12y-8x2500-type-hydraulic-swing-beam-cutting-machine\/","og_locale":"es_ES","og_type":"article","og_title":"Numerical Control System Shearing Machine for QC12Y 8x2500 Type Hydraulic Swing Beam Cutting Machine - Anhui Aoxuan Machinery Equipment Co.,Ltd","og_description":"The hydraulic guillotine shearing machine uses hydraulic oil as a medium, and uses an electric motor and a hydraulic oil pump as a power source. Through the valve group, the oil cylinder is acted on to make the shearing machine move up and down to shear the material. This ensures that the shearing machine will not be overloaded and cause damage to the machine tool. Its shearing angle can be adjusted, which makes the shearing effect better and smoother.","og_url":"https:\/\/aoxuanjx.com\/es\/producto\/numerical-control-system-shearing-machine-for-qc12y-8x2500-type-hydraulic-swing-beam-cutting-machine\/","og_site_name":"Anhui Aoxuan Machinery Equipment Co.,Ltd","article_modified_time":"2025-10-27T02:19:37+00:00","og_image":[{"width":800,"height":800,"url":"https:\/\/aoxuanjx.com\/wp-content\/uploads\/2025\/10\/hydraulic-shearing-machine-22.png","type":"image\/png"}],"twitter_card":"summary_large_image","twitter_misc":{"Tiempo de lectura":"2 minutos"},"schema":{"@context":"https:\/\/schema.org","@graph":[{"@type":"WebPage","@id":"https:\/\/aoxuanjx.com\/product\/numerical-control-system-shearing-machine-for-qc12y-8x2500-type-hydraulic-swing-beam-cutting-machine\/","url":"https:\/\/aoxuanjx.com\/product\/numerical-control-system-shearing-machine-for-qc12y-8x2500-type-hydraulic-swing-beam-cutting-machine\/","name":"Numerical Control System Shearing Machine for QC12Y 8x2500 Type Hydraulic Swing Beam Cutting Machine - Anhui Aoxuan Machinery Equipment Co.,Ltd","isPartOf":{"@id":"https:\/\/aoxuanjx.com\/#website"},"primaryImageOfPage":{"@id":"https:\/\/aoxuanjx.com\/product\/numerical-control-system-shearing-machine-for-qc12y-8x2500-type-hydraulic-swing-beam-cutting-machine\/#primaryimage"},"image":{"@id":"https:\/\/aoxuanjx.com\/product\/numerical-control-system-shearing-machine-for-qc12y-8x2500-type-hydraulic-swing-beam-cutting-machine\/#primaryimage"},"thumbnailUrl":"https:\/\/aoxuanjx.com\/wp-content\/uploads\/2025\/10\/hydraulic-shearing-machine-22.png","datePublished":"2025-10-27T02:09:48+00:00","dateModified":"2025-10-27T02:19:37+00:00","breadcrumb":{"@id":"https:\/\/aoxuanjx.com\/product\/numerical-control-system-shearing-machine-for-qc12y-8x2500-type-hydraulic-swing-beam-cutting-machine\/#breadcrumb"},"inLanguage":"es","potentialAction":[{"@type":"ReadAction","target":["https:\/\/aoxuanjx.com\/product\/numerical-control-system-shearing-machine-for-qc12y-8x2500-type-hydraulic-swing-beam-cutting-machine\/"]}]},{"@type":"ImageObject","inLanguage":"es","@id":"https:\/\/aoxuanjx.com\/product\/numerical-control-system-shearing-machine-for-qc12y-8x2500-type-hydraulic-swing-beam-cutting-machine\/#primaryimage","url":"https:\/\/aoxuanjx.com\/wp-content\/uploads\/2025\/10\/hydraulic-shearing-machine-22.png","contentUrl":"https:\/\/aoxuanjx.com\/wp-content\/uploads\/2025\/10\/hydraulic-shearing-machine-22.png","width":800,"height":800},{"@type":"BreadcrumbList","@id":"https:\/\/aoxuanjx.com\/product\/numerical-control-system-shearing-machine-for-qc12y-8x2500-type-hydraulic-swing-beam-cutting-machine\/#breadcrumb","itemListElement":[{"@type":"ListItem","position":1,"name":"Home","item":"https:\/\/aoxuanjx.com\/"},{"@type":"ListItem","position":2,"name":"Product","item":"https:\/\/aoxuanjx.com\/product\/"},{"@type":"ListItem","position":3,"name":"Numerical Control System Shearing Machine for QC12Y 8&#215;2500 Type Hydraulic Swing Beam Cutting Machine"}]},{"@type":"WebSite","@id":"https:\/\/aoxuanjx.com\/#website","url":"https:\/\/aoxuanjx.com\/","name":"Anhui Aoxuan Machinery Equipment Co.,Ltd","description":"Anhui Aoxuan Machinery Equipment Co.,Ltd","potentialAction":[{"@type":"SearchAction","target":{"@type":"EntryPoint","urlTemplate":"https:\/\/aoxuanjx.com\/?s={search_term_string}"},"query-input":{"@type":"PropertyValueSpecification","valueRequired":true,"valueName":"search_term_string"}}],"inLanguage":"es"}]}},"_links":{"self":[{"href":"https:\/\/aoxuanjx.com\/es\/wp-json\/wp\/v2\/product\/1670","targetHints":{"allow":["GET"]}}],"collection":[{"href":"https:\/\/aoxuanjx.com\/es\/wp-json\/wp\/v2\/product"}],"about":[{"href":"https:\/\/aoxuanjx.com\/es\/wp-json\/wp\/v2\/types\/product"}],"version-history":[{"count":1,"href":"https:\/\/aoxuanjx.com\/es\/wp-json\/wp\/v2\/product\/1670\/revisions"}],"predecessor-version":[{"id":1675,"href":"https:\/\/aoxuanjx.com\/es\/wp-json\/wp\/v2\/product\/1670\/revisions\/1675"}],"wp:featuredmedia":[{"embeddable":true,"href":"https:\/\/aoxuanjx.com\/es\/wp-json\/wp\/v2\/media\/1671"}],"wp:attachment":[{"href":"https:\/\/aoxuanjx.com\/es\/wp-json\/wp\/v2\/media?parent=1670"}],"wp:term":[{"taxonomy":"product_brand","embeddable":true,"href":"https:\/\/aoxuanjx.com\/es\/wp-json\/wp\/v2\/product_brand?post=1670"},{"taxonomy":"product_cat","embeddable":true,"href":"https:\/\/aoxuanjx.com\/es\/wp-json\/wp\/v2\/product_cat?post=1670"},{"taxonomy":"product_tag","embeddable":true,"href":"https:\/\/aoxuanjx.com\/es\/wp-json\/wp\/v2\/product_tag?post=1670"}],"curies":[{"name":"wp","href":"https:\/\/api.w.org\/{rel}","templated":true}]}}