{"id":1646,"date":"2025-10-24T09:18:20","date_gmt":"2025-10-24T09:18:20","guid":{"rendered":"https:\/\/aoxuanjx.com\/?post_type=product&#038;p=1646"},"modified":"2025-10-29T09:14:58","modified_gmt":"2025-10-29T09:14:58","slug":"mini-12tons-600mm-100-pure-electric-press-brake","status":"publish","type":"product","link":"https:\/\/aoxuanjx.com\/es\/producto\/mini-12tons-600mm-100-pure-electric-press-brake\/","title":{"rendered":"Prensa plegadora el\u00e9ctrica pura mini 6 toneladas 400 mm 100%"},"content":{"rendered":"<p>&nbsp;<\/p>\n<h2 class=\"att-title\" data-spm-anchor-id=\"a2700.details.0.i104.7d6077b4EXWpEn\"><\/h2>\n<div style=\"width: 1220px;\" class=\"wp-video\"><video class=\"wp-video-shortcode\" id=\"video-1646-1\" width=\"1220\" height=\"686\" preload=\"metadata\" controls=\"controls\"><source type=\"video\/mp4\" src=\"https:\/\/aoxuanjx.com\/wp-content\/uploads\/2025\/10\/bending-machine-video.mp4?_=1\" \/><a href=\"https:\/\/aoxuanjx.com\/wp-content\/uploads\/2025\/10\/bending-machine-video.mp4\">https:\/\/aoxuanjx.com\/wp-content\/uploads\/2025\/10\/bending-machine-video.mp4<\/a><\/video><\/div>\n<h2 data-spm-anchor-id=\"a2700.details.0.i104.7d6077b4EXWpEn\"><\/h2>\n<h3 class=\"text-title\"><span class=\"magic-11\">Caracter\u00edsticas del producto<\/span><\/h3>\n<div class=\"text-content\" data-spm-anchor-id=\"a2700.details-description.0.i1.5c4fXat9Xat96t\"><span data-spm-anchor-id=\"a2700.details-description.0.i2.5c4fXat9Xat96t\">La prensa plegadora el\u00e9ctrica peque\u00f1a de la serie EP es una m\u00e1quina compuesta por dos juegos de servomotores, cada uno de los cuales acciona un tornillo de bola pesado para impulsar el control deslizante para que se mueva hacia adelante y hacia atr\u00e1s, y luego impulsa el molde superior sobre el control deslizante para aplicar fuerza al molde inferior en el banco de trabajo, doblando la placa de metal de acuerdo con la forma y el tama\u00f1o requeridos.<\/span><\/div>\n<div data-spm-anchor-id=\"a2700.details-description.0.i1.5c4fXat9Xat96t\"><img fetchpriority=\"high\" decoding=\"async\" class=\"alignleft size-full wp-image-1762\" src=\"https:\/\/aoxuanjx.com\/wp-content\/uploads\/2025\/10\/10-3-scaled.jpg\" alt=\"\" width=\"2560\" height=\"1920\" srcset=\"https:\/\/aoxuanjx.com\/wp-content\/uploads\/2025\/10\/10-3-scaled.jpg 2560w, https:\/\/aoxuanjx.com\/wp-content\/uploads\/2025\/10\/10-3-500x375.jpg 500w, https:\/\/aoxuanjx.com\/wp-content\/uploads\/2025\/10\/10-3-1200x900.jpg 1200w, https:\/\/aoxuanjx.com\/wp-content\/uploads\/2025\/10\/10-3-300x225.jpg 300w, https:\/\/aoxuanjx.com\/wp-content\/uploads\/2025\/10\/10-3-768x576.jpg 768w, https:\/\/aoxuanjx.com\/wp-content\/uploads\/2025\/10\/10-3-1536x1152.jpg 1536w, https:\/\/aoxuanjx.com\/wp-content\/uploads\/2025\/10\/10-3-2048x1536.jpg 2048w, https:\/\/aoxuanjx.com\/wp-content\/uploads\/2025\/10\/10-3-16x12.jpg 16w, https:\/\/aoxuanjx.com\/wp-content\/uploads\/2025\/10\/10-3-100x75.jpg 100w, https:\/\/aoxuanjx.com\/wp-content\/uploads\/2025\/10\/10-3-484x363.jpg 484w, https:\/\/aoxuanjx.com\/wp-content\/uploads\/2025\/10\/10-3-800x600.jpg 800w\" sizes=\"(max-width:767px) 484px, (max-width:2560px) 100vw, 2560px\" \/><\/div>\n<h2 class=\"att-title\" data-spm-anchor-id=\"a2700.details.0.i104.7d6077b4EXWpEn\">Descripciones de productos del proveedor<\/h2>\n<div id=\"layout-other-wrapper\">\n<div class=\"module_shopping_ads\" data-module-name=\"module_shopping_ads\">Caracter\u00edsticas del producto<\/div>\n<div data-module-name=\"module_shopping_ads\"><span data-spm-anchor-id=\"a2700.details-description.0.i5.3ebc9FOn9FOnWJ\">\u2022 <b><span style=\"color: #ff0000;\">Mini prensa plegadora CNC, 6 toneladas 60KN<\/span><\/b><br \/>\n\u2022 <b><span style=\"color: #ff0000;\">Servomotor<\/span><\/b> La tecnolog\u00eda Drive proporciona resultados de plegado de alta precisi\u00f3n. <\/span><\/p>\n<div>\u2022 100% Energ\u00eda el\u00e9ctrica pura, sin aceite.<\/div>\n<div>\u2022 Hasta 50% menos consumo de energ\u00eda en comparaci\u00f3n con una prensa plegadora hidr\u00e1ulica.<\/div>\n<div><span data-spm-anchor-id=\"a2700.details-description.0.i3.3ebc9FOn9FOnWJ\">\u2022 Hasta 35% m\u00e1s r\u00e1pido en comparaci\u00f3n con una prensa plegadora hidr\u00e1ulica. <\/span><\/div>\n<div>\u2022 Alta eficiencia y precisi\u00f3n.<\/div>\n<div>\u2022 Alta velocidad de plegado y menor ruido.<\/div>\n<div>\u2022 Longitud total de curvatura entre marcos laterales.<\/div>\n<div data-spm-anchor-id=\"a2700.details-description.0.i1.3ebc9FOn9FOnWJ\">\u2022 Menor costo de mantenimiento.<br \/>\n\u2022 Ecol\u00f3gico.<\/div>\n<div data-spm-anchor-id=\"a2700.details-description.0.i0.3ebc9FOn9FOnWJ\"><span data-spm-anchor-id=\"a2700.details-description.0.i2.3ebc9FOn9FOnWJ\">\u2022 Interfaz de usuario amigable.<\/span><\/div>\n<\/div>\n<div class=\"module_shop_marking\" data-module-name=\"module_shop_marking\"><\/div>\n<div class=\"module_risk_control_tips\" data-module-name=\"module_risk_control_tips\"><img decoding=\"async\" class=\"alignleft size-full wp-image-1733\" src=\"https:\/\/aoxuanjx.com\/wp-content\/uploads\/2025\/10\/\u5fae\u4fe1\u56fe\u7247_20251022141546-1-scaled-e1761722592459.jpg\" alt=\"\" width=\"1920\" height=\"2560\" srcset=\"https:\/\/aoxuanjx.com\/wp-content\/uploads\/2025\/10\/\u5fae\u4fe1\u56fe\u7247_20251022141546-1-scaled-e1761722592459.jpg 1920w, https:\/\/aoxuanjx.com\/wp-content\/uploads\/2025\/10\/\u5fae\u4fe1\u56fe\u7247_20251022141546-1-scaled-e1761722592459-375x500.jpg 375w, https:\/\/aoxuanjx.com\/wp-content\/uploads\/2025\/10\/\u5fae\u4fe1\u56fe\u7247_20251022141546-1-scaled-e1761722592459-900x1200.jpg 900w, https:\/\/aoxuanjx.com\/wp-content\/uploads\/2025\/10\/\u5fae\u4fe1\u56fe\u7247_20251022141546-1-scaled-e1761722592459-225x300.jpg 225w, https:\/\/aoxuanjx.com\/wp-content\/uploads\/2025\/10\/\u5fae\u4fe1\u56fe\u7247_20251022141546-1-scaled-e1761722592459-768x1024.jpg 768w, https:\/\/aoxuanjx.com\/wp-content\/uploads\/2025\/10\/\u5fae\u4fe1\u56fe\u7247_20251022141546-1-scaled-e1761722592459-1152x1536.jpg 1152w, https:\/\/aoxuanjx.com\/wp-content\/uploads\/2025\/10\/\u5fae\u4fe1\u56fe\u7247_20251022141546-1-scaled-e1761722592459-1536x2048.jpg 1536w, https:\/\/aoxuanjx.com\/wp-content\/uploads\/2025\/10\/\u5fae\u4fe1\u56fe\u7247_20251022141546-1-scaled-e1761722592459-9x12.jpg 9w, https:\/\/aoxuanjx.com\/wp-content\/uploads\/2025\/10\/\u5fae\u4fe1\u56fe\u7247_20251022141546-1-scaled-e1761722592459-56x75.jpg 56w, https:\/\/aoxuanjx.com\/wp-content\/uploads\/2025\/10\/\u5fae\u4fe1\u56fe\u7247_20251022141546-1-scaled-e1761722592459-484x645.jpg 484w, https:\/\/aoxuanjx.com\/wp-content\/uploads\/2025\/10\/\u5fae\u4fe1\u56fe\u7247_20251022141546-1-scaled-e1761722592459-800x1067.jpg 800w\" sizes=\"(max-width:767px) 484px, (max-width:1920px) 100vw, 1920px\" \/><\/div>\n<div class=\"module_detail_video\" data-module-name=\"module_detail_video\"><\/div>\n<div class=\"module_product_specification\" data-module-name=\"module_product_specification\" data-aplus-ae=\"x27_a506db9\" data-spm-anchor-id=\"a2700.details.0.i50.7d6077b4EXWpEn\"><\/div>\n<\/div>\n<p>&nbsp;<\/p>\n<p>&nbsp;<\/p>\n<p>&nbsp;<\/p>\n<p>&nbsp;<\/p>\n<p>&nbsp;<\/p>\n<p><img decoding=\"async\" class=\"alignleft size-full wp-image-1759\" src=\"https:\/\/aoxuanjx.com\/wp-content\/uploads\/2025\/10\/\u53c2\u6570.jpg\" alt=\"\" width=\"750\" height=\"515\" srcset=\"https:\/\/aoxuanjx.com\/wp-content\/uploads\/2025\/10\/\u53c2\u6570.jpg 750w, https:\/\/aoxuanjx.com\/wp-content\/uploads\/2025\/10\/\u53c2\u6570-500x343.jpg 500w, https:\/\/aoxuanjx.com\/wp-content\/uploads\/2025\/10\/\u53c2\u6570-300x206.jpg 300w, https:\/\/aoxuanjx.com\/wp-content\/uploads\/2025\/10\/\u53c2\u6570-18x12.jpg 18w, https:\/\/aoxuanjx.com\/wp-content\/uploads\/2025\/10\/\u53c2\u6570-109x75.jpg 109w, https:\/\/aoxuanjx.com\/wp-content\/uploads\/2025\/10\/\u53c2\u6570-484x332.jpg 484w\" sizes=\"(max-width:767px) 484px, 750px\" \/><\/p>","protected":false},"excerpt":{"rendered":"<p>Las prensas plegadoras el\u00e9ctricas ofrecen una eficiencia energ\u00e9tica superior, son respetuosas con el medio ambiente, tienen una precisi\u00f3n de plegado superior y bajos costes de mantenimiento. Estas ventajas las convierten en una opci\u00f3n atractiva para los fabricantes que buscan reducir el consumo energ\u00e9tico, minimizar el impacto ambiental y mejorar la eficiencia de la producci\u00f3n.<\/p>","protected":false},"featured_media":1762,"template":"","meta":[],"product_brand":[39],"product_cat":[34],"product_tag":[57],"class_list":{"0":"post-1646","1":"product","2":"type-product","3":"status-publish","4":"has-post-thumbnail","6":"product_brand-aoxuanzg","7":"product_cat-pure-electric-press-brake","8":"product_tag-100-pure-electric-bending-machine","10":"first","11":"instock","12":"shipping-taxable","13":"product-type-external"},"yoast_head":"<!-- This site is optimized with the Yoast SEO plugin v25.6 - https:\/\/yoast.com\/wordpress\/plugins\/seo\/ -->\n<title>Mini 6tons 400mm 100% Pure electric press brake - Anhui Aoxuan Machinery Equipment Co.,Ltd<\/title>\n<meta name=\"robots\" content=\"index, follow, max-snippet:-1, max-image-preview:large, max-video-preview:-1\" \/>\n<link rel=\"canonical\" href=\"https:\/\/aoxuanjx.com\/es\/producto\/mini-12tons-600mm-100-pure-electric-press-brake\/\" \/>\n<meta property=\"og:locale\" content=\"es_ES\" \/>\n<meta property=\"og:type\" content=\"article\" \/>\n<meta property=\"og:title\" content=\"Mini 6tons 400mm 100% Pure electric press brake - Anhui Aoxuan Machinery Equipment Co.,Ltd\" \/>\n<meta property=\"og:description\" content=\"Pure electric press brakes have superior energy efficiency, environmental friendliness, bending accuracy and low maintenance costs. These advantages make them an attractive choice for manufacturers seeking to reduce energy consumption, minimize environmental impact and improve production efficiency.\" \/>\n<meta property=\"og:url\" content=\"https:\/\/aoxuanjx.com\/es\/producto\/mini-12tons-600mm-100-pure-electric-press-brake\/\" \/>\n<meta property=\"og:site_name\" content=\"Anhui Aoxuan Machinery Equipment Co.,Ltd\" \/>\n<meta property=\"article:modified_time\" content=\"2025-10-29T09:14:58+00:00\" \/>\n<meta property=\"og:image\" content=\"https:\/\/aoxuanjx.com\/wp-content\/uploads\/2025\/10\/10-3-scaled.jpg\" \/>\n\t<meta property=\"og:image:width\" content=\"2560\" \/>\n\t<meta property=\"og:image:height\" content=\"1920\" \/>\n\t<meta property=\"og:image:type\" content=\"image\/jpeg\" \/>\n<meta name=\"twitter:card\" content=\"summary_large_image\" \/>\n<meta name=\"twitter:label1\" content=\"Tiempo de lectura\" \/>\n\t<meta name=\"twitter:data1\" content=\"2 minutos\" \/>\n<script type=\"application\/ld+json\" class=\"yoast-schema-graph\">{\"@context\":\"https:\/\/schema.org\",\"@graph\":[{\"@type\":\"WebPage\",\"@id\":\"https:\/\/aoxuanjx.com\/product\/mini-12tons-600mm-100-pure-electric-press-brake\/\",\"url\":\"https:\/\/aoxuanjx.com\/product\/mini-12tons-600mm-100-pure-electric-press-brake\/\",\"name\":\"Mini 6tons 400mm 100% Pure electric press brake - Anhui Aoxuan Machinery Equipment Co.,Ltd\",\"isPartOf\":{\"@id\":\"https:\/\/aoxuanjx.com\/#website\"},\"primaryImageOfPage\":{\"@id\":\"https:\/\/aoxuanjx.com\/product\/mini-12tons-600mm-100-pure-electric-press-brake\/#primaryimage\"},\"image\":{\"@id\":\"https:\/\/aoxuanjx.com\/product\/mini-12tons-600mm-100-pure-electric-press-brake\/#primaryimage\"},\"thumbnailUrl\":\"https:\/\/aoxuanjx.com\/wp-content\/uploads\/2025\/10\/10-3-scaled.jpg\",\"datePublished\":\"2025-10-24T09:18:20+00:00\",\"dateModified\":\"2025-10-29T09:14:58+00:00\",\"breadcrumb\":{\"@id\":\"https:\/\/aoxuanjx.com\/product\/mini-12tons-600mm-100-pure-electric-press-brake\/#breadcrumb\"},\"inLanguage\":\"es\",\"potentialAction\":[{\"@type\":\"ReadAction\",\"target\":[\"https:\/\/aoxuanjx.com\/product\/mini-12tons-600mm-100-pure-electric-press-brake\/\"]}]},{\"@type\":\"ImageObject\",\"inLanguage\":\"es\",\"@id\":\"https:\/\/aoxuanjx.com\/product\/mini-12tons-600mm-100-pure-electric-press-brake\/#primaryimage\",\"url\":\"https:\/\/aoxuanjx.com\/wp-content\/uploads\/2025\/10\/10-3-scaled.jpg\",\"contentUrl\":\"https:\/\/aoxuanjx.com\/wp-content\/uploads\/2025\/10\/10-3-scaled.jpg\",\"width\":2560,\"height\":1920},{\"@type\":\"BreadcrumbList\",\"@id\":\"https:\/\/aoxuanjx.com\/product\/mini-12tons-600mm-100-pure-electric-press-brake\/#breadcrumb\",\"itemListElement\":[{\"@type\":\"ListItem\",\"position\":1,\"name\":\"Home\",\"item\":\"https:\/\/aoxuanjx.com\/\"},{\"@type\":\"ListItem\",\"position\":2,\"name\":\"Product\",\"item\":\"https:\/\/aoxuanjx.com\/product\/\"},{\"@type\":\"ListItem\",\"position\":3,\"name\":\"Mini 6tons 400mm 100% Pure electric press brake\"}]},{\"@type\":\"WebSite\",\"@id\":\"https:\/\/aoxuanjx.com\/#website\",\"url\":\"https:\/\/aoxuanjx.com\/\",\"name\":\"Anhui Aoxuan Machinery Equipment Co.,Ltd\",\"description\":\"Anhui Aoxuan Machinery Equipment Co.,Ltd\",\"potentialAction\":[{\"@type\":\"SearchAction\",\"target\":{\"@type\":\"EntryPoint\",\"urlTemplate\":\"https:\/\/aoxuanjx.com\/?s={search_term_string}\"},\"query-input\":{\"@type\":\"PropertyValueSpecification\",\"valueRequired\":true,\"valueName\":\"search_term_string\"}}],\"inLanguage\":\"es\"}]}<\/script>\n<!-- \/ Yoast SEO plugin. -->","yoast_head_json":{"title":"Mini 6tons 400mm 100% Pure electric press brake - Anhui Aoxuan Machinery Equipment Co.,Ltd","robots":{"index":"index","follow":"follow","max-snippet":"max-snippet:-1","max-image-preview":"max-image-preview:large","max-video-preview":"max-video-preview:-1"},"canonical":"https:\/\/aoxuanjx.com\/es\/producto\/mini-12tons-600mm-100-pure-electric-press-brake\/","og_locale":"es_ES","og_type":"article","og_title":"Mini 6tons 400mm 100% Pure electric press brake - Anhui Aoxuan Machinery Equipment Co.,Ltd","og_description":"Pure electric press brakes have superior energy efficiency, environmental friendliness, bending accuracy and low maintenance costs. These advantages make them an attractive choice for manufacturers seeking to reduce energy consumption, minimize environmental impact and improve production efficiency.","og_url":"https:\/\/aoxuanjx.com\/es\/producto\/mini-12tons-600mm-100-pure-electric-press-brake\/","og_site_name":"Anhui Aoxuan Machinery Equipment Co.,Ltd","article_modified_time":"2025-10-29T09:14:58+00:00","og_image":[{"width":2560,"height":1920,"url":"https:\/\/aoxuanjx.com\/wp-content\/uploads\/2025\/10\/10-3-scaled.jpg","type":"image\/jpeg"}],"twitter_card":"summary_large_image","twitter_misc":{"Tiempo de lectura":"2 minutos"},"schema":{"@context":"https:\/\/schema.org","@graph":[{"@type":"WebPage","@id":"https:\/\/aoxuanjx.com\/product\/mini-12tons-600mm-100-pure-electric-press-brake\/","url":"https:\/\/aoxuanjx.com\/product\/mini-12tons-600mm-100-pure-electric-press-brake\/","name":"Mini 6tons 400mm 100% Pure electric press brake - Anhui Aoxuan Machinery Equipment Co.,Ltd","isPartOf":{"@id":"https:\/\/aoxuanjx.com\/#website"},"primaryImageOfPage":{"@id":"https:\/\/aoxuanjx.com\/product\/mini-12tons-600mm-100-pure-electric-press-brake\/#primaryimage"},"image":{"@id":"https:\/\/aoxuanjx.com\/product\/mini-12tons-600mm-100-pure-electric-press-brake\/#primaryimage"},"thumbnailUrl":"https:\/\/aoxuanjx.com\/wp-content\/uploads\/2025\/10\/10-3-scaled.jpg","datePublished":"2025-10-24T09:18:20+00:00","dateModified":"2025-10-29T09:14:58+00:00","breadcrumb":{"@id":"https:\/\/aoxuanjx.com\/product\/mini-12tons-600mm-100-pure-electric-press-brake\/#breadcrumb"},"inLanguage":"es","potentialAction":[{"@type":"ReadAction","target":["https:\/\/aoxuanjx.com\/product\/mini-12tons-600mm-100-pure-electric-press-brake\/"]}]},{"@type":"ImageObject","inLanguage":"es","@id":"https:\/\/aoxuanjx.com\/product\/mini-12tons-600mm-100-pure-electric-press-brake\/#primaryimage","url":"https:\/\/aoxuanjx.com\/wp-content\/uploads\/2025\/10\/10-3-scaled.jpg","contentUrl":"https:\/\/aoxuanjx.com\/wp-content\/uploads\/2025\/10\/10-3-scaled.jpg","width":2560,"height":1920},{"@type":"BreadcrumbList","@id":"https:\/\/aoxuanjx.com\/product\/mini-12tons-600mm-100-pure-electric-press-brake\/#breadcrumb","itemListElement":[{"@type":"ListItem","position":1,"name":"Home","item":"https:\/\/aoxuanjx.com\/"},{"@type":"ListItem","position":2,"name":"Product","item":"https:\/\/aoxuanjx.com\/product\/"},{"@type":"ListItem","position":3,"name":"Mini 6tons 400mm 100% Pure electric press brake"}]},{"@type":"WebSite","@id":"https:\/\/aoxuanjx.com\/#website","url":"https:\/\/aoxuanjx.com\/","name":"Anhui Aoxuan Machinery Equipment Co.,Ltd","description":"Anhui Aoxuan Machinery Equipment Co.,Ltd","potentialAction":[{"@type":"SearchAction","target":{"@type":"EntryPoint","urlTemplate":"https:\/\/aoxuanjx.com\/?s={search_term_string}"},"query-input":{"@type":"PropertyValueSpecification","valueRequired":true,"valueName":"search_term_string"}}],"inLanguage":"es"}]}},"_links":{"self":[{"href":"https:\/\/aoxuanjx.com\/es\/wp-json\/wp\/v2\/product\/1646","targetHints":{"allow":["GET"]}}],"collection":[{"href":"https:\/\/aoxuanjx.com\/es\/wp-json\/wp\/v2\/product"}],"about":[{"href":"https:\/\/aoxuanjx.com\/es\/wp-json\/wp\/v2\/types\/product"}],"version-history":[{"count":3,"href":"https:\/\/aoxuanjx.com\/es\/wp-json\/wp\/v2\/product\/1646\/revisions"}],"predecessor-version":[{"id":1767,"href":"https:\/\/aoxuanjx.com\/es\/wp-json\/wp\/v2\/product\/1646\/revisions\/1767"}],"wp:featuredmedia":[{"embeddable":true,"href":"https:\/\/aoxuanjx.com\/es\/wp-json\/wp\/v2\/media\/1762"}],"wp:attachment":[{"href":"https:\/\/aoxuanjx.com\/es\/wp-json\/wp\/v2\/media?parent=1646"}],"wp:term":[{"taxonomy":"product_brand","embeddable":true,"href":"https:\/\/aoxuanjx.com\/es\/wp-json\/wp\/v2\/product_brand?post=1646"},{"taxonomy":"product_cat","embeddable":true,"href":"https:\/\/aoxuanjx.com\/es\/wp-json\/wp\/v2\/product_cat?post=1646"},{"taxonomy":"product_tag","embeddable":true,"href":"https:\/\/aoxuanjx.com\/es\/wp-json\/wp\/v2\/product_tag?post=1646"}],"curies":[{"name":"wp","href":"https:\/\/api.w.org\/{rel}","templated":true}]}}