{"id":1239,"date":"2025-10-16T08:26:19","date_gmt":"2025-10-16T08:26:19","guid":{"rendered":"https:\/\/aoxuanjx.com\/?post_type=product&#038;p=1239"},"modified":"2025-10-16T08:26:19","modified_gmt":"2025-10-16T08:26:19","slug":"high-power-large-format-fiber-laser-cutting-machine-for-industrial-precision-processing","status":"publish","type":"product","link":"https:\/\/aoxuanjx.com\/es\/producto\/high-power-large-format-fiber-laser-cutting-machine-for-industrial-precision-processing\/","title":{"rendered":"M\u00e1quina de corte por l\u00e1ser de fibra de gran formato y alta potencia para procesamiento industrial de precisi\u00f3n"},"content":{"rendered":"<h4><img fetchpriority=\"high\" decoding=\"async\" class=\"alignleft wp-image-1247\" src=\"https:\/\/aoxuanjx.com\/wp-content\/uploads\/2025\/10\/OR-GR24032\u5927\u5e45\u9762-2.png\" alt=\"\" width=\"587\" height=\"330\" srcset=\"https:\/\/aoxuanjx.com\/wp-content\/uploads\/2025\/10\/OR-GR24032\u5927\u5e45\u9762-2.png 2560w, https:\/\/aoxuanjx.com\/wp-content\/uploads\/2025\/10\/OR-GR24032\u5927\u5e45\u9762-2-500x281.png 500w, https:\/\/aoxuanjx.com\/wp-content\/uploads\/2025\/10\/OR-GR24032\u5927\u5e45\u9762-2-300x169.png 300w, https:\/\/aoxuanjx.com\/wp-content\/uploads\/2025\/10\/OR-GR24032\u5927\u5e45\u9762-2-18x10.png 18w, https:\/\/aoxuanjx.com\/wp-content\/uploads\/2025\/10\/OR-GR24032\u5927\u5e45\u9762-2-133x75.png 133w, https:\/\/aoxuanjx.com\/wp-content\/uploads\/2025\/10\/OR-GR24032\u5927\u5e45\u9762-2-484x272.png 484w\" sizes=\"(max-width:767px) 484px, 587px\" \/><\/h4>\n<h4><\/h4>\n<h4><strong><span data-spm-anchor-id=\"a2700.details-description.0.i4.2f92TR8UTR8Uck\">Caracter\u00edstica de la m\u00e1quina<\/span><\/strong><\/h4>\n<p>&nbsp;<\/p>\n<p data-spm-anchor-id=\"a2700.details-description.0.i5.2f92TR8UTR8Uck\">\u2666 La estructura de doble accionamiento de p\u00f3rtico, con sistema de transmisi\u00f3n de cremallera y pi\u00f1\u00f3n importado de Alemania, mejora la eficiencia de producci\u00f3n.<\/p>\n<p data-spm-anchor-id=\"a2700.details-description.0.i5.2f92TR8UTR8Uck\">\u2666 El riel gu\u00eda de aluminio fundido de alto rendimiento, despu\u00e9s del an\u00e1lisis de elementos finitos, logra un corte de arco circular de velocidad altamente acelerada.<\/p>\n<p data-spm-anchor-id=\"a2700.details-description.0.i5.2f92TR8UTR8Uck\">\u2666 Mesa de trabajo abierta, operaci\u00f3n simple y ocupaci\u00f3n de espacio reducido.<\/p>\n<hr \/>\n<p>&nbsp;<\/p>\n<p>&nbsp;<\/p>\n<p>&nbsp;<\/p>\n<p><img decoding=\"async\" class=\"alignleft wp-image-1247\" src=\"https:\/\/aoxuanjx.com\/wp-content\/uploads\/2025\/10\/OR-GR24032\u5927\u5e45\u9762-2.png\" alt=\"\" width=\"943\" height=\"530\" srcset=\"https:\/\/aoxuanjx.com\/wp-content\/uploads\/2025\/10\/OR-GR24032\u5927\u5e45\u9762-2.png 2560w, https:\/\/aoxuanjx.com\/wp-content\/uploads\/2025\/10\/OR-GR24032\u5927\u5e45\u9762-2-500x281.png 500w, https:\/\/aoxuanjx.com\/wp-content\/uploads\/2025\/10\/OR-GR24032\u5927\u5e45\u9762-2-300x169.png 300w, https:\/\/aoxuanjx.com\/wp-content\/uploads\/2025\/10\/OR-GR24032\u5927\u5e45\u9762-2-768x432.png 768w, https:\/\/aoxuanjx.com\/wp-content\/uploads\/2025\/10\/OR-GR24032\u5927\u5e45\u9762-2-18x10.png 18w, https:\/\/aoxuanjx.com\/wp-content\/uploads\/2025\/10\/OR-GR24032\u5927\u5e45\u9762-2-133x75.png 133w, https:\/\/aoxuanjx.com\/wp-content\/uploads\/2025\/10\/OR-GR24032\u5927\u5e45\u9762-2-484x272.png 484w, https:\/\/aoxuanjx.com\/wp-content\/uploads\/2025\/10\/OR-GR24032\u5927\u5e45\u9762-2-800x450.png 800w\" sizes=\"(max-width:767px) 484px, (max-width:943px) 100vw, 943px\" \/><\/p>\n<ol>\n<li>FUENTE DE POTENCIA L\u00c1SER IPG\/RAYCUS\/MAX<\/li>\n<li>\u00a0DISE\u00d1O TODO EN UNO QUE AHORRA ESPACIO<\/li>\n<li>\u00a0CABEZAL L\u00c1SER DISE\u00d1ADO POR RAYTOOS<\/li>\n<li>REDUCCI\u00d3N DE ALTA PRECISI\u00d3N<\/li>\n<li>SISTEMA DE ENFOQUE AUTOM\u00c1TICO<\/li>\n<li>SERVOMOTORES Y ACCIONAMIENTOS SCHNEIDER AVANZADOS<\/li>\n<li style=\"text-align: left;\">Cremallera de alta precisi\u00f3n<\/li>\n<li>P\u00d3RTICO DE GRADO AEROESPACIAL<\/li>\n<li>BANCO DE TRABAJO DE CORTE CON HOJA DE DIENTE DE SIERRA<\/li>\n<li>PANTALLA DE COMPUTADORA CON BRAZO OSCILANTE<\/li>\n<li>SOFTWARE CYPCUT<\/li>\n<li>SISTEMA AUTOM\u00c1TICO DE GAS\/LUBRICACI\u00d3N<\/li>\n<li>SISTEMA DE RECOLECCI\u00d3N DE ESCOMBROS<\/li>\n<li>ENFRIADOR DE AGUA INDUSTRIAL INCLUIDO etc\u2026<\/li>\n<li>TRANSFORMADOR Y ENSAMBLADO EN CHINA<\/li>\n<\/ol>\n<h1><\/h1>\n<h1><\/h1>\n<p><img decoding=\"async\" class=\"alignleft wp-image-1244 size-full\" src=\"https:\/\/aoxuanjx.com\/wp-content\/uploads\/2025\/10\/OR-G13025\u5927\u5e45\u9762.134.png\" alt=\"\" width=\"2560\" height=\"1439\" srcset=\"https:\/\/aoxuanjx.com\/wp-content\/uploads\/2025\/10\/OR-G13025\u5927\u5e45\u9762.134.png 2560w, https:\/\/aoxuanjx.com\/wp-content\/uploads\/2025\/10\/OR-G13025\u5927\u5e45\u9762.134-500x281.png 500w, https:\/\/aoxuanjx.com\/wp-content\/uploads\/2025\/10\/OR-G13025\u5927\u5e45\u9762.134-1200x675.png 1200w, https:\/\/aoxuanjx.com\/wp-content\/uploads\/2025\/10\/OR-G13025\u5927\u5e45\u9762.134-300x169.png 300w, https:\/\/aoxuanjx.com\/wp-content\/uploads\/2025\/10\/OR-G13025\u5927\u5e45\u9762.134-768x432.png 768w, https:\/\/aoxuanjx.com\/wp-content\/uploads\/2025\/10\/OR-G13025\u5927\u5e45\u9762.134-1536x863.png 1536w, https:\/\/aoxuanjx.com\/wp-content\/uploads\/2025\/10\/OR-G13025\u5927\u5e45\u9762.134-2048x1151.png 2048w, https:\/\/aoxuanjx.com\/wp-content\/uploads\/2025\/10\/OR-G13025\u5927\u5e45\u9762.134-18x10.png 18w, https:\/\/aoxuanjx.com\/wp-content\/uploads\/2025\/10\/OR-G13025\u5927\u5e45\u9762.134-133x75.png 133w, https:\/\/aoxuanjx.com\/wp-content\/uploads\/2025\/10\/OR-G13025\u5927\u5e45\u9762.134-484x272.png 484w, https:\/\/aoxuanjx.com\/wp-content\/uploads\/2025\/10\/OR-G13025\u5927\u5e45\u9762.134-800x450.png 800w\" sizes=\"(max-width:767px) 484px, (max-width:2560px) 100vw, 2560px\" \/><\/p>\n<h1><\/h1>\n<p>&nbsp;<\/p>\n<p>&nbsp;<\/p>\n<h1 style=\"text-align: center;\">PAR\u00c1METROS DEL EQUIPO<\/h1>\n<hr \/>\n<h6 style=\"text-align: left;\"><span style=\"color: #008000;\"><strong>\u00a0 \u00a0 <img loading=\"lazy\" decoding=\"async\" class=\"alignleft size-full wp-image-1201\" src=\"https:\/\/aoxuanjx.com\/wp-content\/uploads\/2025\/10\/\u6fc0\u5149\u53c2\u6570.jpg\" alt=\"\" width=\"1363\" height=\"750\" srcset=\"https:\/\/aoxuanjx.com\/wp-content\/uploads\/2025\/10\/\u6fc0\u5149\u53c2\u6570.jpg 1363w, https:\/\/aoxuanjx.com\/wp-content\/uploads\/2025\/10\/\u6fc0\u5149\u53c2\u6570-500x275.jpg 500w, https:\/\/aoxuanjx.com\/wp-content\/uploads\/2025\/10\/\u6fc0\u5149\u53c2\u6570-1200x660.jpg 1200w, https:\/\/aoxuanjx.com\/wp-content\/uploads\/2025\/10\/\u6fc0\u5149\u53c2\u6570-300x165.jpg 300w, https:\/\/aoxuanjx.com\/wp-content\/uploads\/2025\/10\/\u6fc0\u5149\u53c2\u6570-768x423.jpg 768w, https:\/\/aoxuanjx.com\/wp-content\/uploads\/2025\/10\/\u6fc0\u5149\u53c2\u6570-18x10.jpg 18w, https:\/\/aoxuanjx.com\/wp-content\/uploads\/2025\/10\/\u6fc0\u5149\u53c2\u6570-136x75.jpg 136w, https:\/\/aoxuanjx.com\/wp-content\/uploads\/2025\/10\/\u6fc0\u5149\u53c2\u6570-484x266.jpg 484w, https:\/\/aoxuanjx.com\/wp-content\/uploads\/2025\/10\/\u6fc0\u5149\u53c2\u6570-800x440.jpg 800w\" sizes=\"(max-width:767px) 484px, (max-width:1363px) 100vw, 1363px\" \/>\u00a0 \u00a0 \u00a0 \u00a0 \u00a0<\/strong><\/span><\/h6>\n<p>&nbsp;<\/p>\n<p>&nbsp;<\/p>\n<p>&nbsp;<\/p>\n<h1><\/h1>\n<h1><\/h1>\n<h1><\/h1>\n<h1><\/h1>\n<h1><\/h1>\n<h1><\/h1>\n<h1><\/h1>\n<h1><\/h1>\n<h1><\/h1>\n<h1><\/h1>\n<h1 style=\"text-align: center;\">PRECISI\u00d3N DE PROCESAMIENTO DE EQUIPOS<\/h1>\n<hr \/>\n<h6 style=\"text-align: center;\"><strong><span style=\"color: #008000;\">Precisi\u00f3n de corte circular de \u03c630 mm\u00a0<\/span> \u00a0<span style=\"color: #008000;\">\u00a0 \u00a0 \u00a0 \u00a0 \u00a0 \u00a0 \u00a0 \u00a0 \u00a0 \u00a0 \u00a0 \u00a0 \u00a0 \u00a0 \u00a0 \u00a0 \u00a0 \u00a0 \u00a0 \u00a0 \u00a0 \u00a0 \u00a0 \u00a0 \u00a0 \u00a0 \u00a0 \u00a0 \u00a0 \u00a0 \u00a0 \u00a0Precisi\u00f3n de corte adyacente de \u03c630 mm Precisi\u00f3n de corte adyacente de \u03c6200 mm<\/span><\/strong><\/h6>\n<p style=\"text-align: center;\">0,05-0,08 mm 0,02-0,04 mm 0,04-0,06 mm<\/p>\n<p>&nbsp;<\/p>\n<h6 style=\"text-align: center;\"><span style=\"color: #008000;\"><strong>Precisi\u00f3n de corte diagonal de \u03c6200 mm<\/strong><\/span><\/h6>\n<p style=\"text-align: center;\">0,05-0,07 mil\u00edmetros<\/p>\n<p>&nbsp;<\/p>\n<p style=\"text-align: center;\">T\u00fa eliges el poder del l\u00e1ser<\/p>\n<p>&nbsp;<\/p>\n<h1><\/h1>\n<h1><\/h1>\n<h1 style=\"text-align: center;\">T\u00fa eliges el poder del l\u00e1ser<\/h1>\n<hr \/>\n<p>&nbsp;<\/p>\n<p><img loading=\"lazy\" decoding=\"async\" class=\"wp-image-1102 aligncenter\" src=\"https:\/\/aoxuanjx.com\/wp-content\/uploads\/2025\/10\/material-thickness-\u56fe\u7247.png\" alt=\"\" width=\"1062\" height=\"939\" srcset=\"https:\/\/aoxuanjx.com\/wp-content\/uploads\/2025\/10\/material-thickness-\u56fe\u7247.png 800w, https:\/\/aoxuanjx.com\/wp-content\/uploads\/2025\/10\/material-thickness-\u56fe\u7247-500x442.png 500w, https:\/\/aoxuanjx.com\/wp-content\/uploads\/2025\/10\/material-thickness-\u56fe\u7247-300x265.png 300w, https:\/\/aoxuanjx.com\/wp-content\/uploads\/2025\/10\/material-thickness-\u56fe\u7247-768x679.png 768w, https:\/\/aoxuanjx.com\/wp-content\/uploads\/2025\/10\/material-thickness-\u56fe\u7247-14x12.png 14w, https:\/\/aoxuanjx.com\/wp-content\/uploads\/2025\/10\/material-thickness-\u56fe\u7247-85x75.png 85w, https:\/\/aoxuanjx.com\/wp-content\/uploads\/2025\/10\/material-thickness-\u56fe\u7247-484x428.png 484w\" sizes=\"(max-width:767px) 484px, (max-width:1062px) 100vw, 1062px\" \/><\/p>\n<h5 style=\"text-align: center;\">\u00a0 \u00a0 \u00a0 \u00a0 \u00a0 \u00a0 \u00a0 \u00a0 \u00a0 \u00a0 \u00a0 \u00a0 \u00a0 \u00a0 \u00a0 La potencia del l\u00e1ser puede variar de 1,5 a 4 kW dependiendo del espesor y la calidad del material a cortar.<\/h5>\n<p>&nbsp;<\/p>\n<h5 style=\"text-align: center;\">\u00a0 \u00a0 \u00a0 \u00a0 \u00a0 \u00a0 \u00a0 \u00a0 \u00a0 \u00a0 \u00a0 \u00a0 \u00a0 \u00a0 \u00a0 \u00a0 \u00a0 \u00a0 \u00a0Pregunte en la oficina de ventas para obtener m\u00e1s informaci\u00f3n para elegir la potencia adecuada a sus necesidades.<\/h5>\n<p>&nbsp;<\/p>\n<p>&nbsp;<\/p>\n<hr \/>\n<p><img loading=\"lazy\" decoding=\"async\" class=\"wp-image-1103 aligncenter\" src=\"https:\/\/aoxuanjx.com\/wp-content\/uploads\/2025\/10\/\u6fc0\u5149\u5c3a\u5bf8\u56fe.jpg\" alt=\"\" width=\"1944\" height=\"855\" srcset=\"https:\/\/aoxuanjx.com\/wp-content\/uploads\/2025\/10\/\u6fc0\u5149\u5c3a\u5bf8\u56fe.jpg 1846w, https:\/\/aoxuanjx.com\/wp-content\/uploads\/2025\/10\/\u6fc0\u5149\u5c3a\u5bf8\u56fe-500x220.jpg 500w, https:\/\/aoxuanjx.com\/wp-content\/uploads\/2025\/10\/\u6fc0\u5149\u5c3a\u5bf8\u56fe-1200x528.jpg 1200w, https:\/\/aoxuanjx.com\/wp-content\/uploads\/2025\/10\/\u6fc0\u5149\u5c3a\u5bf8\u56fe-300x132.jpg 300w, https:\/\/aoxuanjx.com\/wp-content\/uploads\/2025\/10\/\u6fc0\u5149\u5c3a\u5bf8\u56fe-768x338.jpg 768w, https:\/\/aoxuanjx.com\/wp-content\/uploads\/2025\/10\/\u6fc0\u5149\u5c3a\u5bf8\u56fe-1536x676.jpg 1536w, https:\/\/aoxuanjx.com\/wp-content\/uploads\/2025\/10\/\u6fc0\u5149\u5c3a\u5bf8\u56fe-18x8.jpg 18w, https:\/\/aoxuanjx.com\/wp-content\/uploads\/2025\/10\/\u6fc0\u5149\u5c3a\u5bf8\u56fe-150x66.jpg 150w, https:\/\/aoxuanjx.com\/wp-content\/uploads\/2025\/10\/\u6fc0\u5149\u5c3a\u5bf8\u56fe-484x213.jpg 484w, https:\/\/aoxuanjx.com\/wp-content\/uploads\/2025\/10\/\u6fc0\u5149\u5c3a\u5bf8\u56fe-800x352.jpg 800w\" sizes=\"(max-width:767px) 484px, (max-width:1944px) 100vw, 1944px\" \/><\/p>\n<p>&nbsp;<\/p>\n<p>&nbsp;<\/p>\n<p>&nbsp;<\/p>\n<p>&nbsp;<\/p>\n<p>&nbsp;<\/p>\n<p>&nbsp;<\/p>\n<h2><\/h2>\n<h2><\/h2>\n<h2><\/h2>\n<h2><\/h2>\n<h2><\/h2>\n<h2><\/h2>\n<h2><\/h2>\n<h6><span style=\"color: #008000;\">\u00a0 \u00a0 \u00a0 \u00a0 \u00a0 \u00a0 \u00a0 \u00a0 \u00a0 \u00a0 \u00a0 \u00a0 \u00a0 \u00a0 \u00a0 \u00a0 \u00a0 \u00a0 \u00a0 \u00a0 \u00a0 \u00a0 \u00a0 \u00a0 \u00a0 \u00a0 \u00a0 \u00a0 \u00a0 \u00a0 \u00a0 \u00a0 \u00a0 \u00a0 \u00a0 \u00a0 \u00a0 \u00a0 \u00a0 \u00a0 \u00a0 \u00a0 \u00a0 \u00a0 \u00a0 \u00a0 \u00a0 \u00a0 \u00a0Garant\u00eda de 2 a\u00f1os en equipos l\u00e1ser: rendimiento confiable garantizado<\/span><\/h6>\n<p><span data-type=\"text\">\u00a0 \u00a0 \u00a0 \u00a0 \u00a0 \u00a0 \u00a0 \u00a0 \u00a0 \u00a0 \u00a0 \u00a0 \u00a0 \u00a0 \u00a0 \u00a0 \u00a0 \u00a0 \u00a0 \u00a0 \u00a0 \u00a0El equipo l\u00e1ser cuenta con una garant\u00eda de 2 a\u00f1os. Durante este per\u00edodo, si el dispositivo presenta alg\u00fan fallo de funcionamiento debido a defectos de fabricaci\u00f3n... <\/span><\/p>\n<p><span data-type=\"text\">\u00a0 \u00a0 \u00a0 \u00a0 \u00a0 \u00a0 \u00a0 \u00a0 \u00a0 \u00a0 \u00a0 \u00a0 \u00a0 \u00a0 \u00a0 \u00a0 \u00a0 \u00a0 \u00a0 \u00a0 \u00a0 \u00a0Si tiene defectos o problemas de material, le ofreceremos servicios gratuitos de reparaci\u00f3n o reemplazo. La garant\u00eda cubre los componentes principales del l\u00e1ser. <\/span><\/p>\n<p><span data-type=\"text\">\u00a0 \u00a0 \u00a0 \u00a0 \u00a0 \u00a0 \u00a0 \u00a0 \u00a0 \u00a0 \u00a0 \u00a0 \u00a0 \u00a0 \u00a0 \u00a0 \u00a0 \u00a0 \u00a0 \u00a0 \u00a0 \u00a0 \u00a0 y componentes originales suministrados en el momento del env\u00edo, pero no incluye problemas ocasionados por un funcionamiento incorrecto, <\/span><\/p>\n<p><span data-type=\"text\">\u00a0 \u00a0 \u00a0 \u00a0 \u00a0 \u00a0 \u00a0 \u00a0 \u00a0 \u00a0 \u00a0 \u00a0 \u00a0 \u00a0 \u00a0 \u00a0 \u00a0 \u00a0 \u00a0 \u00a0 \u00a0 Da\u00f1os accidentales o reparaciones no autorizadas. Nos comprometemos a garantizar la estabilidad y la fiabilidad durante su uso, brind\u00e1ndole <\/span><\/p>\n<p><span data-type=\"text\">\u00a0 \u00a0 \u00a0 \u00a0 \u00a0 \u00a0 \u00a0 \u00a0 \u00a0 \u00a0 \u00a0 \u00a0 \u00a0 \u00a0 \u00a0 \u00a0 \u00a0 \u00a0 \u00a0 \u00a0 \u00a0 \u00a0 \u00a0 \u00a0 \u00a0 \u00a0 \u00a0 \u00a0 \u00a0 \u00a0 \u00a0 \u00a0 \u00a0 \u00a0 \u00a0 \u00a0 \u00a0 \u00a0 \u00a0 \u00a0 \u00a0 \u00a0 \u00a0 \u00a0 \u00a0 \u00a0 \u00a0 \u00a0 \u00a0 \u00a0 \u00a0 \u00a0 \u00a0 \u00a0Tranquilidad de esp\u00edritu en sus operaciones de producci\u00f3n.<\/span><\/p>\n<h6><span style=\"color: #008000;\">\u00a0 \u00a0 \u00a0 \u00a0 \u00a0 \u00a0 \u00a0 \u00a0 \u00a0 \u00a0 \u00a0 \u00a0 \u00a0 \u00a0 \u00a0 \u00a0 \u00a0 \u00a0 \u00a0 \u00a0 \u00a0 \u00a0 \u00a0 \u00a0 \u00a0 \u00a0 \u00a0 \u00a0 \u00a0 \u00a0 \u00a0 \u00a0 \u00a0 \u00a0 \u00a0 \u00a0 \u00a0 \u00a0 \u00a0 \u00a0 \u00a0 \u00a0 \u00a0 \u00a0 \u00a0 \u00a0 \u00a0 \u00a0 \u00a0 \u00a0 \u00a0 \u00a0 \u00a0Soporte t\u00e9cnico de por vida incluido con cada compra de m\u00e1quina<\/span><\/h6>\n<p>&nbsp;<\/p>\n<p><img loading=\"lazy\" decoding=\"async\" class=\"alignleft wp-image-951\" src=\"https:\/\/aoxuanjx.com\/wp-content\/uploads\/2025\/09\/gong2.jpg\" alt=\"\" width=\"1429\" height=\"1191\" srcset=\"https:\/\/aoxuanjx.com\/wp-content\/uploads\/2025\/09\/gong2.jpg 600w, https:\/\/aoxuanjx.com\/wp-content\/uploads\/2025\/09\/gong2-500x417.jpg 500w, https:\/\/aoxuanjx.com\/wp-content\/uploads\/2025\/09\/gong2-300x250.jpg 300w, https:\/\/aoxuanjx.com\/wp-content\/uploads\/2025\/09\/gong2-14x12.jpg 14w, https:\/\/aoxuanjx.com\/wp-content\/uploads\/2025\/09\/gong2-90x75.jpg 90w, https:\/\/aoxuanjx.com\/wp-content\/uploads\/2025\/09\/gong2-484x403.jpg 484w\" sizes=\"(max-width:767px) 484px, (max-width:1429px) 100vw, 1429px\" \/><\/p>","protected":false},"excerpt":{"rendered":"<h6>Esta m\u00e1quina est\u00e1 desarrollada espec\u00edficamente para cortar chapas medianas y delgadas (\u226430 mm).<\/h6>\n<h6>Es compacto con estructura de estilo abierto y ofrece dos configuraciones diferentes.<\/h6>\n<h6>Tanto su hardware como su software se han actualizado recientemente para satisfacer mejor las necesidades reales de los usuarios.<\/h6>\n<h6 style=\"text-align: left;\">Un contenedor de 40HQ puede albergar 6 juegos de 3015NP, lo que permite un embalaje LCL a un coste de flete mucho menor.<\/h6>","protected":false},"featured_media":1245,"template":"","meta":[],"product_brand":[39],"product_cat":[32],"product_tag":[],"class_list":{"0":"post-1239","1":"product","2":"type-product","3":"status-publish","4":"has-post-thumbnail","6":"product_brand-aoxuanzg","7":"product_cat-fiber-laser-cutting-machine","9":"first","10":"instock","11":"shipping-taxable","12":"product-type-external"},"yoast_head":"<!-- This site is optimized with the Yoast SEO plugin v25.6 - https:\/\/yoast.com\/wordpress\/plugins\/seo\/ -->\n<title>High-Power Large-Format Fiber Laser Cutting Machine for Industrial Precision Processing - Anhui Aoxuan Machinery Equipment Co.,Ltd<\/title>\n<meta name=\"robots\" content=\"index, follow, max-snippet:-1, max-image-preview:large, max-video-preview:-1\" \/>\n<link rel=\"canonical\" href=\"https:\/\/aoxuanjx.com\/es\/producto\/high-power-large-format-fiber-laser-cutting-machine-for-industrial-precision-processing\/\" \/>\n<meta property=\"og:locale\" content=\"es_ES\" \/>\n<meta property=\"og:type\" content=\"article\" \/>\n<meta property=\"og:title\" content=\"High-Power Large-Format Fiber Laser Cutting Machine for Industrial Precision Processing - Anhui Aoxuan Machinery Equipment Co.,Ltd\" \/>\n<meta property=\"og:description\" content=\"This machine is specifically developed for cutting medium and thin (\u226430mm) sheet. It is compact with open-style structure and offers two different configurations. Both its hardware and software have been recently upgraded to better meet actual needs of users. A 40HQ container can accommodate 6 sets of 3015NP, allowing for LCL packaging at much less freights.\" \/>\n<meta property=\"og:url\" content=\"https:\/\/aoxuanjx.com\/es\/producto\/high-power-large-format-fiber-laser-cutting-machine-for-industrial-precision-processing\/\" \/>\n<meta property=\"og:site_name\" content=\"Anhui Aoxuan Machinery Equipment Co.,Ltd\" \/>\n<meta property=\"og:image\" content=\"https:\/\/aoxuanjx.com\/wp-content\/uploads\/2025\/10\/OR-G13025\u5927\u5e45\u9762.136.png\" \/>\n\t<meta property=\"og:image:width\" content=\"2560\" \/>\n\t<meta property=\"og:image:height\" content=\"1439\" \/>\n\t<meta property=\"og:image:type\" content=\"image\/png\" \/>\n<meta name=\"twitter:card\" content=\"summary_large_image\" \/>\n<meta name=\"twitter:label1\" content=\"Tiempo de lectura\" \/>\n\t<meta name=\"twitter:data1\" content=\"4 minutos\" \/>\n<script type=\"application\/ld+json\" class=\"yoast-schema-graph\">{\"@context\":\"https:\/\/schema.org\",\"@graph\":[{\"@type\":\"WebPage\",\"@id\":\"https:\/\/aoxuanjx.com\/product\/high-power-large-format-fiber-laser-cutting-machine-for-industrial-precision-processing\/\",\"url\":\"https:\/\/aoxuanjx.com\/product\/high-power-large-format-fiber-laser-cutting-machine-for-industrial-precision-processing\/\",\"name\":\"High-Power Large-Format Fiber Laser Cutting Machine for Industrial Precision Processing - Anhui Aoxuan Machinery Equipment Co.,Ltd\",\"isPartOf\":{\"@id\":\"https:\/\/aoxuanjx.com\/#website\"},\"primaryImageOfPage\":{\"@id\":\"https:\/\/aoxuanjx.com\/product\/high-power-large-format-fiber-laser-cutting-machine-for-industrial-precision-processing\/#primaryimage\"},\"image\":{\"@id\":\"https:\/\/aoxuanjx.com\/product\/high-power-large-format-fiber-laser-cutting-machine-for-industrial-precision-processing\/#primaryimage\"},\"thumbnailUrl\":\"https:\/\/aoxuanjx.com\/wp-content\/uploads\/2025\/10\/OR-G13025\u5927\u5e45\u9762.136.png\",\"datePublished\":\"2025-10-16T08:26:19+00:00\",\"breadcrumb\":{\"@id\":\"https:\/\/aoxuanjx.com\/product\/high-power-large-format-fiber-laser-cutting-machine-for-industrial-precision-processing\/#breadcrumb\"},\"inLanguage\":\"es\",\"potentialAction\":[{\"@type\":\"ReadAction\",\"target\":[\"https:\/\/aoxuanjx.com\/product\/high-power-large-format-fiber-laser-cutting-machine-for-industrial-precision-processing\/\"]}]},{\"@type\":\"ImageObject\",\"inLanguage\":\"es\",\"@id\":\"https:\/\/aoxuanjx.com\/product\/high-power-large-format-fiber-laser-cutting-machine-for-industrial-precision-processing\/#primaryimage\",\"url\":\"https:\/\/aoxuanjx.com\/wp-content\/uploads\/2025\/10\/OR-G13025\u5927\u5e45\u9762.136.png\",\"contentUrl\":\"https:\/\/aoxuanjx.com\/wp-content\/uploads\/2025\/10\/OR-G13025\u5927\u5e45\u9762.136.png\",\"width\":2560,\"height\":1439},{\"@type\":\"BreadcrumbList\",\"@id\":\"https:\/\/aoxuanjx.com\/product\/high-power-large-format-fiber-laser-cutting-machine-for-industrial-precision-processing\/#breadcrumb\",\"itemListElement\":[{\"@type\":\"ListItem\",\"position\":1,\"name\":\"Home\",\"item\":\"https:\/\/aoxuanjx.com\/\"},{\"@type\":\"ListItem\",\"position\":2,\"name\":\"Product\",\"item\":\"https:\/\/aoxuanjx.com\/product\/\"},{\"@type\":\"ListItem\",\"position\":3,\"name\":\"High-Power Large-Format Fiber Laser Cutting Machine for Industrial Precision Processing\"}]},{\"@type\":\"WebSite\",\"@id\":\"https:\/\/aoxuanjx.com\/#website\",\"url\":\"https:\/\/aoxuanjx.com\/\",\"name\":\"Anhui Aoxuan Machinery Equipment Co.,Ltd\",\"description\":\"Anhui Aoxuan Machinery Equipment Co.,Ltd\",\"potentialAction\":[{\"@type\":\"SearchAction\",\"target\":{\"@type\":\"EntryPoint\",\"urlTemplate\":\"https:\/\/aoxuanjx.com\/?s={search_term_string}\"},\"query-input\":{\"@type\":\"PropertyValueSpecification\",\"valueRequired\":true,\"valueName\":\"search_term_string\"}}],\"inLanguage\":\"es\"}]}<\/script>\n<!-- \/ Yoast SEO plugin. -->","yoast_head_json":{"title":"High-Power Large-Format Fiber Laser Cutting Machine for Industrial Precision Processing - Anhui Aoxuan Machinery Equipment Co.,Ltd","robots":{"index":"index","follow":"follow","max-snippet":"max-snippet:-1","max-image-preview":"max-image-preview:large","max-video-preview":"max-video-preview:-1"},"canonical":"https:\/\/aoxuanjx.com\/es\/producto\/high-power-large-format-fiber-laser-cutting-machine-for-industrial-precision-processing\/","og_locale":"es_ES","og_type":"article","og_title":"High-Power Large-Format Fiber Laser Cutting Machine for Industrial Precision Processing - Anhui Aoxuan Machinery Equipment Co.,Ltd","og_description":"This machine is specifically developed for cutting medium and thin (\u226430mm) sheet. It is compact with open-style structure and offers two different configurations. Both its hardware and software have been recently upgraded to better meet actual needs of users. A 40HQ container can accommodate 6 sets of 3015NP, allowing for LCL packaging at much less freights.","og_url":"https:\/\/aoxuanjx.com\/es\/producto\/high-power-large-format-fiber-laser-cutting-machine-for-industrial-precision-processing\/","og_site_name":"Anhui Aoxuan Machinery Equipment Co.,Ltd","og_image":[{"width":2560,"height":1439,"url":"https:\/\/aoxuanjx.com\/wp-content\/uploads\/2025\/10\/OR-G13025\u5927\u5e45\u9762.136.png","type":"image\/png"}],"twitter_card":"summary_large_image","twitter_misc":{"Tiempo de lectura":"4 minutos"},"schema":{"@context":"https:\/\/schema.org","@graph":[{"@type":"WebPage","@id":"https:\/\/aoxuanjx.com\/product\/high-power-large-format-fiber-laser-cutting-machine-for-industrial-precision-processing\/","url":"https:\/\/aoxuanjx.com\/product\/high-power-large-format-fiber-laser-cutting-machine-for-industrial-precision-processing\/","name":"High-Power Large-Format Fiber Laser Cutting Machine for Industrial Precision Processing - Anhui Aoxuan Machinery Equipment Co.,Ltd","isPartOf":{"@id":"https:\/\/aoxuanjx.com\/#website"},"primaryImageOfPage":{"@id":"https:\/\/aoxuanjx.com\/product\/high-power-large-format-fiber-laser-cutting-machine-for-industrial-precision-processing\/#primaryimage"},"image":{"@id":"https:\/\/aoxuanjx.com\/product\/high-power-large-format-fiber-laser-cutting-machine-for-industrial-precision-processing\/#primaryimage"},"thumbnailUrl":"https:\/\/aoxuanjx.com\/wp-content\/uploads\/2025\/10\/OR-G13025\u5927\u5e45\u9762.136.png","datePublished":"2025-10-16T08:26:19+00:00","breadcrumb":{"@id":"https:\/\/aoxuanjx.com\/product\/high-power-large-format-fiber-laser-cutting-machine-for-industrial-precision-processing\/#breadcrumb"},"inLanguage":"es","potentialAction":[{"@type":"ReadAction","target":["https:\/\/aoxuanjx.com\/product\/high-power-large-format-fiber-laser-cutting-machine-for-industrial-precision-processing\/"]}]},{"@type":"ImageObject","inLanguage":"es","@id":"https:\/\/aoxuanjx.com\/product\/high-power-large-format-fiber-laser-cutting-machine-for-industrial-precision-processing\/#primaryimage","url":"https:\/\/aoxuanjx.com\/wp-content\/uploads\/2025\/10\/OR-G13025\u5927\u5e45\u9762.136.png","contentUrl":"https:\/\/aoxuanjx.com\/wp-content\/uploads\/2025\/10\/OR-G13025\u5927\u5e45\u9762.136.png","width":2560,"height":1439},{"@type":"BreadcrumbList","@id":"https:\/\/aoxuanjx.com\/product\/high-power-large-format-fiber-laser-cutting-machine-for-industrial-precision-processing\/#breadcrumb","itemListElement":[{"@type":"ListItem","position":1,"name":"Home","item":"https:\/\/aoxuanjx.com\/"},{"@type":"ListItem","position":2,"name":"Product","item":"https:\/\/aoxuanjx.com\/product\/"},{"@type":"ListItem","position":3,"name":"High-Power Large-Format Fiber Laser Cutting Machine for Industrial Precision Processing"}]},{"@type":"WebSite","@id":"https:\/\/aoxuanjx.com\/#website","url":"https:\/\/aoxuanjx.com\/","name":"Anhui Aoxuan Machinery Equipment Co.,Ltd","description":"Anhui Aoxuan Machinery Equipment Co.,Ltd","potentialAction":[{"@type":"SearchAction","target":{"@type":"EntryPoint","urlTemplate":"https:\/\/aoxuanjx.com\/?s={search_term_string}"},"query-input":{"@type":"PropertyValueSpecification","valueRequired":true,"valueName":"search_term_string"}}],"inLanguage":"es"}]}},"_links":{"self":[{"href":"https:\/\/aoxuanjx.com\/es\/wp-json\/wp\/v2\/product\/1239","targetHints":{"allow":["GET"]}}],"collection":[{"href":"https:\/\/aoxuanjx.com\/es\/wp-json\/wp\/v2\/product"}],"about":[{"href":"https:\/\/aoxuanjx.com\/es\/wp-json\/wp\/v2\/types\/product"}],"version-history":[{"count":5,"href":"https:\/\/aoxuanjx.com\/es\/wp-json\/wp\/v2\/product\/1239\/revisions"}],"predecessor-version":[{"id":1254,"href":"https:\/\/aoxuanjx.com\/es\/wp-json\/wp\/v2\/product\/1239\/revisions\/1254"}],"wp:featuredmedia":[{"embeddable":true,"href":"https:\/\/aoxuanjx.com\/es\/wp-json\/wp\/v2\/media\/1245"}],"wp:attachment":[{"href":"https:\/\/aoxuanjx.com\/es\/wp-json\/wp\/v2\/media?parent=1239"}],"wp:term":[{"taxonomy":"product_brand","embeddable":true,"href":"https:\/\/aoxuanjx.com\/es\/wp-json\/wp\/v2\/product_brand?post=1239"},{"taxonomy":"product_cat","embeddable":true,"href":"https:\/\/aoxuanjx.com\/es\/wp-json\/wp\/v2\/product_cat?post=1239"},{"taxonomy":"product_tag","embeddable":true,"href":"https:\/\/aoxuanjx.com\/es\/wp-json\/wp\/v2\/product_tag?post=1239"}],"curies":[{"name":"wp","href":"https:\/\/api.w.org\/{rel}","templated":true}]}}