{"id":10,"date":"2022-12-08T14:01:40","date_gmt":"2022-12-08T14:01:40","guid":{"rendered":"https:\/\/aoxuanjx.com\/?page_id=10"},"modified":"2025-10-16T06:33:18","modified_gmt":"2025-10-16T06:33:18","slug":"about","status":"publish","type":"page","link":"https:\/\/aoxuanjx.com\/es\/about\/","title":{"rendered":"Acerca de"},"content":{"rendered":"<div data-elementor-type=\"wp-page\" data-elementor-id=\"10\" class=\"elementor elementor-10\">\n\t\t\t\t\t\t<section class=\"elementor-section elementor-top-section elementor-element elementor-element-4dc1e3a elementor-section-height-min-height elementor-section-items-bottom elementor-section-stretched elementor-section-boxed elementor-section-height-default\" data-id=\"4dc1e3a\" data-element_type=\"section\" data-settings=\"{&quot;stretch_section&quot;:&quot;section-stretched&quot;,&quot;background_background&quot;:&quot;classic&quot;}\">\n\t\t\t\t\t\t<div class=\"elementor-container elementor-column-gap-wider\">\n\t\t\t\t\t<div class=\"elementor-column elementor-col-100 elementor-top-column elementor-element elementor-element-e29b7b7\" data-id=\"e29b7b7\" data-element_type=\"column\">\n\t\t\t<div class=\"elementor-widget-wrap elementor-element-populated\">\n\t\t\t\t\t\t<section class=\"elementor-section elementor-inner-section elementor-element elementor-element-0853f99 elementor-section-boxed elementor-section-height-default elementor-section-height-default\" data-id=\"0853f99\" data-element_type=\"section\">\n\t\t\t\t\t\t<div class=\"elementor-container elementor-column-gap-default\">\n\t\t\t\t\t<div class=\"elementor-column elementor-col-100 elementor-inner-column elementor-element elementor-element-01ff8d3\" data-id=\"01ff8d3\" data-element_type=\"column\">\n\t\t\t<div class=\"elementor-widget-wrap elementor-element-populated\">\n\t\t\t\t\t\t<div class=\"elementor-element elementor-element-5bfc0f5 elementor-widget__width-auto elementor-invisible elementor-widget elementor-widget-heading\" data-id=\"5bfc0f5\" data-element_type=\"widget\" data-settings=\"{&quot;_animation&quot;:&quot;fadeInUp&quot;}\" data-widget_type=\"heading.default\">\n\t\t\t\t\t<h2 class=\"elementor-heading-title elementor-size-default\">ANOUTUS<\/h2>\t\t\t\t<\/div>\n\t\t\t\t\t<\/div>\n\t\t<\/div>\n\t\t\t\t\t<\/div>\n\t\t<\/section>\n\t\t\t\t\t<\/div>\n\t\t<\/div>\n\t\t\t\t\t<\/div>\n\t\t<\/section>\n\t\t\t\t<section class=\"elementor-section elementor-top-section elementor-element elementor-element-e6b2679 elementor-section-stretched elementor-section-boxed elementor-section-height-default elementor-section-height-default\" data-id=\"e6b2679\" data-element_type=\"section\" data-settings=\"{&quot;stretch_section&quot;:&quot;section-stretched&quot;}\">\n\t\t\t\t\t\t<div class=\"elementor-container elementor-column-gap-no\">\n\t\t\t\t\t<div class=\"elementor-column elementor-col-50 elementor-top-column elementor-element elementor-element-66b4c3d\" data-id=\"66b4c3d\" data-element_type=\"column\">\n\t\t\t<div class=\"elementor-widget-wrap elementor-element-populated\">\n\t\t\t\t\t\t<section class=\"elementor-section elementor-inner-section elementor-element elementor-element-5b3e274 elementor-section-boxed elementor-section-height-default elementor-section-height-default\" data-id=\"5b3e274\" data-element_type=\"section\">\n\t\t\t\t\t\t<div class=\"elementor-container elementor-column-gap-default\">\n\t\t\t\t\t<div class=\"elementor-column elementor-col-100 elementor-inner-column elementor-element elementor-element-1747387\" data-id=\"1747387\" data-element_type=\"column\">\n\t\t\t<div class=\"elementor-widget-wrap elementor-element-populated\">\n\t\t\t\t\t\t<div class=\"elementor-element elementor-element-5046e7a elementor-widget elementor-widget-image\" data-id=\"5046e7a\" data-element_type=\"widget\" data-widget_type=\"image.default\">\n\t\t\t\t\t\t\t\t\t\t\t\t\t\t\t<img fetchpriority=\"high\" decoding=\"async\" width=\"1200\" height=\"900\" src=\"https:\/\/aoxuanjx.com\/wp-content\/uploads\/2025\/09\/gongchang3.jpg\" class=\"attachment-large size-large wp-image-902\" alt=\"\" srcset=\"https:\/\/aoxuanjx.com\/wp-content\/uploads\/2025\/09\/gongchang3.jpg 1200w, https:\/\/aoxuanjx.com\/wp-content\/uploads\/2025\/09\/gongchang3-500x375.jpg 500w, https:\/\/aoxuanjx.com\/wp-content\/uploads\/2025\/09\/gongchang3-300x225.jpg 300w, https:\/\/aoxuanjx.com\/wp-content\/uploads\/2025\/09\/gongchang3-768x576.jpg 768w, https:\/\/aoxuanjx.com\/wp-content\/uploads\/2025\/09\/gongchang3-16x12.jpg 16w, https:\/\/aoxuanjx.com\/wp-content\/uploads\/2025\/09\/gongchang3-100x75.jpg 100w, https:\/\/aoxuanjx.com\/wp-content\/uploads\/2025\/09\/gongchang3-484x363.jpg 484w, https:\/\/aoxuanjx.com\/wp-content\/uploads\/2025\/09\/gongchang3-800x600.jpg 800w\" sizes=\"(max-width:767px) 484px, (max-width:1200px) 100vw, 1200px\" \/>\t\t\t\t\t\t\t\t\t\t\t\t\t\t\t<\/div>\n\t\t\t\t\t<\/div>\n\t\t<\/div>\n\t\t\t\t\t<\/div>\n\t\t<\/section>\n\t\t\t\t\t<\/div>\n\t\t<\/div>\n\t\t\t\t<div class=\"elementor-column elementor-col-50 elementor-top-column elementor-element elementor-element-b2d0537\" data-id=\"b2d0537\" data-element_type=\"column\">\n\t\t\t<div class=\"elementor-widget-wrap elementor-element-populated\">\n\t\t\t\t\t\t<section class=\"elementor-section elementor-inner-section elementor-element elementor-element-61ce089 elementor-section-boxed elementor-section-height-default elementor-section-height-default\" data-id=\"61ce089\" data-element_type=\"section\">\n\t\t\t\t\t\t<div class=\"elementor-container elementor-column-gap-default\">\n\t\t\t\t\t<div class=\"elementor-column elementor-col-100 elementor-inner-column elementor-element elementor-element-8af8838\" data-id=\"8af8838\" data-element_type=\"column\">\n\t\t\t<div class=\"elementor-widget-wrap elementor-element-populated\">\n\t\t\t\t\t\t<div class=\"elementor-element elementor-element-d20cbd4 elementor-widget elementor-widget-heading\" data-id=\"d20cbd4\" data-element_type=\"widget\" data-widget_type=\"heading.default\">\n\t\t\t\t\t<h3 class=\"elementor-heading-title elementor-size-default\">Anhui Aoxuan Maquinaria Equipo Co., Ltd.<\/h3>\t\t\t\t<\/div>\n\t\t\t\t\t<\/div>\n\t\t<\/div>\n\t\t\t\t\t<\/div>\n\t\t<\/section>\n\t\t\t\t<div class=\"elementor-element elementor-element-b16ad36 elementor-widget elementor-widget-text-editor\" data-id=\"b16ad36\" data-element_type=\"widget\" data-widget_type=\"text-editor.default\">\n\t\t\t\t\t\t\t\t\t<p>Anhui Aoxuan Machinery Equipment Co., Ltd. est\u00e1 ubicada en la ciudad de Maanshan, provincia de Anhui, y se especializa en investigaci\u00f3n y desarrollo, producci\u00f3n, ventas, servicio e integraci\u00f3n de equipos de doblado, cizallamiento y otros equipos de chapa met\u00e1lica CNC y de la empresa comercial e industrial.<\/p><p>Desde 2001, la empresa cuenta con un grupo de talentos cient\u00edficos y tecnol\u00f3gicos dedicados a la mecatr\u00f3nica, el control autom\u00e1tico y el dise\u00f1o. Despu\u00e9s de a\u00f1os de esfuerzos incansables, el desarrollo continuo con la ciencia y la tecnolog\u00eda combinadas con la pr\u00e1ctica.<\/p><p>Todo nuestro personal da la m\u00e1s sincera bienvenida a los clientes nacionales y extranjeros que desean visitarnos y esperamos tener un futuro brillante en cooperaci\u00f3n.<\/p>\t\t\t\t\t\t\t\t<\/div>\n\t\t\t\t\t<\/div>\n\t\t<\/div>\n\t\t\t\t\t<\/div>\n\t\t<\/section>\n\t\t\t\t<section class=\"elementor-section elementor-top-section elementor-element elementor-element-658afa1 elementor-section-stretched elementor-section-boxed elementor-section-height-default elementor-section-height-default\" data-id=\"658afa1\" data-element_type=\"section\" data-settings=\"{&quot;stretch_section&quot;:&quot;section-stretched&quot;,&quot;background_background&quot;:&quot;classic&quot;}\">\n\t\t\t\t\t\t<div class=\"elementor-container elementor-column-gap-default\">\n\t\t\t\t\t<div class=\"elementor-column elementor-col-100 elementor-top-column elementor-element elementor-element-1e0549d\" data-id=\"1e0549d\" data-element_type=\"column\">\n\t\t\t<div class=\"elementor-widget-wrap elementor-element-populated\">\n\t\t\t\t\t\t<div class=\"elementor-element elementor-element-86dc462 elementor-widget elementor-widget-heading\" data-id=\"86dc462\" data-element_type=\"widget\" data-widget_type=\"heading.default\">\n\t\t\t\t\t<h2 class=\"elementor-heading-title elementor-size-default\">A nuestros clientes<\/h2>\t\t\t\t<\/div>\n\t\t\t\t<div class=\"elementor-element elementor-element-0680152 elementor-widget elementor-widget-text-editor\" data-id=\"0680152\" data-element_type=\"widget\" data-widget_type=\"text-editor.default\">\n\t\t\t\t\t\t\t\t\t<h5>A los clientes: su demanda es nuestra fuerza impulsora, \u00a1esperamos que nuestros productos le traigan \u00e9xito!<br \/>Principio corporativo: la calidad primero, el cliente primero, basado en la integridad<br \/>Esp\u00edritu corporativo: pionero y emprendedor, seguir mejorando<br \/>Objetivos corporativos: dirigir una empresa de primera clase, crear una marca de primera clase<\/h5>\t\t\t\t\t\t\t\t<\/div>\n\t\t\t\t<div class=\"elementor-element elementor-element-921da20 gallery-spacing-custom elementor-widget elementor-widget-image-gallery\" data-id=\"921da20\" data-element_type=\"widget\" data-widget_type=\"image-gallery.default\">\n\t\t\t\t\t\t\t<div class=\"elementor-image-gallery\">\n\t\t\t\n\t\t\t<style type='text\/css'>\n\t\t\t\t#sc_gallery-1 {\n\t\t\t\t\tmargin: auto;\n\t\t\t\t}\n\t\t\t\t#sc_gallery-1 .gallery-item {\n\t\t\t\t\tfloat: left;\n\t\t\t\t\ttext-align: center;\n\t\t\t\t\twidth: 33.33%;\n\t\t\t\t}\n\t\t\t\t#sc_gallery-1 img {\n\t\t\t\t\tborder: 2px solid #cfcfcf;\n\t\t\t\t}\n\t\t\t\t\/* see sc_gallery() in functions\/theme-shortcodes.php *\/\n\t\t\t<\/style>\n\t\t<div id='sc_gallery-1' class='gallery galleryid-10 gallery-columns-3 gallery-size-full file element_classes gallery-default'><dl class='gallery-item'  data-title='gong1' data-description=''><div class='gallery-item-wrapper'>\n\t\t\t\t<dt class='gallery-icon landscape'>\n\t\t\t\t\t<a data-elementor-open-lightbox=\"yes\" data-elementor-lightbox-slideshow=\"921da20\" data-elementor-lightbox-title=\"gong1\" data-e-action-hash=\"#elementor-action%3Aaction%3Dlightbox%26settings%3DeyJpZCI6OTUwLCJ1cmwiOiJodHRwczpcL1wvYW94dWFuanguY29tXC93cC1jb250ZW50XC91cGxvYWRzXC8yMDI1XC8wOVwvZ29uZzEuanBnIiwic2xpZGVzaG93IjoiOTIxZGEyMCJ9\" href='https:\/\/aoxuanjx.com\/wp-content\/uploads\/2025\/09\/gong1.jpg'><img decoding=\"async\" width=\"600\" height=\"500\" src=\"https:\/\/aoxuanjx.com\/wp-content\/uploads\/2025\/09\/gong1.jpg\" class=\"attachment-full size-full\" alt=\"\" srcset=\"https:\/\/aoxuanjx.com\/wp-content\/uploads\/2025\/09\/gong1.jpg 600w, https:\/\/aoxuanjx.com\/wp-content\/uploads\/2025\/09\/gong1-500x417.jpg 500w, https:\/\/aoxuanjx.com\/wp-content\/uploads\/2025\/09\/gong1-300x250.jpg 300w, https:\/\/aoxuanjx.com\/wp-content\/uploads\/2025\/09\/gong1-14x12.jpg 14w, https:\/\/aoxuanjx.com\/wp-content\/uploads\/2025\/09\/gong1-90x75.jpg 90w, https:\/\/aoxuanjx.com\/wp-content\/uploads\/2025\/09\/gong1-484x403.jpg 484w\" sizes=\"(max-width:767px) 484px, 600px\" \/><\/a>\n\t\t\t\t<\/dt><\/div><\/dl><dl class='gallery-item'  data-title='gong2' data-description=''><div class='gallery-item-wrapper'>\n\t\t\t\t<dt class='gallery-icon landscape'>\n\t\t\t\t\t<a data-elementor-open-lightbox=\"yes\" data-elementor-lightbox-slideshow=\"921da20\" data-elementor-lightbox-title=\"gong2\" data-e-action-hash=\"#elementor-action%3Aaction%3Dlightbox%26settings%3DeyJpZCI6OTUxLCJ1cmwiOiJodHRwczpcL1wvYW94dWFuanguY29tXC93cC1jb250ZW50XC91cGxvYWRzXC8yMDI1XC8wOVwvZ29uZzIuanBnIiwic2xpZGVzaG93IjoiOTIxZGEyMCJ9\" href='https:\/\/aoxuanjx.com\/wp-content\/uploads\/2025\/09\/gong2.jpg'><img decoding=\"async\" width=\"600\" height=\"500\" src=\"https:\/\/aoxuanjx.com\/wp-content\/uploads\/2025\/09\/gong2.jpg\" class=\"attachment-full size-full\" alt=\"\" srcset=\"https:\/\/aoxuanjx.com\/wp-content\/uploads\/2025\/09\/gong2.jpg 600w, https:\/\/aoxuanjx.com\/wp-content\/uploads\/2025\/09\/gong2-500x417.jpg 500w, https:\/\/aoxuanjx.com\/wp-content\/uploads\/2025\/09\/gong2-300x250.jpg 300w, https:\/\/aoxuanjx.com\/wp-content\/uploads\/2025\/09\/gong2-14x12.jpg 14w, https:\/\/aoxuanjx.com\/wp-content\/uploads\/2025\/09\/gong2-90x75.jpg 90w, https:\/\/aoxuanjx.com\/wp-content\/uploads\/2025\/09\/gong2-484x403.jpg 484w\" sizes=\"(max-width:767px) 484px, 600px\" \/><\/a>\n\t\t\t\t<\/dt><\/div><\/dl><dl class='gallery-item'  data-title='gong3' data-description=''><div class='gallery-item-wrapper'>\n\t\t\t\t<dt class='gallery-icon landscape'>\n\t\t\t\t\t<a data-elementor-open-lightbox=\"yes\" data-elementor-lightbox-slideshow=\"921da20\" data-elementor-lightbox-title=\"gong3\" data-e-action-hash=\"#elementor-action%3Aaction%3Dlightbox%26settings%3DeyJpZCI6OTUyLCJ1cmwiOiJodHRwczpcL1wvYW94dWFuanguY29tXC93cC1jb250ZW50XC91cGxvYWRzXC8yMDI1XC8wOVwvZ29uZzMuanBnIiwic2xpZGVzaG93IjoiOTIxZGEyMCJ9\" href='https:\/\/aoxuanjx.com\/wp-content\/uploads\/2025\/09\/gong3.jpg'><img loading=\"lazy\" decoding=\"async\" width=\"600\" height=\"500\" src=\"https:\/\/aoxuanjx.com\/wp-content\/uploads\/2025\/09\/gong3.jpg\" class=\"attachment-full size-full\" alt=\"\" srcset=\"https:\/\/aoxuanjx.com\/wp-content\/uploads\/2025\/09\/gong3.jpg 600w, https:\/\/aoxuanjx.com\/wp-content\/uploads\/2025\/09\/gong3-500x417.jpg 500w, https:\/\/aoxuanjx.com\/wp-content\/uploads\/2025\/09\/gong3-300x250.jpg 300w, https:\/\/aoxuanjx.com\/wp-content\/uploads\/2025\/09\/gong3-14x12.jpg 14w, https:\/\/aoxuanjx.com\/wp-content\/uploads\/2025\/09\/gong3-90x75.jpg 90w, https:\/\/aoxuanjx.com\/wp-content\/uploads\/2025\/09\/gong3-484x403.jpg 484w\" sizes=\"(max-width:767px) 484px, 600px\" \/><\/a>\n\t\t\t\t<\/dt><\/div><\/dl><br style=\"clear: both\" \/><dl class='gallery-item'  data-title='gong4' data-description=''><div class='gallery-item-wrapper'>\n\t\t\t\t<dt class='gallery-icon landscape'>\n\t\t\t\t\t<a data-elementor-open-lightbox=\"yes\" data-elementor-lightbox-slideshow=\"921da20\" data-elementor-lightbox-title=\"gong4\" data-e-action-hash=\"#elementor-action%3Aaction%3Dlightbox%26settings%3DeyJpZCI6OTUzLCJ1cmwiOiJodHRwczpcL1wvYW94dWFuanguY29tXC93cC1jb250ZW50XC91cGxvYWRzXC8yMDI1XC8wOVwvZ29uZzQuanBnIiwic2xpZGVzaG93IjoiOTIxZGEyMCJ9\" href='https:\/\/aoxuanjx.com\/wp-content\/uploads\/2025\/09\/gong4.jpg'><img loading=\"lazy\" decoding=\"async\" width=\"600\" height=\"500\" src=\"https:\/\/aoxuanjx.com\/wp-content\/uploads\/2025\/09\/gong4.jpg\" class=\"attachment-full size-full\" alt=\"\" srcset=\"https:\/\/aoxuanjx.com\/wp-content\/uploads\/2025\/09\/gong4.jpg 600w, https:\/\/aoxuanjx.com\/wp-content\/uploads\/2025\/09\/gong4-500x417.jpg 500w, https:\/\/aoxuanjx.com\/wp-content\/uploads\/2025\/09\/gong4-300x250.jpg 300w, https:\/\/aoxuanjx.com\/wp-content\/uploads\/2025\/09\/gong4-14x12.jpg 14w, https:\/\/aoxuanjx.com\/wp-content\/uploads\/2025\/09\/gong4-90x75.jpg 90w, https:\/\/aoxuanjx.com\/wp-content\/uploads\/2025\/09\/gong4-484x403.jpg 484w\" sizes=\"(max-width:767px) 484px, 600px\" \/><\/a>\n\t\t\t\t<\/dt><\/div><\/dl><dl class='gallery-item'  data-title='factory press brake' data-description=''><div class='gallery-item-wrapper'>\n\t\t\t\t<dt class='gallery-icon landscape'>\n\t\t\t\t\t<a data-elementor-open-lightbox=\"yes\" data-elementor-lightbox-slideshow=\"921da20\" data-elementor-lightbox-title=\"factory press brake\" data-e-action-hash=\"#elementor-action%3Aaction%3Dlightbox%26settings%3DeyJpZCI6MTE3MiwidXJsIjoiaHR0cHM6XC9cL2FveHVhbmp4LmNvbVwvd3AtY29udGVudFwvdXBsb2Fkc1wvMjAyNVwvMTBcLzctc2NhbGVkLnBuZyIsInNsaWRlc2hvdyI6IjkyMWRhMjAifQ%3D%3D\" href='https:\/\/aoxuanjx.com\/wp-content\/uploads\/2025\/10\/7-scaled.png'><img loading=\"lazy\" decoding=\"async\" width=\"2560\" height=\"1922\" src=\"https:\/\/aoxuanjx.com\/wp-content\/uploads\/2025\/10\/7-scaled.png\" class=\"attachment-full size-full\" alt=\"\" srcset=\"https:\/\/aoxuanjx.com\/wp-content\/uploads\/2025\/10\/7-scaled.png 2560w, https:\/\/aoxuanjx.com\/wp-content\/uploads\/2025\/10\/7-500x375.png 500w, https:\/\/aoxuanjx.com\/wp-content\/uploads\/2025\/10\/7-1200x901.png 1200w, https:\/\/aoxuanjx.com\/wp-content\/uploads\/2025\/10\/7-300x225.png 300w, https:\/\/aoxuanjx.com\/wp-content\/uploads\/2025\/10\/7-768x577.png 768w, https:\/\/aoxuanjx.com\/wp-content\/uploads\/2025\/10\/7-1536x1153.png 1536w, https:\/\/aoxuanjx.com\/wp-content\/uploads\/2025\/10\/7-2048x1538.png 2048w, https:\/\/aoxuanjx.com\/wp-content\/uploads\/2025\/10\/7-16x12.png 16w, https:\/\/aoxuanjx.com\/wp-content\/uploads\/2025\/10\/7-100x75.png 100w, https:\/\/aoxuanjx.com\/wp-content\/uploads\/2025\/10\/7-484x363.png 484w, https:\/\/aoxuanjx.com\/wp-content\/uploads\/2025\/10\/7-800x601.png 800w\" sizes=\"(max-width:767px) 484px, (max-width:2560px) 100vw, 2560px\" \/><\/a>\n\t\t\t\t<\/dt><\/div><\/dl><dl class='gallery-item'  data-title='gong6' data-description=''><div class='gallery-item-wrapper'>\n\t\t\t\t<dt class='gallery-icon landscape'>\n\t\t\t\t\t<a data-elementor-open-lightbox=\"yes\" data-elementor-lightbox-slideshow=\"921da20\" data-elementor-lightbox-title=\"gong6\" data-e-action-hash=\"#elementor-action%3Aaction%3Dlightbox%26settings%3DeyJpZCI6OTU1LCJ1cmwiOiJodHRwczpcL1wvYW94dWFuanguY29tXC93cC1jb250ZW50XC91cGxvYWRzXC8yMDI1XC8wOVwvZ29uZzYuanBnIiwic2xpZGVzaG93IjoiOTIxZGEyMCJ9\" href='https:\/\/aoxuanjx.com\/wp-content\/uploads\/2025\/09\/gong6.jpg'><img loading=\"lazy\" decoding=\"async\" width=\"600\" height=\"500\" src=\"https:\/\/aoxuanjx.com\/wp-content\/uploads\/2025\/09\/gong6.jpg\" class=\"attachment-full size-full\" alt=\"\" srcset=\"https:\/\/aoxuanjx.com\/wp-content\/uploads\/2025\/09\/gong6.jpg 600w, https:\/\/aoxuanjx.com\/wp-content\/uploads\/2025\/09\/gong6-500x417.jpg 500w, https:\/\/aoxuanjx.com\/wp-content\/uploads\/2025\/09\/gong6-300x250.jpg 300w, https:\/\/aoxuanjx.com\/wp-content\/uploads\/2025\/09\/gong6-14x12.jpg 14w, https:\/\/aoxuanjx.com\/wp-content\/uploads\/2025\/09\/gong6-90x75.jpg 90w, https:\/\/aoxuanjx.com\/wp-content\/uploads\/2025\/09\/gong6-484x403.jpg 484w\" sizes=\"(max-width:767px) 484px, 600px\" \/><\/a>\n\t\t\t\t<\/dt><\/div><\/dl><br style=\"clear: both\" \/>\n\t\t\t<\/div>\n\t\t<\/div>\n\t\t\t\t\t\t<\/div>\n\t\t\t\t\t<\/div>\n\t\t<\/div>\n\t\t\t\t\t<\/div>\n\t\t<\/section>\n\t\t\t\t<\/div>","protected":false},"excerpt":{"rendered":"<p>ANOUTUS Anhui Aoxuan Machinery Equipment Co., Ltd. Anhui Aoxuan Machinery Equipment Co., Ltd. Is located in Maanshan city, Anhui province, specializing in CNC sheet metal bending,<span class=\"excerpt-hellip\"> [\u2026]<\/span><\/p>","protected":false},"author":1,"featured_media":0,"parent":0,"menu_order":0,"comment_status":"open","ping_status":"closed","template":"","meta":{"footnotes":""},"class_list":["post-10","page","type-page","status-publish","hentry"],"yoast_head":"<!-- This site is optimized with the Yoast SEO plugin v25.6 - https:\/\/yoast.com\/wordpress\/plugins\/seo\/ -->\n<title>About - Anhui Aoxuan Machinery Equipment Co.,Ltd<\/title>\n<meta name=\"robots\" content=\"index, follow, max-snippet:-1, max-image-preview:large, max-video-preview:-1\" \/>\n<link rel=\"canonical\" href=\"https:\/\/aoxuanjx.com\/es\/about\/\" \/>\n<meta property=\"og:locale\" content=\"es_ES\" \/>\n<meta property=\"og:type\" content=\"article\" \/>\n<meta property=\"og:title\" content=\"About - Anhui Aoxuan Machinery Equipment Co.,Ltd\" \/>\n<meta property=\"og:description\" content=\"ANOUTUS Anhui Aoxuan Machinery Equipment Co., Ltd. Anhui Aoxuan Machinery Equipment Co., Ltd. Is located in Maanshan city, Anhui province, specializing in CNC sheet metal bending, [\u2026]\" \/>\n<meta property=\"og:url\" content=\"https:\/\/aoxuanjx.com\/es\/about\/\" \/>\n<meta property=\"og:site_name\" content=\"Anhui Aoxuan Machinery Equipment Co.,Ltd\" \/>\n<meta property=\"article:modified_time\" content=\"2025-10-16T06:33:18+00:00\" \/>\n<meta property=\"og:image\" content=\"https:\/\/aoxuanjx.com\/wp-content\/uploads\/2025\/09\/gongchang3.jpg\" \/>\n\t<meta property=\"og:image:width\" content=\"1200\" \/>\n\t<meta property=\"og:image:height\" content=\"900\" \/>\n\t<meta property=\"og:image:type\" content=\"image\/jpeg\" \/>\n<meta name=\"twitter:card\" content=\"summary_large_image\" \/>\n<meta name=\"twitter:label1\" content=\"Tiempo de lectura\" \/>\n\t<meta name=\"twitter:data1\" content=\"2 minutos\" \/>\n<script type=\"application\/ld+json\" class=\"yoast-schema-graph\">{\"@context\":\"https:\/\/schema.org\",\"@graph\":[{\"@type\":\"WebPage\",\"@id\":\"https:\/\/aoxuanjx.com\/about\/\",\"url\":\"https:\/\/aoxuanjx.com\/about\/\",\"name\":\"About - Anhui Aoxuan Machinery Equipment Co.,Ltd\",\"isPartOf\":{\"@id\":\"https:\/\/aoxuanjx.com\/#website\"},\"primaryImageOfPage\":{\"@id\":\"https:\/\/aoxuanjx.com\/about\/#primaryimage\"},\"image\":{\"@id\":\"https:\/\/aoxuanjx.com\/about\/#primaryimage\"},\"thumbnailUrl\":\"https:\/\/aoxuanjx.com\/wp-content\/uploads\/2025\/09\/gongchang3.jpg\",\"datePublished\":\"2022-12-08T14:01:40+00:00\",\"dateModified\":\"2025-10-16T06:33:18+00:00\",\"breadcrumb\":{\"@id\":\"https:\/\/aoxuanjx.com\/about\/#breadcrumb\"},\"inLanguage\":\"es\",\"potentialAction\":[{\"@type\":\"ReadAction\",\"target\":[\"https:\/\/aoxuanjx.com\/about\/\"]}]},{\"@type\":\"ImageObject\",\"inLanguage\":\"es\",\"@id\":\"https:\/\/aoxuanjx.com\/about\/#primaryimage\",\"url\":\"https:\/\/aoxuanjx.com\/wp-content\/uploads\/2025\/09\/gongchang3.jpg\",\"contentUrl\":\"https:\/\/aoxuanjx.com\/wp-content\/uploads\/2025\/09\/gongchang3.jpg\"},{\"@type\":\"BreadcrumbList\",\"@id\":\"https:\/\/aoxuanjx.com\/about\/#breadcrumb\",\"itemListElement\":[{\"@type\":\"ListItem\",\"position\":1,\"name\":\"Home\",\"item\":\"https:\/\/aoxuanjx.com\/\"},{\"@type\":\"ListItem\",\"position\":2,\"name\":\"About\"}]},{\"@type\":\"WebSite\",\"@id\":\"https:\/\/aoxuanjx.com\/#website\",\"url\":\"https:\/\/aoxuanjx.com\/\",\"name\":\"Anhui Aoxuan Machinery Equipment Co.,Ltd\",\"description\":\"Anhui Aoxuan Machinery Equipment Co.,Ltd\",\"potentialAction\":[{\"@type\":\"SearchAction\",\"target\":{\"@type\":\"EntryPoint\",\"urlTemplate\":\"https:\/\/aoxuanjx.com\/?s={search_term_string}\"},\"query-input\":{\"@type\":\"PropertyValueSpecification\",\"valueRequired\":true,\"valueName\":\"search_term_string\"}}],\"inLanguage\":\"es\"}]}<\/script>\n<!-- \/ Yoast SEO plugin. -->","yoast_head_json":{"title":"About - Anhui Aoxuan Machinery Equipment Co.,Ltd","robots":{"index":"index","follow":"follow","max-snippet":"max-snippet:-1","max-image-preview":"max-image-preview:large","max-video-preview":"max-video-preview:-1"},"canonical":"https:\/\/aoxuanjx.com\/es\/about\/","og_locale":"es_ES","og_type":"article","og_title":"About - Anhui Aoxuan Machinery Equipment Co.,Ltd","og_description":"ANOUTUS Anhui Aoxuan Machinery Equipment Co., Ltd. Anhui Aoxuan Machinery Equipment Co., Ltd. Is located in Maanshan city, Anhui province, specializing in CNC sheet metal bending, [\u2026]","og_url":"https:\/\/aoxuanjx.com\/es\/about\/","og_site_name":"Anhui Aoxuan Machinery Equipment Co.,Ltd","article_modified_time":"2025-10-16T06:33:18+00:00","og_image":[{"width":1200,"height":900,"url":"https:\/\/aoxuanjx.com\/wp-content\/uploads\/2025\/09\/gongchang3.jpg","type":"image\/jpeg"}],"twitter_card":"summary_large_image","twitter_misc":{"Tiempo de lectura":"2 minutos"},"schema":{"@context":"https:\/\/schema.org","@graph":[{"@type":"WebPage","@id":"https:\/\/aoxuanjx.com\/about\/","url":"https:\/\/aoxuanjx.com\/about\/","name":"About - Anhui Aoxuan Machinery Equipment Co.,Ltd","isPartOf":{"@id":"https:\/\/aoxuanjx.com\/#website"},"primaryImageOfPage":{"@id":"https:\/\/aoxuanjx.com\/about\/#primaryimage"},"image":{"@id":"https:\/\/aoxuanjx.com\/about\/#primaryimage"},"thumbnailUrl":"https:\/\/aoxuanjx.com\/wp-content\/uploads\/2025\/09\/gongchang3.jpg","datePublished":"2022-12-08T14:01:40+00:00","dateModified":"2025-10-16T06:33:18+00:00","breadcrumb":{"@id":"https:\/\/aoxuanjx.com\/about\/#breadcrumb"},"inLanguage":"es","potentialAction":[{"@type":"ReadAction","target":["https:\/\/aoxuanjx.com\/about\/"]}]},{"@type":"ImageObject","inLanguage":"es","@id":"https:\/\/aoxuanjx.com\/about\/#primaryimage","url":"https:\/\/aoxuanjx.com\/wp-content\/uploads\/2025\/09\/gongchang3.jpg","contentUrl":"https:\/\/aoxuanjx.com\/wp-content\/uploads\/2025\/09\/gongchang3.jpg"},{"@type":"BreadcrumbList","@id":"https:\/\/aoxuanjx.com\/about\/#breadcrumb","itemListElement":[{"@type":"ListItem","position":1,"name":"Home","item":"https:\/\/aoxuanjx.com\/"},{"@type":"ListItem","position":2,"name":"About"}]},{"@type":"WebSite","@id":"https:\/\/aoxuanjx.com\/#website","url":"https:\/\/aoxuanjx.com\/","name":"Anhui Aoxuan Machinery Equipment Co.,Ltd","description":"Anhui Aoxuan Machinery Equipment Co.,Ltd","potentialAction":[{"@type":"SearchAction","target":{"@type":"EntryPoint","urlTemplate":"https:\/\/aoxuanjx.com\/?s={search_term_string}"},"query-input":{"@type":"PropertyValueSpecification","valueRequired":true,"valueName":"search_term_string"}}],"inLanguage":"es"}]}},"_links":{"self":[{"href":"https:\/\/aoxuanjx.com\/es\/wp-json\/wp\/v2\/pages\/10","targetHints":{"allow":["GET"]}}],"collection":[{"href":"https:\/\/aoxuanjx.com\/es\/wp-json\/wp\/v2\/pages"}],"about":[{"href":"https:\/\/aoxuanjx.com\/es\/wp-json\/wp\/v2\/types\/page"}],"author":[{"embeddable":true,"href":"https:\/\/aoxuanjx.com\/es\/wp-json\/wp\/v2\/users\/1"}],"replies":[{"embeddable":true,"href":"https:\/\/aoxuanjx.com\/es\/wp-json\/wp\/v2\/comments?post=10"}],"version-history":[{"count":12,"href":"https:\/\/aoxuanjx.com\/es\/wp-json\/wp\/v2\/pages\/10\/revisions"}],"predecessor-version":[{"id":1181,"href":"https:\/\/aoxuanjx.com\/es\/wp-json\/wp\/v2\/pages\/10\/revisions\/1181"}],"wp:attachment":[{"href":"https:\/\/aoxuanjx.com\/es\/wp-json\/wp\/v2\/media?parent=10"}],"curies":[{"name":"wp","href":"https:\/\/api.w.org\/{rel}","templated":true}]}}