{"id":1646,"date":"2025-10-24T09:18:20","date_gmt":"2025-10-24T09:18:20","guid":{"rendered":"https:\/\/aoxuanjx.com\/?post_type=product&#038;p=1646"},"modified":"2025-10-29T09:14:58","modified_gmt":"2025-10-29T09:14:58","slug":"mini-12tons-600mm-100-pure-electric-press-brake","status":"publish","type":"product","link":"https:\/\/aoxuanjx.com\/de\/produkt\/mini-12tons-600mm-100-pure-electric-press-brake\/","title":{"rendered":"Mini 6 Tonnen 400 mm 100% Rein elektrische Abkantpresse"},"content":{"rendered":"<p>&nbsp;<\/p>\n<h2 class=\"att-title\" data-spm-anchor-id=\"a2700.details.0.i104.7d6077b4EXWpEn\"><\/h2>\n<div style=\"width: 1220px;\" class=\"wp-video\"><video class=\"wp-video-shortcode\" id=\"video-1646-1\" width=\"1220\" height=\"686\" preload=\"metadata\" controls=\"controls\"><source type=\"video\/mp4\" src=\"https:\/\/aoxuanjx.com\/wp-content\/uploads\/2025\/10\/bending-machine-video.mp4?_=1\" \/><a href=\"https:\/\/aoxuanjx.com\/wp-content\/uploads\/2025\/10\/bending-machine-video.mp4\">https:\/\/aoxuanjx.com\/wp-content\/uploads\/2025\/10\/bending-machine-video.mp4<\/a><\/video><\/div>\n<h2 data-spm-anchor-id=\"a2700.details.0.i104.7d6077b4EXWpEn\"><\/h2>\n<h3 class=\"text-title\"><span class=\"magic-11\">Produktmerkmale<\/span><\/h3>\n<div class=\"text-content\" data-spm-anchor-id=\"a2700.details-description.0.i1.5c4fXat9Xat96t\"><span data-spm-anchor-id=\"a2700.details-description.0.i2.5c4fXat9Xat96t\">Die kleine elektrische Abkantpresse der EP-Serie ist eine Maschine, die aus zwei S\u00e4tzen von Servomotoren besteht. Jeder Servomotor treibt eine schwere Kugelumlaufspindel an, die den Schieber vor und zur\u00fcck bewegt und dann die obere Form auf dem Schieber bewegt, um Kraft auf die untere Form auf der Werkbank auszu\u00fcben und die Metallplatte entsprechend der gew\u00fcnschten Form und Gr\u00f6\u00dfe zu biegen.<\/span><\/div>\n<div data-spm-anchor-id=\"a2700.details-description.0.i1.5c4fXat9Xat96t\"><img fetchpriority=\"high\" decoding=\"async\" class=\"alignleft size-full wp-image-1762\" src=\"https:\/\/aoxuanjx.com\/wp-content\/uploads\/2025\/10\/10-3-scaled.jpg\" alt=\"\" width=\"2560\" height=\"1920\" srcset=\"https:\/\/aoxuanjx.com\/wp-content\/uploads\/2025\/10\/10-3-scaled.jpg 2560w, https:\/\/aoxuanjx.com\/wp-content\/uploads\/2025\/10\/10-3-500x375.jpg 500w, https:\/\/aoxuanjx.com\/wp-content\/uploads\/2025\/10\/10-3-1200x900.jpg 1200w, https:\/\/aoxuanjx.com\/wp-content\/uploads\/2025\/10\/10-3-300x225.jpg 300w, https:\/\/aoxuanjx.com\/wp-content\/uploads\/2025\/10\/10-3-768x576.jpg 768w, https:\/\/aoxuanjx.com\/wp-content\/uploads\/2025\/10\/10-3-1536x1152.jpg 1536w, https:\/\/aoxuanjx.com\/wp-content\/uploads\/2025\/10\/10-3-2048x1536.jpg 2048w, https:\/\/aoxuanjx.com\/wp-content\/uploads\/2025\/10\/10-3-16x12.jpg 16w, https:\/\/aoxuanjx.com\/wp-content\/uploads\/2025\/10\/10-3-100x75.jpg 100w, https:\/\/aoxuanjx.com\/wp-content\/uploads\/2025\/10\/10-3-484x363.jpg 484w, https:\/\/aoxuanjx.com\/wp-content\/uploads\/2025\/10\/10-3-800x600.jpg 800w\" sizes=\"(max-width:767px) 484px, (max-width:2560px) 100vw, 2560px\" \/><\/div>\n<h2 class=\"att-title\" data-spm-anchor-id=\"a2700.details.0.i104.7d6077b4EXWpEn\">Produktbeschreibungen des Lieferanten<\/h2>\n<div id=\"layout-other-wrapper\">\n<div class=\"module_shopping_ads\" data-module-name=\"module_shopping_ads\">Produktmerkmale<\/div>\n<div data-module-name=\"module_shopping_ads\"><span data-spm-anchor-id=\"a2700.details-description.0.i5.3ebc9FOn9FOnWJ\">\u2022 <b><span style=\"color: #ff0000;\">Mini-CNC-Abkantpresse, 6 Tonnen (60 kN)<\/span><\/b><br \/>\n\u2022 <b><span style=\"color: #ff0000;\">Servomotor<\/span><\/b> Die Antriebstechnologie liefert hochpr\u00e4zise Biegeergebnisse. <\/span><\/p>\n<div>\u2022 100% Reiner elektrischer Antrieb, ohne \u00d6l.<\/div>\n<div>\u2022 Bis zu 501 TP3T weniger Energieverbrauch im Vergleich zu einer hydraulischen Abkantpresse.<\/div>\n<div><span data-spm-anchor-id=\"a2700.details-description.0.i3.3ebc9FOn9FOnWJ\">\u2022 Bis zu 351 TP3T schneller als eine hydraulische Abkantpresse. <\/span><\/div>\n<div>\u2022 Hohe Effizienz und Pr\u00e4zision.<\/div>\n<div>\u2022 Hohe Biegegeschwindigkeit und geringere Ger\u00e4uschentwicklung.<\/div>\n<div>\u2022 Volle Biegel\u00e4nge zwischen den Seitenrahmen.<\/div>\n<div data-spm-anchor-id=\"a2700.details-description.0.i1.3ebc9FOn9FOnWJ\">\u2022 Geringere Wartungskosten.<br \/>\n\u2022 Umweltfreundlich.<\/div>\n<div data-spm-anchor-id=\"a2700.details-description.0.i0.3ebc9FOn9FOnWJ\"><span data-spm-anchor-id=\"a2700.details-description.0.i2.3ebc9FOn9FOnWJ\">\u2022 Benutzerfreundliche Oberfl\u00e4che.<\/span><\/div>\n<\/div>\n<div class=\"module_shop_marking\" data-module-name=\"module_shop_marking\"><\/div>\n<div class=\"module_risk_control_tips\" data-module-name=\"module_risk_control_tips\"><img decoding=\"async\" class=\"alignleft size-full wp-image-1733\" src=\"https:\/\/aoxuanjx.com\/wp-content\/uploads\/2025\/10\/\u5fae\u4fe1\u56fe\u7247_20251022141546-1-scaled-e1761722592459.jpg\" alt=\"\" width=\"1920\" height=\"2560\" srcset=\"https:\/\/aoxuanjx.com\/wp-content\/uploads\/2025\/10\/\u5fae\u4fe1\u56fe\u7247_20251022141546-1-scaled-e1761722592459.jpg 1920w, https:\/\/aoxuanjx.com\/wp-content\/uploads\/2025\/10\/\u5fae\u4fe1\u56fe\u7247_20251022141546-1-scaled-e1761722592459-375x500.jpg 375w, https:\/\/aoxuanjx.com\/wp-content\/uploads\/2025\/10\/\u5fae\u4fe1\u56fe\u7247_20251022141546-1-scaled-e1761722592459-900x1200.jpg 900w, https:\/\/aoxuanjx.com\/wp-content\/uploads\/2025\/10\/\u5fae\u4fe1\u56fe\u7247_20251022141546-1-scaled-e1761722592459-225x300.jpg 225w, https:\/\/aoxuanjx.com\/wp-content\/uploads\/2025\/10\/\u5fae\u4fe1\u56fe\u7247_20251022141546-1-scaled-e1761722592459-768x1024.jpg 768w, https:\/\/aoxuanjx.com\/wp-content\/uploads\/2025\/10\/\u5fae\u4fe1\u56fe\u7247_20251022141546-1-scaled-e1761722592459-1152x1536.jpg 1152w, https:\/\/aoxuanjx.com\/wp-content\/uploads\/2025\/10\/\u5fae\u4fe1\u56fe\u7247_20251022141546-1-scaled-e1761722592459-1536x2048.jpg 1536w, https:\/\/aoxuanjx.com\/wp-content\/uploads\/2025\/10\/\u5fae\u4fe1\u56fe\u7247_20251022141546-1-scaled-e1761722592459-9x12.jpg 9w, https:\/\/aoxuanjx.com\/wp-content\/uploads\/2025\/10\/\u5fae\u4fe1\u56fe\u7247_20251022141546-1-scaled-e1761722592459-56x75.jpg 56w, https:\/\/aoxuanjx.com\/wp-content\/uploads\/2025\/10\/\u5fae\u4fe1\u56fe\u7247_20251022141546-1-scaled-e1761722592459-484x645.jpg 484w, https:\/\/aoxuanjx.com\/wp-content\/uploads\/2025\/10\/\u5fae\u4fe1\u56fe\u7247_20251022141546-1-scaled-e1761722592459-800x1067.jpg 800w\" sizes=\"(max-width:767px) 484px, (max-width:1920px) 100vw, 1920px\" \/><\/div>\n<div class=\"module_detail_video\" data-module-name=\"module_detail_video\"><\/div>\n<div class=\"module_product_specification\" data-module-name=\"module_product_specification\" data-aplus-ae=\"x27_a506db9\" data-spm-anchor-id=\"a2700.details.0.i50.7d6077b4EXWpEn\"><\/div>\n<\/div>\n<p>&nbsp;<\/p>\n<p>&nbsp;<\/p>\n<p>&nbsp;<\/p>\n<p>&nbsp;<\/p>\n<p>&nbsp;<\/p>\n<p><img decoding=\"async\" class=\"alignleft size-full wp-image-1759\" src=\"https:\/\/aoxuanjx.com\/wp-content\/uploads\/2025\/10\/\u53c2\u6570.jpg\" alt=\"\" width=\"750\" height=\"515\" srcset=\"https:\/\/aoxuanjx.com\/wp-content\/uploads\/2025\/10\/\u53c2\u6570.jpg 750w, https:\/\/aoxuanjx.com\/wp-content\/uploads\/2025\/10\/\u53c2\u6570-500x343.jpg 500w, https:\/\/aoxuanjx.com\/wp-content\/uploads\/2025\/10\/\u53c2\u6570-300x206.jpg 300w, https:\/\/aoxuanjx.com\/wp-content\/uploads\/2025\/10\/\u53c2\u6570-18x12.jpg 18w, https:\/\/aoxuanjx.com\/wp-content\/uploads\/2025\/10\/\u53c2\u6570-109x75.jpg 109w, https:\/\/aoxuanjx.com\/wp-content\/uploads\/2025\/10\/\u53c2\u6570-484x332.jpg 484w\" sizes=\"(max-width:767px) 484px, 750px\" \/><\/p>","protected":false},"excerpt":{"rendered":"<p>Rein elektrische Abkantpressen zeichnen sich durch hohe Energieeffizienz, Umweltfreundlichkeit, Biegegenauigkeit und geringe Wartungskosten aus. Diese Vorteile machen sie zu einer attraktiven Wahl f\u00fcr Hersteller, die ihren Energieverbrauch senken, die Umweltbelastung minimieren und ihre Produktionseffizienz steigern m\u00f6chten.<\/p>","protected":false},"featured_media":1762,"template":"","meta":[],"product_brand":[39],"product_cat":[34],"product_tag":[57],"class_list":{"0":"post-1646","1":"product","2":"type-product","3":"status-publish","4":"has-post-thumbnail","6":"product_brand-aoxuanzg","7":"product_cat-pure-electric-press-brake","8":"product_tag-100-pure-electric-bending-machine","10":"first","11":"instock","12":"shipping-taxable","13":"product-type-external"},"yoast_head":"<!-- This site is optimized with the Yoast SEO plugin v25.6 - https:\/\/yoast.com\/wordpress\/plugins\/seo\/ -->\n<title>Mini 6tons 400mm 100% Pure electric press brake - Anhui Aoxuan Machinery Equipment Co.,Ltd<\/title>\n<meta name=\"robots\" content=\"index, follow, max-snippet:-1, max-image-preview:large, max-video-preview:-1\" \/>\n<link rel=\"canonical\" href=\"https:\/\/aoxuanjx.com\/de\/produkt\/mini-12tons-600mm-100-pure-electric-press-brake\/\" \/>\n<meta property=\"og:locale\" content=\"de_DE\" \/>\n<meta property=\"og:type\" content=\"article\" \/>\n<meta property=\"og:title\" content=\"Mini 6tons 400mm 100% Pure electric press brake - Anhui Aoxuan Machinery Equipment Co.,Ltd\" \/>\n<meta property=\"og:description\" content=\"Pure electric press brakes have superior energy efficiency, environmental friendliness, bending accuracy and low maintenance costs. These advantages make them an attractive choice for manufacturers seeking to reduce energy consumption, minimize environmental impact and improve production efficiency.\" \/>\n<meta property=\"og:url\" content=\"https:\/\/aoxuanjx.com\/de\/produkt\/mini-12tons-600mm-100-pure-electric-press-brake\/\" \/>\n<meta property=\"og:site_name\" content=\"Anhui Aoxuan Machinery Equipment Co.,Ltd\" \/>\n<meta property=\"article:modified_time\" content=\"2025-10-29T09:14:58+00:00\" \/>\n<meta property=\"og:image\" content=\"https:\/\/aoxuanjx.com\/wp-content\/uploads\/2025\/10\/10-3-scaled.jpg\" \/>\n\t<meta property=\"og:image:width\" content=\"2560\" \/>\n\t<meta property=\"og:image:height\" content=\"1920\" \/>\n\t<meta property=\"og:image:type\" content=\"image\/jpeg\" \/>\n<meta name=\"twitter:card\" content=\"summary_large_image\" \/>\n<meta name=\"twitter:label1\" content=\"Gesch\u00e4tzte Lesezeit\" \/>\n\t<meta name=\"twitter:data1\" content=\"2\u00a0Minuten\" \/>\n<script type=\"application\/ld+json\" class=\"yoast-schema-graph\">{\"@context\":\"https:\/\/schema.org\",\"@graph\":[{\"@type\":\"WebPage\",\"@id\":\"https:\/\/aoxuanjx.com\/product\/mini-12tons-600mm-100-pure-electric-press-brake\/\",\"url\":\"https:\/\/aoxuanjx.com\/product\/mini-12tons-600mm-100-pure-electric-press-brake\/\",\"name\":\"Mini 6tons 400mm 100% Pure electric press brake - Anhui Aoxuan Machinery Equipment Co.,Ltd\",\"isPartOf\":{\"@id\":\"https:\/\/aoxuanjx.com\/#website\"},\"primaryImageOfPage\":{\"@id\":\"https:\/\/aoxuanjx.com\/product\/mini-12tons-600mm-100-pure-electric-press-brake\/#primaryimage\"},\"image\":{\"@id\":\"https:\/\/aoxuanjx.com\/product\/mini-12tons-600mm-100-pure-electric-press-brake\/#primaryimage\"},\"thumbnailUrl\":\"https:\/\/aoxuanjx.com\/wp-content\/uploads\/2025\/10\/10-3-scaled.jpg\",\"datePublished\":\"2025-10-24T09:18:20+00:00\",\"dateModified\":\"2025-10-29T09:14:58+00:00\",\"breadcrumb\":{\"@id\":\"https:\/\/aoxuanjx.com\/product\/mini-12tons-600mm-100-pure-electric-press-brake\/#breadcrumb\"},\"inLanguage\":\"de\",\"potentialAction\":[{\"@type\":\"ReadAction\",\"target\":[\"https:\/\/aoxuanjx.com\/product\/mini-12tons-600mm-100-pure-electric-press-brake\/\"]}]},{\"@type\":\"ImageObject\",\"inLanguage\":\"de\",\"@id\":\"https:\/\/aoxuanjx.com\/product\/mini-12tons-600mm-100-pure-electric-press-brake\/#primaryimage\",\"url\":\"https:\/\/aoxuanjx.com\/wp-content\/uploads\/2025\/10\/10-3-scaled.jpg\",\"contentUrl\":\"https:\/\/aoxuanjx.com\/wp-content\/uploads\/2025\/10\/10-3-scaled.jpg\",\"width\":2560,\"height\":1920},{\"@type\":\"BreadcrumbList\",\"@id\":\"https:\/\/aoxuanjx.com\/product\/mini-12tons-600mm-100-pure-electric-press-brake\/#breadcrumb\",\"itemListElement\":[{\"@type\":\"ListItem\",\"position\":1,\"name\":\"Home\",\"item\":\"https:\/\/aoxuanjx.com\/\"},{\"@type\":\"ListItem\",\"position\":2,\"name\":\"Product\",\"item\":\"https:\/\/aoxuanjx.com\/product\/\"},{\"@type\":\"ListItem\",\"position\":3,\"name\":\"Mini 6tons 400mm 100% Pure electric press brake\"}]},{\"@type\":\"WebSite\",\"@id\":\"https:\/\/aoxuanjx.com\/#website\",\"url\":\"https:\/\/aoxuanjx.com\/\",\"name\":\"Anhui Aoxuan Machinery Equipment Co.,Ltd\",\"description\":\"Anhui Aoxuan Machinery Equipment Co.,Ltd\",\"potentialAction\":[{\"@type\":\"SearchAction\",\"target\":{\"@type\":\"EntryPoint\",\"urlTemplate\":\"https:\/\/aoxuanjx.com\/?s={search_term_string}\"},\"query-input\":{\"@type\":\"PropertyValueSpecification\",\"valueRequired\":true,\"valueName\":\"search_term_string\"}}],\"inLanguage\":\"de\"}]}<\/script>\n<!-- \/ Yoast SEO plugin. -->","yoast_head_json":{"title":"Mini 6tons 400mm 100% Pure electric press brake - Anhui Aoxuan Machinery Equipment Co.,Ltd","robots":{"index":"index","follow":"follow","max-snippet":"max-snippet:-1","max-image-preview":"max-image-preview:large","max-video-preview":"max-video-preview:-1"},"canonical":"https:\/\/aoxuanjx.com\/de\/produkt\/mini-12tons-600mm-100-pure-electric-press-brake\/","og_locale":"de_DE","og_type":"article","og_title":"Mini 6tons 400mm 100% Pure electric press brake - Anhui Aoxuan Machinery Equipment Co.,Ltd","og_description":"Pure electric press brakes have superior energy efficiency, environmental friendliness, bending accuracy and low maintenance costs. These advantages make them an attractive choice for manufacturers seeking to reduce energy consumption, minimize environmental impact and improve production efficiency.","og_url":"https:\/\/aoxuanjx.com\/de\/produkt\/mini-12tons-600mm-100-pure-electric-press-brake\/","og_site_name":"Anhui Aoxuan Machinery Equipment Co.,Ltd","article_modified_time":"2025-10-29T09:14:58+00:00","og_image":[{"width":2560,"height":1920,"url":"https:\/\/aoxuanjx.com\/wp-content\/uploads\/2025\/10\/10-3-scaled.jpg","type":"image\/jpeg"}],"twitter_card":"summary_large_image","twitter_misc":{"Gesch\u00e4tzte Lesezeit":"2\u00a0Minuten"},"schema":{"@context":"https:\/\/schema.org","@graph":[{"@type":"WebPage","@id":"https:\/\/aoxuanjx.com\/product\/mini-12tons-600mm-100-pure-electric-press-brake\/","url":"https:\/\/aoxuanjx.com\/product\/mini-12tons-600mm-100-pure-electric-press-brake\/","name":"Mini 6tons 400mm 100% Pure electric press brake - Anhui Aoxuan Machinery Equipment Co.,Ltd","isPartOf":{"@id":"https:\/\/aoxuanjx.com\/#website"},"primaryImageOfPage":{"@id":"https:\/\/aoxuanjx.com\/product\/mini-12tons-600mm-100-pure-electric-press-brake\/#primaryimage"},"image":{"@id":"https:\/\/aoxuanjx.com\/product\/mini-12tons-600mm-100-pure-electric-press-brake\/#primaryimage"},"thumbnailUrl":"https:\/\/aoxuanjx.com\/wp-content\/uploads\/2025\/10\/10-3-scaled.jpg","datePublished":"2025-10-24T09:18:20+00:00","dateModified":"2025-10-29T09:14:58+00:00","breadcrumb":{"@id":"https:\/\/aoxuanjx.com\/product\/mini-12tons-600mm-100-pure-electric-press-brake\/#breadcrumb"},"inLanguage":"de","potentialAction":[{"@type":"ReadAction","target":["https:\/\/aoxuanjx.com\/product\/mini-12tons-600mm-100-pure-electric-press-brake\/"]}]},{"@type":"ImageObject","inLanguage":"de","@id":"https:\/\/aoxuanjx.com\/product\/mini-12tons-600mm-100-pure-electric-press-brake\/#primaryimage","url":"https:\/\/aoxuanjx.com\/wp-content\/uploads\/2025\/10\/10-3-scaled.jpg","contentUrl":"https:\/\/aoxuanjx.com\/wp-content\/uploads\/2025\/10\/10-3-scaled.jpg","width":2560,"height":1920},{"@type":"BreadcrumbList","@id":"https:\/\/aoxuanjx.com\/product\/mini-12tons-600mm-100-pure-electric-press-brake\/#breadcrumb","itemListElement":[{"@type":"ListItem","position":1,"name":"Home","item":"https:\/\/aoxuanjx.com\/"},{"@type":"ListItem","position":2,"name":"Product","item":"https:\/\/aoxuanjx.com\/product\/"},{"@type":"ListItem","position":3,"name":"Mini 6tons 400mm 100% Pure electric press brake"}]},{"@type":"WebSite","@id":"https:\/\/aoxuanjx.com\/#website","url":"https:\/\/aoxuanjx.com\/","name":"Anhui Aoxuan Machinery Equipment Co.,Ltd","description":"Anhui Aoxuan Machinery Equipment Co.,Ltd","potentialAction":[{"@type":"SearchAction","target":{"@type":"EntryPoint","urlTemplate":"https:\/\/aoxuanjx.com\/?s={search_term_string}"},"query-input":{"@type":"PropertyValueSpecification","valueRequired":true,"valueName":"search_term_string"}}],"inLanguage":"de"}]}},"_links":{"self":[{"href":"https:\/\/aoxuanjx.com\/de\/wp-json\/wp\/v2\/product\/1646","targetHints":{"allow":["GET"]}}],"collection":[{"href":"https:\/\/aoxuanjx.com\/de\/wp-json\/wp\/v2\/product"}],"about":[{"href":"https:\/\/aoxuanjx.com\/de\/wp-json\/wp\/v2\/types\/product"}],"version-history":[{"count":3,"href":"https:\/\/aoxuanjx.com\/de\/wp-json\/wp\/v2\/product\/1646\/revisions"}],"predecessor-version":[{"id":1767,"href":"https:\/\/aoxuanjx.com\/de\/wp-json\/wp\/v2\/product\/1646\/revisions\/1767"}],"wp:featuredmedia":[{"embeddable":true,"href":"https:\/\/aoxuanjx.com\/de\/wp-json\/wp\/v2\/media\/1762"}],"wp:attachment":[{"href":"https:\/\/aoxuanjx.com\/de\/wp-json\/wp\/v2\/media?parent=1646"}],"wp:term":[{"taxonomy":"product_brand","embeddable":true,"href":"https:\/\/aoxuanjx.com\/de\/wp-json\/wp\/v2\/product_brand?post=1646"},{"taxonomy":"product_cat","embeddable":true,"href":"https:\/\/aoxuanjx.com\/de\/wp-json\/wp\/v2\/product_cat?post=1646"},{"taxonomy":"product_tag","embeddable":true,"href":"https:\/\/aoxuanjx.com\/de\/wp-json\/wp\/v2\/product_tag?post=1646"}],"curies":[{"name":"wp","href":"https:\/\/api.w.org\/{rel}","templated":true}]}}