{"id":1320,"date":"2025-10-17T03:44:36","date_gmt":"2025-10-17T03:44:36","guid":{"rendered":"https:\/\/aoxuanjx.com\/?post_type=product&#038;p=1320"},"modified":"2025-10-22T03:51:26","modified_gmt":"2025-10-22T03:51:26","slug":"high-precision-da53t-system-63ton1600mm-41-axis-electric-hydraulic-servo-press-brake","status":"publish","type":"product","link":"https:\/\/aoxuanjx.com\/de\/produkt\/high-precision-da53t-system-63ton1600mm-41-axis-electric-hydraulic-servo-press-brake\/","title":{"rendered":"Hochpr\u00e4zisions-DA53T-System, 63 Tonnen, 1600 mm, 4+1 Achsen, elektrohydraulische Servo-Abkantpresse"},"content":{"rendered":"<div style=\"width: 1220px;\" class=\"wp-video\"><video class=\"wp-video-shortcode\" id=\"video-1320-1\" width=\"1220\" height=\"692\" preload=\"metadata\" controls=\"controls\"><source type=\"video\/mp4\" src=\"https:\/\/aoxuanjx.com\/wp-content\/uploads\/2025\/10\/VIDEO-1.mp4?_=1\" \/><a href=\"https:\/\/aoxuanjx.com\/wp-content\/uploads\/2025\/10\/VIDEO-1.mp4\">https:\/\/aoxuanjx.com\/wp-content\/uploads\/2025\/10\/VIDEO-1.mp4<\/a><\/video><\/div>\n<h2><strong>Produktbeschreibungen\u00a0\u00a0<\/strong><\/h2>\n<h3><span class=\"magic-7\">CNC-Abkantpresse<\/span><\/h3>\n<p><span class=\"magic-8\" data-spm-anchor-id=\"a2700.details-description.0.i0.17dbLl4XLl4XtI\">Die CNC-Abkantpresse verwendet die Form (Standard- oder Spezialform), um ein kaltes Metallblech zu einem Werkst\u00fcck mit verschiedenen geometrischen Formen zu biegen.<br \/>\nQuerschnittsformen. Es handelt sich um ein Blech.<\/span> <span class=\"magic-8\" data-spm-anchor-id=\"a2700.details-description.0.i0.17dbLl4XLl4XtI\">Metall<\/span><span class=\"magic-8\" data-spm-anchor-id=\"a2700.details-description.0.i0.17dbLl4XLl4XtI\"> Umformmaschine f\u00fcr die Kaltwalzbearbeitung von Blechen. Sie findet breite Anwendung in<br \/>\nBlechbiegen, z. B. f\u00fcr die Automobil-, Flugzeug-, Leichtindustrie-, Schiffbau-, Container-, Aufzugs- und Eisenbahnindustrie<br \/>\nFahrzeuge und andere Branchen.<\/span><\/p>\n<p><img fetchpriority=\"high\" decoding=\"async\" class=\"wp-image-1321 size-full aligncenter\" src=\"https:\/\/aoxuanjx.com\/wp-content\/uploads\/2025\/10\/800\u5e26LOGO.jpg\" alt=\"\" width=\"800\" height=\"800\" srcset=\"https:\/\/aoxuanjx.com\/wp-content\/uploads\/2025\/10\/800\u5e26LOGO.jpg 800w, https:\/\/aoxuanjx.com\/wp-content\/uploads\/2025\/10\/800\u5e26LOGO-500x500.jpg 500w, https:\/\/aoxuanjx.com\/wp-content\/uploads\/2025\/10\/800\u5e26LOGO-300x300.jpg 300w, https:\/\/aoxuanjx.com\/wp-content\/uploads\/2025\/10\/800\u5e26LOGO-768x768.jpg 768w, https:\/\/aoxuanjx.com\/wp-content\/uploads\/2025\/10\/800\u5e26LOGO-12x12.jpg 12w, https:\/\/aoxuanjx.com\/wp-content\/uploads\/2025\/10\/800\u5e26LOGO-150x150.jpg 150w, https:\/\/aoxuanjx.com\/wp-content\/uploads\/2025\/10\/800\u5e26LOGO-75x75.jpg 75w, https:\/\/aoxuanjx.com\/wp-content\/uploads\/2025\/10\/800\u5e26LOGO-484x484.jpg 484w\" sizes=\"(max-width:767px) 484px, (max-width:800px) 100vw, 800px\" \/><\/p>\n<h2><b><span class=\"magic-7\">Hauptkonfiguration<\/span><\/b><\/h2>\n<p><span class=\"magic-8\">DELEM DA53T CNC-Steuerung<br \/>\nDurch die Verwendung von HIWIN-Kugelgewindetrieben und Linearf\u00fchrungsschienen wird eine Genauigkeit von 0,01 mm erreicht.<br \/>\nVordere St\u00fctzhalterung<br \/>\nDeutschland Bosch Rexroth Hydraulikventilblock<br \/>\nEMB-\u00d6lrohrverbinder (Deutschland)<br \/>\nDeutschland Siemens Hauptmotor<br \/>\nFrankreich Schneider Electrics<br \/>\nHydraulischer und elektrischer \u00dcberlastschutz<br \/>\nAutomatische mechanische Kompensation<br \/>\nOber- und Untermatrizen (86\u00b0, R0,6 mm, Material: 42CrMo)<\/span><\/p>\n<p><img decoding=\"async\" class=\"wp-image-1327 size-full aligncenter\" src=\"https:\/\/aoxuanjx.com\/wp-content\/uploads\/2025\/10\/B.jpg\" alt=\"\" width=\"800\" height=\"800\" srcset=\"https:\/\/aoxuanjx.com\/wp-content\/uploads\/2025\/10\/B.jpg 800w, https:\/\/aoxuanjx.com\/wp-content\/uploads\/2025\/10\/B-500x500.jpg 500w, https:\/\/aoxuanjx.com\/wp-content\/uploads\/2025\/10\/B-300x300.jpg 300w, https:\/\/aoxuanjx.com\/wp-content\/uploads\/2025\/10\/B-768x768.jpg 768w, https:\/\/aoxuanjx.com\/wp-content\/uploads\/2025\/10\/B-12x12.jpg 12w, https:\/\/aoxuanjx.com\/wp-content\/uploads\/2025\/10\/B-150x150.jpg 150w, https:\/\/aoxuanjx.com\/wp-content\/uploads\/2025\/10\/B-75x75.jpg 75w, https:\/\/aoxuanjx.com\/wp-content\/uploads\/2025\/10\/B-484x484.jpg 484w\" sizes=\"(max-width:767px) 484px, (max-width:800px) 100vw, 800px\" \/><\/p>\n<h2><strong><span class=\"magic-7\">CNC<\/span><span class=\"magic-7\"> Steuerungssystem:<\/span><\/strong><\/h2>\n<h4><span style=\"color: #c4433c;\">\u00a0DELEM DA53T Touch CNC-System<\/span><span class=\"magic-8\">\u00a0 \u00a0 \u00a0 \u00a0 \u00a0 \u00a0 \u00a0 \u00a0 \u00a0 \u00a0 \u00a0 \u00a0 \u00a0 \u00a0 \u00a0 \u00a0 \u00a0 \u00a0 \u00a0 \u00a0 \u00a0 \u00a0 \u00a0 \u00a0 \u00a0 \u00a0 \u00a0 \u00a0 \u00a0 \u00a0 \u00a0 \u00a0 \u00a0 \u00a0 \u00a0 \u00a0 \u00a0 \u00a0 \u00a0 \u00a0 \u00a0 \u00a0 \u00a0 \u00a0 \u00a0 \u00a0 \u00a0 \u00a0 \u00a0 \u00a0<\/span><\/h4>\n<p>\u2022<span class=\"magic-8\">\u201eHotkey\u201c-Touchnavigation<br \/>\n<\/span><\/p>\n<p>\u2022<span class=\"magic-8\">15,6\u2033 hochaufl\u00f6sender TFT-Breitbildbildschirm, bis zu 4 Achsen (Y1, Y2 + 2 Hilfsachsen), Bombiersteuerung<br \/>\n<\/span><\/p>\n<p>\u2022<span class=\"magic-8\">Werkzeug-\/Material-\/Produktbibliothek<br \/>\n<\/span><\/p>\n<p>\u2022<span class=\"magic-8\">Servo- und Frequenzumrichtersteuerung<br \/>\n<\/span><\/p>\n<p>\u2022<span class=\"magic-8\">Fortschrittliche Y-Achsen-Regelalgorithmen f\u00fcr Ventile im geschlossenen und offenen Regelkreis.<br \/>\n<\/span><\/p>\n<p>\u2022<span class=\"magic-8\">2D-Grafikprogrammierung (optional) TandemLink (optional)<br \/>\n<\/span><\/p>\n<p>\u2022<span class=\"magic-8\">Netzwerkschnittstelle (optional) Profil-53TL Offline-Software<br \/>\n<\/span><\/p>\n<p>Mechanisch<br \/>\n\u2013 Geh\u00e4use 419 x 349 x 127 mm \u2013 Frontplatte 406 x 272 x 50 mm<br \/>\n\u2013 Design, Glasoberfl\u00e4che, Aluminiumkante \u2013 IP54<br \/>\n\u2013 Gewicht 7 kg (inkl. Geh\u00e4use)<\/p>\n<p><span class=\"magic-8\">\u2022 Unterst\u00fctzung f\u00fcr 4+1-achsige Hinteranschl\u00e4ge ( x,y1,y2,R+V)<\/span><\/p>\n<p><img decoding=\"async\" class=\"alignleft wp-image-1329 size-medium\" src=\"https:\/\/aoxuanjx.com\/wp-content\/uploads\/2025\/10\/1-500x500.jpg\" alt=\"\" width=\"500\" height=\"500\" srcset=\"https:\/\/aoxuanjx.com\/wp-content\/uploads\/2025\/10\/1-500x500.jpg 500w, https:\/\/aoxuanjx.com\/wp-content\/uploads\/2025\/10\/1-300x300.jpg 300w, https:\/\/aoxuanjx.com\/wp-content\/uploads\/2025\/10\/1-12x12.jpg 12w, https:\/\/aoxuanjx.com\/wp-content\/uploads\/2025\/10\/1-150x150.jpg 150w, https:\/\/aoxuanjx.com\/wp-content\/uploads\/2025\/10\/1-75x75.jpg 75w, https:\/\/aoxuanjx.com\/wp-content\/uploads\/2025\/10\/1-484x484.jpg 484w\" sizes=\"(max-width:767px) 484px, 500px\" \/><\/p>\n<p><img loading=\"lazy\" decoding=\"async\" class=\"alignleft wp-image-1325 size-medium\" src=\"https:\/\/aoxuanjx.com\/wp-content\/uploads\/2025\/10\/F-500x500.jpg\" alt=\"\" width=\"500\" height=\"500\" srcset=\"https:\/\/aoxuanjx.com\/wp-content\/uploads\/2025\/10\/F-500x500.jpg 500w, https:\/\/aoxuanjx.com\/wp-content\/uploads\/2025\/10\/F-300x300.jpg 300w, https:\/\/aoxuanjx.com\/wp-content\/uploads\/2025\/10\/F-12x12.jpg 12w, https:\/\/aoxuanjx.com\/wp-content\/uploads\/2025\/10\/F-150x150.jpg 150w, https:\/\/aoxuanjx.com\/wp-content\/uploads\/2025\/10\/F-75x75.jpg 75w, https:\/\/aoxuanjx.com\/wp-content\/uploads\/2025\/10\/F-484x484.jpg 484w\" sizes=\"(max-width:767px) 484px, 500px\" \/><\/p>\n<p>&nbsp;<\/p>\n<p>&nbsp;<\/p>\n<p>&nbsp;<\/p>\n<p>&nbsp;<\/p>\n<p>&nbsp;<\/p>\n<p>&nbsp;<\/p>\n<p>&nbsp;<\/p>\n<p>&nbsp;<\/p>\n<p>&nbsp;<\/p>\n<p>&nbsp;<\/p>\n<p>&nbsp;<\/p>\n<p>&nbsp;<\/p>\n<p>&nbsp;<\/p>\n<p>&nbsp;<\/p>\n<p><img loading=\"lazy\" decoding=\"async\" class=\"alignleft size-medium wp-image-1330\" src=\"https:\/\/aoxuanjx.com\/wp-content\/uploads\/2025\/10\/II-500x500.jpg\" alt=\"\" width=\"500\" height=\"500\" srcset=\"https:\/\/aoxuanjx.com\/wp-content\/uploads\/2025\/10\/II-500x500.jpg 500w, https:\/\/aoxuanjx.com\/wp-content\/uploads\/2025\/10\/II-300x300.jpg 300w, https:\/\/aoxuanjx.com\/wp-content\/uploads\/2025\/10\/II-12x12.jpg 12w, https:\/\/aoxuanjx.com\/wp-content\/uploads\/2025\/10\/II-150x150.jpg 150w, https:\/\/aoxuanjx.com\/wp-content\/uploads\/2025\/10\/II-75x75.jpg 75w, https:\/\/aoxuanjx.com\/wp-content\/uploads\/2025\/10\/II-484x484.jpg 484w\" sizes=\"(max-width:767px) 484px, 500px\" \/><\/p>\n<p>\u2022 Sicherer und schneller Werkzeugwechsel<\/p>\n<p>\u2022 Kann ohne Modifizierung von Stempeln des europ\u00e4ischen Typs verwendet werden<\/p>\n<p>\u2022 Roter Knopf \u2013 Stanzwerkzeuge leicht l\u00f6sen<\/p>\n<p>\u2022 Frontklemme \u2013 vertikaler Werkzeugwechsel<\/p>\n<p>\u2022 Hintere Klemme \u2013 horizontaler Werkzeugwechsel<\/p>\n<p>\u2022Einzelner V-Modus<\/p>\n<p>&nbsp;<\/p>\n<p>&nbsp;<\/p>\n<p>&nbsp;<\/p>\n<p>&nbsp;<\/p>\n<p>&nbsp;<\/p>\n<p>&nbsp;<\/p>\n<p>&nbsp;<\/p>\n<p>&nbsp;<\/p>\n<h2><strong><span class=\"magic-7\">Weitere Details:<\/span><\/strong><\/h2>\n<p><img loading=\"lazy\" decoding=\"async\" class=\"alignleft wp-image-1324 size-thumbnail\" src=\"https:\/\/aoxuanjx.com\/wp-content\/uploads\/2025\/10\/KK-300x300.jpg\" alt=\"\" width=\"300\" height=\"300\" srcset=\"https:\/\/aoxuanjx.com\/wp-content\/uploads\/2025\/10\/KK-300x300.jpg 300w, https:\/\/aoxuanjx.com\/wp-content\/uploads\/2025\/10\/KK-500x500.jpg 500w, https:\/\/aoxuanjx.com\/wp-content\/uploads\/2025\/10\/KK-768x768.jpg 768w, https:\/\/aoxuanjx.com\/wp-content\/uploads\/2025\/10\/KK-12x12.jpg 12w, https:\/\/aoxuanjx.com\/wp-content\/uploads\/2025\/10\/KK-150x150.jpg 150w, https:\/\/aoxuanjx.com\/wp-content\/uploads\/2025\/10\/KK-75x75.jpg 75w, https:\/\/aoxuanjx.com\/wp-content\/uploads\/2025\/10\/KK-484x484.jpg 484w, https:\/\/aoxuanjx.com\/wp-content\/uploads\/2025\/10\/KK.jpg 800w\" sizes=\"(max-width:767px) 300px, 300px\" \/> <img loading=\"lazy\" decoding=\"async\" class=\"alignleft wp-image-1326 size-thumbnail\" src=\"https:\/\/aoxuanjx.com\/wp-content\/uploads\/2025\/10\/G-1-300x300.jpg\" alt=\"\" width=\"300\" height=\"300\" srcset=\"https:\/\/aoxuanjx.com\/wp-content\/uploads\/2025\/10\/G-1-300x300.jpg 300w, https:\/\/aoxuanjx.com\/wp-content\/uploads\/2025\/10\/G-1-500x500.jpg 500w, https:\/\/aoxuanjx.com\/wp-content\/uploads\/2025\/10\/G-1-768x768.jpg 768w, https:\/\/aoxuanjx.com\/wp-content\/uploads\/2025\/10\/G-1-12x12.jpg 12w, https:\/\/aoxuanjx.com\/wp-content\/uploads\/2025\/10\/G-1-150x150.jpg 150w, https:\/\/aoxuanjx.com\/wp-content\/uploads\/2025\/10\/G-1-75x75.jpg 75w, https:\/\/aoxuanjx.com\/wp-content\/uploads\/2025\/10\/G-1-484x484.jpg 484w, https:\/\/aoxuanjx.com\/wp-content\/uploads\/2025\/10\/G-1.jpg 800w\" sizes=\"(max-width:767px) 300px, 300px\" \/><\/p>\n<p>&nbsp;<\/p>\n<p><img loading=\"lazy\" decoding=\"async\" class=\"wp-image-1014 size-thumbnail alignnone\" src=\"https:\/\/aoxuanjx.com\/wp-content\/uploads\/2025\/10\/D-300x300.jpg\" alt=\"\" width=\"300\" height=\"300\" srcset=\"https:\/\/aoxuanjx.com\/wp-content\/uploads\/2025\/10\/D-300x300.jpg 300w, https:\/\/aoxuanjx.com\/wp-content\/uploads\/2025\/10\/D-500x500.jpg 500w, https:\/\/aoxuanjx.com\/wp-content\/uploads\/2025\/10\/D-768x768.jpg 768w, https:\/\/aoxuanjx.com\/wp-content\/uploads\/2025\/10\/D-12x12.jpg 12w, https:\/\/aoxuanjx.com\/wp-content\/uploads\/2025\/10\/D-150x150.jpg 150w, https:\/\/aoxuanjx.com\/wp-content\/uploads\/2025\/10\/D-75x75.jpg 75w, https:\/\/aoxuanjx.com\/wp-content\/uploads\/2025\/10\/D-484x484.jpg 484w, https:\/\/aoxuanjx.com\/wp-content\/uploads\/2025\/10\/D.jpg 800w\" sizes=\"(max-width:767px) 300px, 300px\" \/><\/p>\n<p>&nbsp;<\/p>\n<p><img loading=\"lazy\" decoding=\"async\" class=\"aligncenter size-full wp-image-1054\" src=\"https:\/\/aoxuanjx.com\/wp-content\/uploads\/2025\/10\/press-brake.jpg\" alt=\"\" width=\"1486\" height=\"598\" srcset=\"https:\/\/aoxuanjx.com\/wp-content\/uploads\/2025\/10\/press-brake.jpg 1486w, https:\/\/aoxuanjx.com\/wp-content\/uploads\/2025\/10\/press-brake-500x201.jpg 500w, https:\/\/aoxuanjx.com\/wp-content\/uploads\/2025\/10\/press-brake-1200x483.jpg 1200w, https:\/\/aoxuanjx.com\/wp-content\/uploads\/2025\/10\/press-brake-300x121.jpg 300w, https:\/\/aoxuanjx.com\/wp-content\/uploads\/2025\/10\/press-brake-768x309.jpg 768w, https:\/\/aoxuanjx.com\/wp-content\/uploads\/2025\/10\/press-brake-18x7.jpg 18w, https:\/\/aoxuanjx.com\/wp-content\/uploads\/2025\/10\/press-brake-150x60.jpg 150w, https:\/\/aoxuanjx.com\/wp-content\/uploads\/2025\/10\/press-brake-484x195.jpg 484w, https:\/\/aoxuanjx.com\/wp-content\/uploads\/2025\/10\/press-brake-800x322.jpg 800w\" sizes=\"(max-width:767px) 484px, (max-width:1486px) 100vw, 1486px\" \/><\/p>\n<h2><b>Zertifikat:<\/b><\/h2>\n<p><img loading=\"lazy\" decoding=\"async\" class=\"size-full wp-image-1052 alignleft\" src=\"https:\/\/aoxuanjx.com\/wp-content\/uploads\/2025\/10\/\u8bbe\u5907CE-\u6298\u5f2f\u673a.jpg\" alt=\"\" width=\"405\" height=\"563\" srcset=\"https:\/\/aoxuanjx.com\/wp-content\/uploads\/2025\/10\/\u8bbe\u5907CE-\u6298\u5f2f\u673a.jpg 405w, https:\/\/aoxuanjx.com\/wp-content\/uploads\/2025\/10\/\u8bbe\u5907CE-\u6298\u5f2f\u673a-360x500.jpg 360w, https:\/\/aoxuanjx.com\/wp-content\/uploads\/2025\/10\/\u8bbe\u5907CE-\u6298\u5f2f\u673a-216x300.jpg 216w, https:\/\/aoxuanjx.com\/wp-content\/uploads\/2025\/10\/\u8bbe\u5907CE-\u6298\u5f2f\u673a-9x12.jpg 9w, https:\/\/aoxuanjx.com\/wp-content\/uploads\/2025\/10\/\u8bbe\u5907CE-\u6298\u5f2f\u673a-54x75.jpg 54w\" sizes=\"(max-width:767px) 405px, 405px\" \/><\/p>\n<p>&nbsp;<\/p>","protected":false},"excerpt":{"rendered":"<p>Produktdetails<br \/>\nHerkunftsort: China<br \/>\nMarkenname: AOXUANZG<br \/>\nZertifizierung: CE<br \/>\nModellnummer: WE67K-63T1600 DA53T<\/p>\n<p>Zahlungs- und Versandbedingungen<br \/>\nMindestbestellmenge: 1 Satz<br \/>\nVerpackungsdetails: Standard-Exportverpackung<br \/>\nLieferzeit: 30 Tage<br \/>\nZahlungsbedingungen: L\/C, T\/T, Western Union, MoneyGram<br \/>\nLieferf\u00e4higkeit: 120 Sets\/Jahr<\/p>","protected":false},"featured_media":1321,"template":"","meta":[],"product_brand":[39],"product_cat":[30],"product_tag":[41,40,44,43,42],"class_list":{"0":"post-1320","1":"product","2":"type-product","3":"status-publish","4":"has-post-thumbnail","6":"product_brand-aoxuanzg","7":"product_cat-cnc-electro-hydraulic-press-brake","8":"product_tag-cnc-electro-hydraulic-press-brake","9":"product_tag-cnc-hydryaulic-press-brake-machine","10":"product_tag-da66t-controller-system","11":"product_tag-hydraulic-bending-machine","12":"product_tag-press-brake-machine","14":"first","15":"instock","16":"shipping-taxable","17":"product-type-external"},"yoast_head":"<!-- This site is optimized with the Yoast SEO plugin v25.6 - https:\/\/yoast.com\/wordpress\/plugins\/seo\/ -->\n<title>High Precision DA53T System 63Ton1600mm 4+1 AXIS Electric-hydraulic Servo Press Brake - Anhui Aoxuan Machinery Equipment Co.,Ltd<\/title>\n<meta name=\"robots\" content=\"index, follow, max-snippet:-1, max-image-preview:large, max-video-preview:-1\" \/>\n<link rel=\"canonical\" href=\"https:\/\/aoxuanjx.com\/de\/produkt\/high-precision-da53t-system-63ton1600mm-41-axis-electric-hydraulic-servo-press-brake\/\" \/>\n<meta property=\"og:locale\" content=\"de_DE\" \/>\n<meta property=\"og:type\" content=\"article\" \/>\n<meta property=\"og:title\" content=\"High Precision DA53T System 63Ton1600mm 4+1 AXIS Electric-hydraulic Servo Press Brake - Anhui Aoxuan Machinery Equipment Co.,Ltd\" \/>\n<meta property=\"og:description\" content=\"Product Details Place of Origin: China Brand Name: AOXUANZG Certification: CE Model Number: WE67K-63T1600 DA53T  Payment &amp; Shipping Terms Minimum Order Quantity: 1 Set Packaging Details: Standard export packing Delivery time: 30 days Payment Terms: L\/C, T\/T, Western Union, MoneyGram Supply Ability:120 sets\/Year\" \/>\n<meta property=\"og:url\" content=\"https:\/\/aoxuanjx.com\/de\/produkt\/high-precision-da53t-system-63ton1600mm-41-axis-electric-hydraulic-servo-press-brake\/\" \/>\n<meta property=\"og:site_name\" content=\"Anhui Aoxuan Machinery Equipment Co.,Ltd\" \/>\n<meta property=\"article:modified_time\" content=\"2025-10-22T03:51:26+00:00\" \/>\n<meta property=\"og:image\" content=\"https:\/\/aoxuanjx.com\/wp-content\/uploads\/2025\/10\/800\u5e26LOGO.jpg\" \/>\n\t<meta property=\"og:image:width\" content=\"800\" \/>\n\t<meta property=\"og:image:height\" content=\"800\" \/>\n\t<meta property=\"og:image:type\" content=\"image\/jpeg\" \/>\n<meta name=\"twitter:card\" content=\"summary_large_image\" \/>\n<meta name=\"twitter:label1\" content=\"Gesch\u00e4tzte Lesezeit\" \/>\n\t<meta name=\"twitter:data1\" content=\"4\u00a0Minuten\" \/>\n<script type=\"application\/ld+json\" class=\"yoast-schema-graph\">{\"@context\":\"https:\/\/schema.org\",\"@graph\":[{\"@type\":\"WebPage\",\"@id\":\"https:\/\/aoxuanjx.com\/product\/high-precision-da53t-system-63ton1600mm-41-axis-electric-hydraulic-servo-press-brake\/\",\"url\":\"https:\/\/aoxuanjx.com\/product\/high-precision-da53t-system-63ton1600mm-41-axis-electric-hydraulic-servo-press-brake\/\",\"name\":\"High Precision DA53T System 63Ton1600mm 4+1 AXIS Electric-hydraulic Servo Press Brake - Anhui Aoxuan Machinery Equipment Co.,Ltd\",\"isPartOf\":{\"@id\":\"https:\/\/aoxuanjx.com\/#website\"},\"primaryImageOfPage\":{\"@id\":\"https:\/\/aoxuanjx.com\/product\/high-precision-da53t-system-63ton1600mm-41-axis-electric-hydraulic-servo-press-brake\/#primaryimage\"},\"image\":{\"@id\":\"https:\/\/aoxuanjx.com\/product\/high-precision-da53t-system-63ton1600mm-41-axis-electric-hydraulic-servo-press-brake\/#primaryimage\"},\"thumbnailUrl\":\"https:\/\/aoxuanjx.com\/wp-content\/uploads\/2025\/10\/800\u5e26LOGO.jpg\",\"datePublished\":\"2025-10-17T03:44:36+00:00\",\"dateModified\":\"2025-10-22T03:51:26+00:00\",\"breadcrumb\":{\"@id\":\"https:\/\/aoxuanjx.com\/product\/high-precision-da53t-system-63ton1600mm-41-axis-electric-hydraulic-servo-press-brake\/#breadcrumb\"},\"inLanguage\":\"de\",\"potentialAction\":[{\"@type\":\"ReadAction\",\"target\":[\"https:\/\/aoxuanjx.com\/product\/high-precision-da53t-system-63ton1600mm-41-axis-electric-hydraulic-servo-press-brake\/\"]}]},{\"@type\":\"ImageObject\",\"inLanguage\":\"de\",\"@id\":\"https:\/\/aoxuanjx.com\/product\/high-precision-da53t-system-63ton1600mm-41-axis-electric-hydraulic-servo-press-brake\/#primaryimage\",\"url\":\"https:\/\/aoxuanjx.com\/wp-content\/uploads\/2025\/10\/800\u5e26LOGO.jpg\",\"contentUrl\":\"https:\/\/aoxuanjx.com\/wp-content\/uploads\/2025\/10\/800\u5e26LOGO.jpg\",\"width\":800,\"height\":800},{\"@type\":\"BreadcrumbList\",\"@id\":\"https:\/\/aoxuanjx.com\/product\/high-precision-da53t-system-63ton1600mm-41-axis-electric-hydraulic-servo-press-brake\/#breadcrumb\",\"itemListElement\":[{\"@type\":\"ListItem\",\"position\":1,\"name\":\"Home\",\"item\":\"https:\/\/aoxuanjx.com\/\"},{\"@type\":\"ListItem\",\"position\":2,\"name\":\"Product\",\"item\":\"https:\/\/aoxuanjx.com\/product\/\"},{\"@type\":\"ListItem\",\"position\":3,\"name\":\"High Precision DA53T System 63Ton1600mm 4+1 AXIS Electric-hydraulic Servo Press Brake\"}]},{\"@type\":\"WebSite\",\"@id\":\"https:\/\/aoxuanjx.com\/#website\",\"url\":\"https:\/\/aoxuanjx.com\/\",\"name\":\"Anhui Aoxuan Machinery Equipment Co.,Ltd\",\"description\":\"Anhui Aoxuan Machinery Equipment Co.,Ltd\",\"potentialAction\":[{\"@type\":\"SearchAction\",\"target\":{\"@type\":\"EntryPoint\",\"urlTemplate\":\"https:\/\/aoxuanjx.com\/?s={search_term_string}\"},\"query-input\":{\"@type\":\"PropertyValueSpecification\",\"valueRequired\":true,\"valueName\":\"search_term_string\"}}],\"inLanguage\":\"de\"}]}<\/script>\n<!-- \/ Yoast SEO plugin. -->","yoast_head_json":{"title":"High Precision DA53T System 63Ton1600mm 4+1 AXIS Electric-hydraulic Servo Press Brake - Anhui Aoxuan Machinery Equipment Co.,Ltd","robots":{"index":"index","follow":"follow","max-snippet":"max-snippet:-1","max-image-preview":"max-image-preview:large","max-video-preview":"max-video-preview:-1"},"canonical":"https:\/\/aoxuanjx.com\/de\/produkt\/high-precision-da53t-system-63ton1600mm-41-axis-electric-hydraulic-servo-press-brake\/","og_locale":"de_DE","og_type":"article","og_title":"High Precision DA53T System 63Ton1600mm 4+1 AXIS Electric-hydraulic Servo Press Brake - Anhui Aoxuan Machinery Equipment Co.,Ltd","og_description":"Product Details Place of Origin: China Brand Name: AOXUANZG Certification: CE Model Number: WE67K-63T1600 DA53T  Payment &amp; Shipping Terms Minimum Order Quantity: 1 Set Packaging Details: Standard export packing Delivery time: 30 days Payment Terms: L\/C, T\/T, Western Union, MoneyGram Supply Ability:120 sets\/Year","og_url":"https:\/\/aoxuanjx.com\/de\/produkt\/high-precision-da53t-system-63ton1600mm-41-axis-electric-hydraulic-servo-press-brake\/","og_site_name":"Anhui Aoxuan Machinery Equipment Co.,Ltd","article_modified_time":"2025-10-22T03:51:26+00:00","og_image":[{"width":800,"height":800,"url":"https:\/\/aoxuanjx.com\/wp-content\/uploads\/2025\/10\/800\u5e26LOGO.jpg","type":"image\/jpeg"}],"twitter_card":"summary_large_image","twitter_misc":{"Gesch\u00e4tzte Lesezeit":"4\u00a0Minuten"},"schema":{"@context":"https:\/\/schema.org","@graph":[{"@type":"WebPage","@id":"https:\/\/aoxuanjx.com\/product\/high-precision-da53t-system-63ton1600mm-41-axis-electric-hydraulic-servo-press-brake\/","url":"https:\/\/aoxuanjx.com\/product\/high-precision-da53t-system-63ton1600mm-41-axis-electric-hydraulic-servo-press-brake\/","name":"High Precision DA53T System 63Ton1600mm 4+1 AXIS Electric-hydraulic Servo Press Brake - Anhui Aoxuan Machinery Equipment Co.,Ltd","isPartOf":{"@id":"https:\/\/aoxuanjx.com\/#website"},"primaryImageOfPage":{"@id":"https:\/\/aoxuanjx.com\/product\/high-precision-da53t-system-63ton1600mm-41-axis-electric-hydraulic-servo-press-brake\/#primaryimage"},"image":{"@id":"https:\/\/aoxuanjx.com\/product\/high-precision-da53t-system-63ton1600mm-41-axis-electric-hydraulic-servo-press-brake\/#primaryimage"},"thumbnailUrl":"https:\/\/aoxuanjx.com\/wp-content\/uploads\/2025\/10\/800\u5e26LOGO.jpg","datePublished":"2025-10-17T03:44:36+00:00","dateModified":"2025-10-22T03:51:26+00:00","breadcrumb":{"@id":"https:\/\/aoxuanjx.com\/product\/high-precision-da53t-system-63ton1600mm-41-axis-electric-hydraulic-servo-press-brake\/#breadcrumb"},"inLanguage":"de","potentialAction":[{"@type":"ReadAction","target":["https:\/\/aoxuanjx.com\/product\/high-precision-da53t-system-63ton1600mm-41-axis-electric-hydraulic-servo-press-brake\/"]}]},{"@type":"ImageObject","inLanguage":"de","@id":"https:\/\/aoxuanjx.com\/product\/high-precision-da53t-system-63ton1600mm-41-axis-electric-hydraulic-servo-press-brake\/#primaryimage","url":"https:\/\/aoxuanjx.com\/wp-content\/uploads\/2025\/10\/800\u5e26LOGO.jpg","contentUrl":"https:\/\/aoxuanjx.com\/wp-content\/uploads\/2025\/10\/800\u5e26LOGO.jpg","width":800,"height":800},{"@type":"BreadcrumbList","@id":"https:\/\/aoxuanjx.com\/product\/high-precision-da53t-system-63ton1600mm-41-axis-electric-hydraulic-servo-press-brake\/#breadcrumb","itemListElement":[{"@type":"ListItem","position":1,"name":"Home","item":"https:\/\/aoxuanjx.com\/"},{"@type":"ListItem","position":2,"name":"Product","item":"https:\/\/aoxuanjx.com\/product\/"},{"@type":"ListItem","position":3,"name":"High Precision DA53T System 63Ton1600mm 4+1 AXIS Electric-hydraulic Servo Press Brake"}]},{"@type":"WebSite","@id":"https:\/\/aoxuanjx.com\/#website","url":"https:\/\/aoxuanjx.com\/","name":"Anhui Aoxuan Machinery Equipment Co.,Ltd","description":"Anhui Aoxuan Machinery Equipment Co.,Ltd","potentialAction":[{"@type":"SearchAction","target":{"@type":"EntryPoint","urlTemplate":"https:\/\/aoxuanjx.com\/?s={search_term_string}"},"query-input":{"@type":"PropertyValueSpecification","valueRequired":true,"valueName":"search_term_string"}}],"inLanguage":"de"}]}},"_links":{"self":[{"href":"https:\/\/aoxuanjx.com\/de\/wp-json\/wp\/v2\/product\/1320","targetHints":{"allow":["GET"]}}],"collection":[{"href":"https:\/\/aoxuanjx.com\/de\/wp-json\/wp\/v2\/product"}],"about":[{"href":"https:\/\/aoxuanjx.com\/de\/wp-json\/wp\/v2\/types\/product"}],"version-history":[{"count":4,"href":"https:\/\/aoxuanjx.com\/de\/wp-json\/wp\/v2\/product\/1320\/revisions"}],"predecessor-version":[{"id":1470,"href":"https:\/\/aoxuanjx.com\/de\/wp-json\/wp\/v2\/product\/1320\/revisions\/1470"}],"wp:featuredmedia":[{"embeddable":true,"href":"https:\/\/aoxuanjx.com\/de\/wp-json\/wp\/v2\/media\/1321"}],"wp:attachment":[{"href":"https:\/\/aoxuanjx.com\/de\/wp-json\/wp\/v2\/media?parent=1320"}],"wp:term":[{"taxonomy":"product_brand","embeddable":true,"href":"https:\/\/aoxuanjx.com\/de\/wp-json\/wp\/v2\/product_brand?post=1320"},{"taxonomy":"product_cat","embeddable":true,"href":"https:\/\/aoxuanjx.com\/de\/wp-json\/wp\/v2\/product_cat?post=1320"},{"taxonomy":"product_tag","embeddable":true,"href":"https:\/\/aoxuanjx.com\/de\/wp-json\/wp\/v2\/product_tag?post=1320"}],"curies":[{"name":"wp","href":"https:\/\/api.w.org\/{rel}","templated":true}]}}