{"id":1209,"date":"2025-10-16T08:15:50","date_gmt":"2025-10-16T08:15:50","guid":{"rendered":"https:\/\/aoxuanjx.com\/?post_type=product&#038;p=1209"},"modified":"2025-10-16T08:15:51","modified_gmt":"2025-10-16T08:15:51","slug":"or-eht-3015-6000-integrated-tube-sheet-fiber-laser-cutting-machine","status":"publish","type":"product","link":"https:\/\/aoxuanjx.com\/de\/produkt\/or-eht-3015-6000-integrated-tube-sheet-fiber-laser-cutting-machine\/","title":{"rendered":"OR-EHT 3015-6000 Integrierte Faserlaserschneidmaschine f\u00fcr Rohre und Bleche"},"content":{"rendered":"<h4><img fetchpriority=\"high\" decoding=\"async\" class=\"alignleft wp-image-1220\" src=\"https:\/\/aoxuanjx.com\/wp-content\/uploads\/2025\/10\/OR-EHT3015-4.png\" alt=\"\" width=\"528\" height=\"297\" srcset=\"https:\/\/aoxuanjx.com\/wp-content\/uploads\/2025\/10\/OR-EHT3015-4.png 2560w, https:\/\/aoxuanjx.com\/wp-content\/uploads\/2025\/10\/OR-EHT3015-4-500x281.png 500w, https:\/\/aoxuanjx.com\/wp-content\/uploads\/2025\/10\/OR-EHT3015-4-300x169.png 300w, https:\/\/aoxuanjx.com\/wp-content\/uploads\/2025\/10\/OR-EHT3015-4-18x10.png 18w, https:\/\/aoxuanjx.com\/wp-content\/uploads\/2025\/10\/OR-EHT3015-4-133x75.png 133w, https:\/\/aoxuanjx.com\/wp-content\/uploads\/2025\/10\/OR-EHT3015-4-484x272.png 484w\" sizes=\"(max-width:767px) 484px, 528px\" \/><\/h4>\n<h4><\/h4>\n<h4><strong><span data-spm-anchor-id=\"a2700.details-description.0.i4.2f92TR8UTR8Uck\">Maschinenmerkmal<\/span><\/strong><\/h4>\n<p>&nbsp;<\/p>\n<p data-spm-anchor-id=\"a2700.details-description.0.i5.2f92TR8UTR8Uck\">\u2666 Die Portal-Doppelantriebsstruktur mit importiertem deutschen Zahnstangen- und Ritzelgetriebesystem verbessert die Produktionseffizienz.<\/p>\n<p data-spm-anchor-id=\"a2700.details-description.0.i5.2f92TR8UTR8Uck\">\u2666 Die Hochleistungs-F\u00fchrungsschiene aus Aluminiumguss erm\u00f6glicht nach der Finite-Elemente-Analyse ein Kreisbogenschneiden mit hoher Geschwindigkeit.<\/p>\n<p data-spm-anchor-id=\"a2700.details-description.0.i5.2f92TR8UTR8Uck\">\u2666 Offener Arbeitstisch, einfache Bedienung und geringer Platzbedarf.<\/p>\n<hr \/>\n<p>&nbsp;<\/p>\n<p>&nbsp;<\/p>\n<p>&nbsp;<\/p>\n<p><img decoding=\"async\" class=\"alignleft wp-image-1219\" src=\"https:\/\/aoxuanjx.com\/wp-content\/uploads\/2025\/10\/OR-EHT3015-3.png\" alt=\"\" width=\"903\" height=\"508\" srcset=\"https:\/\/aoxuanjx.com\/wp-content\/uploads\/2025\/10\/OR-EHT3015-3.png 2560w, https:\/\/aoxuanjx.com\/wp-content\/uploads\/2025\/10\/OR-EHT3015-3-500x281.png 500w, https:\/\/aoxuanjx.com\/wp-content\/uploads\/2025\/10\/OR-EHT3015-3-300x169.png 300w, https:\/\/aoxuanjx.com\/wp-content\/uploads\/2025\/10\/OR-EHT3015-3-768x432.png 768w, https:\/\/aoxuanjx.com\/wp-content\/uploads\/2025\/10\/OR-EHT3015-3-18x10.png 18w, https:\/\/aoxuanjx.com\/wp-content\/uploads\/2025\/10\/OR-EHT3015-3-133x75.png 133w, https:\/\/aoxuanjx.com\/wp-content\/uploads\/2025\/10\/OR-EHT3015-3-484x272.png 484w, https:\/\/aoxuanjx.com\/wp-content\/uploads\/2025\/10\/OR-EHT3015-3-800x450.png 800w\" sizes=\"(max-width:767px) 484px, (max-width:903px) 100vw, 903px\" \/><\/p>\n<ol>\n<li>IPG\/RAYCUS\/MAX LASERSTROMQUELLE<\/li>\n<li>\u00a0PLATZSPARENDES ALL-IN-ONE-DESIGN<\/li>\n<li>\u00a0Von Raytoos entwickelter Laserkopf<\/li>\n<li>HOHE PR\u00c4ZISION REDUZIEREN<\/li>\n<li>AUTOFOKUS-SYSTEM<\/li>\n<li>MODERNE SERVOMOTOREN UND -ANTRIEBE VON SCHNEIDER<\/li>\n<li style=\"text-align: left;\">HOCHPR\u00c4ZISE ZAHNSTANGE<\/li>\n<li>Portal f\u00fcr die Luft- und Raumfahrt<\/li>\n<li>S\u00e4gezahnblatt-Schneidwerkbett<\/li>\n<li>SCHWINGENARM-COMPUTERANZEIGE<\/li>\n<li>CYPCUT SOFTWARE<\/li>\n<li>AUTOMATISCHES GAS-\/SCHMIERSYSTEM<\/li>\n<li>Schuttsammelsystem<\/li>\n<li>INDUSTRIELLER WASSERK\u00dcHLER INKLUSIVE usw.<\/li>\n<li>TRANSFORMATOR &amp; MONTAGE IN CHINA<\/li>\n<\/ol>\n<h1><\/h1>\n<h1><\/h1>\n<p><img decoding=\"async\" class=\"alignleft size-full wp-image-1218\" src=\"https:\/\/aoxuanjx.com\/wp-content\/uploads\/2025\/10\/OR-EHT3015-2.png\" alt=\"\" width=\"2560\" height=\"1439\" srcset=\"https:\/\/aoxuanjx.com\/wp-content\/uploads\/2025\/10\/OR-EHT3015-2.png 2560w, https:\/\/aoxuanjx.com\/wp-content\/uploads\/2025\/10\/OR-EHT3015-2-500x281.png 500w, https:\/\/aoxuanjx.com\/wp-content\/uploads\/2025\/10\/OR-EHT3015-2-1200x675.png 1200w, https:\/\/aoxuanjx.com\/wp-content\/uploads\/2025\/10\/OR-EHT3015-2-300x169.png 300w, https:\/\/aoxuanjx.com\/wp-content\/uploads\/2025\/10\/OR-EHT3015-2-768x432.png 768w, https:\/\/aoxuanjx.com\/wp-content\/uploads\/2025\/10\/OR-EHT3015-2-1536x863.png 1536w, https:\/\/aoxuanjx.com\/wp-content\/uploads\/2025\/10\/OR-EHT3015-2-2048x1151.png 2048w, https:\/\/aoxuanjx.com\/wp-content\/uploads\/2025\/10\/OR-EHT3015-2-18x10.png 18w, https:\/\/aoxuanjx.com\/wp-content\/uploads\/2025\/10\/OR-EHT3015-2-133x75.png 133w, https:\/\/aoxuanjx.com\/wp-content\/uploads\/2025\/10\/OR-EHT3015-2-484x272.png 484w, https:\/\/aoxuanjx.com\/wp-content\/uploads\/2025\/10\/OR-EHT3015-2-800x450.png 800w\" sizes=\"(max-width:767px) 484px, (max-width:2560px) 100vw, 2560px\" \/><\/p>\n<h1><\/h1>\n<p>&nbsp;<\/p>\n<p>&nbsp;<\/p>\n<h1 style=\"text-align: center;\">AUSR\u00dcSTUNGSPARAMETER<\/h1>\n<hr \/>\n<h6 style=\"text-align: left;\"><span style=\"color: #008000;\"><strong>\u00a0 \u00a0 <img loading=\"lazy\" decoding=\"async\" class=\"alignleft size-full wp-image-1201\" src=\"https:\/\/aoxuanjx.com\/wp-content\/uploads\/2025\/10\/\u6fc0\u5149\u53c2\u6570.jpg\" alt=\"\" width=\"1363\" height=\"750\" srcset=\"https:\/\/aoxuanjx.com\/wp-content\/uploads\/2025\/10\/\u6fc0\u5149\u53c2\u6570.jpg 1363w, https:\/\/aoxuanjx.com\/wp-content\/uploads\/2025\/10\/\u6fc0\u5149\u53c2\u6570-500x275.jpg 500w, https:\/\/aoxuanjx.com\/wp-content\/uploads\/2025\/10\/\u6fc0\u5149\u53c2\u6570-1200x660.jpg 1200w, https:\/\/aoxuanjx.com\/wp-content\/uploads\/2025\/10\/\u6fc0\u5149\u53c2\u6570-300x165.jpg 300w, https:\/\/aoxuanjx.com\/wp-content\/uploads\/2025\/10\/\u6fc0\u5149\u53c2\u6570-768x423.jpg 768w, https:\/\/aoxuanjx.com\/wp-content\/uploads\/2025\/10\/\u6fc0\u5149\u53c2\u6570-18x10.jpg 18w, https:\/\/aoxuanjx.com\/wp-content\/uploads\/2025\/10\/\u6fc0\u5149\u53c2\u6570-136x75.jpg 136w, https:\/\/aoxuanjx.com\/wp-content\/uploads\/2025\/10\/\u6fc0\u5149\u53c2\u6570-484x266.jpg 484w, https:\/\/aoxuanjx.com\/wp-content\/uploads\/2025\/10\/\u6fc0\u5149\u53c2\u6570-800x440.jpg 800w\" sizes=\"(max-width:767px) 484px, (max-width:1363px) 100vw, 1363px\" \/>\u00a0 \u00a0 \u00a0 \u00a0 \u00a0<\/strong><\/span><\/h6>\n<p>&nbsp;<\/p>\n<p>&nbsp;<\/p>\n<p>&nbsp;<\/p>\n<h1><\/h1>\n<h1><\/h1>\n<h1><\/h1>\n<h1><\/h1>\n<h1><\/h1>\n<h1><\/h1>\n<h1><\/h1>\n<h1><\/h1>\n<h1><\/h1>\n<h1><\/h1>\n<h1 style=\"text-align: center;\">GENAUIGKEIT DER AUSR\u00dcSTUNGSVERARBEITUNG<\/h1>\n<hr \/>\n<h6 style=\"text-align: center;\"><strong><span style=\"color: #008000;\">\u03c630 mm Kreisschnittgenauigkeit\u00a0<\/span> \u00a0<span style=\"color: #008000;\">\u00a0 \u00a0 \u00a0 \u00a0 \u00a0 \u00a0 \u00a0 \u00a0 \u00a0 \u00a0 \u00a0 \u00a0 \u00a0 \u00a0 \u00a0 \u00a0 \u00a0 \u00a0 \u00a0 \u00a0 \u00a0 \u00a0 \u00a0 \u00a0 \u00a0 \u00a0 \u00a0 \u00a0 \u00a0 \u00a0 \u00a0 \u00a0\u03c630 mm Genauigkeit beim angrenzenden Schnitt \u03c6200 mm Genauigkeit beim angrenzenden Schnitt<\/span><\/strong><\/h6>\n<p style=\"text-align: center;\">0,05-0,08 mm 0,02-0,04 mm 0,04-0,06 mm<\/p>\n<p>&nbsp;<\/p>\n<h6 style=\"text-align: center;\"><span style=\"color: #008000;\"><strong>\u03c6200 mm Diagonalschnittgenauigkeit<\/strong><\/span><\/h6>\n<p style=\"text-align: center;\">0,05\u20130,07 mm<\/p>\n<p>&nbsp;<\/p>\n<p style=\"text-align: center;\">Sie w\u00e4hlen die Leistung des Lasers<\/p>\n<p>&nbsp;<\/p>\n<h1><\/h1>\n<h1><\/h1>\n<h1 style=\"text-align: center;\">Sie w\u00e4hlen die Leistung des Lasers<\/h1>\n<hr \/>\n<p>&nbsp;<\/p>\n<p><img loading=\"lazy\" decoding=\"async\" class=\"wp-image-1102 aligncenter\" src=\"https:\/\/aoxuanjx.com\/wp-content\/uploads\/2025\/10\/material-thickness-\u56fe\u7247.png\" alt=\"\" width=\"1062\" height=\"939\" srcset=\"https:\/\/aoxuanjx.com\/wp-content\/uploads\/2025\/10\/material-thickness-\u56fe\u7247.png 800w, https:\/\/aoxuanjx.com\/wp-content\/uploads\/2025\/10\/material-thickness-\u56fe\u7247-500x442.png 500w, https:\/\/aoxuanjx.com\/wp-content\/uploads\/2025\/10\/material-thickness-\u56fe\u7247-300x265.png 300w, https:\/\/aoxuanjx.com\/wp-content\/uploads\/2025\/10\/material-thickness-\u56fe\u7247-768x679.png 768w, https:\/\/aoxuanjx.com\/wp-content\/uploads\/2025\/10\/material-thickness-\u56fe\u7247-14x12.png 14w, https:\/\/aoxuanjx.com\/wp-content\/uploads\/2025\/10\/material-thickness-\u56fe\u7247-85x75.png 85w, https:\/\/aoxuanjx.com\/wp-content\/uploads\/2025\/10\/material-thickness-\u56fe\u7247-484x428.png 484w\" sizes=\"(max-width:767px) 484px, (max-width:1062px) 100vw, 1062px\" \/><\/p>\n<h5 style=\"text-align: center;\">\u00a0 \u00a0 \u00a0 \u00a0 \u00a0 \u00a0 \u00a0 \u00a0 \u00a0 \u00a0 \u00a0 \u00a0 \u00a0 \u00a0 \u00a0 Die Laserleistung kann je nach Dicke und Qualit\u00e4t des zu schneidenden Materials zwischen 1,5 und 4 kW variieren.<\/h5>\n<p>&nbsp;<\/p>\n<h5 style=\"text-align: center;\">\u00a0 \u00a0 \u00a0 \u00a0 \u00a0 \u00a0 \u00a0 \u00a0 \u00a0 \u00a0 \u00a0 \u00a0 \u00a0 \u00a0 \u00a0 \u00a0 \u00a0 \u00a0 \u00a0Fragen Sie das Verkaufsb\u00fcro nach weiteren Informationen, um die richtige Leistung f\u00fcr Ihren Bedarf auszuw\u00e4hlen.<\/h5>\n<p>&nbsp;<\/p>\n<p>&nbsp;<\/p>\n<hr \/>\n<p><img loading=\"lazy\" decoding=\"async\" class=\"wp-image-1103 aligncenter\" src=\"https:\/\/aoxuanjx.com\/wp-content\/uploads\/2025\/10\/\u6fc0\u5149\u5c3a\u5bf8\u56fe.jpg\" alt=\"\" width=\"1944\" height=\"855\" srcset=\"https:\/\/aoxuanjx.com\/wp-content\/uploads\/2025\/10\/\u6fc0\u5149\u5c3a\u5bf8\u56fe.jpg 1846w, https:\/\/aoxuanjx.com\/wp-content\/uploads\/2025\/10\/\u6fc0\u5149\u5c3a\u5bf8\u56fe-500x220.jpg 500w, https:\/\/aoxuanjx.com\/wp-content\/uploads\/2025\/10\/\u6fc0\u5149\u5c3a\u5bf8\u56fe-1200x528.jpg 1200w, https:\/\/aoxuanjx.com\/wp-content\/uploads\/2025\/10\/\u6fc0\u5149\u5c3a\u5bf8\u56fe-300x132.jpg 300w, https:\/\/aoxuanjx.com\/wp-content\/uploads\/2025\/10\/\u6fc0\u5149\u5c3a\u5bf8\u56fe-768x338.jpg 768w, https:\/\/aoxuanjx.com\/wp-content\/uploads\/2025\/10\/\u6fc0\u5149\u5c3a\u5bf8\u56fe-1536x676.jpg 1536w, https:\/\/aoxuanjx.com\/wp-content\/uploads\/2025\/10\/\u6fc0\u5149\u5c3a\u5bf8\u56fe-18x8.jpg 18w, https:\/\/aoxuanjx.com\/wp-content\/uploads\/2025\/10\/\u6fc0\u5149\u5c3a\u5bf8\u56fe-150x66.jpg 150w, https:\/\/aoxuanjx.com\/wp-content\/uploads\/2025\/10\/\u6fc0\u5149\u5c3a\u5bf8\u56fe-484x213.jpg 484w, https:\/\/aoxuanjx.com\/wp-content\/uploads\/2025\/10\/\u6fc0\u5149\u5c3a\u5bf8\u56fe-800x352.jpg 800w\" sizes=\"(max-width:767px) 484px, (max-width:1944px) 100vw, 1944px\" \/><\/p>\n<p>&nbsp;<\/p>\n<p>&nbsp;<\/p>\n<p>&nbsp;<\/p>\n<p>&nbsp;<\/p>\n<p>&nbsp;<\/p>\n<p>&nbsp;<\/p>\n<h2><\/h2>\n<h2><\/h2>\n<h2><\/h2>\n<h2><\/h2>\n<h2><\/h2>\n<h2><\/h2>\n<h2><\/h2>\n<h6><span style=\"color: #008000;\">\u00a0 \u00a0 \u00a0 \u00a0 \u00a0 \u00a0 \u00a0 \u00a0 \u00a0 \u00a0 \u00a0 \u00a0 \u00a0 \u00a0 \u00a0 \u00a0 \u00a0 \u00a0 \u00a0 \u00a0 \u00a0 \u00a0 \u00a0 \u00a0 \u00a0 \u00a0 \u00a0 \u00a0 \u00a0 \u00a0 \u00a0 \u00a0 \u00a0 \u00a0 \u00a0 \u00a0 \u00a0 \u00a0 \u00a0 \u00a0 \u00a0 \u00a0 \u00a0 \u00a0 \u00a0 \u00a0 \u00a0 \u00a0 \u00a02 Jahre Garantie auf Laserger\u00e4te \u2013 Zuverl\u00e4ssige Leistung garantiert<\/span><\/h6>\n<p><span data-type=\"text\">\u00a0 \u00a0 \u00a0 \u00a0 \u00a0 \u00a0 \u00a0 \u00a0 \u00a0 \u00a0 \u00a0 \u00a0 \u00a0 \u00a0 \u00a0 \u00a0 \u00a0 \u00a0 \u00a0 \u00a0 \u00a0 \u00a0F\u00fcr das Laserger\u00e4t gilt eine Garantie von 2 Jahren. Sollte das Ger\u00e4t w\u00e4hrend dieser Zeit aufgrund von Herstellungsfehlern nicht ordnungsgem\u00e4\u00df funktionieren, <\/span><\/p>\n<p><span data-type=\"text\">\u00a0 \u00a0 \u00a0 \u00a0 \u00a0 \u00a0 \u00a0 \u00a0 \u00a0 \u00a0 \u00a0 \u00a0 \u00a0 \u00a0 \u00a0 \u00a0 \u00a0 \u00a0 \u00a0 \u00a0 \u00a0 \u00a0M\u00e4ngel oder Materialprobleme, bieten wir kostenlose Reparatur oder Ersatz an. Die Garantie deckt Kernkomponenten des Lasers ab <\/span><\/p>\n<p><span data-type=\"text\">\u00a0 \u00a0 \u00a0 \u00a0 \u00a0 \u00a0 \u00a0 \u00a0 \u00a0 \u00a0 \u00a0 \u00a0 \u00a0 \u00a0 \u00a0 \u00a0 \u00a0 \u00a0 \u00a0 \u00a0 \u00a0 \u00a0 \u00a0 und Originalkomponenten, die zum Zeitpunkt der Lieferung geliefert wurden, umfasst jedoch keine Probleme, die durch unsachgem\u00e4\u00dfen Betrieb verursacht werden, <\/span><\/p>\n<p><span data-type=\"text\">\u00a0 \u00a0 \u00a0 \u00a0 \u00a0 \u00a0 \u00a0 \u00a0 \u00a0 \u00a0 \u00a0 \u00a0 \u00a0 \u00a0 \u00a0 \u00a0 \u00a0 \u00a0 \u00a0 \u00a0 \u00a0 Unfallsch\u00e4den oder nicht autorisierte Reparaturen. Wir sind bestrebt, Stabilit\u00e4t und Zuverl\u00e4ssigkeit w\u00e4hrend Ihrer Nutzung zu gew\u00e4hrleisten und Ihnen <\/span><\/p>\n<p><span data-type=\"text\">\u00a0 \u00a0 \u00a0 \u00a0 \u00a0 \u00a0 \u00a0 \u00a0 \u00a0 \u00a0 \u00a0 \u00a0 \u00a0 \u00a0 \u00a0 \u00a0 \u00a0 \u00a0 \u00a0 \u00a0 \u00a0 \u00a0 \u00a0 \u00a0 \u00a0 \u00a0 \u00a0 \u00a0 \u00a0 \u00a0 \u00a0 \u00a0 \u00a0 \u00a0 \u00a0 \u00a0 \u00a0 \u00a0 \u00a0 \u00a0 \u00a0 \u00a0 \u00a0 \u00a0 \u00a0 \u00a0 \u00a0 \u00a0 \u00a0 \u00a0 \u00a0 \u00a0 \u00a0 \u00a0Sorgenfreiheit bei Ihren Produktionsabl\u00e4ufen.<\/span><\/p>\n<h6><span style=\"color: #008000;\">\u00a0 \u00a0 \u00a0 \u00a0 \u00a0 \u00a0 \u00a0 \u00a0 \u00a0 \u00a0 \u00a0 \u00a0 \u00a0 \u00a0 \u00a0 \u00a0 \u00a0 \u00a0 \u00a0 \u00a0 \u00a0 \u00a0 \u00a0 \u00a0 \u00a0 \u00a0 \u00a0 \u00a0 \u00a0 \u00a0 \u00a0 \u00a0 \u00a0 \u00a0 \u00a0 \u00a0 \u00a0 \u00a0 \u00a0 \u00a0 \u00a0 \u00a0 \u00a0 \u00a0 \u00a0 \u00a0 \u00a0 \u00a0 \u00a0 \u00a0 \u00a0 \u00a0 \u00a0Lebenslanger technischer Support beim Kauf jeder Maschine inbegriffen<\/span><\/h6>\n<p>&nbsp;<\/p>\n<p><img loading=\"lazy\" decoding=\"async\" class=\"alignleft wp-image-951\" src=\"https:\/\/aoxuanjx.com\/wp-content\/uploads\/2025\/09\/gong2.jpg\" alt=\"\" width=\"1429\" height=\"1191\" srcset=\"https:\/\/aoxuanjx.com\/wp-content\/uploads\/2025\/09\/gong2.jpg 600w, https:\/\/aoxuanjx.com\/wp-content\/uploads\/2025\/09\/gong2-500x417.jpg 500w, https:\/\/aoxuanjx.com\/wp-content\/uploads\/2025\/09\/gong2-300x250.jpg 300w, https:\/\/aoxuanjx.com\/wp-content\/uploads\/2025\/09\/gong2-14x12.jpg 14w, https:\/\/aoxuanjx.com\/wp-content\/uploads\/2025\/09\/gong2-90x75.jpg 90w, https:\/\/aoxuanjx.com\/wp-content\/uploads\/2025\/09\/gong2-484x403.jpg 484w\" sizes=\"(max-width:767px) 484px, (max-width:1429px) 100vw, 1429px\" \/><\/p>","protected":false},"excerpt":{"rendered":"<h6>Diese Maschine wurde speziell zum Schneiden mittlerer und d\u00fcnner (\u226430 mm) Bleche entwickelt.<\/h6>\n<h6>Es ist kompakt, hat eine offene Struktur und bietet zwei verschiedene Konfigurationen.<\/h6>\n<h6>Sowohl die Hardware als auch die Software wurden k\u00fcrzlich aktualisiert, um den tats\u00e4chlichen Anforderungen der Benutzer besser gerecht zu werden.<\/h6>\n<h6 style=\"text-align: left;\">Ein 40HQ-Container bietet Platz f\u00fcr 6 S\u00e4tze 3015NP, was LCL-Verpackungen mit wesentlich geringeren Frachtkosten erm\u00f6glicht.<\/h6>","protected":false},"featured_media":1217,"template":"","meta":[],"product_brand":[39],"product_cat":[32],"product_tag":[],"class_list":{"0":"post-1209","1":"product","2":"type-product","3":"status-publish","4":"has-post-thumbnail","6":"product_brand-aoxuanzg","7":"product_cat-fiber-laser-cutting-machine","9":"first","10":"instock","11":"shipping-taxable","12":"product-type-external"},"yoast_head":"<!-- This site is optimized with the Yoast SEO plugin v25.6 - https:\/\/yoast.com\/wordpress\/plugins\/seo\/ -->\n<title>OR-EHT 3015-6000 Integrated Tube &amp; Sheet Fiber Laser Cutting Machine - Anhui Aoxuan Machinery Equipment Co.,Ltd<\/title>\n<meta name=\"robots\" content=\"index, follow, max-snippet:-1, max-image-preview:large, max-video-preview:-1\" \/>\n<link rel=\"canonical\" href=\"https:\/\/aoxuanjx.com\/de\/produkt\/or-eht-3015-6000-integrated-tube-sheet-fiber-laser-cutting-machine\/\" \/>\n<meta property=\"og:locale\" content=\"de_DE\" \/>\n<meta property=\"og:type\" content=\"article\" \/>\n<meta property=\"og:title\" content=\"OR-EHT 3015-6000 Integrated Tube &amp; Sheet Fiber Laser Cutting Machine - Anhui Aoxuan Machinery Equipment Co.,Ltd\" \/>\n<meta property=\"og:description\" content=\"This machine is specifically developed for cutting medium and thin (\u226430mm) sheet. It is compact with open-style structure and offers two different configurations. Both its hardware and software have been recently upgraded to better meet actual needs of users. A 40HQ container can accommodate 6 sets of 3015NP, allowing for LCL packaging at much less freights.\" \/>\n<meta property=\"og:url\" content=\"https:\/\/aoxuanjx.com\/de\/produkt\/or-eht-3015-6000-integrated-tube-sheet-fiber-laser-cutting-machine\/\" \/>\n<meta property=\"og:site_name\" content=\"Anhui Aoxuan Machinery Equipment Co.,Ltd\" \/>\n<meta property=\"article:modified_time\" content=\"2025-10-16T08:15:51+00:00\" \/>\n<meta property=\"og:image\" content=\"https:\/\/aoxuanjx.com\/wp-content\/uploads\/2025\/10\/OR-EHT3015-1.png\" \/>\n\t<meta property=\"og:image:width\" content=\"2560\" \/>\n\t<meta property=\"og:image:height\" content=\"1439\" \/>\n\t<meta property=\"og:image:type\" content=\"image\/png\" \/>\n<meta name=\"twitter:card\" content=\"summary_large_image\" \/>\n<meta name=\"twitter:label1\" content=\"Gesch\u00e4tzte Lesezeit\" \/>\n\t<meta name=\"twitter:data1\" content=\"4\u00a0Minuten\" \/>\n<script type=\"application\/ld+json\" class=\"yoast-schema-graph\">{\"@context\":\"https:\/\/schema.org\",\"@graph\":[{\"@type\":\"WebPage\",\"@id\":\"https:\/\/aoxuanjx.com\/product\/or-eht-3015-6000-integrated-tube-sheet-fiber-laser-cutting-machine\/\",\"url\":\"https:\/\/aoxuanjx.com\/product\/or-eht-3015-6000-integrated-tube-sheet-fiber-laser-cutting-machine\/\",\"name\":\"OR-EHT 3015-6000 Integrated Tube & Sheet Fiber Laser Cutting Machine - Anhui Aoxuan Machinery Equipment Co.,Ltd\",\"isPartOf\":{\"@id\":\"https:\/\/aoxuanjx.com\/#website\"},\"primaryImageOfPage\":{\"@id\":\"https:\/\/aoxuanjx.com\/product\/or-eht-3015-6000-integrated-tube-sheet-fiber-laser-cutting-machine\/#primaryimage\"},\"image\":{\"@id\":\"https:\/\/aoxuanjx.com\/product\/or-eht-3015-6000-integrated-tube-sheet-fiber-laser-cutting-machine\/#primaryimage\"},\"thumbnailUrl\":\"https:\/\/aoxuanjx.com\/wp-content\/uploads\/2025\/10\/OR-EHT3015-1.png\",\"datePublished\":\"2025-10-16T08:15:50+00:00\",\"dateModified\":\"2025-10-16T08:15:51+00:00\",\"breadcrumb\":{\"@id\":\"https:\/\/aoxuanjx.com\/product\/or-eht-3015-6000-integrated-tube-sheet-fiber-laser-cutting-machine\/#breadcrumb\"},\"inLanguage\":\"de\",\"potentialAction\":[{\"@type\":\"ReadAction\",\"target\":[\"https:\/\/aoxuanjx.com\/product\/or-eht-3015-6000-integrated-tube-sheet-fiber-laser-cutting-machine\/\"]}]},{\"@type\":\"ImageObject\",\"inLanguage\":\"de\",\"@id\":\"https:\/\/aoxuanjx.com\/product\/or-eht-3015-6000-integrated-tube-sheet-fiber-laser-cutting-machine\/#primaryimage\",\"url\":\"https:\/\/aoxuanjx.com\/wp-content\/uploads\/2025\/10\/OR-EHT3015-1.png\",\"contentUrl\":\"https:\/\/aoxuanjx.com\/wp-content\/uploads\/2025\/10\/OR-EHT3015-1.png\",\"width\":2560,\"height\":1439},{\"@type\":\"BreadcrumbList\",\"@id\":\"https:\/\/aoxuanjx.com\/product\/or-eht-3015-6000-integrated-tube-sheet-fiber-laser-cutting-machine\/#breadcrumb\",\"itemListElement\":[{\"@type\":\"ListItem\",\"position\":1,\"name\":\"Home\",\"item\":\"https:\/\/aoxuanjx.com\/\"},{\"@type\":\"ListItem\",\"position\":2,\"name\":\"Product\",\"item\":\"https:\/\/aoxuanjx.com\/product\/\"},{\"@type\":\"ListItem\",\"position\":3,\"name\":\"OR-EHT 3015-6000 Integrated Tube &#038; Sheet Fiber Laser Cutting Machine\"}]},{\"@type\":\"WebSite\",\"@id\":\"https:\/\/aoxuanjx.com\/#website\",\"url\":\"https:\/\/aoxuanjx.com\/\",\"name\":\"Anhui Aoxuan Machinery Equipment Co.,Ltd\",\"description\":\"Anhui Aoxuan Machinery Equipment Co.,Ltd\",\"potentialAction\":[{\"@type\":\"SearchAction\",\"target\":{\"@type\":\"EntryPoint\",\"urlTemplate\":\"https:\/\/aoxuanjx.com\/?s={search_term_string}\"},\"query-input\":{\"@type\":\"PropertyValueSpecification\",\"valueRequired\":true,\"valueName\":\"search_term_string\"}}],\"inLanguage\":\"de\"}]}<\/script>\n<!-- \/ Yoast SEO plugin. -->","yoast_head_json":{"title":"OR-EHT 3015-6000 Integrated Tube & Sheet Fiber Laser Cutting Machine - Anhui Aoxuan Machinery Equipment Co.,Ltd","robots":{"index":"index","follow":"follow","max-snippet":"max-snippet:-1","max-image-preview":"max-image-preview:large","max-video-preview":"max-video-preview:-1"},"canonical":"https:\/\/aoxuanjx.com\/de\/produkt\/or-eht-3015-6000-integrated-tube-sheet-fiber-laser-cutting-machine\/","og_locale":"de_DE","og_type":"article","og_title":"OR-EHT 3015-6000 Integrated Tube & Sheet Fiber Laser Cutting Machine - Anhui Aoxuan Machinery Equipment Co.,Ltd","og_description":"This machine is specifically developed for cutting medium and thin (\u226430mm) sheet. It is compact with open-style structure and offers two different configurations. Both its hardware and software have been recently upgraded to better meet actual needs of users. A 40HQ container can accommodate 6 sets of 3015NP, allowing for LCL packaging at much less freights.","og_url":"https:\/\/aoxuanjx.com\/de\/produkt\/or-eht-3015-6000-integrated-tube-sheet-fiber-laser-cutting-machine\/","og_site_name":"Anhui Aoxuan Machinery Equipment Co.,Ltd","article_modified_time":"2025-10-16T08:15:51+00:00","og_image":[{"width":2560,"height":1439,"url":"https:\/\/aoxuanjx.com\/wp-content\/uploads\/2025\/10\/OR-EHT3015-1.png","type":"image\/png"}],"twitter_card":"summary_large_image","twitter_misc":{"Gesch\u00e4tzte Lesezeit":"4\u00a0Minuten"},"schema":{"@context":"https:\/\/schema.org","@graph":[{"@type":"WebPage","@id":"https:\/\/aoxuanjx.com\/product\/or-eht-3015-6000-integrated-tube-sheet-fiber-laser-cutting-machine\/","url":"https:\/\/aoxuanjx.com\/product\/or-eht-3015-6000-integrated-tube-sheet-fiber-laser-cutting-machine\/","name":"OR-EHT 3015-6000 Integrated Tube & Sheet Fiber Laser Cutting Machine - Anhui Aoxuan Machinery Equipment Co.,Ltd","isPartOf":{"@id":"https:\/\/aoxuanjx.com\/#website"},"primaryImageOfPage":{"@id":"https:\/\/aoxuanjx.com\/product\/or-eht-3015-6000-integrated-tube-sheet-fiber-laser-cutting-machine\/#primaryimage"},"image":{"@id":"https:\/\/aoxuanjx.com\/product\/or-eht-3015-6000-integrated-tube-sheet-fiber-laser-cutting-machine\/#primaryimage"},"thumbnailUrl":"https:\/\/aoxuanjx.com\/wp-content\/uploads\/2025\/10\/OR-EHT3015-1.png","datePublished":"2025-10-16T08:15:50+00:00","dateModified":"2025-10-16T08:15:51+00:00","breadcrumb":{"@id":"https:\/\/aoxuanjx.com\/product\/or-eht-3015-6000-integrated-tube-sheet-fiber-laser-cutting-machine\/#breadcrumb"},"inLanguage":"de","potentialAction":[{"@type":"ReadAction","target":["https:\/\/aoxuanjx.com\/product\/or-eht-3015-6000-integrated-tube-sheet-fiber-laser-cutting-machine\/"]}]},{"@type":"ImageObject","inLanguage":"de","@id":"https:\/\/aoxuanjx.com\/product\/or-eht-3015-6000-integrated-tube-sheet-fiber-laser-cutting-machine\/#primaryimage","url":"https:\/\/aoxuanjx.com\/wp-content\/uploads\/2025\/10\/OR-EHT3015-1.png","contentUrl":"https:\/\/aoxuanjx.com\/wp-content\/uploads\/2025\/10\/OR-EHT3015-1.png","width":2560,"height":1439},{"@type":"BreadcrumbList","@id":"https:\/\/aoxuanjx.com\/product\/or-eht-3015-6000-integrated-tube-sheet-fiber-laser-cutting-machine\/#breadcrumb","itemListElement":[{"@type":"ListItem","position":1,"name":"Home","item":"https:\/\/aoxuanjx.com\/"},{"@type":"ListItem","position":2,"name":"Product","item":"https:\/\/aoxuanjx.com\/product\/"},{"@type":"ListItem","position":3,"name":"OR-EHT 3015-6000 Integrated Tube &#038; Sheet Fiber Laser Cutting Machine"}]},{"@type":"WebSite","@id":"https:\/\/aoxuanjx.com\/#website","url":"https:\/\/aoxuanjx.com\/","name":"Anhui Aoxuan Machinery Equipment Co.,Ltd","description":"Anhui Aoxuan Machinery Equipment Co.,Ltd","potentialAction":[{"@type":"SearchAction","target":{"@type":"EntryPoint","urlTemplate":"https:\/\/aoxuanjx.com\/?s={search_term_string}"},"query-input":{"@type":"PropertyValueSpecification","valueRequired":true,"valueName":"search_term_string"}}],"inLanguage":"de"}]}},"_links":{"self":[{"href":"https:\/\/aoxuanjx.com\/de\/wp-json\/wp\/v2\/product\/1209","targetHints":{"allow":["GET"]}}],"collection":[{"href":"https:\/\/aoxuanjx.com\/de\/wp-json\/wp\/v2\/product"}],"about":[{"href":"https:\/\/aoxuanjx.com\/de\/wp-json\/wp\/v2\/types\/product"}],"version-history":[{"count":4,"href":"https:\/\/aoxuanjx.com\/de\/wp-json\/wp\/v2\/product\/1209\/revisions"}],"predecessor-version":[{"id":1236,"href":"https:\/\/aoxuanjx.com\/de\/wp-json\/wp\/v2\/product\/1209\/revisions\/1236"}],"wp:featuredmedia":[{"embeddable":true,"href":"https:\/\/aoxuanjx.com\/de\/wp-json\/wp\/v2\/media\/1217"}],"wp:attachment":[{"href":"https:\/\/aoxuanjx.com\/de\/wp-json\/wp\/v2\/media?parent=1209"}],"wp:term":[{"taxonomy":"product_brand","embeddable":true,"href":"https:\/\/aoxuanjx.com\/de\/wp-json\/wp\/v2\/product_brand?post=1209"},{"taxonomy":"product_cat","embeddable":true,"href":"https:\/\/aoxuanjx.com\/de\/wp-json\/wp\/v2\/product_cat?post=1209"},{"taxonomy":"product_tag","embeddable":true,"href":"https:\/\/aoxuanjx.com\/de\/wp-json\/wp\/v2\/product_tag?post=1209"}],"curies":[{"name":"wp","href":"https:\/\/api.w.org\/{rel}","templated":true}]}}