{"id":1058,"date":"2025-10-15T02:38:22","date_gmt":"2025-10-15T02:38:22","guid":{"rendered":"https:\/\/aoxuanjx.com\/?post_type=product&#038;p=1058"},"modified":"2025-10-22T03:00:11","modified_gmt":"2025-10-22T03:00:11","slug":"3000mm-hydraulic-metal-shear-machine-and-bending-machine-plate-shearing-machine-for-cutting-metal-steel","status":"publish","type":"product","link":"https:\/\/aoxuanjx.com\/de\/produkt\/3000mm-hydraulic-metal-shear-machine-and-bending-machine-plate-shearing-machine-for-cutting-metal-steel\/","title":{"rendered":"3000 mm hydraulische Metallschere und Biegemaschine, Plattenschere zum Schneiden von Metallstahl"},"content":{"rendered":"<p>&nbsp;<\/p>\n<p><img fetchpriority=\"high\" decoding=\"async\" class=\"alignleft wp-image-1263\" src=\"https:\/\/aoxuanjx.com\/wp-content\/uploads\/2025\/10\/hydraulic-shearing-machine-1-1.png\" alt=\"\" width=\"800\" height=\"799\" srcset=\"https:\/\/aoxuanjx.com\/wp-content\/uploads\/2025\/10\/hydraulic-shearing-machine-1-1.png 1059w, https:\/\/aoxuanjx.com\/wp-content\/uploads\/2025\/10\/hydraulic-shearing-machine-1-1-500x500.png 500w, https:\/\/aoxuanjx.com\/wp-content\/uploads\/2025\/10\/hydraulic-shearing-machine-1-1-300x300.png 300w, https:\/\/aoxuanjx.com\/wp-content\/uploads\/2025\/10\/hydraulic-shearing-machine-1-1-768x767.png 768w, https:\/\/aoxuanjx.com\/wp-content\/uploads\/2025\/10\/hydraulic-shearing-machine-1-1-12x12.png 12w, https:\/\/aoxuanjx.com\/wp-content\/uploads\/2025\/10\/hydraulic-shearing-machine-1-1-150x150.png 150w, https:\/\/aoxuanjx.com\/wp-content\/uploads\/2025\/10\/hydraulic-shearing-machine-1-1-75x75.png 75w, https:\/\/aoxuanjx.com\/wp-content\/uploads\/2025\/10\/hydraulic-shearing-machine-1-1-484x484.png 484w, https:\/\/aoxuanjx.com\/wp-content\/uploads\/2025\/10\/hydraulic-shearing-machine-1-1-800x799.png 800w\" sizes=\"(max-width:767px) 484px, (max-width:800px) 100vw, 800px\" \/><\/p>\n<p>&nbsp;<\/p>\n<p>&nbsp;<\/p>\n<h6><\/h6>\n<h6><\/h6>\n<h6><\/h6>\n<h6 style=\"text-align: center;\"><strong>Schnelle Schergeschwindigkeit:<\/strong><br \/>\n<em>Einzigartige hydraulische Pendelstruktur f\u00fcr schnelleres Scheren<\/em><\/h6>\n<h6 style=\"text-align: center;\"><strong>Hohe Schergenauigkeit:<\/strong><br \/>\n<em>Die schwenkbare Klinge reduziert Verformungen und sorgt so f\u00fcr eine bessere Qualit\u00e4t.<\/em><\/h6>\n<h6 style=\"text-align: center;\"><strong>Kosteneffektiv:<\/strong><br \/>\n<em>Kosteng\u00fcnstiger als Torscheren bei guter Leistung<\/em><\/h6>\n<p>&nbsp;<\/p>\n<p>&nbsp;<\/p>\n<p>&nbsp;<\/p>\n<p>&nbsp;<\/p>\n<p>&nbsp;<\/p>\n<p>&nbsp;<\/p>\n<h6><\/h6>\n<p>&nbsp;<\/p>\n<p>&nbsp;<\/p>\n<hr \/>\n<p>&nbsp;<\/p>\n<h1><\/h1>\n<p>&nbsp;<\/p>\n<h1 style=\"text-align: left;\"><b><span class=\"magic-7\" data-spm-anchor-id=\"a2700.details-description.0.i1.464c69Ca69Car1\">MASCHINENSTEUERUNG<\/span><\/b><\/h1>\n<p>&nbsp;<\/p>\n<p>&nbsp;<\/p>\n<p><img decoding=\"async\" class=\"alignleft wp-image-1259 size-full\" src=\"https:\/\/aoxuanjx.com\/wp-content\/uploads\/2025\/10\/hydraulic-shearing-machine-2_\u526f\u672c.png\" alt=\"\" width=\"800\" height=\"800\" srcset=\"https:\/\/aoxuanjx.com\/wp-content\/uploads\/2025\/10\/hydraulic-shearing-machine-2_\u526f\u672c.png 800w, https:\/\/aoxuanjx.com\/wp-content\/uploads\/2025\/10\/hydraulic-shearing-machine-2_\u526f\u672c-500x500.png 500w, https:\/\/aoxuanjx.com\/wp-content\/uploads\/2025\/10\/hydraulic-shearing-machine-2_\u526f\u672c-300x300.png 300w, https:\/\/aoxuanjx.com\/wp-content\/uploads\/2025\/10\/hydraulic-shearing-machine-2_\u526f\u672c-768x768.png 768w, https:\/\/aoxuanjx.com\/wp-content\/uploads\/2025\/10\/hydraulic-shearing-machine-2_\u526f\u672c-12x12.png 12w, https:\/\/aoxuanjx.com\/wp-content\/uploads\/2025\/10\/hydraulic-shearing-machine-2_\u526f\u672c-150x150.png 150w, https:\/\/aoxuanjx.com\/wp-content\/uploads\/2025\/10\/hydraulic-shearing-machine-2_\u526f\u672c-75x75.png 75w, https:\/\/aoxuanjx.com\/wp-content\/uploads\/2025\/10\/hydraulic-shearing-machine-2_\u526f\u672c-484x484.png 484w\" sizes=\"(max-width:767px) 484px, (max-width:800px) 100vw, 800px\" \/><\/p>\n<h6><\/h6>\n<h6><\/h6>\n<h6><\/h6>\n<h6><\/h6>\n<h6 style=\"text-align: left;\"><em>1. Hinteranschlagsteuerung;<\/em><\/h6>\n<h6 style=\"text-align: left;\"><em>2. Normale Motoren oder Wechselrichter steuern;<\/em><\/h6>\n<h6 style=\"text-align: left;\"><em>3. Intelligente Positionierung;<\/em><\/h6>\n<h6 style=\"text-align: left;\"><em>4. Zwei programmierbare digitale Ausg\u00e4nge;<\/em><\/h6>\n<h6 style=\"text-align: left;\"><em>5. Werkst\u00fcckanzahl;<\/em><\/h6>\n<h6 style=\"text-align: left;\"><em>6.40 Programmspeicher, jedes Programm hat 25 Schritte;<\/em><\/h6>\n<h6 style=\"text-align: left;\"><em>7. Einseitige Positionierung;<\/em><\/h6>\n<h6 style=\"text-align: left;\"><em>8. Yield-Funktion;<\/em><\/h6>\n<h6 style=\"text-align: left;\"><em>9. Sicherung und Wiederherstellung von Parametern mit einem Klick;<\/em><\/h6>\n<h6 style=\"text-align: left;\"><em>10. Metrisches System<\/em><\/h6>\n<p>&nbsp;<\/p>\n<p>&nbsp;<\/p>\n<p>&nbsp;<\/p>\n<p>&nbsp;<\/p>\n<hr \/>\n<p>&nbsp;<\/p>\n<p>&nbsp;<\/p>\n<p>&nbsp;<\/p>\n<h1 style=\"text-align: left;\"><b>MASCHINENKONFIGURATIONEN<\/b><\/h1>\n<p>&nbsp;<\/p>\n<p><img decoding=\"async\" class=\"alignleft wp-image-1223\" src=\"https:\/\/aoxuanjx.com\/wp-content\/uploads\/2025\/10\/configuration.png\" alt=\"\" width=\"1059\" height=\"531\" srcset=\"https:\/\/aoxuanjx.com\/wp-content\/uploads\/2025\/10\/configuration.png 796w, https:\/\/aoxuanjx.com\/wp-content\/uploads\/2025\/10\/configuration-500x251.png 500w, https:\/\/aoxuanjx.com\/wp-content\/uploads\/2025\/10\/configuration-300x150.png 300w, https:\/\/aoxuanjx.com\/wp-content\/uploads\/2025\/10\/configuration-768x385.png 768w, https:\/\/aoxuanjx.com\/wp-content\/uploads\/2025\/10\/configuration-18x9.png 18w, https:\/\/aoxuanjx.com\/wp-content\/uploads\/2025\/10\/configuration-150x75.png 150w, https:\/\/aoxuanjx.com\/wp-content\/uploads\/2025\/10\/configuration-484x243.png 484w\" sizes=\"(max-width:767px) 484px, (max-width:1059px) 100vw, 1059px\" \/><\/p>\n<p>&nbsp;<\/p>\n<h5><\/h5>\n<h5><\/h5>\n<h5><\/h5>\n<h5><\/h5>\n<p>&nbsp;<\/p>\n<p>&nbsp;<\/p>\n<p>&nbsp;<\/p>\n<p>&nbsp;<\/p>\n<p>&nbsp;<\/p>\n<p>&nbsp;<\/p>\n<p>&nbsp;<\/p>\n<p>&nbsp;<\/p>\n<p>&nbsp;<\/p>\n<p>&nbsp;<\/p>\n<p>&nbsp;<\/p>\n<p>&nbsp;<\/p>\n<p>&nbsp;<\/p>\n<p>&nbsp;<\/p>\n<p>&nbsp;<\/p>\n<p>&nbsp;<\/p>\n<hr \/>\n<p>&nbsp;<\/p>\n<h1 style=\"text-align: left;\"><b>MASCHINENPARAMETER\u00a0<\/b><\/h1>\n<p>&nbsp;<\/p>\n<h6>Schnittst\u00e4rke: 6 mm, Schnittl\u00e4nge: 3200 mm, Schnittmaterial: Baustahl<\/h6>\n<h6><\/h6>\n<h6>Schnittwinkel: 1\u00b030 Hinteranschlag: 20\u2013500 mm Hauptmotor: 7,5 kW<\/h6>\n<p>&nbsp;<\/p>\n<p>&nbsp;<\/p>\n<p>&nbsp;<\/p>\n<hr \/>\n<h1><\/h1>\n<p>&nbsp;<\/p>\n<h1>OPTIONALES SYSTEM<\/h1>\n<p>&nbsp;<\/p>\n<p>&nbsp;<\/p>\n<p><img loading=\"lazy\" decoding=\"async\" class=\"alignleft size-full wp-image-1379\" src=\"https:\/\/aoxuanjx.com\/wp-content\/uploads\/2025\/10\/shearing-machine-9-4.png\" alt=\"\" width=\"1008\" height=\"580\" srcset=\"https:\/\/aoxuanjx.com\/wp-content\/uploads\/2025\/10\/shearing-machine-9-4.png 1008w, https:\/\/aoxuanjx.com\/wp-content\/uploads\/2025\/10\/shearing-machine-9-4-500x288.png 500w, https:\/\/aoxuanjx.com\/wp-content\/uploads\/2025\/10\/shearing-machine-9-4-300x173.png 300w, https:\/\/aoxuanjx.com\/wp-content\/uploads\/2025\/10\/shearing-machine-9-4-768x442.png 768w, https:\/\/aoxuanjx.com\/wp-content\/uploads\/2025\/10\/shearing-machine-9-4-18x10.png 18w, https:\/\/aoxuanjx.com\/wp-content\/uploads\/2025\/10\/shearing-machine-9-4-130x75.png 130w, https:\/\/aoxuanjx.com\/wp-content\/uploads\/2025\/10\/shearing-machine-9-4-484x278.png 484w, https:\/\/aoxuanjx.com\/wp-content\/uploads\/2025\/10\/shearing-machine-9-4-800x460.png 800w\" sizes=\"(max-width:767px) 484px, (max-width:1008px) 100vw, 1008px\" \/><\/p>\n<p>&nbsp;<\/p>\n<p>&nbsp;<\/p>\n<p>&nbsp;<\/p>\n<p>&nbsp;<\/p>\n<p>&nbsp;<\/p>\n<p>&nbsp;<\/p>\n<p>&nbsp;<\/p>\n<p>&nbsp;<\/p>\n<p>&nbsp;<\/p>\n<p>&nbsp;<\/p>\n<p>&nbsp;<\/p>\n<p>&nbsp;<\/p>\n<p>&nbsp;<\/p>\n<p>&nbsp;<\/p>\n<p>&nbsp;<\/p>\n<p>&nbsp;<\/p>\n<p>&nbsp;<\/p>","protected":false},"excerpt":{"rendered":"<p>Die hydraulische Guillotine-Schere nutzt Hydraulik\u00f6l als Medium und wird von einem Elektromotor und einer Hydraulikpumpe angetrieben. \u00dcber ein Ventilsystem wird der \u00d6lzylinder bet\u00e4tigt, wodurch die Schere auf und ab bewegt wird und das Material geschnitten wird. Dies verhindert eine \u00dcberlastung der Schere und damit verbundene Sch\u00e4den. Der Schnittwinkel ist einstellbar, was einen besseren und gleichm\u00e4\u00dfigeren Schnitt erm\u00f6glicht.<\/p>","protected":false},"featured_media":1112,"template":"","meta":[],"product_brand":[],"product_cat":[31],"product_tag":[],"class_list":{"0":"post-1058","1":"product","2":"type-product","3":"status-publish","4":"has-post-thumbnail","6":"product_cat-hydraulic-guillotine-shearing-machine","8":"first","9":"instock","10":"shipping-taxable","11":"product-type-external"},"yoast_head":"<!-- This site is optimized with the Yoast SEO plugin v25.6 - https:\/\/yoast.com\/wordpress\/plugins\/seo\/ -->\n<title>3000MM Hydraulic Metal Shear Machine and Bending Machine, Plate Shearing Machine for Cutting Metal Steel - Anhui Aoxuan Machinery Equipment Co.,Ltd<\/title>\n<meta name=\"robots\" content=\"index, follow, max-snippet:-1, max-image-preview:large, max-video-preview:-1\" \/>\n<link rel=\"canonical\" href=\"https:\/\/aoxuanjx.com\/de\/produkt\/3000mm-hydraulic-metal-shear-machine-and-bending-machine-plate-shearing-machine-for-cutting-metal-steel\/\" \/>\n<meta property=\"og:locale\" content=\"de_DE\" \/>\n<meta property=\"og:type\" content=\"article\" \/>\n<meta property=\"og:title\" content=\"3000MM Hydraulic Metal Shear Machine and Bending Machine, Plate Shearing Machine for Cutting Metal Steel - Anhui Aoxuan Machinery Equipment Co.,Ltd\" \/>\n<meta property=\"og:description\" content=\"The hydraulic guillotine shearing machine uses hydraulic oil as a medium, and uses an electric motor and a hydraulic oil pump as a power source. Through the valve group, the oil cylinder is acted on to make the shearing machine move up and down to shear the material. This ensures that the shearing machine will not be overloaded and cause damage to the machine tool. Its shearing angle can be adjusted, which makes the shearing effect better and smoother.\" \/>\n<meta property=\"og:url\" content=\"https:\/\/aoxuanjx.com\/de\/produkt\/3000mm-hydraulic-metal-shear-machine-and-bending-machine-plate-shearing-machine-for-cutting-metal-steel\/\" \/>\n<meta property=\"og:site_name\" content=\"Anhui Aoxuan Machinery Equipment Co.,Ltd\" \/>\n<meta property=\"article:modified_time\" content=\"2025-10-22T03:00:11+00:00\" \/>\n<meta property=\"og:image\" content=\"https:\/\/aoxuanjx.com\/wp-content\/uploads\/2025\/10\/hydraulic-shearing-machine-1.png\" \/>\n\t<meta property=\"og:image:width\" content=\"1059\" \/>\n\t<meta property=\"og:image:height\" content=\"1058\" \/>\n\t<meta property=\"og:image:type\" content=\"image\/png\" \/>\n<meta name=\"twitter:card\" content=\"summary_large_image\" \/>\n<meta name=\"twitter:label1\" content=\"Gesch\u00e4tzte Lesezeit\" \/>\n\t<meta name=\"twitter:data1\" content=\"2\u00a0Minuten\" \/>\n<script type=\"application\/ld+json\" class=\"yoast-schema-graph\">{\"@context\":\"https:\/\/schema.org\",\"@graph\":[{\"@type\":\"WebPage\",\"@id\":\"https:\/\/aoxuanjx.com\/product\/3000mm-hydraulic-metal-shear-machine-and-bending-machine-plate-shearing-machine-for-cutting-metal-steel\/\",\"url\":\"https:\/\/aoxuanjx.com\/product\/3000mm-hydraulic-metal-shear-machine-and-bending-machine-plate-shearing-machine-for-cutting-metal-steel\/\",\"name\":\"3000MM Hydraulic Metal Shear Machine and Bending Machine, Plate Shearing Machine for Cutting Metal Steel - Anhui Aoxuan Machinery Equipment Co.,Ltd\",\"isPartOf\":{\"@id\":\"https:\/\/aoxuanjx.com\/#website\"},\"primaryImageOfPage\":{\"@id\":\"https:\/\/aoxuanjx.com\/product\/3000mm-hydraulic-metal-shear-machine-and-bending-machine-plate-shearing-machine-for-cutting-metal-steel\/#primaryimage\"},\"image\":{\"@id\":\"https:\/\/aoxuanjx.com\/product\/3000mm-hydraulic-metal-shear-machine-and-bending-machine-plate-shearing-machine-for-cutting-metal-steel\/#primaryimage\"},\"thumbnailUrl\":\"https:\/\/aoxuanjx.com\/wp-content\/uploads\/2025\/10\/hydraulic-shearing-machine-1.png\",\"datePublished\":\"2025-10-15T02:38:22+00:00\",\"dateModified\":\"2025-10-22T03:00:11+00:00\",\"breadcrumb\":{\"@id\":\"https:\/\/aoxuanjx.com\/product\/3000mm-hydraulic-metal-shear-machine-and-bending-machine-plate-shearing-machine-for-cutting-metal-steel\/#breadcrumb\"},\"inLanguage\":\"de\",\"potentialAction\":[{\"@type\":\"ReadAction\",\"target\":[\"https:\/\/aoxuanjx.com\/product\/3000mm-hydraulic-metal-shear-machine-and-bending-machine-plate-shearing-machine-for-cutting-metal-steel\/\"]}]},{\"@type\":\"ImageObject\",\"inLanguage\":\"de\",\"@id\":\"https:\/\/aoxuanjx.com\/product\/3000mm-hydraulic-metal-shear-machine-and-bending-machine-plate-shearing-machine-for-cutting-metal-steel\/#primaryimage\",\"url\":\"https:\/\/aoxuanjx.com\/wp-content\/uploads\/2025\/10\/hydraulic-shearing-machine-1.png\",\"contentUrl\":\"https:\/\/aoxuanjx.com\/wp-content\/uploads\/2025\/10\/hydraulic-shearing-machine-1.png\",\"width\":1059,\"height\":1058},{\"@type\":\"BreadcrumbList\",\"@id\":\"https:\/\/aoxuanjx.com\/product\/3000mm-hydraulic-metal-shear-machine-and-bending-machine-plate-shearing-machine-for-cutting-metal-steel\/#breadcrumb\",\"itemListElement\":[{\"@type\":\"ListItem\",\"position\":1,\"name\":\"Home\",\"item\":\"https:\/\/aoxuanjx.com\/\"},{\"@type\":\"ListItem\",\"position\":2,\"name\":\"Product\",\"item\":\"https:\/\/aoxuanjx.com\/product\/\"},{\"@type\":\"ListItem\",\"position\":3,\"name\":\"3000MM Hydraulic Metal Shear Machine and Bending Machine, Plate Shearing Machine for Cutting Metal Steel\"}]},{\"@type\":\"WebSite\",\"@id\":\"https:\/\/aoxuanjx.com\/#website\",\"url\":\"https:\/\/aoxuanjx.com\/\",\"name\":\"Anhui Aoxuan Machinery Equipment Co.,Ltd\",\"description\":\"Anhui Aoxuan Machinery Equipment Co.,Ltd\",\"potentialAction\":[{\"@type\":\"SearchAction\",\"target\":{\"@type\":\"EntryPoint\",\"urlTemplate\":\"https:\/\/aoxuanjx.com\/?s={search_term_string}\"},\"query-input\":{\"@type\":\"PropertyValueSpecification\",\"valueRequired\":true,\"valueName\":\"search_term_string\"}}],\"inLanguage\":\"de\"}]}<\/script>\n<!-- \/ Yoast SEO plugin. -->","yoast_head_json":{"title":"3000MM Hydraulic Metal Shear Machine and Bending Machine, Plate Shearing Machine for Cutting Metal Steel - Anhui Aoxuan Machinery Equipment Co.,Ltd","robots":{"index":"index","follow":"follow","max-snippet":"max-snippet:-1","max-image-preview":"max-image-preview:large","max-video-preview":"max-video-preview:-1"},"canonical":"https:\/\/aoxuanjx.com\/de\/produkt\/3000mm-hydraulic-metal-shear-machine-and-bending-machine-plate-shearing-machine-for-cutting-metal-steel\/","og_locale":"de_DE","og_type":"article","og_title":"3000MM Hydraulic Metal Shear Machine and Bending Machine, Plate Shearing Machine for Cutting Metal Steel - Anhui Aoxuan Machinery Equipment Co.,Ltd","og_description":"The hydraulic guillotine shearing machine uses hydraulic oil as a medium, and uses an electric motor and a hydraulic oil pump as a power source. Through the valve group, the oil cylinder is acted on to make the shearing machine move up and down to shear the material. This ensures that the shearing machine will not be overloaded and cause damage to the machine tool. Its shearing angle can be adjusted, which makes the shearing effect better and smoother.","og_url":"https:\/\/aoxuanjx.com\/de\/produkt\/3000mm-hydraulic-metal-shear-machine-and-bending-machine-plate-shearing-machine-for-cutting-metal-steel\/","og_site_name":"Anhui Aoxuan Machinery Equipment Co.,Ltd","article_modified_time":"2025-10-22T03:00:11+00:00","og_image":[{"width":1059,"height":1058,"url":"https:\/\/aoxuanjx.com\/wp-content\/uploads\/2025\/10\/hydraulic-shearing-machine-1.png","type":"image\/png"}],"twitter_card":"summary_large_image","twitter_misc":{"Gesch\u00e4tzte Lesezeit":"2\u00a0Minuten"},"schema":{"@context":"https:\/\/schema.org","@graph":[{"@type":"WebPage","@id":"https:\/\/aoxuanjx.com\/product\/3000mm-hydraulic-metal-shear-machine-and-bending-machine-plate-shearing-machine-for-cutting-metal-steel\/","url":"https:\/\/aoxuanjx.com\/product\/3000mm-hydraulic-metal-shear-machine-and-bending-machine-plate-shearing-machine-for-cutting-metal-steel\/","name":"3000MM Hydraulic Metal Shear Machine and Bending Machine, Plate Shearing Machine for Cutting Metal Steel - Anhui Aoxuan Machinery Equipment Co.,Ltd","isPartOf":{"@id":"https:\/\/aoxuanjx.com\/#website"},"primaryImageOfPage":{"@id":"https:\/\/aoxuanjx.com\/product\/3000mm-hydraulic-metal-shear-machine-and-bending-machine-plate-shearing-machine-for-cutting-metal-steel\/#primaryimage"},"image":{"@id":"https:\/\/aoxuanjx.com\/product\/3000mm-hydraulic-metal-shear-machine-and-bending-machine-plate-shearing-machine-for-cutting-metal-steel\/#primaryimage"},"thumbnailUrl":"https:\/\/aoxuanjx.com\/wp-content\/uploads\/2025\/10\/hydraulic-shearing-machine-1.png","datePublished":"2025-10-15T02:38:22+00:00","dateModified":"2025-10-22T03:00:11+00:00","breadcrumb":{"@id":"https:\/\/aoxuanjx.com\/product\/3000mm-hydraulic-metal-shear-machine-and-bending-machine-plate-shearing-machine-for-cutting-metal-steel\/#breadcrumb"},"inLanguage":"de","potentialAction":[{"@type":"ReadAction","target":["https:\/\/aoxuanjx.com\/product\/3000mm-hydraulic-metal-shear-machine-and-bending-machine-plate-shearing-machine-for-cutting-metal-steel\/"]}]},{"@type":"ImageObject","inLanguage":"de","@id":"https:\/\/aoxuanjx.com\/product\/3000mm-hydraulic-metal-shear-machine-and-bending-machine-plate-shearing-machine-for-cutting-metal-steel\/#primaryimage","url":"https:\/\/aoxuanjx.com\/wp-content\/uploads\/2025\/10\/hydraulic-shearing-machine-1.png","contentUrl":"https:\/\/aoxuanjx.com\/wp-content\/uploads\/2025\/10\/hydraulic-shearing-machine-1.png","width":1059,"height":1058},{"@type":"BreadcrumbList","@id":"https:\/\/aoxuanjx.com\/product\/3000mm-hydraulic-metal-shear-machine-and-bending-machine-plate-shearing-machine-for-cutting-metal-steel\/#breadcrumb","itemListElement":[{"@type":"ListItem","position":1,"name":"Home","item":"https:\/\/aoxuanjx.com\/"},{"@type":"ListItem","position":2,"name":"Product","item":"https:\/\/aoxuanjx.com\/product\/"},{"@type":"ListItem","position":3,"name":"3000MM Hydraulic Metal Shear Machine and Bending Machine, Plate Shearing Machine for Cutting Metal Steel"}]},{"@type":"WebSite","@id":"https:\/\/aoxuanjx.com\/#website","url":"https:\/\/aoxuanjx.com\/","name":"Anhui Aoxuan Machinery Equipment Co.,Ltd","description":"Anhui Aoxuan Machinery Equipment Co.,Ltd","potentialAction":[{"@type":"SearchAction","target":{"@type":"EntryPoint","urlTemplate":"https:\/\/aoxuanjx.com\/?s={search_term_string}"},"query-input":{"@type":"PropertyValueSpecification","valueRequired":true,"valueName":"search_term_string"}}],"inLanguage":"de"}]}},"_links":{"self":[{"href":"https:\/\/aoxuanjx.com\/de\/wp-json\/wp\/v2\/product\/1058","targetHints":{"allow":["GET"]}}],"collection":[{"href":"https:\/\/aoxuanjx.com\/de\/wp-json\/wp\/v2\/product"}],"about":[{"href":"https:\/\/aoxuanjx.com\/de\/wp-json\/wp\/v2\/types\/product"}],"version-history":[{"count":54,"href":"https:\/\/aoxuanjx.com\/de\/wp-json\/wp\/v2\/product\/1058\/revisions"}],"predecessor-version":[{"id":1377,"href":"https:\/\/aoxuanjx.com\/de\/wp-json\/wp\/v2\/product\/1058\/revisions\/1377"}],"wp:featuredmedia":[{"embeddable":true,"href":"https:\/\/aoxuanjx.com\/de\/wp-json\/wp\/v2\/media\/1112"}],"wp:attachment":[{"href":"https:\/\/aoxuanjx.com\/de\/wp-json\/wp\/v2\/media?parent=1058"}],"wp:term":[{"taxonomy":"product_brand","embeddable":true,"href":"https:\/\/aoxuanjx.com\/de\/wp-json\/wp\/v2\/product_brand?post=1058"},{"taxonomy":"product_cat","embeddable":true,"href":"https:\/\/aoxuanjx.com\/de\/wp-json\/wp\/v2\/product_cat?post=1058"},{"taxonomy":"product_tag","embeddable":true,"href":"https:\/\/aoxuanjx.com\/de\/wp-json\/wp\/v2\/product_tag?post=1058"}],"curies":[{"name":"wp","href":"https:\/\/api.w.org\/{rel}","templated":true}]}}